{"id":672,"date":"2016-01-19T08:28:58","date_gmt":"2016-01-19T07:28:58","guid":{"rendered":"http:\/\/agora.xtec.cat\/iesvilatzara\/?page_id=672"},"modified":"2020-07-01T09:57:08","modified_gmt":"2020-07-01T07:57:08","slug":"llengues-estrangeres","status":"publish","type":"page","link":"https:\/\/agora.xtec.cat\/iesvilatzara\/departaments-didactics\/llengues-estrangeres\/","title":{"rendered":"Lleng\u00fces estrangeres"},"content":{"rendered":"<p style=\"text-align: justify;\">L\u2019\u00e0rea de Lleng\u00fces Estrangeres de l\u2019INS Vilatzara desenvolupa des de 1r d\u2019ESO i fins a 2n de Batxillerat\u00a0 les estrat\u00e8gies comunicatives de l\u2019alumnat tant en l\u2019expressi\u00f3 escrita, la comprensi\u00f3 lectora i auditiva com en la producci\u00f3 oral.<\/p>\n<p style=\"text-align: justify;\">Al llarg dels anys hem anat ampliant i consolidant l\u2019oferta de Lleng\u00fces Estrangeres que ara se centra en tres lleng\u00fces: Angl\u00e8s (obligat\u00f2ria per a tot l\u2019alumnat), Franc\u00e8s i Alemany (optatives des de 1r d\u2019ESO fins a 1r de Batxillerat).<\/p>\n<p style=\"text-align: justify;\"><strong>Angl\u00e8s<\/strong><\/p>\n<p style=\"text-align: justify;\">L\u2019alumnat desenvolupa ja des de 1r d\u2019ESO l\u2019estrat\u00e8gia comunicativa i donem especial import\u00e0ncia a l\u2019oralitat a la classe aix\u00ed com en la feina que desenvolupen a casa. Fent \u00fas de les estrat\u00e8gies que permeten l\u2019\u00fas de les TAC, l\u2019alumnat mostra no nom\u00e9s la seva capacitat comunicativa si no tamb\u00e9 la seva creativitat.<\/p>\n<p style=\"text-align: justify;\">L\u2019alumnat de 1r d\u2019ESO cursa, a m\u00e9s a m\u00e9s, l\u2019assignatura d\u2019Ethical Values on es d\u00f3na exclusivitat a l\u2019\u00fas de l\u2019angl\u00e8s per a comunicar-se.<\/p>\n<p style=\"text-align: justify;\">El Centre desenvolupa tamb\u00e9 l\u2019estrat\u00e8gia de comprensi\u00f3 i producci\u00f3, oral i escrita, a trav\u00e9s de diferents assignatures que imparteixen part del seu temari en angl\u00e8s. Aix\u00ed durant l\u2019ESO i el Batxillerat l\u2019alumnat rep formaci\u00f3 sobre diferents aspectes de les \u00e0rees de Ci\u00e8ncies Socials, Ci\u00e8ncies Naturals i Matem\u00e0tiques en aquesta llengua.<\/p>\n<p style=\"text-align: justify;\">El Centre participa en diferents projectes europeus en Llengua Anglesa:<\/p>\n<ul style=\"text-align: justify;\">\n<li>Erasmus+:\u00a0<em>Creativity knows no borders<\/em>. L\u2019alumnat comparteix amb nou centres Europeus d\u2019 It\u00e0lia, Romania, Turquia, Pol\u00f2nia, Litu\u00e0nia, B\u00e8lgica, Eslov\u00e0quia i Finl\u00e0ndia, presencialment la seva capacitat creativa sobre un tema concret.<\/li>\n<li>El Centre compta regularment amb la pres\u00e8ncia d\u2019un Professor Auxiliar en Llengua Anglesa que suposa una gran motivaci\u00f3 pels alumnes i llen\u00e7ar-se a la producci\u00f3 oral en angl\u00e8s.<\/li>\n<\/ul>\n<p style=\"text-align: justify;\"><strong>Intercanvis<\/strong><\/p>\n<ul style=\"text-align: justify;\">\n<li>El Centre organitza actualment dos intercanvis amb dos centre alemanys: Kardinal Von Galen de Mettingen i Goethe Gymnasium de Bensheim. Els alumnes viuen tant a Vilassar com a Alemanya l\u2019experi\u00e8ncia de desenvolupar les estrat\u00e8gies apreses al centre en un entorn real amb fam\u00edlies i companys alemanys.<\/li>\n<li>Actualment estem treballant en la possibilitat de portar a terme un altre intercanvi amb un institut de Fran\u00e7a.<\/li>\n<\/ul>\n<p style=\"text-align: justify;\"><strong>Proves oficials<br \/>\n<\/strong><\/p>\n<ul>\n<li style=\"text-align: justify;\">L\u2019alumnat que cursa Alemany a 4t d\u2019ESO es presenta a les proves oficials de l\u2019Institut Alemany per obtenir el Goethe Zertifikat, equivalent a un A2 de l\u2019Escola Oficial d\u2019Idiomes, amb uns resultats excel\u00b7lents (95% ha obtingut el certificat en convocat\u00f2ries anteriors).<\/li>\n<\/ul>\n<p>Podeu veure alguns videos al canal youtube de <a href=\"https:\/\/www.youtube.com\/channel\/UCE8oXKtmd7TtjX0LYWdHmrA\" target=\"_blank\" rel=\"noopener noreferrer\">vilatzara english<\/a><\/p>\n","protected":false},"excerpt":{"rendered":"<p>L\u2019\u00e0rea de Lleng\u00fces Estrangeres de l\u2019INS Vilatzara desenvolupa des de 1r d\u2019ESO i fins a 2n de Batxillerat\u00a0 les estrat\u00e8gies comunicatives de l\u2019alumnat tant en l\u2019expressi\u00f3 escrita, la comprensi\u00f3 lectora i auditiva com en la producci\u00f3 oral.<br \/>\nAl llarg dels anys hem anat ampliant i consolidant&hellip;  <a href=\"https:\/\/agora.xtec.cat\/iesvilatzara\/departaments-didactics\/llengues-estrangeres\/\" title=\"Read Lleng\u00fces estrangeres\">Llegeix m\u00e9s\u00bb<\/a><\/p>\n","protected":false},"author":1,"featured_media":0,"parent":358,"menu_order":30,"comment_status":"closed","ping_status":"closed","template":"","meta":{"_bbp_topic_count":0,"_bbp_reply_count":0,"_bbp_total_topic_count":0,"_bbp_total_reply_count":0,"_bbp_voice_count":0,"_bbp_anonymous_reply_count":0,"_bbp_topic_count_hidden":0,"_bbp_reply_count_hidden":0,"_bbp_forum_subforum_count":0,"footnotes":""},"class_list":["post-672","page","type-page","status-publish","hentry"],"post_mailing_queue_ids":[],"_links":{"self":[{"href":"https:\/\/agora.xtec.cat\/iesvilatzara\/wp-json\/wp\/v2\/pages\/672","targetHints":{"allow":["GET"]}}],"collection":[{"href":"https:\/\/agora.xtec.cat\/iesvilatzara\/wp-json\/wp\/v2\/pages"}],"about":[{"href":"https:\/\/agora.xtec.cat\/iesvilatzara\/wp-json\/wp\/v2\/types\/page"}],"author":[{"embeddable":true,"href":"https:\/\/agora.xtec.cat\/iesvilatzara\/wp-json\/wp\/v2\/users\/1"}],"replies":[{"embeddable":true,"href":"https:\/\/agora.xtec.cat\/iesvilatzara\/wp-json\/wp\/v2\/comments?post=672"}],"version-history":[{"count":3,"href":"https:\/\/agora.xtec.cat\/iesvilatzara\/wp-json\/wp\/v2\/pages\/672\/revisions"}],"predecessor-version":[{"id":19712,"href":"https:\/\/agora.xtec.cat\/iesvilatzara\/wp-json\/wp\/v2\/pages\/672\/revisions\/19712"}],"up":[{"embeddable":true,"href":"https:\/\/agora.xtec.cat\/iesvilatzara\/wp-json\/wp\/v2\/pages\/358"}],"wp:attachment":[{"href":"https:\/\/agora.xtec.cat\/iesvilatzara\/wp-json\/wp\/v2\/media?parent=672"}],"curies":[{"name":"wp","href":"https:\/\/api.w.org\/{rel}","templated":true}]}}