{"id":668,"date":"2016-01-19T08:27:47","date_gmt":"2016-01-19T07:27:47","guid":{"rendered":"http:\/\/agora.xtec.cat\/iesvilatzara\/?page_id=668"},"modified":"2016-03-14T15:18:57","modified_gmt":"2016-03-14T14:18:57","slug":"llengua-catalana","status":"publish","type":"page","link":"https:\/\/agora.xtec.cat\/iesvilatzara\/departaments-didactics\/llengua-catalana\/","title":{"rendered":"Llengua i literatura catalana"},"content":{"rendered":"<p style=\"text-align: justify;\">Des de l\u2019\u00e0rea de llengua i literatura catalana treballem perqu\u00e8 l\u2019alumnat adquireixi les compet\u00e8ncies ling\u00fc\u00edstiques necess\u00e0ries per tal que la comunicaci\u00f3 oral i escrita els pugui ser una eina de relaci\u00f3 amb totes les seves activitats personals i socials. \u00c9s per aix\u00f2 que treballem a fons les quatre habilitats ling\u00fc\u00edstiques: la comprensi\u00f3 i expressi\u00f3 oral i escrita.<\/p>\n<p style=\"text-align: justify;\">A partir de la lectura i l\u2019escriptura potenciem la creativitat, activitat inclusiva en qu\u00e8 tot l\u2019alumnat hi participa depenent del ritme d\u2019aprenentatge a trav\u00e9s de la creaci\u00f3 de poemes, guions, escenes teatrals, contes, etc. i amb la seva representaci\u00f3 vivencial, per escrit o b\u00e9 a trav\u00e9s de mitjans audiovisuals. En aquest sentit destaquem la participaci\u00f3 del centre des de fa molts anys en la \u201cMostra Liter\u00e0ria Mn. Pere Ribot\u201d de Vilassar de Mar\/Maresme. Tamb\u00e9 en la diada de Sant Jordi al centre on a part del concurs literari es fan recitals po\u00e8tics amb acompanyament musical, concurs de cartells i tallers d\u2019experimentaci\u00f3 amb la poesia.<\/p>\n<p style=\"text-align: justify;\">Tamb\u00e9 treballem la gram\u00e0tica de la llengua de manera pr\u00e0ctica amb textos i diferents activitats ja sigui a trav\u00e9s de recursos TIC o de forma escrita.<\/p>\n<p style=\"text-align: justify;\">Procurem que cada curs de l\u2019ESO pugui con\u00e8ixer un dels autors de les lectures treballades durant el curs. Aquesta activitat els acosta a la part m\u00e9s vivencial i professional de la literatura alhora que ajuda a fomentar m\u00e9s el plaer per la lectura.<\/p>\n","protected":false},"excerpt":{"rendered":"<p>Des de l\u2019\u00e0rea de llengua i literatura catalana treballem perqu\u00e8 l\u2019alumnat adquireixi les compet\u00e8ncies ling\u00fc\u00edstiques necess\u00e0ries per tal que la comunicaci\u00f3 oral i escrita els pugui ser una eina de relaci\u00f3 amb totes les seves activitats personals i socials. \u00c9s per aix\u00f2 que treballem a&hellip;  <a href=\"https:\/\/agora.xtec.cat\/iesvilatzara\/departaments-didactics\/llengua-catalana\/\" title=\"Read Llengua i literatura catalana\">Llegeix m\u00e9s\u00bb<\/a><\/p>\n","protected":false},"author":1,"featured_media":0,"parent":358,"menu_order":10,"comment_status":"closed","ping_status":"closed","template":"","meta":{"_bbp_topic_count":0,"_bbp_reply_count":0,"_bbp_total_topic_count":0,"_bbp_total_reply_count":0,"_bbp_voice_count":0,"_bbp_anonymous_reply_count":0,"_bbp_topic_count_hidden":0,"_bbp_reply_count_hidden":0,"_bbp_forum_subforum_count":0,"footnotes":""},"class_list":["post-668","page","type-page","status-publish","hentry"],"post_mailing_queue_ids":[],"_links":{"self":[{"href":"https:\/\/agora.xtec.cat\/iesvilatzara\/wp-json\/wp\/v2\/pages\/668","targetHints":{"allow":["GET"]}}],"collection":[{"href":"https:\/\/agora.xtec.cat\/iesvilatzara\/wp-json\/wp\/v2\/pages"}],"about":[{"href":"https:\/\/agora.xtec.cat\/iesvilatzara\/wp-json\/wp\/v2\/types\/page"}],"author":[{"embeddable":true,"href":"https:\/\/agora.xtec.cat\/iesvilatzara\/wp-json\/wp\/v2\/users\/1"}],"replies":[{"embeddable":true,"href":"https:\/\/agora.xtec.cat\/iesvilatzara\/wp-json\/wp\/v2\/comments?post=668"}],"version-history":[{"count":2,"href":"https:\/\/agora.xtec.cat\/iesvilatzara\/wp-json\/wp\/v2\/pages\/668\/revisions"}],"predecessor-version":[{"id":693,"href":"https:\/\/agora.xtec.cat\/iesvilatzara\/wp-json\/wp\/v2\/pages\/668\/revisions\/693"}],"up":[{"embeddable":true,"href":"https:\/\/agora.xtec.cat\/iesvilatzara\/wp-json\/wp\/v2\/pages\/358"}],"wp:attachment":[{"href":"https:\/\/agora.xtec.cat\/iesvilatzara\/wp-json\/wp\/v2\/media?parent=668"}],"curies":[{"name":"wp","href":"https:\/\/api.w.org\/{rel}","templated":true}]}}