{"id":57,"date":"2014-09-17T17:01:07","date_gmt":"2014-09-17T15:01:07","guid":{"rendered":"http:\/\/agora.xtec.cat\/iesvilatzara\/?page_id=57"},"modified":"2022-08-28T20:00:54","modified_gmt":"2022-08-28T18:00:54","slug":"projecte-educatiu","status":"publish","type":"page","link":"https:\/\/agora.xtec.cat\/iesvilatzara\/el-centre\/projecte-educatiu\/","title":{"rendered":"Projecte educatiu"},"content":{"rendered":"<p><a href=\"http:\/\/agora.xtec.cat\/iesvilatzara\/wp-content\/uploads\/usu356\/2014\/09\/omnipoliedre.jpg\"><img loading=\"lazy\" decoding=\"async\" class=\"wp-image-486 alignnone\" src=\"http:\/\/agora.xtec.cat\/iesvilatzara\/wp-content\/uploads\/usu356\/2014\/09\/omnipoliedre-1024x766.jpg\" alt=\"omnipoliedre\" width=\"477\" height=\"357\" srcset=\"https:\/\/agora.xtec.cat\/iesvilatzara\/wp-content\/uploads\/usu356\/2014\/09\/omnipoliedre-1024x766.jpg 1024w, https:\/\/agora.xtec.cat\/iesvilatzara\/wp-content\/uploads\/usu356\/2014\/09\/omnipoliedre-300x224.jpg 300w, https:\/\/agora.xtec.cat\/iesvilatzara\/wp-content\/uploads\/usu356\/2014\/09\/omnipoliedre-200x150.jpg 200w, https:\/\/agora.xtec.cat\/iesvilatzara\/wp-content\/uploads\/usu356\/2014\/09\/omnipoliedre.jpg 1144w\" sizes=\"auto, (max-width: 477px) 100vw, 477px\" \/><\/a><\/p>\n<p style=\"text-align: justify;\">Objectius prioritaris del projecte educatiu s\u00f3n l<strong>&#8216;\u00e8xit escolar<\/strong> i l&#8217;<strong>excel\u00b7l\u00e8ncia educativa<\/strong>, mitjan\u00e7ant el <strong>desenvolupament<\/strong>\u00a0de les <strong>capacitats<\/strong> de tots i cadascun dels <strong>alumnes<\/strong> com a principi fonamentador de l&#8217;equitat i garantia de la cohesi\u00f3 social.<\/p>\n<p style=\"text-align: justify;\">Tenint en compte aquests objectius prioritaris i el que recull el document<em> Ofensiva de pa\u00eds a favor de l&#8217;\u00e8xit escolar, <\/em>destaquem els seg\u00fcents aspectes:<\/p>\n<ul style=\"text-align: justify;\">\n<li>El catal\u00e0, com a llengua pr\u00f2pia de Catalunya, \u00e9s la llengua vehicular i d&#8217;aprenentatge del sistema educatiu. En finalitzar l&#8217;ensenyament obligatori, s&#8217;ha de garantir el ple domini de les lleng\u00fces oficials catalana i castellana.<\/li>\n<li>La inclusi\u00f3 educativa com a principi que regeix l\u2019escolaritzaci\u00f3 i l\u2019atenci\u00f3 educativa de tots els alumnes.<\/li>\n<li>La <strong>innovaci\u00f3 metodol\u00f2gica i did\u00e0ctica a les aules<\/strong> per adquirir les compet\u00e8ncies b\u00e0siques que han de contribuir al desenvolupament personal dels alumnes. Priorit\u00e0riament, les compet\u00e8ncies b\u00e0siques dels \u00e0mbits ling\u00fc\u00edstic, matem\u00e0tic, cientificotecnol\u00f2gic, social, art\u00edstic, d&#8217;educaci\u00f3 f\u00edsica i de la cultura i valors, i tamb\u00e9 les dels \u00e0mbits transversals digital i personal i social, per afavorir la continu\u00eftat formativa.<\/li>\n<li>La lectura com a eix vertebrador dels aprenentatges en totes les \u00e0rees i mat\u00e8ries curriculars i la consolidaci\u00f3 d&#8217;un temps de lectura independent, di\u00e0ria i reflexiva, que formi lectors capa\u00e7os d&#8217;accedir al contingut de qualsevol text.<\/li>\n<li>Accions de <strong>dinamitzaci\u00f3 ling\u00fc\u00edstica i comunicativa<\/strong> en els \u00e0mbits acad\u00e8mics i d&#8217;interculturalitat per afavorir el <strong>pluriling\u00fcisme efectiu<\/strong> dels alumnes i incrementar el domini de les lleng\u00fces a Catalunya d&#8217;acord amb el Marc europeu com\u00fa de refer\u00e8ncia.<\/li>\n<li>La personalitzaci\u00f3 de l\u2019aprenentatge per atendre les necessitats i caracter\u00edstiques individuals de tots i cadascun dels alumnes, mitjan\u00e7ant l\u2019<strong>atenci\u00f3 metodol\u00f2gica, l\u2019orientaci\u00f3 educativa<\/strong> i l\u2019acci\u00f3 tutorial adequades.<\/li>\n<li>L&#8217;emprenedoria en totes les etapes educatives com a eina per a l&#8217;autoconeixement de l&#8217;alumne, per afavorir-ne la <strong>creativitat i la innovaci\u00f3<\/strong>.<\/li>\n<li>La cultura de l\u2019avaluaci\u00f3 i la rendici\u00f3 de comptes per millorar, a trav\u00e9s de la planificaci\u00f3 i el disseny d&#8217;estrat\u00e8gies d&#8217;autoavaluaci\u00f3 fonamentades en el sistema d&#8217;indicadors, les avaluacions censals de compet\u00e8ncies b\u00e0siques, l&#8217;avaluaci\u00f3 diagn\u00f2stica i els indicadors de progr\u00e9s del centre per a la prioritzaci\u00f3 d&#8217;objectius en la programaci\u00f3 general anual i en els processos d&#8217;aula.<\/li>\n<li>El creixement professional a trav\u00e9s de la formaci\u00f3 cont\u00ednua orientada a les necessitats educatives dels alumnes, tot afavorint-ne l&#8217;autoformaci\u00f3 en el centre a partir de la diagnosi de les necessitats del centre per transferir-les a l&#8217;aula.<\/li>\n<li>La<strong> implicaci\u00f3 i el comprom\u00eds de la fam\u00edlia<\/strong> en l&#8217;escolaritzaci\u00f3 i el seguiment de l&#8217;evoluci\u00f3 acad\u00e8mica i personal de l&#8217;alumne a trav\u00e9s de la carta de comprom\u00eds educatiu i l&#8217;impuls d&#8217;altres estrat\u00e8gies, i tamb\u00e9 la participaci\u00f3 en la vida del centre.<\/li>\n<li>La relaci\u00f3 del centre i l&#8217;entorn per afavorir <strong>respostes integrals i comunit\u00e0ries<\/strong> als reptes educatius, adequades al context, amb la col\u00b7laboraci\u00f3 i el treball en xarxa entre els centres, els agents socioeducatius, les entitats del territori i el teixit productiu.<\/li>\n<li>La prevenci\u00f3 i la reducci\u00f3 de l&#8217;absentisme i l&#8217;aband\u00f3 escolar amb estrat\u00e8gies i actuacions educatives i organitzatives que impliquin el centre, les fam\u00edlies i els serveis socials.<\/li>\n<\/ul>\n<p style=\"text-align: justify;\">El Decret d&#8217;autonomia dels centres educatius i el Decret de la direcci\u00f3 dels centres educatius p\u00fablics s\u00f3n el marc normatiu reglamentari que ordenen la presa de les decisions que han d&#8217;adoptar els \u00f2rgans competents de cada centre per complir els objectius prioritaris enunciats.<\/p>\n<p>&nbsp;<\/p>\n","protected":false},"excerpt":{"rendered":"<p><a href=\"http:\/\/agora.xtec.cat\/iesvilatzara\/wp-content\/uploads\/usu356\/2014\/09\/omnipoliedre.jpg\"><\/a><br \/>\nObjectius prioritaris del projecte educatiu s\u00f3n l&#8216;\u00e8xit escolar i l&#8217;excel\u00b7l\u00e8ncia educativa, mitjan\u00e7ant el desenvolupament\u00a0de les capacitats de tots i cadascun dels alumnes com a principi fonamentador de l&#8217;equitat i garantia de la cohesi\u00f3 social.<br \/>\nTenint en compte aquests objectius prioritaris i el que recull el&hellip;  <a href=\"https:\/\/agora.xtec.cat\/iesvilatzara\/el-centre\/projecte-educatiu\/\" title=\"Read Projecte educatiu\">Llegeix m\u00e9s\u00bb<\/a><\/p>\n","protected":false},"author":1,"featured_media":0,"parent":19,"menu_order":35,"comment_status":"closed","ping_status":"closed","template":"","meta":{"_bbp_topic_count":0,"_bbp_reply_count":0,"_bbp_total_topic_count":0,"_bbp_total_reply_count":0,"_bbp_voice_count":0,"_bbp_anonymous_reply_count":0,"_bbp_topic_count_hidden":0,"_bbp_reply_count_hidden":0,"_bbp_forum_subforum_count":0,"footnotes":""},"class_list":["post-57","page","type-page","status-publish","hentry"],"post_mailing_queue_ids":[],"_links":{"self":[{"href":"https:\/\/agora.xtec.cat\/iesvilatzara\/wp-json\/wp\/v2\/pages\/57","targetHints":{"allow":["GET"]}}],"collection":[{"href":"https:\/\/agora.xtec.cat\/iesvilatzara\/wp-json\/wp\/v2\/pages"}],"about":[{"href":"https:\/\/agora.xtec.cat\/iesvilatzara\/wp-json\/wp\/v2\/types\/page"}],"author":[{"embeddable":true,"href":"https:\/\/agora.xtec.cat\/iesvilatzara\/wp-json\/wp\/v2\/users\/1"}],"replies":[{"embeddable":true,"href":"https:\/\/agora.xtec.cat\/iesvilatzara\/wp-json\/wp\/v2\/comments?post=57"}],"version-history":[{"count":4,"href":"https:\/\/agora.xtec.cat\/iesvilatzara\/wp-json\/wp\/v2\/pages\/57\/revisions"}],"predecessor-version":[{"id":22590,"href":"https:\/\/agora.xtec.cat\/iesvilatzara\/wp-json\/wp\/v2\/pages\/57\/revisions\/22590"}],"up":[{"embeddable":true,"href":"https:\/\/agora.xtec.cat\/iesvilatzara\/wp-json\/wp\/v2\/pages\/19"}],"wp:attachment":[{"href":"https:\/\/agora.xtec.cat\/iesvilatzara\/wp-json\/wp\/v2\/media?parent=57"}],"curies":[{"name":"wp","href":"https:\/\/api.w.org\/{rel}","templated":true}]}}