{"id":46,"date":"2014-09-17T16:53:45","date_gmt":"2014-09-17T15:53:45","guid":{"rendered":"http:\/\/agora.xtec.cat\/iesvilatzara\/?page_id=46"},"modified":"2025-09-12T14:49:01","modified_gmt":"2025-09-12T12:49:01","slug":"organigrama","status":"publish","type":"page","link":"https:\/\/agora.xtec.cat\/iesvilatzara\/el-centre\/organigrama\/","title":{"rendered":"Organigrama"},"content":{"rendered":"<p style=\"text-align: justify;\">L\u2019organitzaci\u00f3 de l\u2019institut demana una s\u00e8rie de c\u00e0rrecs que tenen encomanades les tasques de gesti\u00f3 i organitzaci\u00f3 general del centre. Encara que la vostra relaci\u00f3 normal amb el centre passar\u00e0 pel tutor\/a, tots ells us poden atendre en un moment determinat en cas de necessitat, sempre amb sol\u00b7licitud pr\u00e8via.<\/p>\n<p style=\"text-align: justify;\"><strong>\u00d2rgans de govern<\/strong><\/p>\n<p style=\"text-align: justify;\"><strong>El Consell Escolar<\/strong> \u00e9s l&#8217;\u00f2rgan on hi ha representats tots els estaments de la comunitat educativa del centre &#8211; professors\/es, pares\/mares, alumnes, personal d&#8217;administraci\u00f3 i ajuntament, i <strong>el Claustre de Professors\/es<\/strong> \u00e9s l&#8217;\u00f2rgan propi de participaci\u00f3 d&#8217;aquests\/es en el centre.<\/p>\n<p><strong>Equip directiu<\/strong><\/p>\n<table style=\"width: 403px;\">\n<tbody>\n<tr>\n<td style=\"width: 219px;\">Director:<\/td>\n<td style=\"width: 176px;\">Marc Vilanova<\/td>\n<\/tr>\n<tr>\n<td style=\"width: 219px;\">Cap d\u2019Estudis:<\/td>\n<td style=\"width: 176px;\">Laia Saladich<\/td>\n<\/tr>\n<tr>\n<td style=\"width: 219px;\">Secret\u00e0ria:<\/td>\n<td style=\"width: 176px;\">Bet Alsina<\/td>\n<\/tr>\n<tr>\n<td style=\"width: 219px;\">Coordinador Pedag\u00f2gic:<\/td>\n<td style=\"width: 176px;\">Jaume Vi\u00f1amata<\/td>\n<\/tr>\n<\/tbody>\n<\/table>\n<h3><\/h3>\n<p><strong>\u00d2rgans unipersonals de Coordinaci\u00f3<\/strong><\/p>\n<table>\n<tbody>\n<tr>\n<td width=\"222\">Coordinador de 1r d&#8217;ESO<\/td>\n<td width=\"180\">David de Arcos<\/td>\n<\/tr>\n<tr>\n<td width=\"222\">Coordinadora de 2n d&#8217;ESO<\/td>\n<td width=\"180\">Neus Serra<\/td>\n<\/tr>\n<tr>\n<td width=\"222\">Coordinadora de 3r d&#8217;ESO<\/td>\n<td width=\"180\">Lina Mujal<\/td>\n<\/tr>\n<tr>\n<td width=\"222\">Coordinadora de 4t d&#8217;ESO<\/td>\n<td width=\"180\">Susana Carrau<\/td>\n<\/tr>\n<tr>\n<td width=\"222\">Coordinadora de 1r Batxillerat<\/td>\n<td width=\"180\">Nat\u00e0lia Aliaga<\/td>\n<\/tr>\n<tr>\n<td>Coordinadora de 2n Batxillerat<\/td>\n<td>Meritxell Tenas<\/td>\n<\/tr>\n<\/tbody>\n<\/table>\n<p style=\"text-align: justify;\">A m\u00e9s de les Coordinacions de nivell, que afecten a la totalitat de l&#8217;Institut, tamb\u00e9 hi ha les coordinacions de Departament o \u00e0mbit, que exerceixen les funcions de coordinaci\u00f3 de les programacions pedag\u00f2giques, d&#8217;organitzaci\u00f3 de les activitats dels departaments, d&#8217;impuls de la innovaci\u00f3 pedag\u00f2gica i tecnol\u00f2gica i de la formaci\u00f3 permanent del professorat.<\/p>\n<p style=\"text-align: justify;\"><strong>Tutor\/a <\/strong><\/p>\n<p style=\"text-align: justify;\">Estar\u00e0 sempre a la vostra disposici\u00f3, per\u00f2 per facilitar la seva tasca \u00e9s convenient que concerteu pr\u00e8viament per tel\u00e8fon les entrevistes amb el tutor i\/o amb qualsevol professor\/a del centre.<\/p>\n","protected":false},"excerpt":{"rendered":"<p>L\u2019organitzaci\u00f3 de l\u2019institut demana una s\u00e8rie de c\u00e0rrecs que tenen encomanades les tasques de gesti\u00f3 i organitzaci\u00f3 general del centre. Encara que la vostra relaci\u00f3 normal amb el centre passar\u00e0 pel tutor\/a, tots ells us poden atendre en un moment determinat en cas de necessitat,&hellip;  <a href=\"https:\/\/agora.xtec.cat\/iesvilatzara\/el-centre\/organigrama\/\" title=\"Read Organigrama\">Llegeix m\u00e9s\u00bb<\/a><\/p>\n","protected":false},"author":1,"featured_media":0,"parent":19,"menu_order":40,"comment_status":"closed","ping_status":"closed","template":"","meta":{"_bbp_topic_count":0,"_bbp_reply_count":0,"_bbp_total_topic_count":0,"_bbp_total_reply_count":0,"_bbp_voice_count":0,"_bbp_anonymous_reply_count":0,"_bbp_topic_count_hidden":0,"_bbp_reply_count_hidden":0,"_bbp_forum_subforum_count":0,"footnotes":""},"class_list":["post-46","page","type-page","status-publish","hentry"],"post_mailing_queue_ids":[],"_links":{"self":[{"href":"https:\/\/agora.xtec.cat\/iesvilatzara\/wp-json\/wp\/v2\/pages\/46","targetHints":{"allow":["GET"]}}],"collection":[{"href":"https:\/\/agora.xtec.cat\/iesvilatzara\/wp-json\/wp\/v2\/pages"}],"about":[{"href":"https:\/\/agora.xtec.cat\/iesvilatzara\/wp-json\/wp\/v2\/types\/page"}],"author":[{"embeddable":true,"href":"https:\/\/agora.xtec.cat\/iesvilatzara\/wp-json\/wp\/v2\/users\/1"}],"replies":[{"embeddable":true,"href":"https:\/\/agora.xtec.cat\/iesvilatzara\/wp-json\/wp\/v2\/comments?post=46"}],"version-history":[{"count":5,"href":"https:\/\/agora.xtec.cat\/iesvilatzara\/wp-json\/wp\/v2\/pages\/46\/revisions"}],"predecessor-version":[{"id":28975,"href":"https:\/\/agora.xtec.cat\/iesvilatzara\/wp-json\/wp\/v2\/pages\/46\/revisions\/28975"}],"up":[{"embeddable":true,"href":"https:\/\/agora.xtec.cat\/iesvilatzara\/wp-json\/wp\/v2\/pages\/19"}],"wp:attachment":[{"href":"https:\/\/agora.xtec.cat\/iesvilatzara\/wp-json\/wp\/v2\/media?parent=46"}],"curies":[{"name":"wp","href":"https:\/\/api.w.org\/{rel}","templated":true}]}}