{"id":364,"date":"2015-12-20T11:14:23","date_gmt":"2015-12-20T10:14:23","guid":{"rendered":"http:\/\/agora.xtec.cat\/iesvilatzara\/?page_id=364"},"modified":"2025-09-27T18:20:36","modified_gmt":"2025-09-27T16:20:36","slug":"participacio","status":"publish","type":"page","link":"https:\/\/agora.xtec.cat\/iesvilatzara\/participacio\/","title":{"rendered":"Participaci\u00f3"},"content":{"rendered":"<h4 style=\"text-align: justify;\"><strong><span style=\"color: #ff6600;\">Consell escolar<\/span><\/strong><\/h4>\n<p style=\"text-align: justify;\">\u00c9s l&#8217;\u00f2rgan on hi ha representats tots els estaments de la comunitat educativa del centre: professors\/es, pares\/mares, alumnes, personal d&#8217;administraci\u00f3 i serveis i ajuntament.<\/p>\n<p>Acords del consell escolar:<\/p>\n<ul>\n<li><a href=\"https:\/\/docs.google.com\/presentation\/d\/e\/2PACX-1vQwxNoDL6-1c-2N1bLSpqTPK-2w9mv7-R3ziy_Ef1aapBzSjAI5BlyVdYQCMsXx0NTpW7FCMUzOycEC\/pub?start=false&amp;loop=false&amp;delayms=3000\" target=\"_blank\" rel=\"noopener\">Curs 2024-2025<\/a><\/li>\n<li><a href=\"https:\/\/docs.google.com\/presentation\/d\/e\/2PACX-1vQ3_TPXW49RBRRLOaRVdfzQUq1ElnoCmIUCOu0jP9Wyj58juY_KE7lYpB5PGFq5aXv5iJJyRlYwcZg5\/pub?start=false&amp;loop=false&amp;delayms=3000\" target=\"_blank\" rel=\"noopener\">Curs 2025-2026<\/a><\/li>\n<\/ul>\n<h4><strong><span style=\"color: #ff6600;\">AFA<\/span><\/strong><\/h4>\n<p style=\"text-align: justify;\">Els pares i les mares dels alumnes de les diverses promocions han anat formant part de l&#8217;Associaci\u00f3 de fam\u00edlies d&#8217;alumnes de l&#8217;Institut Vilatzara. La seva principal funci\u00f3 \u00e9s col\u00b7laborar amb el centre en la dotaci\u00f3 i reposici\u00f3 de material per a la doc\u00e8ncia, com pissarres digitals, ordinadors i impressores 3D, microscopis, etc. amb l&#8217;objectiu que se&#8217;n benefici\u00efn el major nombre possible d&#8217;alumnes. Col\u00b7labora en els premis de Sant Jordi, en la inscripci\u00f3 per part de l&#8217;alumnat a alguns cert\u00e0mens i concursos i tamb\u00e9 col\u00b7labora en la gesti\u00f3 de compra de miniport\u00e0tils i llibres de text&#8230; Animeu-vos a\u00a0 participar. \u00c9s molt important per a tots els que cada dia convivim en el nostre institut!<\/p>\n<p>Contacte amb l\u2019AFA:<\/p>\n<ul>\n<li>email: <a href=\"mailto:ampa.vilatzara@gmail.com\">ampa.vilatzara@gmail.com<\/a><\/li>\n<li>web: <a href=\"http:\/\/ampavilatzara.com\" target=\"_blank\" rel=\"noopener noreferrer\">http:\/\/ampavilatzara.com<\/a><\/li>\n<li>instagram: <a href=\"https:\/\/instagram.com\/ampavilatzara?igshid=YmMyMTA2M2Y=\" target=\"_blank\" rel=\"noopener noreferrer\">@afavilatzara<\/a><\/li>\n<\/ul>\n","protected":false},"excerpt":{"rendered":"<p>Consell escolar<br \/>\n\u00c9s l&#8217;\u00f2rgan on hi ha representats tots els estaments de la comunitat educativa del centre: professors\/es, pares\/mares, alumnes, personal d&#8217;administraci\u00f3 i serveis i ajuntament.<br \/>\nAcords del consell escolar:<\/p>\n<ul>\n<li><a href=\"https:\/\/docs.google.com\/presentation\/d\/e\/2PACX-1vQwxNoDL6-1c-2N1bLSpqTPK-2w9mv7-R3ziy_Ef1aapBzSjAI5BlyVdYQCMsXx0NTpW7FCMUzOycEC\/pub?start=false&amp;loop=false&amp;delayms=3000\" target=\"_blank\" rel=\"noopener\">Curs 2024-2025<\/a><\/li>\n<li><a href=\"https:\/\/docs.google.com\/presentation\/d\/e\/2PACX-1vQ3_TPXW49RBRRLOaRVdfzQUq1ElnoCmIUCOu0jP9Wyj58juY_KE7lYpB5PGFq5aXv5iJJyRlYwcZg5\/pub?start=false&amp;loop=false&amp;delayms=3000\" target=\"_blank\" rel=\"noopener\">Curs 2025-2026<\/a><\/li>\n<\/ul>\n<p>AFA<br \/>\nEls pares i les mares dels alumnes de les diverses&hellip;  <a href=\"https:\/\/agora.xtec.cat\/iesvilatzara\/participacio\/\" title=\"Read Participaci\u00f3\">Llegeix m\u00e9s\u00bb<\/a><\/p>\n","protected":false},"author":1,"featured_media":0,"parent":0,"menu_order":0,"comment_status":"closed","ping_status":"closed","template":"","meta":{"_bbp_topic_count":0,"_bbp_reply_count":0,"_bbp_total_topic_count":0,"_bbp_total_reply_count":0,"_bbp_voice_count":0,"_bbp_anonymous_reply_count":0,"_bbp_topic_count_hidden":0,"_bbp_reply_count_hidden":0,"_bbp_forum_subforum_count":0,"footnotes":""},"class_list":["post-364","page","type-page","status-publish","hentry"],"post_mailing_queue_ids":[],"_links":{"self":[{"href":"https:\/\/agora.xtec.cat\/iesvilatzara\/wp-json\/wp\/v2\/pages\/364","targetHints":{"allow":["GET"]}}],"collection":[{"href":"https:\/\/agora.xtec.cat\/iesvilatzara\/wp-json\/wp\/v2\/pages"}],"about":[{"href":"https:\/\/agora.xtec.cat\/iesvilatzara\/wp-json\/wp\/v2\/types\/page"}],"author":[{"embeddable":true,"href":"https:\/\/agora.xtec.cat\/iesvilatzara\/wp-json\/wp\/v2\/users\/1"}],"replies":[{"embeddable":true,"href":"https:\/\/agora.xtec.cat\/iesvilatzara\/wp-json\/wp\/v2\/comments?post=364"}],"version-history":[{"count":6,"href":"https:\/\/agora.xtec.cat\/iesvilatzara\/wp-json\/wp\/v2\/pages\/364\/revisions"}],"predecessor-version":[{"id":29012,"href":"https:\/\/agora.xtec.cat\/iesvilatzara\/wp-json\/wp\/v2\/pages\/364\/revisions\/29012"}],"wp:attachment":[{"href":"https:\/\/agora.xtec.cat\/iesvilatzara\/wp-json\/wp\/v2\/media?parent=364"}],"curies":[{"name":"wp","href":"https:\/\/api.w.org\/{rel}","templated":true}]}}