{"id":3419,"date":"2017-07-12T07:56:57","date_gmt":"2017-07-12T05:56:57","guid":{"rendered":"http:\/\/agora.xtec.cat\/iesvilatzara\/?page_id=3419"},"modified":"2024-04-19T13:30:42","modified_gmt":"2024-04-19T11:30:42","slug":"intercanvis","status":"publish","type":"page","link":"https:\/\/agora.xtec.cat\/iesvilatzara\/projectes\/intercanvis\/","title":{"rendered":"Intercanvis"},"content":{"rendered":"<p>Presentaci\u00f3 i objectius:<\/p>\n<p style=\"text-align: justify;\">A l&#8217;institut Vilatzara vehiculem intercanvis ling\u00fc\u00edstics a 3r d&#8217;ESO per a tot l&#8217;alumnat que estigui interessat. Els darrers anys hem realitzat intercanvis a Alemanya i Fran\u00e7a amb els seg\u00fcents centres:<\/p>\n<ul>\n<li style=\"list-style-type: none;\">\n<ul>\n<li style=\"text-align: justify;\">Goethe Gymnasium de Bensheim (Alemanya)<\/li>\n<li>H\u00f6lderlin-Gymnasium de N\u00fcrtingen (Alemanya)<\/li>\n<li>Kardinal Von Galen de Mettingen (Alemanya)<\/li>\n<li style=\"text-align: justify;\">Gymnasium Blankenese d&#8217;Hamburg (Alemanya)<\/li>\n<li style=\"text-align: justify;\">Joahnes-Gymnasium de L\u00fcneburg (Alemanya)<\/li>\n<li style=\"text-align: justify;\">Coll\u00ea Camille Claudel de Latresne-Bordeaux (Fran\u00e7a)<\/li>\n<\/ul>\n<\/li>\n<\/ul>\n<p style=\"text-align: justify;\">Els objectius de l&#8217;intercanvi s\u00f3n entre d&#8217;altres:<\/p>\n<ol>\n<li style=\"list-style-type: none;\">\n<ol>\n<li>Percebre Europa com un lloc com\u00fa.<\/li>\n<li>Conviure amb una fam\u00edlia europea.Conviure amb una fam\u00edlia catalana.<\/li>\n<li>Con\u00e8ixer una escola europea. Con\u00e8ixer una escola catalana.<\/li>\n<li>Valorar i apreciar la cultura alemanya\/catalana.<\/li>\n<li>Viure una experi\u00e8ncia enriquidora tant a nivell personal com intel\u00b7lectual.<\/li>\n<li>Promoure l&#8217;\u00fas de les lleng\u00fces: especialment l&#8217;alemany, angl\u00e8s, franc\u00e8s, castell\u00e0 i catal\u00e0.<\/li>\n<li>Coneixement de l&#8217;entorn.<\/li>\n<\/ol>\n<\/li>\n<\/ol>\n<p style=\"text-align: justify;\">Els estudiants europeus faran l&#8217;estada a Vilassar de Mar d&#8217;una setmana i els estudiants de l&#8217;Institut Vilatzara faran l&#8217;estada en fam\u00edlies a Europa durant una altra setmana.<\/p>\n<h5><a href=\"https:\/\/agora.xtec.cat\/iesvilatzara\/categoria\/noticies-portada\/projectes\/intercanvis\/\" target=\"_blank\" rel=\"noopener\">Not\u00edcies d&#8217;intercanvis<\/a><\/h5>\n","protected":false},"excerpt":{"rendered":"<p>Presentaci\u00f3 i objectius:<br \/>\nA l&#8217;institut Vilatzara vehiculem intercanvis ling\u00fc\u00edstics a 3r d&#8217;ESO per a tot l&#8217;alumnat que estigui interessat. Els darrers anys hem realitzat intercanvis a Alemanya i Fran\u00e7a amb els seg\u00fcents centres:<\/p>\n<ul>\n<li style=\"list-style-type: none;\">\n<ul>\n<li style=\"text-align: justify;\">Goethe Gymnasium de Bensheim (Alemanya)<\/li>\n<li>H\u00f6lderlin-Gymnasium de N\u00fcrtingen (Alemanya)<\/li>\n<li>Kardinal Von Galen&hellip;  <a href=\"https:\/\/agora.xtec.cat\/iesvilatzara\/projectes\/intercanvis\/\" title=\"Read Intercanvis\">Llegeix m\u00e9s\u00bb<\/a><br \/>\n","protected":false},"author":1,"featured_media":0,"parent":356,"menu_order":7,"comment_status":"closed","ping_status":"closed","template":"","meta":{"_bbp_topic_count":0,"_bbp_reply_count":0,"_bbp_total_topic_count":0,"_bbp_total_reply_count":0,"_bbp_voice_count":0,"_bbp_anonymous_reply_count":0,"_bbp_topic_count_hidden":0,"_bbp_reply_count_hidden":0,"_bbp_forum_subforum_count":0,"footnotes":""},"class_list":["post-3419","page","type-page","status-publish","hentry"],"post_mailing_queue_ids":[],"_links":{"self":[{"href":"https:\/\/agora.xtec.cat\/iesvilatzara\/wp-json\/wp\/v2\/pages\/3419","targetHints":{"allow":["GET"]}}],"collection":[{"href":"https:\/\/agora.xtec.cat\/iesvilatzara\/wp-json\/wp\/v2\/pages"}],"about":[{"href":"https:\/\/agora.xtec.cat\/iesvilatzara\/wp-json\/wp\/v2\/types\/page"}],"author":[{"embeddable":true,"href":"https:\/\/agora.xtec.cat\/iesvilatzara\/wp-json\/wp\/v2\/users\/1"}],"replies":[{"embeddable":true,"href":"https:\/\/agora.xtec.cat\/iesvilatzara\/wp-json\/wp\/v2\/comments?post=3419"}],"version-history":[{"count":6,"href":"https:\/\/agora.xtec.cat\/iesvilatzara\/wp-json\/wp\/v2\/pages\/3419\/revisions"}],"predecessor-version":[{"id":25956,"href":"https:\/\/agora.xtec.cat\/iesvilatzara\/wp-json\/wp\/v2\/pages\/3419\/revisions\/25956"}],"up":[{"embeddable":true,"href":"https:\/\/agora.xtec.cat\/iesvilatzara\/wp-json\/wp\/v2\/pages\/356"}],"wp:attachment":[{"href":"https:\/\/agora.xtec.cat\/iesvilatzara\/wp-json\/wp\/v2\/media?parent=3419"}],"curies":[{"name":"wp","href":"https:\/\/api.w.org\/{rel}","templated":true}]}}