{"id":304,"date":"2015-12-20T10:48:11","date_gmt":"2015-12-20T09:48:11","guid":{"rendered":"http:\/\/agora.xtec.cat\/iesvilatzara\/?page_id=304"},"modified":"2026-03-23T17:13:31","modified_gmt":"2026-03-23T16:13:31","slug":"documentacio","status":"publish","type":"page","link":"https:\/\/agora.xtec.cat\/iesvilatzara\/el-centre\/documentacio\/","title":{"rendered":"Documents del centre"},"content":{"rendered":"<h4><span style=\"color: #000000;\">Documents de centre<\/span><\/h4>\n<ul>\n<li><a href=\"https:\/\/agora.xtec.cat\/iesvilatzara\/wp-content\/uploads\/usu356\/2019\/02\/PEC_INS-VILATZARA_DEF.pdf\" target=\"_blank\" rel=\"noopener noreferrer\">Projecte educatiu de centre (PEC) 2018<\/a><\/li>\n<li><a href=\"https:\/\/agora.xtec.cat\/iesvilatzara\/wp-content\/uploads\/usu356\/2022\/11\/PLC-2022.pdf\" target=\"_blank\" rel=\"noopener\">Projecte ling\u00fc\u00edstic de centre (PLC) 2022<\/a><\/li>\n<li><a href=\"https:\/\/agora.xtec.cat\/iesvilatzara\/wp-content\/uploads\/usu356\/2020\/01\/PdC-2020_V01.pdf\" target=\"_blank\" rel=\"noopener noreferrer\">Projecte de conviv\u00e8ncia (PdC) 2020<\/a><\/li>\n<li><a href=\"https:\/\/agora.xtec.cat\/iesvilatzara\/wp-content\/uploads\/usu356\/2025\/09\/NOFC-2025.pdf\" target=\"_blank\" rel=\"noopener\">Normes d&#8217;organitzaci\u00f3 i funcionament de centre (NOFC) 2025<\/a><\/li>\n<li><a href=\"https:\/\/agora.xtec.cat\/iesvilatzara\/el-centre\/estrategia-digital\/\" target=\"_blank\" rel=\"noopener\">Estrat\u00e8gia digital de centre (EDC) 2024<\/a><\/li>\n<\/ul>\n<h4><span style=\"color: #000000;\">Documents informatius del curs<\/span><\/h4>\n<ul>\n<li><a href=\"https:\/\/agora.xtec.cat\/iesvilatzara\/wp-content\/uploads\/usu356\/2025\/06\/Calendari-escolar-2526.pdf\" target=\"_blank\" rel=\"noopener\">Calendari escolar 2025-2026<\/a><\/li>\n<li><a href=\"https:\/\/agora.xtec.cat\/iesvilatzara\/wp-content\/uploads\/usu356\/2025\/07\/Calendari-diades-educatives-2526.pdf\" target=\"_blank\" rel=\"noopener\">Calendari de diades educatives 2025-2026<\/a><\/li>\n<li><a href=\"https:\/\/docs.google.com\/presentation\/d\/e\/2PACX-1vTWVOZqHktDPaAac0XOdAz16kxUNH09zD8URcdWfOm8dqC_3bupkueWx9UaUqfHElbhMlSZqwiwpHGa\/pub?start=false&amp;loop=false&amp;delayms=3000&amp;slide=id.g36c58868898_0_1\" target=\"_blank\" rel=\"noopener\">Material escolar 1ESO 2025-2026<\/a><\/li>\n<li><a href=\"https:\/\/docs.google.com\/presentation\/d\/e\/2PACX-1vRn1N1aXnvghTQpCgLSfVRLzrrXcsTEHDcB6N6uDrWHM060mkXSHzHFJSE_LZ-gzz9z6gpeI3vocWnA\/pub?start=false&amp;loop=false&amp;delayms=3000&amp;slide=id.ge3c1dcd5f0_0_0\" target=\"_blank\" rel=\"noopener\">Llibres lectura ESO 2025-2026<\/a><\/li>\n<li><a href=\"https:\/\/docs.google.com\/presentation\/d\/e\/2PACX-1vQvKC0LDI7aoA_MaKoecs443jOLX-XEBbCDZk_sAlrWvH2Fr5hosqUvftkiT1ovTwaNOhRXkFiOTt_j\/pub?start=false&amp;loop=false&amp;delayms=3000&amp;slide=id.ge3c1dcd5f0_0_0\" target=\"_blank\" rel=\"noopener\">Llibres Batxillerat 2025-2026<\/a><\/li>\n<li><a href=\"https:\/\/docs.google.com\/presentation\/d\/e\/2PACX-1vRZ3iubYJ7LKEup-Jn4AeyDub2eNvlCwrPnZgLiXVRB1x6cjA0x00NVAxny8e4Xe_nvCCQElvQrG_8m\/pub?start=false&amp;loop=false&amp;delayms=3000\" target=\"_blank\" rel=\"noopener\">Tria d&#8217;optatives 1ESO 2026-2027<\/a><\/li>\n<li><a href=\"https:\/\/docs.google.com\/presentation\/d\/e\/2PACX-1vQZGotkyTFdVW1wzdQbeLXWp-oc3rgtbjUs8WTtuMDK7NXuogFgx0zlIaaWAMXX_GI6Z9nd1e6zi5u2\/pub?start=false&amp;loop=false&amp;delayms=3000\" target=\"_blank\" rel=\"noopener\">Tria d&#8217;optatives 4ESO 2026-2027<\/a><\/li>\n<li><a href=\"https:\/\/docs.google.com\/presentation\/d\/e\/2PACX-1vR6xf_8SqnLsiaHuTLLTclYf-1H7YKiHMV0ksSud2t6tfMO6FfvqukUyTDNBiBAhta_BoGcPm7hgh-b\/pub?start=false&amp;loop=false&amp;delayms=3000\" target=\"_blank\" rel=\"noopener\">Tria d&#8217;optatives 1BTX 2026-2027<\/a><\/li>\n<li><a href=\"https:\/\/docs.google.com\/presentation\/d\/e\/2PACX-1vTGpPneNiOpmrb7bpL9f3i8GMCcfmRsrGTh6OL7xn-r771-qgGJw2UEYMviZfpCCT_TSbW3zJ1n62KB\/pub?start=false&amp;loop=false&amp;delayms=3000\" target=\"_blank\" rel=\"noopener\">Tria d&#8217;optatives 2BTX 2026-2027<\/a><\/li>\n<\/ul>\n<h4><span style=\"color: #000000;\">Criteris d&#8217;avaluaci\u00f3<\/span><\/h4>\n<ul>\n<li><a href=\"https:\/\/agora.xtec.cat\/iesvilatzara\/el-centre\/documentacio\/criteris-davaluacio-a-leso\/\" target=\"_blank\" rel=\"noopener\">Criteris d&#8217;avaluaci\u00f3 a l&#8217;ESO<\/a><\/li>\n<li><a href=\"https:\/\/agora.xtec.cat\/iesvilatzara\/el-centre\/documentacio\/criteris-davaluacio-al-batxillerat\/\" target=\"_blank\" rel=\"noopener\">Criteris d&#8217;avaluaci\u00f3 al batxillerat<\/a><\/li>\n<\/ul>\n<h4><span style=\"color: #000000;\">Reunions informatives<\/span><\/h4>\n<ul>\n<li><a href=\"https:\/\/docs.google.com\/presentation\/d\/e\/2PACX-1vTfqTue9ak32uL9F95ZtKr2ox_hdsoMEqcxbYel0SjD-UPW4FI-Jex0414USD2s7dXAKHktsiPBsNe0\/pub?start=false&amp;loop=false&amp;delayms=3000\" target=\"_blank\" rel=\"noopener\">Reuni\u00f3 informativa 1ESO juliol 2025<\/a><\/li>\n<li><a href=\"https:\/\/docs.google.com\/presentation\/d\/e\/2PACX-1vT2EkPZDZCTcCBzJ6rAJ8BOsxiAcsFh4FcmWpIpt1Wg7tHwLXmMqXKECNB17L9koGaLVTPWn4BTWq5r\/pub?start=false&amp;loop=false&amp;delayms=3000\" target=\"_blank\" rel=\"noopener\">D\u00edptic fam\u00edlies inici de curs octubre 2025<\/a><\/li>\n<li><a href=\"https:\/\/docs.google.com\/presentation\/d\/e\/2PACX-1vS-1bJ0tVpkEWmrI4Z_0XwACNidTmnAF3lNLp2bnq02H4Tz23BDBDpHQqV3r9p2TcBP0Ds78nvzOGcx\/pub?start=false&amp;loop=false&amp;delayms=3000\" target=\"_blank\" rel=\"noopener\">D\u00edptic Jornada Portes Obertes febrer 2026<\/a><\/li>\n<li><a href=\"https:\/\/docs.google.com\/presentation\/d\/e\/2PACX-1vTe9A9K0Gr4pfahfFxYDGR-IO8yA-ls12YSjohIE3FkyfW394nV7VRzgo6FDR9j8qf52OG8RIYyjSoQ\/pub?start=false&amp;loop=false&amp;delayms=3000\" target=\"_blank\" rel=\"noopener\">Presentaci\u00f3 Jornada Portes Obertes febrer ESO 2026<\/a><\/li>\n<li><a href=\"https:\/\/docs.google.com\/presentation\/d\/e\/2PACX-1vTJJ2aaFoOBBgEHTbHJtT1_ERYkeg1-hJf8CI9Yzbi66T9V8wDp7ehuL623Y141pvvpu_3Hvxg_ftOu\/pub?start=false&amp;loop=false&amp;delayms=3000\" target=\"_blank\" rel=\"noopener\">Presentaci\u00f3 Jornada Portes Obertes febrer BTX 2026<\/a><\/li>\n<li><a href=\"https:\/\/docs.google.com\/presentation\/d\/e\/2PACX-1vTd4vrevq2k0QUD71Z1NKcj_9HBFGUgogK83s8fp2L3GeVXRIVLOpg-TfHaziU33GXRh-Lg6rF2FdjN\/pub?start=false&amp;loop=false&amp;delayms=3000\" target=\"_blank\" rel=\"noopener\">Presentaci\u00f3 Ensenyaments postobligatoris mar\u00e7 2026<\/a><\/li>\n<li><a href=\"https:\/\/agora.xtec.cat\/iesvilatzara\/wp-content\/uploads\/usu356\/2026\/03\/Viatge-italia-1BATX.pdf\" target=\"_blank\" rel=\"noopener\">Presentaci\u00f3 reuni\u00f3 viatge It\u00e0lia 1r batxillerat 2026<\/a><\/li>\n<li>Presentaci\u00f3 reuni\u00f3 Col\u00f2nies 1r ESO 2026<\/li>\n<li>Presentaci\u00f3 reuni\u00f3 Col\u00f2nies 2n ESO 2026<\/li>\n<\/ul>\n<h4><span style=\"color: #000000;\">Documents i autoritzacions del centre<\/span><\/h4>\n<ul>\n<li><a href=\"https:\/\/agora.xtec.cat\/iesvilatzara\/wp-content\/uploads\/usu356\/2025\/06\/Autoritzacio-de-sortides-dentorn_2526.pdf\" target=\"_blank\" rel=\"noopener\">Autoritzaci\u00f3 de sortides d&#8217;entorn 2025-2026<\/a><\/li>\n<li style=\"text-align: justify;\"><a href=\"https:\/\/agora.xtec.cat\/iesvilatzara\/wp-content\/uploads\/usu356\/2025\/06\/Autoritzacio-imatge-menors-de-14-anys_2526.pdf\" target=\"_blank\" rel=\"noopener\">Autoritzaci\u00f3 \u00fas d&#8217;imatges menors de 14 anys 2025-2026<\/a><\/li>\n<li><a href=\"https:\/\/agora.xtec.cat\/iesvilatzara\/wp-content\/uploads\/usu356\/2025\/06\/Autoritzacio-imatge-majors-de-14-anys_2526.pdf\" target=\"_blank\" rel=\"noopener\">Autoritzaci\u00f3 \u00fas d&#8217;imatges majors de 14 anys 2025-2026<\/a><\/li>\n<li style=\"text-align: justify;\"><a href=\"https:\/\/agora.xtec.cat\/iesvilatzara\/wp-content\/uploads\/usu356\/2025\/06\/Autoritzacio-usos-digitals-menors-14-anys_2526.pdf\" target=\"_blank\" rel=\"noopener\">Autoritzaci\u00f3 usos digitals menors de 14 anys 2025-2026<\/a><\/li>\n<li><a href=\"https:\/\/agora.xtec.cat\/iesvilatzara\/wp-content\/uploads\/usu356\/2025\/06\/Autoritzacio-usos-digitals-majors-14-anys_2526.pdf\" target=\"_blank\" rel=\"noopener\">Autoritzaci\u00f3 usos digitals majors de 14 anys 2025-2026<\/a><\/li>\n<\/ul>\n<h4><span style=\"color: #000000;\">Models i impresos de centre<br \/>\n<\/span><\/h4>\n<ul>\n<li><a href=\"https:\/\/agora.xtec.cat\/iesvilatzara\/wp-content\/uploads\/usu356\/2019\/05\/Carta-de-comprom\u00eds-educatiu_v04.pdf\" target=\"_blank\" rel=\"noopener noreferrer\">Carta de comprom\u00eds educatiu<\/a><\/li>\n<li><a href=\"https:\/\/agora.xtec.cat\/iesvilatzara\/wp-content\/uploads\/usu356\/2023\/07\/Document-de-prestec-portatils-alumnat_v01.pdf\" target=\"_blank\" rel=\"noopener\">Comprom\u00eds pr\u00e9stec port\u00e0til alumnat\u00a0<\/a><\/li>\n<li><a href=\"http:\/\/agora.xtec.cat\/iesvilatzara\/wp-content\/uploads\/usu356\/2017\/09\/Justificant-de-faltes-dassit\u00e8ncia-i-retards.pdf\" target=\"_blank\" rel=\"noopener noreferrer\">Justificant de faltes d&#8217;assist\u00e8ncia i retards<\/a><\/li>\n<li><a href=\"http:\/\/agora.xtec.cat\/iesvilatzara\/wp-content\/uploads\/usu356\/2018\/09\/SOL.LICITUD-CANVI-OPT-GRUP-2.pdf\" target=\"_blank\" rel=\"noopener noreferrer\">Sol\u00b7licitud de canvi de mat\u00e8ria optativa o grup<\/a><\/li>\n<li><a href=\"https:\/\/agora.xtec.cat\/iesvilatzara\/wp-content\/uploads\/usu356\/2019\/02\/full-autortizaci\u00f3-orientaci\u00f3.pdf\" target=\"_blank\" rel=\"noopener noreferrer\">Full d&#8217;autoritzaci\u00f3 d&#8217;\u00fas de dades &#8211; Programa d&#8217;orientaci\u00f3 municipal<\/a><\/li>\n<\/ul>\n","protected":false},"excerpt":{"rendered":"<p>Documents de centre<\/p>\n<ul>\n<li><a href=\"https:\/\/agora.xtec.cat\/iesvilatzara\/wp-content\/uploads\/usu356\/2019\/02\/PEC_INS-VILATZARA_DEF.pdf\" target=\"_blank\" rel=\"noopener noreferrer\">Projecte educatiu de centre (PEC) 2018<\/a><\/li>\n<li><a href=\"https:\/\/agora.xtec.cat\/iesvilatzara\/wp-content\/uploads\/usu356\/2022\/11\/PLC-2022.pdf\" target=\"_blank\" rel=\"noopener\">Projecte ling\u00fc\u00edstic de centre (PLC) 2022<\/a><\/li>\n<li><a href=\"https:\/\/agora.xtec.cat\/iesvilatzara\/wp-content\/uploads\/usu356\/2020\/01\/PdC-2020_V01.pdf\" target=\"_blank\" rel=\"noopener noreferrer\">Projecte de conviv\u00e8ncia (PdC) 2020<\/a><\/li>\n<li><a href=\"https:\/\/agora.xtec.cat\/iesvilatzara\/wp-content\/uploads\/usu356\/2025\/09\/NOFC-2025.pdf\" target=\"_blank\" rel=\"noopener\">Normes d&#8217;organitzaci\u00f3 i funcionament de centre (NOFC) 2025<\/a><\/li>\n<li><a href=\"https:\/\/agora.xtec.cat\/iesvilatzara\/el-centre\/estrategia-digital\/\" target=\"_blank\" rel=\"noopener\">Estrat\u00e8gia digital de centre (EDC)&hellip;  <a href=\"https:\/\/agora.xtec.cat\/iesvilatzara\/el-centre\/documentacio\/\" title=\"Read Documents del centre\">Llegeix m\u00e9s\u00bb<\/a><br \/>\n","protected":false},"author":1,"featured_media":0,"parent":19,"menu_order":80,"comment_status":"closed","ping_status":"closed","template":"","meta":{"_bbp_topic_count":0,"_bbp_reply_count":0,"_bbp_total_topic_count":0,"_bbp_total_reply_count":0,"_bbp_voice_count":0,"_bbp_anonymous_reply_count":0,"_bbp_topic_count_hidden":0,"_bbp_reply_count_hidden":0,"_bbp_forum_subforum_count":0,"footnotes":""},"class_list":["post-304","page","type-page","status-publish","hentry"],"post_mailing_queue_ids":[],"_links":{"self":[{"href":"https:\/\/agora.xtec.cat\/iesvilatzara\/wp-json\/wp\/v2\/pages\/304","targetHints":{"allow":["GET"]}}],"collection":[{"href":"https:\/\/agora.xtec.cat\/iesvilatzara\/wp-json\/wp\/v2\/pages"}],"about":[{"href":"https:\/\/agora.xtec.cat\/iesvilatzara\/wp-json\/wp\/v2\/types\/page"}],"author":[{"embeddable":true,"href":"https:\/\/agora.xtec.cat\/iesvilatzara\/wp-json\/wp\/v2\/users\/1"}],"replies":[{"embeddable":true,"href":"https:\/\/agora.xtec.cat\/iesvilatzara\/wp-json\/wp\/v2\/comments?post=304"}],"version-history":[{"count":9,"href":"https:\/\/agora.xtec.cat\/iesvilatzara\/wp-json\/wp\/v2\/pages\/304\/revisions"}],"predecessor-version":[{"id":29957,"href":"https:\/\/agora.xtec.cat\/iesvilatzara\/wp-json\/wp\/v2\/pages\/304\/revisions\/29957"}],"up":[{"embeddable":true,"href":"https:\/\/agora.xtec.cat\/iesvilatzara\/wp-json\/wp\/v2\/pages\/19"}],"wp:attachment":[{"href":"https:\/\/agora.xtec.cat\/iesvilatzara\/wp-json\/wp\/v2\/media?parent=304"}],"curies":[{"name":"wp","href":"https:\/\/api.w.org\/{rel}","templated":true}]}}