{"id":27,"date":"2014-09-17T16:24:03","date_gmt":"2014-09-17T15:24:03","guid":{"rendered":"http:\/\/agora.xtec.cat\/iesvilatzara\/?page_id=27"},"modified":"2025-02-07T15:20:26","modified_gmt":"2025-02-07T14:20:26","slug":"historia","status":"publish","type":"page","link":"https:\/\/agora.xtec.cat\/iesvilatzara\/el-centre\/historia\/","title":{"rendered":"Presentaci\u00f3"},"content":{"rendered":"<p style=\"text-align: justify;\"><span style=\"font-weight: 300;\">L\u2019Institut inicia la seva activitat l\u2019any 1987 i des de 1994 ocupa aquest edifici de <a href=\"https:\/\/www.arquitecturacatalana.cat\/es\/obras\/escola-vaixell-burriac-i-institut-vilatzara\" target=\"_blank\" rel=\"noopener\">disseny arquitect\u00f2nic<\/a> singular, que li confereix un aire modern i obert amb instal\u00b7lacions i equipaments adients a les necessitats educatives actuals.<\/span><\/p>\n<h6>Estudis<\/h6>\n<p><span style=\"font-weight: 300;\">Impartim els estudis d\u2019ESO i Batxillerat, en les modalitats de ci\u00e8ncies i tecnologia,humanitats i ci\u00e8ncies socials, organitzada en una \u00e0mplia oferta d\u2019itineraris, amb la intenci\u00f3 de facilitar l\u2019acc\u00e9s del nostre alumnat a estudis posteriors.<\/span><\/p>\n<h6>Projecte educatiu<\/h6>\n<p><span style=\"font-weight: 300;\">Com a centre, perseguim la maduresa personal i acad\u00e8mica de l&#8217;alumnat per fer front als reptes de futur, des de la valoraci\u00f3 personal, atenent la diversitat de capacitats i interessos, i des del rigor, la toler\u00e0ncia, el di\u00e0leg i la reflexi\u00f3. En definitiva, treballem per tal que els vostres fills esdevinguin ciutadans amb el m\u00e0xim d\u2019oportunitats. Aix\u00f2 ho fem a trav\u00e9s de quatre eixos d&#8217;actuaci\u00f3: els valors, la innovaci\u00f3, la creativitat i l&#8217;excel\u00b7l\u00e8ncia.<\/span><\/p>\n<h6>Organitzaci\u00f3<\/h6>\n<p><span style=\"font-weight: 300;\">A l\u2019Institut Vilatzara prioritzem l\u2019atenci\u00f3 personalitzada i la inclusi\u00f3 a l\u2019aula i sense segregaci\u00f3. Per aix\u00f2, prioritzem la flexibilitzaci\u00f3 d\u2019un grup per nivell, amb l\u2019objectiu de reduir la r\u00e0tio d\u2019alumnat per grup classe.\u00a0<\/span><\/p>\n<p><span style=\"font-weight: 300;\">Per altra banda, a l\u2019Institut Vilatzara apostem per models organitzatius que garanteixin un model pedag\u00f2gic competencial i col\u00b7laboratiu; en aquest sentit, incorporem el treball en franges de dues hores i la pres\u00e8ncia d\u2019un segon professor a l\u2019aula en algunes mat\u00e8ries.<\/span><\/p>\n<h6>Projectes<\/h6>\n<p><span style=\"font-weight: 300;\">Un dels trets d&#8217;identitat de l&#8217;Institut Vilatzara ha estat la digitalitzaci\u00f3 i l&#8217;\u00fas de les noves tecnologies. El centre es caracteritza per dotar amb un port\u00e0til a tot l\u2019alumnat, recurs gestionat pel professorat amb la finalitat d\u2019assolir la compet\u00e8ncia digital alhora que incidir en el pensament computacional.<\/span><\/p>\n<p><span style=\"font-weight: 300;\">Per altra banda, el centre t\u00e9 una forta vocaci\u00f3 europea. Es fomenta el domini de les lleng\u00fces, s&#8217;ofereixen segones lleng\u00fces estrangeres i la possibilitat de participar en intercanvis ling\u00fc\u00edstics europeus.\u00a0<\/span><\/p>\n<p><span style=\"font-weight: 300;\">A m\u00e9s, el centre pret\u00e9n que els continguts i les compet\u00e8ncies traspassin les parets de l&#8217;aula, estimulant aix\u00ed la creativitat i un aprenentatge personalitzat i significatiu. Es tracta de fomentar la participaci\u00f3 a cert\u00e0mens, concursos i jornades en contextos diferents a l&#8217;habitual de l&#8217;aula.<\/span><\/p>\n","protected":false},"excerpt":{"rendered":"<p>L\u2019Institut inicia la seva activitat l\u2019any 1987 i des de 1994 ocupa aquest edifici de <a href=\"https:\/\/www.arquitecturacatalana.cat\/es\/obras\/escola-vaixell-burriac-i-institut-vilatzara\" target=\"_blank\" rel=\"noopener\">disseny arquitect\u00f2nic<\/a> singular, que li confereix un aire modern i obert amb instal\u00b7lacions i equipaments adients a les necessitats educatives actuals.<br \/>\nEstudis<br \/>\nImpartim els estudis d\u2019ESO i Batxillerat, en&hellip;  <a href=\"https:\/\/agora.xtec.cat\/iesvilatzara\/el-centre\/historia\/\" title=\"Read Presentaci\u00f3\">Llegeix m\u00e9s\u00bb<\/a><\/p>\n","protected":false},"author":1,"featured_media":0,"parent":19,"menu_order":20,"comment_status":"closed","ping_status":"closed","template":"","meta":{"_bbp_topic_count":0,"_bbp_reply_count":0,"_bbp_total_topic_count":0,"_bbp_total_reply_count":0,"_bbp_voice_count":0,"_bbp_anonymous_reply_count":0,"_bbp_topic_count_hidden":0,"_bbp_reply_count_hidden":0,"_bbp_forum_subforum_count":0,"footnotes":""},"class_list":["post-27","page","type-page","status-publish","hentry"],"post_mailing_queue_ids":[],"_links":{"self":[{"href":"https:\/\/agora.xtec.cat\/iesvilatzara\/wp-json\/wp\/v2\/pages\/27","targetHints":{"allow":["GET"]}}],"collection":[{"href":"https:\/\/agora.xtec.cat\/iesvilatzara\/wp-json\/wp\/v2\/pages"}],"about":[{"href":"https:\/\/agora.xtec.cat\/iesvilatzara\/wp-json\/wp\/v2\/types\/page"}],"author":[{"embeddable":true,"href":"https:\/\/agora.xtec.cat\/iesvilatzara\/wp-json\/wp\/v2\/users\/1"}],"replies":[{"embeddable":true,"href":"https:\/\/agora.xtec.cat\/iesvilatzara\/wp-json\/wp\/v2\/comments?post=27"}],"version-history":[{"count":6,"href":"https:\/\/agora.xtec.cat\/iesvilatzara\/wp-json\/wp\/v2\/pages\/27\/revisions"}],"predecessor-version":[{"id":27564,"href":"https:\/\/agora.xtec.cat\/iesvilatzara\/wp-json\/wp\/v2\/pages\/27\/revisions\/27564"}],"up":[{"embeddable":true,"href":"https:\/\/agora.xtec.cat\/iesvilatzara\/wp-json\/wp\/v2\/pages\/19"}],"wp:attachment":[{"href":"https:\/\/agora.xtec.cat\/iesvilatzara\/wp-json\/wp\/v2\/media?parent=27"}],"curies":[{"name":"wp","href":"https:\/\/api.w.org\/{rel}","templated":true}]}}