{"id":24395,"date":"2023-10-19T13:18:11","date_gmt":"2023-10-19T11:18:11","guid":{"rendered":"https:\/\/agora.xtec.cat\/iesvilatzara\/?page_id=24395"},"modified":"2024-01-25T13:51:13","modified_gmt":"2024-01-25T12:51:13","slug":"cultura-digital","status":"publish","type":"page","link":"https:\/\/agora.xtec.cat\/iesvilatzara\/el-centre\/cultura-digital\/","title":{"rendered":"Cultura digital"},"content":{"rendered":"<h3><a href=\"https:\/\/agora.xtec.cat\/iesvilatzara\/el-centre\/cultura-digital\/competencia-de-lalumnat\/\" target=\"_blank\" rel=\"noopener\">Compet\u00e8ncia digital de l&#8217;alumnat<\/a><\/h3>\n<p>L\u2019assoliment de la compet\u00e8ncia digital de l\u2019alumnat \u00e9s un dels objectius principals de l\u2019Estrat\u00e8gia digital del centre.<\/p>\n<h3><a href=\"https:\/\/agora.xtec.cat\/iesvilatzara\/el-centre\/cultura-digital\/pla-dacollida\/\" target=\"_blank\" rel=\"noopener\">Pla d&#8217;acollida digital<\/a><\/h3>\n<p>Amb l&#8217;objectiu de garantir una correcte acollida de la comunitat educativa s&#8217;han recollit els procediments i orientacions d&#8217;\u00fas de les eines i entorns digitals per l&#8217;alumnat i fam\u00edlies de nova incorporaci\u00f3 al nostre centre.<\/p>\n<h3><a href=\"https:\/\/agora.xtec.cat\/iesvilatzara\/el-centre\/cultura-digital\/entorns-virtuals\/\" target=\"_blank\" rel=\"noopener\">Comunicaci\u00f3 de la comunitat educativa<\/a><\/h3>\n<p><span style=\"font-weight: 400;\">En el context actual d&#8217;una societat digitalitzada i evocada a una comunicaci\u00f3 activa i permanent, fa necessari l&#8217;elaboraci\u00f3 d&#8217;un Pla de comunicaci\u00f3 que defineixi les necessitats i estableixi els canals de comunicaci\u00f3 entre els diferents membres de la comunitat educativa. Amb aquest objectiu, des del centre es posa a l&#8217;abast diferents plataformes, portals digitals i xarxes socials amb l&#8217;objectiu de facilitar la comunicaci\u00f3 entre diferents membres de la comunitat educativa.<\/span><\/p>\n<h3><a href=\"https:\/\/agora.xtec.cat\/iesvilatzara\/categoria\/noticies-portada\/projectes\/tac\/\" target=\"_blank\" rel=\"noopener\">Activitats digitals<\/a><\/h3>\n<p>&nbsp;<\/p>\n<p>&nbsp;<\/p>\n","protected":false},"excerpt":{"rendered":"<p><a href=\"https:\/\/agora.xtec.cat\/iesvilatzara\/el-centre\/cultura-digital\/competencia-de-lalumnat\/\" target=\"_blank\" rel=\"noopener\">Compet\u00e8ncia digital de l&#8217;alumnat<\/a><br \/>\nL\u2019assoliment de la compet\u00e8ncia digital de l\u2019alumnat \u00e9s un dels objectius principals de l\u2019Estrat\u00e8gia digital del centre.<br \/>\n<a href=\"https:\/\/agora.xtec.cat\/iesvilatzara\/el-centre\/cultura-digital\/pla-dacollida\/\" target=\"_blank\" rel=\"noopener\">Pla d&#8217;acollida digital<\/a><br \/>\nAmb l&#8217;objectiu de garantir una correcte acollida de la comunitat educativa s&#8217;han recollit els procediments i orientacions d&#8217;\u00fas&hellip;  <a href=\"https:\/\/agora.xtec.cat\/iesvilatzara\/el-centre\/cultura-digital\/\" title=\"Read Cultura digital\">Llegeix m\u00e9s\u00bb<\/a><\/p>\n","protected":false},"author":1,"featured_media":0,"parent":19,"menu_order":37,"comment_status":"closed","ping_status":"closed","template":"","meta":{"_bbp_topic_count":0,"_bbp_reply_count":0,"_bbp_total_topic_count":0,"_bbp_total_reply_count":0,"_bbp_voice_count":0,"_bbp_anonymous_reply_count":0,"_bbp_topic_count_hidden":0,"_bbp_reply_count_hidden":0,"_bbp_forum_subforum_count":0,"footnotes":""},"class_list":["post-24395","page","type-page","status-publish","hentry"],"post_mailing_queue_ids":[],"_links":{"self":[{"href":"https:\/\/agora.xtec.cat\/iesvilatzara\/wp-json\/wp\/v2\/pages\/24395","targetHints":{"allow":["GET"]}}],"collection":[{"href":"https:\/\/agora.xtec.cat\/iesvilatzara\/wp-json\/wp\/v2\/pages"}],"about":[{"href":"https:\/\/agora.xtec.cat\/iesvilatzara\/wp-json\/wp\/v2\/types\/page"}],"author":[{"embeddable":true,"href":"https:\/\/agora.xtec.cat\/iesvilatzara\/wp-json\/wp\/v2\/users\/1"}],"replies":[{"embeddable":true,"href":"https:\/\/agora.xtec.cat\/iesvilatzara\/wp-json\/wp\/v2\/comments?post=24395"}],"version-history":[{"count":6,"href":"https:\/\/agora.xtec.cat\/iesvilatzara\/wp-json\/wp\/v2\/pages\/24395\/revisions"}],"predecessor-version":[{"id":25051,"href":"https:\/\/agora.xtec.cat\/iesvilatzara\/wp-json\/wp\/v2\/pages\/24395\/revisions\/25051"}],"up":[{"embeddable":true,"href":"https:\/\/agora.xtec.cat\/iesvilatzara\/wp-json\/wp\/v2\/pages\/19"}],"wp:attachment":[{"href":"https:\/\/agora.xtec.cat\/iesvilatzara\/wp-json\/wp\/v2\/media?parent=24395"}],"curies":[{"name":"wp","href":"https:\/\/api.w.org\/{rel}","templated":true}]}}