{"id":21067,"date":"2021-07-15T09:14:10","date_gmt":"2021-07-15T07:14:10","guid":{"rendered":"https:\/\/agora.xtec.cat\/iesvilatzara\/?page_id=21067"},"modified":"2025-09-25T15:42:06","modified_gmt":"2025-09-25T13:42:06","slug":"quotes-i-calendari","status":"publish","type":"page","link":"https:\/\/agora.xtec.cat\/iesvilatzara\/el-centre\/preinscripcio-i-matricula\/quotes-i-calendari\/","title":{"rendered":"Quotes i calendari"},"content":{"rendered":"<h3>Curs 2025- 2026<\/h3>\n<h3>Quota educativa (material i projectes d&#8217;entorn)<\/h3>\n<ul>\n<li>Cobrament mitjan\u00e7ant domiciliaci\u00f3 banc\u00e0ria<\/li>\n<li>Cobrament el mes de juliol (ESO)<\/li>\n<li>Cobrament el mes de setembre (Batxillerat)<\/li>\n<li>Quota de 75\u20ac per curs escolar<\/li>\n<li>Inclou: carpeta, llibreta, agenda, material did\u00e0ctic, <span style=\"font-weight: 400;\">material fungible de tecnologia, ci\u00e8ncies i art\u00edstic, equipament esportiu, material de reprografia, activitats educatives realitzades al centre com \u201cAutors a les aules\u201d i tamb\u00e9 algunes activitats que es realitzen a l\u2019entorn proper i tenen un cost econ\u00f2mic (activitats esportives dirigides, activitats aqu\u00e0tiques&#8230;)<\/span>, i altres.<\/li>\n<\/ul>\n<p>Com a novetat d\u2019enguany hi ha els vals escolars a l&#8217;ESO. Recomanem bescanviar els vals als establiments comercials adherits a la campanya. Tot i que tamb\u00e9 es poden cedir al centre educatiu. M\u00e9s informaci\u00f3 <a href=\"http:\/\/www.valescolar.cat\/\">www.valescolar.cat<\/a><\/p>\n<h3>Llic\u00e8ncies de llibres digitals i dossiers de treball<\/h3>\n<ul>\n<li>Cobrament mitjan\u00e7ant domiciliaci\u00f3 banc\u00e0ria.<\/li>\n<li>Cobrament el mes de juliol (ESO)<\/li>\n<li>Cobrament el mes de setembre (Batxillerat)<\/li>\n<li>Quota segons el nivell educatiu\n<ul>\n<li>1r d\u2019ESO: 95\u20ac<\/li>\n<li>2n d&#8217;ESO: 80\u20ac<\/li>\n<li>3r d\u2019ESO: 85\u20ac<\/li>\n<li>4t d\u2019ESO: 60\u20ac o 80\u20ac (en funci\u00f3 de l&#8217;itinerari)<\/li>\n<li>1r de batxillerat: 26\u20ac<\/li>\n<li>2n de batxillerat: 37 o 47\u20ac (en funci\u00f3 de les optatives)<\/li>\n<\/ul>\n<\/li>\n<li>No inclou els llibres de lectura d&#8217;ESO, ni els llibres de les optatives de les segones lleng\u00fces (franc\u00e8s), ni alguns llibres de Batxillerat.<\/li>\n<\/ul>\n<h3>Sortides i activitats extraordin\u00e0ries<\/h3>\n<ul>\n<li>Cobrament de dues quotes mitjan\u00e7ant domiciliaci\u00f3 banc\u00e0ria<\/li>\n<li>Primer cobrament al mes d&#8217;octubre: 70\u20ac<\/li>\n<li>Segon cobrament al mes de febrer: entre 40\u20ac i 60\u20ac en funci\u00f3 de les sortides previstes a cada nivell.<\/li>\n<\/ul>\n<h3>Viatges i altres sortides no incloses<\/h3>\n<ul>\n<li>Cobrament mitjan\u00e7ant domiciliaci\u00f3 banc\u00e0ria<\/li>\n<\/ul>\n<h3>Armariets (opcional i nom\u00e9s per a 1r i 2n d\u2019ESO)<\/h3>\n<ul>\n<li>Cobrament mitjan\u00e7ant domiciliaci\u00f3 banc\u00e0ria<\/li>\n<li>Cobrament el mes de juliol<\/li>\n<li>Quota de 56\u20ac<\/li>\n<\/ul>\n","protected":false},"excerpt":{"rendered":"<p>Curs 2025- 2026<br \/>\nQuota educativa (material i projectes d&#8217;entorn)<\/p>\n<ul>\n<li>Cobrament mitjan\u00e7ant domiciliaci\u00f3 banc\u00e0ria<\/li>\n<li>Cobrament el mes de juliol (ESO)<\/li>\n<li>Cobrament el mes de setembre (Batxillerat)<\/li>\n<li>Quota de 75\u20ac per curs escolar<\/li>\n<li>Inclou: carpeta, llibreta, agenda, material did\u00e0ctic, material fungible de tecnologia, ci\u00e8ncies i art\u00edstic, equipament esportiu, material de reprografia, activitats educatives&hellip;  <a href=\"https:\/\/agora.xtec.cat\/iesvilatzara\/el-centre\/preinscripcio-i-matricula\/quotes-i-calendari\/\" title=\"Read Quotes i calendari\">Llegeix m\u00e9s\u00bb<\/a><br \/>\n","protected":false},"author":1,"featured_media":0,"parent":992,"menu_order":45,"comment_status":"closed","ping_status":"closed","template":"","meta":{"_bbp_topic_count":0,"_bbp_reply_count":0,"_bbp_total_topic_count":0,"_bbp_total_reply_count":0,"_bbp_voice_count":0,"_bbp_anonymous_reply_count":0,"_bbp_topic_count_hidden":0,"_bbp_reply_count_hidden":0,"_bbp_forum_subforum_count":0,"footnotes":""},"class_list":["post-21067","page","type-page","status-publish","hentry"],"post_mailing_queue_ids":[],"_links":{"self":[{"href":"https:\/\/agora.xtec.cat\/iesvilatzara\/wp-json\/wp\/v2\/pages\/21067","targetHints":{"allow":["GET"]}}],"collection":[{"href":"https:\/\/agora.xtec.cat\/iesvilatzara\/wp-json\/wp\/v2\/pages"}],"about":[{"href":"https:\/\/agora.xtec.cat\/iesvilatzara\/wp-json\/wp\/v2\/types\/page"}],"author":[{"embeddable":true,"href":"https:\/\/agora.xtec.cat\/iesvilatzara\/wp-json\/wp\/v2\/users\/1"}],"replies":[{"embeddable":true,"href":"https:\/\/agora.xtec.cat\/iesvilatzara\/wp-json\/wp\/v2\/comments?post=21067"}],"version-history":[{"count":8,"href":"https:\/\/agora.xtec.cat\/iesvilatzara\/wp-json\/wp\/v2\/pages\/21067\/revisions"}],"predecessor-version":[{"id":29006,"href":"https:\/\/agora.xtec.cat\/iesvilatzara\/wp-json\/wp\/v2\/pages\/21067\/revisions\/29006"}],"up":[{"embeddable":true,"href":"https:\/\/agora.xtec.cat\/iesvilatzara\/wp-json\/wp\/v2\/pages\/992"}],"wp:attachment":[{"href":"https:\/\/agora.xtec.cat\/iesvilatzara\/wp-json\/wp\/v2\/media?parent=21067"}],"curies":[{"name":"wp","href":"https:\/\/api.w.org\/{rel}","templated":true}]}}