{"id":20158,"date":"2020-09-29T10:54:02","date_gmt":"2020-09-29T08:54:02","guid":{"rendered":"https:\/\/agora.xtec.cat\/iesvilatzara\/?page_id=20158"},"modified":"2024-04-18T14:31:26","modified_gmt":"2024-04-18T12:31:26","slug":"entorns-virtuals","status":"publish","type":"page","link":"https:\/\/agora.xtec.cat\/iesvilatzara\/el-centre\/cultura-digital\/entorns-virtuals\/","title":{"rendered":"Comunicaci\u00f3 de la comunitat educativa"},"content":{"rendered":"<h4 style=\"text-align: left;\"><span style=\"color: #ff6600;\">Plataforma iEduca<\/span><\/h4>\n<p style=\"text-align: justify;\">La plataforma <a href=\"https:\/\/insvilatzara.ieduca.com\/\" target=\"_blank\" rel=\"noopener noreferrer\">iEduca<\/a> permet l&#8217;accessibilitat d&#8217;informaci\u00f3 i comunicaci\u00f3 entre les fam\u00edlies i el centre. L&#8217;acc\u00e9s a la plataforma requereix d&#8217;un usuari (correu electr\u00f2nic que ens heu facilitat) i contrasenya que es facilita a la reuni\u00f3 d&#8217;inici de curs.<\/p>\n<ul>\n<li style=\"list-style-type: none;\">\n<ul>\n<li style=\"text-align: justify;\"><a href=\"http:\/\/agora.xtec.cat\/iesvilatzara\/wp-content\/uploads\/usu356\/2018\/09\/Guia-iEduca-per-les-fam\u00edlies.pdf\" target=\"_blank\" rel=\"noopener noreferrer\">Guia iEduca per les fam\u00edlies<\/a><\/li>\n<li style=\"text-align: justify;\"><a style=\"font-family: inherit; font-size: 1em;\" href=\"http:\/\/agora.xtec.cat\/iesvilatzara\/wp-content\/uploads\/usu356\/2018\/09\/Guia-aplicaci\u00f3-iEduca-Tokapp-v.02.pdf\" target=\"_blank\" rel=\"noopener noreferrer\">Guia aplicaci\u00f3 Tokapp iEduca<\/a><\/li>\n<li style=\"text-align: justify;\"><a style=\"font-family: inherit; font-size: 1em;\" href=\"http:\/\/agora.xtec.cat\/iesvilatzara\/wp-content\/uploads\/usu356\/2018\/09\/Beneficis-APP-iEduca-per-les-fam\u00edlies.pdf\" target=\"_blank\" rel=\"noopener noreferrer\">Beneficis Tokapp iEduca per les fam\u00edlies<\/a><\/li>\n<\/ul>\n<\/li>\n<\/ul>\n<p style=\"text-align: justify;\">Si teniu qualsevol dubte podeu consultar al canal <a href=\"https:\/\/www.youtube.com\/channel\/UChsXQ30KxSPCZdBDsBvOTBA\/playlists\" target=\"_blank\" rel=\"noopener noreferrer\">ieduca youtube<\/a>.<\/p>\n<h4 style=\"text-align: justify;\"><span style=\"color: #ff6600;\">Entorns virtuals d&#8217;aprenentatge<\/span><\/h4>\n<p style=\"text-align: justify;\">Hi ha m\u00faltiples entorns i recursos virtuals d&#8217;aprenentatge que el professorat posa a disposici\u00f3 de l&#8217;alumnat. El <a href=\"https:\/\/educaciodigital.cat\/iesvilatzara\/moodle\/login\/index.php\" target=\"_blank\" rel=\"noopener noreferrer\">moodle<\/a> i el <a href=\"https:\/\/edu.google.com\/intl\/es-419_ALL\/workspace-for-education\/classroom\/\" target=\"_blank\" rel=\"noopener\">classroom<\/a> s\u00f3n els principal entorn on el professorat gestiona els seus propis recursos i activitats d&#8217;aprenentatge. Tamb\u00e9 s\u00f3n canals de comunicaci\u00f3 entre el professorat i l&#8217;alumnat.<\/p>\n<p style=\"text-align: justify;\">Si teniu qualsevol dubte podeu consultar el canal <a href=\"https:\/\/www.youtube.com\/channel\/UCLsDWVSYhjFYweT-LFbIbwA\/playlists\" target=\"_blank\" rel=\"noopener\">Centres en l\u00ednia<\/a>.<\/p>\n<h4 style=\"text-align: justify;\"><span style=\"color: #ff6600;\">Plataformes de llibres digitals<\/span><\/h4>\n<p style=\"text-align: justify;\"><span style=\"font-weight: 400;\">Hi ha diverses plataformes segons les editorials dels llibres digitals. Els alumnes disposen d\u2019usuari i contrasenya per accedir a cadascuna d&#8217;aquestes plataformes.\u00a0<\/span><\/p>\n<h4 style=\"text-align: justify;\"><span style=\"color: #ff6600;\">Publicacions a la web i Instagram<\/span><\/h4>\n<p style=\"text-align: justify;\"><span style=\"font-weight: 400;\">A la <a href=\"http:\/\/www.vilatzara.com\" target=\"_blank\" rel=\"noopener\">p\u00e0gina web<\/a> i a l&#8217;<a href=\"https:\/\/www.instagram.com\/insvilatzara?igshid=YmMyMTA2M2Y=\" target=\"_blank\" rel=\"noopener\">instagram<\/a> es publiquen informacions d&#8217;inter\u00e8s relacionades amb l&#8217;activitat educativa del centre. A la p\u00e0gina web del centre tamb\u00e9 es pot consultar l&#8217;<a href=\"https:\/\/agora.xtec.cat\/iesvilatzara\/calendar\/vilatzara\/\" target=\"_blank\" rel=\"noopener\">agenda<\/a> amb els esdeveniments d&#8217;inter\u00e8s per les fam\u00edlies.\u00a0<\/span><\/p>\n<p>&nbsp;<\/p>\n<p style=\"text-align: justify;\">\n","protected":false},"excerpt":{"rendered":"<p>Plataforma iEduca<br \/>\nLa plataforma <a href=\"https:\/\/insvilatzara.ieduca.com\/\" target=\"_blank\" rel=\"noopener noreferrer\">iEduca<\/a> permet l&#8217;accessibilitat d&#8217;informaci\u00f3 i comunicaci\u00f3 entre les fam\u00edlies i el centre. L&#8217;acc\u00e9s a la plataforma requereix d&#8217;un usuari (correu electr\u00f2nic que ens heu facilitat) i contrasenya que es facilita a la reuni\u00f3 d&#8217;inici de curs.<\/p>\n<ul>\n<li style=\"list-style-type: none;\">\n<ul>\n<li&hellip;  <a href=\"https:\/\/agora.xtec.cat\/iesvilatzara\/el-centre\/cultura-digital\/entorns-virtuals\/\" title=\"Read Comunicaci\u00f3 de la comunitat educativa\">Llegeix m\u00e9s\u00bb<\/a><\/p>\n","protected":false},"author":1,"featured_media":0,"parent":24395,"menu_order":10,"comment_status":"closed","ping_status":"closed","template":"","meta":{"_bbp_topic_count":0,"_bbp_reply_count":0,"_bbp_total_topic_count":0,"_bbp_total_reply_count":0,"_bbp_voice_count":0,"_bbp_anonymous_reply_count":0,"_bbp_topic_count_hidden":0,"_bbp_reply_count_hidden":0,"_bbp_forum_subforum_count":0,"footnotes":""},"class_list":["post-20158","page","type-page","status-publish","hentry"],"post_mailing_queue_ids":[],"_links":{"self":[{"href":"https:\/\/agora.xtec.cat\/iesvilatzara\/wp-json\/wp\/v2\/pages\/20158","targetHints":{"allow":["GET"]}}],"collection":[{"href":"https:\/\/agora.xtec.cat\/iesvilatzara\/wp-json\/wp\/v2\/pages"}],"about":[{"href":"https:\/\/agora.xtec.cat\/iesvilatzara\/wp-json\/wp\/v2\/types\/page"}],"author":[{"embeddable":true,"href":"https:\/\/agora.xtec.cat\/iesvilatzara\/wp-json\/wp\/v2\/users\/1"}],"replies":[{"embeddable":true,"href":"https:\/\/agora.xtec.cat\/iesvilatzara\/wp-json\/wp\/v2\/comments?post=20158"}],"version-history":[{"count":6,"href":"https:\/\/agora.xtec.cat\/iesvilatzara\/wp-json\/wp\/v2\/pages\/20158\/revisions"}],"predecessor-version":[{"id":25907,"href":"https:\/\/agora.xtec.cat\/iesvilatzara\/wp-json\/wp\/v2\/pages\/20158\/revisions\/25907"}],"up":[{"embeddable":true,"href":"https:\/\/agora.xtec.cat\/iesvilatzara\/wp-json\/wp\/v2\/pages\/24395"}],"wp:attachment":[{"href":"https:\/\/agora.xtec.cat\/iesvilatzara\/wp-json\/wp\/v2\/media?parent=20158"}],"curies":[{"name":"wp","href":"https:\/\/api.w.org\/{rel}","templated":true}]}}