{"id":19760,"date":"2020-05-13T10:19:42","date_gmt":"2020-05-13T08:19:42","guid":{"rendered":"https:\/\/agora.xtec.cat\/iesvilatzara\/?page_id=19760"},"modified":"2020-05-13T10:21:22","modified_gmt":"2020-05-13T08:21:22","slug":"sollicitud-per-internet","status":"publish","type":"page","link":"https:\/\/agora.xtec.cat\/iesvilatzara\/el-centre\/preinscripcio-i-matricula\/preinscripcio\/sollicitud-per-internet\/","title":{"rendered":"Sol\u00b7licitud per internet"},"content":{"rendered":"<p>El model de sol\u00b7licitud que cal utilitzar \u00e9s la <strong><a href=\"http:\/\/ensenyament.gencat.cat\/ca\/tramits\/tramits-temes\/20483_preinscripcio_escolar?moda=1\" target=\"_blank\" rel=\"noopener noreferrer\">sol\u00b7licitud amb suport inform\u00e0tic<\/a><\/strong>. Una vegada enviades telem\u00e0ticament les dades s\u2019obt\u00e9 el resguard de la sol\u00b7licitud. Aquest resguard s\u2019ha d\u2019enviar per correu electr\u00f2nic a la b\u00fastia electr\u00f2nica oficial del centre demanat en primera opci\u00f3:\u00a0<strong><a href=\"mailto:iesvilatzara@xtec.cat\" target=\"_blank\" rel=\"noopener noreferrer\">iesvilatzara<span class=\"\">@xtec.ca<\/span>t<\/a><\/strong>.<\/p>\n<p>Juntament amb el resguard\u00a0<strong>cal presentar<\/strong>, en tots els casos, una c\u00f2pia de la\u00a0<strong>documentaci\u00f3\u00a0escanejada o fotografiada<\/strong>\u00a0seg\u00fcent:<\/p>\n<ul>\n<li style=\"list-style-type: none;\">\n<ul class=\"llista-especial\">\n<li>El\u00a0<strong>llibre de fam\u00edlia<\/strong>\u00a0o altres documents relatius a la filiaci\u00f3.<\/li>\n<li>El\u00a0<strong>DNI de la persona sol\u00b7licitant<\/strong>.<\/li>\n<li>El\u00a0<strong>DNI de l\u2019alumne<\/strong>.<\/li>\n<\/ul>\n<\/li>\n<\/ul>\n<p>Les persones que a la sol\u00b7licitud han al\u00b7legat el compliment d\u2019un o m\u00e9s\u00a0<strong><a title=\"criteris de prioritat\" href=\"http:\/\/queestudiar.gencat.cat\/ca\/preinscripcio\/estudis\/obligatoris\/documentacio\/\" target=\"_blank\" rel=\"noopener noreferrer\">criteris de prioritat<\/a><\/strong>\u00a0han de presentar la\u00a0<strong>documentaci\u00f3 escanejada o fotografiada<\/strong>\u00a0que els acredita.<\/p>\n","protected":false},"excerpt":{"rendered":"<p>El model de sol\u00b7licitud que cal utilitzar \u00e9s la <a href=\"http:\/\/ensenyament.gencat.cat\/ca\/tramits\/tramits-temes\/20483_preinscripcio_escolar?moda=1\" target=\"_blank\" rel=\"noopener noreferrer\">sol\u00b7licitud amb suport inform\u00e0tic<\/a>. Una vegada enviades telem\u00e0ticament les dades s\u2019obt\u00e9 el resguard de la sol\u00b7licitud. Aquest resguard s\u2019ha d\u2019enviar per correu electr\u00f2nic a la b\u00fastia electr\u00f2nica oficial del centre demanat en&hellip;  <a href=\"https:\/\/agora.xtec.cat\/iesvilatzara\/el-centre\/preinscripcio-i-matricula\/preinscripcio\/sollicitud-per-internet\/\" title=\"Read Sol\u00b7licitud per internet\">Llegeix m\u00e9s\u00bb<\/a><\/p>\n","protected":false},"author":1,"featured_media":0,"parent":1017,"menu_order":0,"comment_status":"closed","ping_status":"closed","template":"","meta":{"_bbp_topic_count":0,"_bbp_reply_count":0,"_bbp_total_topic_count":0,"_bbp_total_reply_count":0,"_bbp_voice_count":0,"_bbp_anonymous_reply_count":0,"_bbp_topic_count_hidden":0,"_bbp_reply_count_hidden":0,"_bbp_forum_subforum_count":0,"footnotes":""},"class_list":["post-19760","page","type-page","status-publish","hentry"],"post_mailing_queue_ids":[],"_links":{"self":[{"href":"https:\/\/agora.xtec.cat\/iesvilatzara\/wp-json\/wp\/v2\/pages\/19760","targetHints":{"allow":["GET"]}}],"collection":[{"href":"https:\/\/agora.xtec.cat\/iesvilatzara\/wp-json\/wp\/v2\/pages"}],"about":[{"href":"https:\/\/agora.xtec.cat\/iesvilatzara\/wp-json\/wp\/v2\/types\/page"}],"author":[{"embeddable":true,"href":"https:\/\/agora.xtec.cat\/iesvilatzara\/wp-json\/wp\/v2\/users\/1"}],"replies":[{"embeddable":true,"href":"https:\/\/agora.xtec.cat\/iesvilatzara\/wp-json\/wp\/v2\/comments?post=19760"}],"version-history":[{"count":1,"href":"https:\/\/agora.xtec.cat\/iesvilatzara\/wp-json\/wp\/v2\/pages\/19760\/revisions"}],"predecessor-version":[{"id":19761,"href":"https:\/\/agora.xtec.cat\/iesvilatzara\/wp-json\/wp\/v2\/pages\/19760\/revisions\/19761"}],"up":[{"embeddable":true,"href":"https:\/\/agora.xtec.cat\/iesvilatzara\/wp-json\/wp\/v2\/pages\/1017"}],"wp:attachment":[{"href":"https:\/\/agora.xtec.cat\/iesvilatzara\/wp-json\/wp\/v2\/media?parent=19760"}],"curies":[{"name":"wp","href":"https:\/\/api.w.org\/{rel}","templated":true}]}}