{"id":1639,"date":"2016-04-15T08:58:00","date_gmt":"2016-04-15T07:58:00","guid":{"rendered":"http:\/\/agora.xtec.cat\/iesvilatzara\/?page_id=1639"},"modified":"2025-05-09T11:09:11","modified_gmt":"2025-05-09T09:09:11","slug":"beques","status":"publish","type":"page","link":"https:\/\/agora.xtec.cat\/iesvilatzara\/el-centre\/preinscripcio-i-matricula\/beques\/","title":{"rendered":"Beques i ajuts"},"content":{"rendered":"<ul>\n<li><a href=\"https:\/\/agora.xtec.cat\/iesvilatzara\/wp-content\/uploads\/usu356\/2025\/05\/cartell-informatiu-ajesco25-DINA3.pdf\" target=\"_blank\" rel=\"noopener\">Ajuts econ\u00f2mics Ajuntament Vilassar de Mar<\/a><\/li>\n<\/ul>\n<p>El Departament de Serveis Socials de l\u2019Ajuntament de Vilassar de Mar obre, <strong>del 6 al 16 de maig de 2025<\/strong>, el termini de presentaci\u00f3 de sol\u00b7licituds per als ajuts econ\u00f2mics escolars (activitats extraescolars, col\u00f2nies i sortides, llibres de text i material escolar) per al curs 2025-2026. Trobareu tota la informaci\u00f3 al seg\u00fcent <a href=\"https:\/\/www.vilassardemar.cat\/actualitat\/noticies\/ajuts-economics-escolars-curs-2025-2026\" target=\"_blank\" rel=\"noopener\">enlla\u00e7<\/a>.<\/p>\n<ul>\n<li><a href=\"https:\/\/educacio.gencat.cat\/ca\/tramits\/tramits-temes\/247-beques-ministerio-postobligatoris?category=7449fd1c-a82c-11e3-a972-000c29052e2c\" target=\"_blank\" rel=\"noopener noreferrer\">Beques per a ensenyaments postobligatoris no universitaris. Beques\u00a0 Batxillerat<\/a><\/li>\n<\/ul>\n<p>El termini de presentaci\u00f3 de sol\u00b7licituds es de <strong>24 de mar\u00e7 de 2025 al 14 de maig de 2025<\/strong>. Trobareu la informaci\u00f3 al seg\u00fcent <a href=\"https:\/\/educacio.gencat.cat\/ca\/tramits\/tramits-temes\/247-beques-ministerio-postobligatoris?category=7449fd1c-a82c-11e3-a972-000c29052e2c\" target=\"_blank\" rel=\"noopener\">enlla\u00e7<\/a>.<\/p>\n<ul>\n<li><a href=\"https:\/\/web.gencat.cat\/ca\/tramits\/tramits-temes\/Ajuts-per-a-alumnes-amb-necessitat-especifica-de-suport-educatiu?category=7449fd1c-a82c-11e3-a972-000c29052e2c\">Ajuts per a alumnes amb necessitat espec\u00edfica de suport educatiu<\/a><\/li>\n<\/ul>\n<p>Ajuts individualitzats convocats pel <a href=\"https:\/\/www.educacionfpydeportes.gob.es\/servicios-al-ciudadano\/catalogo\/general\/05\/050140\/ficha\/050140-2025.html\" target=\"_blank\" rel=\"noopener\">Ministeri d&#8217;Educaci\u00f3 i Formaci\u00f3 Professional<\/a> per a alumnes amb necessitat espec\u00edfica de suport educatiu.<\/p>\n<p>Termini per presentar la sol\u00b7licitud: <strong>del 30 d&#8217;abril de 2025 a l&#8217;11 de setembre de 2025<\/strong>. Trobareu la informaci\u00f3 al seg\u00fcent <a href=\"https:\/\/www.educacionfpydeportes.gob.es\/servicios-al-ciudadano\/catalogo\/general\/05\/050140\/ficha\/050140-2025.html\" target=\"_blank\" rel=\"noopener\">enlla\u00e7<\/a>.<\/p>\n<p>&nbsp;<\/p>\n<p>Podeu consultar-ne la informaci\u00f3 i l&#8217;estat dels tr\u00e0mits al seg\u00fcent <a href=\"https:\/\/educacio.gencat.cat\/ca\/serveis-tramits\/beques\/\" target=\"_blank\" rel=\"noopener\">enlla\u00e7<\/a>.<\/p>\n","protected":false},"excerpt":{"rendered":"<ul>\n<li><a href=\"https:\/\/agora.xtec.cat\/iesvilatzara\/wp-content\/uploads\/usu356\/2025\/05\/cartell-informatiu-ajesco25-DINA3.pdf\" target=\"_blank\" rel=\"noopener\">Ajuts econ\u00f2mics Ajuntament Vilassar de Mar<\/a><\/li>\n<\/ul>\n<p>El Departament de Serveis Socials de l\u2019Ajuntament de Vilassar de Mar obre, del 6 al 16 de maig de 2025, el termini de presentaci\u00f3 de sol\u00b7licituds per als ajuts econ\u00f2mics escolars (activitats extraescolars, col\u00f2nies i sortides, llibres&hellip;  <a href=\"https:\/\/agora.xtec.cat\/iesvilatzara\/el-centre\/preinscripcio-i-matricula\/beques\/\" title=\"Read Beques i ajuts\">Llegeix m\u00e9s\u00bb<\/a><\/p>\n","protected":false},"author":1,"featured_media":0,"parent":992,"menu_order":50,"comment_status":"closed","ping_status":"closed","template":"","meta":{"_bbp_topic_count":0,"_bbp_reply_count":0,"_bbp_total_topic_count":0,"_bbp_total_reply_count":0,"_bbp_voice_count":0,"_bbp_anonymous_reply_count":0,"_bbp_topic_count_hidden":0,"_bbp_reply_count_hidden":0,"_bbp_forum_subforum_count":0,"footnotes":""},"class_list":["post-1639","page","type-page","status-publish","hentry"],"post_mailing_queue_ids":[],"_links":{"self":[{"href":"https:\/\/agora.xtec.cat\/iesvilatzara\/wp-json\/wp\/v2\/pages\/1639","targetHints":{"allow":["GET"]}}],"collection":[{"href":"https:\/\/agora.xtec.cat\/iesvilatzara\/wp-json\/wp\/v2\/pages"}],"about":[{"href":"https:\/\/agora.xtec.cat\/iesvilatzara\/wp-json\/wp\/v2\/types\/page"}],"author":[{"embeddable":true,"href":"https:\/\/agora.xtec.cat\/iesvilatzara\/wp-json\/wp\/v2\/users\/1"}],"replies":[{"embeddable":true,"href":"https:\/\/agora.xtec.cat\/iesvilatzara\/wp-json\/wp\/v2\/comments?post=1639"}],"version-history":[{"count":7,"href":"https:\/\/agora.xtec.cat\/iesvilatzara\/wp-json\/wp\/v2\/pages\/1639\/revisions"}],"predecessor-version":[{"id":28160,"href":"https:\/\/agora.xtec.cat\/iesvilatzara\/wp-json\/wp\/v2\/pages\/1639\/revisions\/28160"}],"up":[{"embeddable":true,"href":"https:\/\/agora.xtec.cat\/iesvilatzara\/wp-json\/wp\/v2\/pages\/992"}],"wp:attachment":[{"href":"https:\/\/agora.xtec.cat\/iesvilatzara\/wp-json\/wp\/v2\/media?parent=1639"}],"curies":[{"name":"wp","href":"https:\/\/api.w.org\/{rel}","templated":true}]}}