{"id":1084,"date":"2016-02-20T17:43:46","date_gmt":"2016-02-20T16:43:46","guid":{"rendered":"http:\/\/agora.xtec.cat\/iesvilatzara\/?page_id=1084"},"modified":"2024-04-19T13:18:21","modified_gmt":"2024-04-19T11:18:21","slug":"erasmus","status":"publish","type":"page","link":"https:\/\/agora.xtec.cat\/iesvilatzara\/projectes\/erasmus\/","title":{"rendered":"Erasmus+"},"content":{"rendered":"<h3><a href=\"https:\/\/agora.xtec.cat\/iesvilatzara\/projectes\/erasmus\/move-and-demand-healthier-food\/\" target=\"_blank\" rel=\"noopener\">Move and demand healthier food<\/a><\/h3>\n<h4 style=\"text-align: justify;\"><span style=\"color: #000000;\">Projecte Erasmus+ 2022-2024<\/span><\/h4>\n<p><a href=\"https:\/\/agora.xtec.cat\/iesvilatzara\/wp-content\/uploads\/usu356\/2023\/02\/Captura.png\"><img loading=\"lazy\" decoding=\"async\" class=\"wp-image-23146 alignleft\" src=\"https:\/\/agora.xtec.cat\/iesvilatzara\/wp-content\/uploads\/usu356\/2023\/02\/Captura-1024x485.png\" alt=\"\" width=\"354\" height=\"167\" srcset=\"https:\/\/agora.xtec.cat\/iesvilatzara\/wp-content\/uploads\/usu356\/2023\/02\/Captura-1024x485.png 1024w, https:\/\/agora.xtec.cat\/iesvilatzara\/wp-content\/uploads\/usu356\/2023\/02\/Captura-300x142.png 300w, https:\/\/agora.xtec.cat\/iesvilatzara\/wp-content\/uploads\/usu356\/2023\/02\/Captura-768x363.png 768w, https:\/\/agora.xtec.cat\/iesvilatzara\/wp-content\/uploads\/usu356\/2023\/02\/Captura.png 1067w\" sizes=\"auto, (max-width: 354px) 100vw, 354px\" \/><\/a><\/p>\n<p dir=\"ltr\">L\u2019institut lidera el projecte MOVE AND DEMAND HEALTHIER FOOD, en associaci\u00f3 amb Pol\u00f2nia (Crac\u00f2via) i Turquia (Istanbul). Els objectius del Programa Erasmus+ s\u00f3n:<\/p>\n<ul>\n<li><span class=\"Y2IQFc\" lang=\"ca\">Desenvolupar les habilitats i coneixements de l\u2019alumnat per tal de tenir una alimentaci\u00f3 equilibrada i saludable,<\/span><\/li>\n<li><span class=\"Y2IQFc\" lang=\"ca\">Apropar a l\u2019alumnat a un estil de vida m\u00e9s saludable,<\/span><\/li>\n<li><span class=\"Y2IQFc\" lang=\"ca\">Oferir a l\u2019alumnat oportunitats d\u2019aprendre en un context multicultural, i<\/span><\/li>\n<li><span class=\"Y2IQFc\" lang=\"ca\">Intercanviar bones pr\u00e0ctiques a nivell internacional.<\/span><\/li>\n<\/ul>\n<h3><\/h3>\n<h3><a href=\"https:\/\/agora.xtec.cat\/iesvilatzara\/projectes\/erasmus\/participantes\/\" target=\"_blank\" rel=\"noopener\">Creativity knows no borders<\/a><\/h3>\n<h4 style=\"text-align: justify;\"><span style=\"color: #000000;\">Projecte Erasmus+ 2014-2017<\/span><\/h4>\n<p style=\"text-align: justify;\"><a href=\"http:\/\/agora.xtec.cat\/iesvilatzara\/wp-content\/uploads\/usu356\/2016\/01\/e-cknb.jpg\"><img loading=\"lazy\" decoding=\"async\" class=\" wp-image-650 alignleft\" src=\"http:\/\/agora.xtec.cat\/iesvilatzara\/wp-content\/uploads\/usu356\/2016\/01\/e-cknb.jpg\" alt=\"e+cknb\" width=\"173\" height=\"212\" srcset=\"https:\/\/agora.xtec.cat\/iesvilatzara\/wp-content\/uploads\/usu356\/2016\/01\/e-cknb.jpg 500w, https:\/\/agora.xtec.cat\/iesvilatzara\/wp-content\/uploads\/usu356\/2016\/01\/e-cknb-245x300.jpg 245w\" sizes=\"auto, (max-width: 173px) 100vw, 173px\" \/><\/a>L\u2019institut participa al projecte CREATIVITY KNOWS NO BORDERS, en una associaci\u00f3 estrat\u00e8gica formada per deu instituts de secund\u00e0ria de Finl\u00e0ndia, Portugal, Eslov\u00e0quia, Turquia, Romania, Pol\u00f2nia, It\u00e0lia, Litu\u00e0nia, B\u00e8lgica i Catalunya. Els objectius del Programa Erasmus+ s\u00f3n:<\/p>\n<ul style=\"text-align: justify;\">\n<li>Impulsar les habilitats a trav\u00e9s de l\u2019educaci\u00f3, la formaci\u00f3, la joventut i l\u2019esport.<\/li>\n<li>Promoure l\u2019aprenentatge d\u2019idiomes i la diversitat ling\u00fc\u00edstica per eliminar les barreres a la participaci\u00f3 en estudis, formaci\u00f3, de voluntariat a l\u2019estranger i facilitar la mobilitat a Europa.<\/li>\n<li>Contribuir a augmentar el multiling\u00fcisme a Europa.<\/li>\n<\/ul>\n<p>&nbsp;<\/p>\n<h5><a href=\"https:\/\/agora.xtec.cat\/iesvilatzara\/categoria\/noticies-portada\/projectes\/erasmus\/\" target=\"_blank\" rel=\"noopener\">Not\u00edcies d&#8217;Erasmus+<\/a><\/h5>\n","protected":false},"excerpt":{"rendered":"<p><a href=\"https:\/\/agora.xtec.cat\/iesvilatzara\/projectes\/erasmus\/move-and-demand-healthier-food\/\" target=\"_blank\" rel=\"noopener\">Move and demand healthier food<\/a><br \/>\nProjecte Erasmus+ 2022-2024<br \/>\n<a href=\"https:\/\/agora.xtec.cat\/iesvilatzara\/wp-content\/uploads\/usu356\/2023\/02\/Captura.png\"><\/a><br \/>\nL\u2019institut lidera el projecte MOVE AND DEMAND HEALTHIER FOOD, en associaci\u00f3 amb Pol\u00f2nia (Crac\u00f2via) i Turquia (Istanbul). Els objectius del Programa Erasmus+ s\u00f3n:<\/p>\n<ul>\n<li>Desenvolupar les habilitats i coneixements de l\u2019alumnat per tal de tenir una alimentaci\u00f3&hellip;  <a href=\"https:\/\/agora.xtec.cat\/iesvilatzara\/projectes\/erasmus\/\" title=\"Read Erasmus+\">Llegeix m\u00e9s\u00bb<\/a><br \/>\n","protected":false},"author":1,"featured_media":0,"parent":356,"menu_order":20,"comment_status":"closed","ping_status":"closed","template":"","meta":{"_bbp_topic_count":0,"_bbp_reply_count":0,"_bbp_total_topic_count":0,"_bbp_total_reply_count":0,"_bbp_voice_count":0,"_bbp_anonymous_reply_count":0,"_bbp_topic_count_hidden":0,"_bbp_reply_count_hidden":0,"_bbp_forum_subforum_count":0,"footnotes":""},"class_list":["post-1084","page","type-page","status-publish","hentry"],"post_mailing_queue_ids":[],"_links":{"self":[{"href":"https:\/\/agora.xtec.cat\/iesvilatzara\/wp-json\/wp\/v2\/pages\/1084","targetHints":{"allow":["GET"]}}],"collection":[{"href":"https:\/\/agora.xtec.cat\/iesvilatzara\/wp-json\/wp\/v2\/pages"}],"about":[{"href":"https:\/\/agora.xtec.cat\/iesvilatzara\/wp-json\/wp\/v2\/types\/page"}],"author":[{"embeddable":true,"href":"https:\/\/agora.xtec.cat\/iesvilatzara\/wp-json\/wp\/v2\/users\/1"}],"replies":[{"embeddable":true,"href":"https:\/\/agora.xtec.cat\/iesvilatzara\/wp-json\/wp\/v2\/comments?post=1084"}],"version-history":[{"count":7,"href":"https:\/\/agora.xtec.cat\/iesvilatzara\/wp-json\/wp\/v2\/pages\/1084\/revisions"}],"predecessor-version":[{"id":25953,"href":"https:\/\/agora.xtec.cat\/iesvilatzara\/wp-json\/wp\/v2\/pages\/1084\/revisions\/25953"}],"up":[{"embeddable":true,"href":"https:\/\/agora.xtec.cat\/iesvilatzara\/wp-json\/wp\/v2\/pages\/356"}],"wp:attachment":[{"href":"https:\/\/agora.xtec.cat\/iesvilatzara\/wp-json\/wp\/v2\/media?parent=1084"}],"curies":[{"name":"wp","href":"https:\/\/api.w.org\/{rel}","templated":true}]}}