{"id":1081,"date":"2016-02-20T17:38:24","date_gmt":"2016-02-20T16:38:24","guid":{"rendered":"http:\/\/agora.xtec.cat\/iesvilatzara\/?page_id=1081"},"modified":"2024-04-19T12:36:57","modified_gmt":"2024-04-19T10:36:57","slug":"gep","status":"publish","type":"page","link":"https:\/\/agora.xtec.cat\/iesvilatzara\/projectes\/gep\/","title":{"rendered":"Pluriling\u00fcisme"},"content":{"rendered":"<p><span style=\"font-weight: 400;\">Projecte que t\u00e9 com a objectiu millorar la compet\u00e8ncia ling\u00fc\u00edstica i Pluriling\u00fce de l\u2019alumnat. \u00a0<\/span><\/p>\n<p><span style=\"font-weight: 400;\">L\u2019institut Vilatzara forma part del Grup d&#8217;experimentaci\u00f3 per al pluriling\u00fcisme des del curs 2014-2015 i aix\u00ed d\u00f3na continu\u00eftat i consolida l\u2019aplicaci\u00f3 del programa de Lleng\u00fces estrangeres \u00a0PELE (<\/span><i><span style=\"font-weight: 400;\">Learning by doing and Learning through doing<\/span><\/i><span style=\"font-weight: 400;\">) ja iniciats a partir de 2007.<\/span><\/p>\n<p><span style=\"font-weight: 400;\">Des d\u2019aquest projecte treballem: <\/span><\/p>\n<ul style=\"text-align: justify;\">\n<li style=\"font-weight: 400;\"><span style=\"font-weight: 400;\">l\u2019aprenentatge en angl\u00e8s d\u2019alguna part de les mat\u00e8ries. Hi ha previstes actuacions a primer, segon, tercer i quart, en mat\u00e8ries comunes del curr\u00edculum amb l\u2019objectiu de millorar la compet\u00e8ncia comunicativa, utilitzant l\u2019angl\u00e8s \u00a0en contextos i \u00e0mbits diversos per afavorir el seu domini. \u00c9s doncs una bona oportunitat \u00a0per a l\u2019alumnat que vulgui millorar el domini de la llengua anglesa.<\/span><\/li>\n<li style=\"font-weight: 400;\"><span style=\"font-weight: 400;\">la consolidaci\u00f3 de l\u2019aprenentatge de segones lleng\u00fces estrangeres: Franc\u00e8s o Alemany, amb una demanda del 80% a 1r, 2n i 3r d\u2019ESO, ja sigui Alemany o b\u00e9 Franc\u00e8s.<\/span><\/li>\n<li style=\"font-weight: 400;\"><span style=\"font-weight: 400;\">En la col\u00b7laboracions i intercanvis ling\u00fc\u00edstics amb altres centres educatius europeus. Per aquest curs, hi ha previst dos intercanvi amb instituts d\u2019Alemanya.<\/span><\/li>\n<li style=\"font-weight: 400;\"><span style=\"font-weight: 400;\">L\u2019aprenentatge de continguts no ling\u00fc\u00edstics en projectes i\/o aprenentatges actius, procurant fer la versi\u00f3 anglesa del productes finals.<\/span><\/li>\n<li style=\"font-weight: 400;\"><span style=\"font-weight: 400;\">Aprofitar totes les oportunitats per tal que el nostre alumnat expliqui les seves activitats i treballs en angl\u00e8s. Ja sigui en visites de grups de professors d\u2019altres escoles europees, intercanvis d\u2019alumnat entre centres europeus, la participaci\u00f3 del nostre alumnat en cert\u00e0mens nacionals, estatals i\/o internacionals, d\u2019altres. <\/span><\/li>\n<li style=\"font-weight: 400;\"><span style=\"font-weight: 400;\">L&#8217;\u00fas de recursos per a les diferents \u00e0rees: web, textos, materials audiovisuals,etc.. .. variada, en versi\u00f3 original.<\/span><\/li>\n<\/ul>\n<h5><a href=\"https:\/\/agora.xtec.cat\/iesvilatzara\/categoria\/noticies-portada\/projectes\/plurilinguisme\/\" target=\"_blank\" rel=\"noopener\">Not\u00edcies pluriling\u00fcisme<\/a><\/h5>\n","protected":false},"excerpt":{"rendered":"<p>Projecte que t\u00e9 com a objectiu millorar la compet\u00e8ncia ling\u00fc\u00edstica i Pluriling\u00fce de l\u2019alumnat. \u00a0<br \/>\nL\u2019institut Vilatzara forma part del Grup d&#8217;experimentaci\u00f3 per al pluriling\u00fcisme des del curs 2014-2015 i aix\u00ed d\u00f3na continu\u00eftat i consolida l\u2019aplicaci\u00f3 del programa de Lleng\u00fces estrangeres \u00a0PELE (Learning by doing and&hellip;  <a href=\"https:\/\/agora.xtec.cat\/iesvilatzara\/projectes\/gep\/\" title=\"Read Pluriling\u00fcisme\">Llegeix m\u00e9s\u00bb<\/a><\/p>\n","protected":false},"author":1,"featured_media":0,"parent":356,"menu_order":10,"comment_status":"closed","ping_status":"closed","template":"","meta":{"_bbp_topic_count":0,"_bbp_reply_count":0,"_bbp_total_topic_count":0,"_bbp_total_reply_count":0,"_bbp_voice_count":0,"_bbp_anonymous_reply_count":0,"_bbp_topic_count_hidden":0,"_bbp_reply_count_hidden":0,"_bbp_forum_subforum_count":0,"footnotes":""},"class_list":["post-1081","page","type-page","status-publish","hentry"],"post_mailing_queue_ids":[],"_links":{"self":[{"href":"https:\/\/agora.xtec.cat\/iesvilatzara\/wp-json\/wp\/v2\/pages\/1081","targetHints":{"allow":["GET"]}}],"collection":[{"href":"https:\/\/agora.xtec.cat\/iesvilatzara\/wp-json\/wp\/v2\/pages"}],"about":[{"href":"https:\/\/agora.xtec.cat\/iesvilatzara\/wp-json\/wp\/v2\/types\/page"}],"author":[{"embeddable":true,"href":"https:\/\/agora.xtec.cat\/iesvilatzara\/wp-json\/wp\/v2\/users\/1"}],"replies":[{"embeddable":true,"href":"https:\/\/agora.xtec.cat\/iesvilatzara\/wp-json\/wp\/v2\/comments?post=1081"}],"version-history":[{"count":5,"href":"https:\/\/agora.xtec.cat\/iesvilatzara\/wp-json\/wp\/v2\/pages\/1081\/revisions"}],"predecessor-version":[{"id":25942,"href":"https:\/\/agora.xtec.cat\/iesvilatzara\/wp-json\/wp\/v2\/pages\/1081\/revisions\/25942"}],"up":[{"embeddable":true,"href":"https:\/\/agora.xtec.cat\/iesvilatzara\/wp-json\/wp\/v2\/pages\/356"}],"wp:attachment":[{"href":"https:\/\/agora.xtec.cat\/iesvilatzara\/wp-json\/wp\/v2\/media?parent=1081"}],"curies":[{"name":"wp","href":"https:\/\/api.w.org\/{rel}","templated":true}]}}