{"id":67,"date":"2014-09-18T10:14:18","date_gmt":"2014-09-18T08:14:18","guid":{"rendered":"http:\/\/agora.xtec.cat\/iesvilamajor\/?page_id=67"},"modified":"2025-09-26T11:36:38","modified_gmt":"2025-09-26T09:36:38","slug":"tpvescola","status":"publish","type":"page","link":"https:\/\/agora.xtec.cat\/iesvilamajor\/infoalumnat-families\/tpvescola\/","title":{"rendered":"Usuaris iEduca i TPV Escola, fam\u00edlies"},"content":{"rendered":"<p><span style=\"color: #718500;\">A l&#8217;inici de cada curs, realitzarem una sessi\u00f3 de formaci\u00f3 per a mares i pares sobre l&#8217;\u00fas de la plataforma i App iEduca, per a la comunicaci\u00f3 amb el centre, i de la plataforma i App TPV Escola, per a la gesti\u00f3 de pagaments i autoritzacions.<\/span><\/p>\n<p><span style=\"color: #718500;\">Per a qualsevol incid\u00e8ncia amb el vostre usuari, si us plau, contacteu via correu electr\u00f2nic amb <em><b><u>secretaria<\/u><\/b><b><u>@insvilamajor.cat<\/u><\/b>\u00a0<\/em>indicant nom, cognoms i curs dels vostres fills\/es i el detall de la incid\u00e8ncia.<\/span><\/p>\n<p><span style=\"color: #718500;\">Gr\u00e0cies per la vostra col\u00b7laboraci\u00f3.<\/span><\/p>\n<p><span style=\"color: #718500;\">Atentament,<\/span><\/p>\n<p><span style=\"color: #718500;\">Equip directiu<\/span><\/p>\n<p>&nbsp;<\/p>\n<h5><span style=\"color: #808000;\"><strong><em>APP iEduca per a les fam\u00edlies:<\/em><\/strong><\/span><\/h5>\n<p>&nbsp;<\/p>\n<p>TokApp fam\u00edlies V2<\/p>\n<p>&nbsp;<\/p>\n<p><a href=\"https:\/\/www.youtube.com\/watch?v=J1A1eLSb450\"><strong>\ud83d\udcccCom descarregar i fer servir l&#8217;APP d&#8217;iEduca<\/strong><\/a><\/p>\n<h5><\/h5>\n<p>&nbsp;<\/p>\n<h5><span style=\"color: #808000;\"><strong><em>APP TPVE per a les fam\u00edlies:<\/em><\/strong><\/span><\/h5>\n<p><span style=\"color: #808000;\">Per a qualsevol gesti\u00f3 que realitzem des del centre, sempre que impliqui una despesa, a partir d&#8217;ara la gestionarem a trav\u00e9s d&#8217;aquesta plataforma.\u00a0 Us adjuntem un v\u00eddeo tutorial sobre com descarregar l&#8217;app i el seu funcionament. Via correu electr\u00f2nic us han hagut d\u2019arribar unes claus d\u2019acc\u00e9s que estan vinculades al vostre fill\/a per poder accedir a l\u2019app.\u00a0<\/span><\/p>\n<h5><em><strong><a href=\"https:\/\/drive.google.com\/file\/d\/1rdYWHk97U-Ad9oqvZElYCGYxZ8BZGoVx\/view?usp=sharing\">\ud83d\udccc<\/a><a href=\"https:\/\/youtu.be\/Iokx_zCF8KI\" target=\"_blank\" rel=\"noopener\">V\u00cdDEO TUTORIAL APP TVE ESCOLA<\/a><\/strong><\/em><\/h5>\n<p>&nbsp;<\/p>\n<p><strong><a href=\"https:\/\/drive.google.com\/file\/d\/1rdYWHk97U-Ad9oqvZElYCGYxZ8BZGoVx\/view?usp=sharing\">\ud83d\udcccCom fer pagaments a TPV Escola v\u00eda BIZUM<\/a><\/strong><\/p>\n","protected":false},"excerpt":{"rendered":"<p>A l&#8217;inici de cada curs, realitzarem una sessi\u00f3 de formaci\u00f3 per a mares i pares sobre l&#8217;\u00fas de la plataforma i App iEduca, per a la comunicaci\u00f3 amb el centre, i de la plataforma i App TPV Escola, per a la gesti\u00f3 de pagaments i autoritzacions. Per a qualsevol incid\u00e8ncia amb el vostre usuari, si [&hellip;]<\/p>\n","protected":false},"author":1,"featured_media":0,"parent":63,"menu_order":40,"comment_status":"closed","ping_status":"closed","template":"","meta":{"_bbp_topic_count":0,"_bbp_reply_count":0,"_bbp_total_topic_count":0,"_bbp_total_reply_count":0,"_bbp_voice_count":0,"_bbp_anonymous_reply_count":0,"_bbp_topic_count_hidden":0,"_bbp_reply_count_hidden":0,"_bbp_forum_subforum_count":0,"site-sidebar-layout":"default","site-content-layout":"","ast-site-content-layout":"default","site-content-style":"default","site-sidebar-style":"default","ast-global-header-display":"","ast-banner-title-visibility":"","ast-main-header-display":"","ast-hfb-above-header-display":"","ast-hfb-below-header-display":"","ast-hfb-mobile-header-display":"","site-post-title":"","ast-breadcrumbs-content":"","ast-featured-img":"","footer-sml-layout":"","theme-transparent-header-meta":"default","adv-header-id-meta":"","stick-header-meta":"","header-above-stick-meta":"","header-main-stick-meta":"","header-below-stick-meta":"","astra-migrate-meta-layouts":"set","ast-page-background-enabled":"default","ast-page-background-meta":{"desktop":{"background-color":"var(--ast-global-color-4)","background-image":"","background-repeat":"repeat","background-position":"center center","background-size":"auto","background-attachment":"scroll","background-type":"","background-media":"","overlay-type":"","overlay-color":"","overlay-opacity":"","overlay-gradient":""},"tablet":{"background-color":"","background-image":"","background-repeat":"repeat","background-position":"center center","background-size":"auto","background-attachment":"scroll","background-type":"","background-media":"","overlay-type":"","overlay-color":"","overlay-opacity":"","overlay-gradient":""},"mobile":{"background-color":"","background-image":"","background-repeat":"repeat","background-position":"center center","background-size":"auto","background-attachment":"scroll","background-type":"","background-media":"","overlay-type":"","overlay-color":"","overlay-opacity":"","overlay-gradient":""}},"ast-content-background-meta":{"desktop":{"background-color":"var(--ast-global-color-5)","background-image":"","background-repeat":"repeat","background-position":"center center","background-size":"auto","background-attachment":"scroll","background-type":"","background-media":"","overlay-type":"","overlay-color":"","overlay-opacity":"","overlay-gradient":""},"tablet":{"background-color":"var(--ast-global-color-5)","background-image":"","background-repeat":"repeat","background-position":"center center","background-size":"auto","background-attachment":"scroll","background-type":"","background-media":"","overlay-type":"","overlay-color":"","overlay-opacity":"","overlay-gradient":""},"mobile":{"background-color":"var(--ast-global-color-5)","background-image":"","background-repeat":"repeat","background-position":"center center","background-size":"auto","background-attachment":"scroll","background-type":"","background-media":"","overlay-type":"","overlay-color":"","overlay-opacity":"","overlay-gradient":""}},"footnotes":""},"class_list":["post-67","page","type-page","status-publish","hentry"],"post_mailing_queue_ids":[],"_links":{"self":[{"href":"https:\/\/agora.xtec.cat\/iesvilamajor\/wp-json\/wp\/v2\/pages\/67","targetHints":{"allow":["GET"]}}],"collection":[{"href":"https:\/\/agora.xtec.cat\/iesvilamajor\/wp-json\/wp\/v2\/pages"}],"about":[{"href":"https:\/\/agora.xtec.cat\/iesvilamajor\/wp-json\/wp\/v2\/types\/page"}],"author":[{"embeddable":true,"href":"https:\/\/agora.xtec.cat\/iesvilamajor\/wp-json\/wp\/v2\/users\/1"}],"replies":[{"embeddable":true,"href":"https:\/\/agora.xtec.cat\/iesvilamajor\/wp-json\/wp\/v2\/comments?post=67"}],"version-history":[{"count":6,"href":"https:\/\/agora.xtec.cat\/iesvilamajor\/wp-json\/wp\/v2\/pages\/67\/revisions"}],"predecessor-version":[{"id":3614,"href":"https:\/\/agora.xtec.cat\/iesvilamajor\/wp-json\/wp\/v2\/pages\/67\/revisions\/3614"}],"up":[{"embeddable":true,"href":"https:\/\/agora.xtec.cat\/iesvilamajor\/wp-json\/wp\/v2\/pages\/63"}],"wp:attachment":[{"href":"https:\/\/agora.xtec.cat\/iesvilamajor\/wp-json\/wp\/v2\/media?parent=67"}],"curies":[{"name":"wp","href":"https:\/\/api.w.org\/{rel}","templated":true}]}}