{"id":195,"date":"2014-09-22T10:39:39","date_gmt":"2014-09-22T08:39:39","guid":{"rendered":"http:\/\/agora.xtec.cat\/iesvilamajor\/?page_id=195"},"modified":"2025-07-16T18:26:34","modified_gmt":"2025-07-16T16:26:34","slug":"material","status":"publish","type":"page","link":"https:\/\/agora.xtec.cat\/iesvilamajor\/infoalumnat-families\/material\/","title":{"rendered":"Material escolar, curs 2025-2026"},"content":{"rendered":"<h4 style=\"text-align: left;\">MATERIAL PER A L&#8217;ESO I BATXILLERAT, curs 2025-2026:<\/h4>\n<p><span style=\"color: #798f00;\">El centre us facilitar\u00e0 una AGENDA ESCOLAR, una CARPETA amb separadors i el MATERIAL SOCIALITZAT que necessitareu al llarg del curs.<br \/>\n<\/span><\/p>\n<h6 style=\"text-align: left;\">Cada alumne ha de portar el seu material individual:<\/h6>\n<p style=\"text-align: left; padding-left: 40px;\"><span style=\"color: #798f00;\"><strong>1. <\/strong>Estoig amb: bol\u00edgraf blau, negre i vermell, llapis, goma, maquineta, regle (30cm aprox) i marcador.<\/span><\/p>\n<p style=\"text-align: left; padding-left: 40px;\"><span style=\"color: #798f00;\"><strong>2. <\/strong>Fulls quadriculats i fulls blancs mida DIN A4.<\/span><\/p>\n<p style=\"text-align: left; padding-left: 40px;\"><span style=\"color: #798f00;\"><strong>3. <\/strong>Ordinador personal amb la bateria 100% carregada.<\/span><\/p>\n<p style=\"text-align: left; padding-left: 40px;\"><span style=\"color: #798f00;\"><strong>4. <\/strong>Auriculars amb micro.<\/span><\/p>\n<p style=\"text-align: left; padding-left: 40px;\"><span style=\"color: #798f00;\"><strong>5. <\/strong>Calculadora cient\u00edfica: <\/span><\/p>\n<ul>\n<li style=\"list-style-type: none;\">\n<ul>\n<li style=\"list-style-type: none;\">\n<ul>\n<li style=\"list-style-type: none;\">\n<ul>\n<li>ESO: CASIO fx-82SP<\/li>\n<li>BAT: CASIO FX-570SPCW<\/li>\n<\/ul>\n<\/li>\n<\/ul>\n<\/li>\n<\/ul>\n<\/li>\n<\/ul>\n<p style=\"text-align: left; padding-left: 40px;\"><span style=\"color: #798f00;\"><em>En algunes mat\u00e8ries haureu de portar altres materials personals (escaire i cartab\u00f3, comp\u00e0s,etc.) previ av\u00eds del professorat.<\/em><\/span><\/p>\n<h6><\/h6>\n<p><strong>IMPORTANT! Ordinador personal per a l&#8217;alumnat de tota l&#8217;ESO, curs 2025-2026: <\/strong><span style=\"color: #808000;\">en el marc del <em><a style=\"color: #808000;\" href=\"http:\/\/educacio.gencat.cat\/ca\/departament\/linies-estrategiques\/pla-educacio-digital\/\">Pla d&#8217;Educaci\u00f3 digital<\/a><\/em> del Departament d&#8217;educaci\u00f3, l&#8217;institut cedeix a tot l&#8217;alumnat d&#8217;ESO un ordinador port\u00e0til que s&#8217;haur\u00e0 de portar amb la funda que tamb\u00e9 cedir\u00e0 el centre.\u00a0<\/span><\/p>\n<p>&nbsp;<\/p>\n<h4>LLIBRES D&#8217;ANGL\u00c8S D&#8217;ESO i BATXILLERAT, curs 2024-2026: <a href=\"https:\/\/drive.google.com\/file\/d\/1Cy4bmp05whXBDdiZ0EaaRntxx0U8ylAM\/view?usp=drive_link\" target=\"_blank\" rel=\"noopener\"><span style=\"color: #808000;\">LLISTAT LLIBRES d&#8217;ANGL\u00c8S d&#8217;ESO i BATXILLERAT_2025-2026<\/span><\/a><\/h4>\n<p>&nbsp;<\/p>\n<h4>LLIBRES D&#8217;ESO i DE BATXILLERAT, curs 2025-2026: <strong><a href=\"https:\/\/drive.google.com\/file\/d\/1Y2NktJeMEzJ_qvlSplbN7DrVqH5_RgdV\/view?usp=sharing\" target=\"_blank\" rel=\"noopener\"><span style=\"color: #808000;\">LLISTAT LLIBRES d&#8217;ESO i de BAT_2025-2026<\/span><\/a><\/strong><\/h4>\n<p>&nbsp;<\/p>\n<p><strong>Per a l&#8217;alumnat d&#8217;ESO recomanem utilitzar el <a href=\"https:\/\/valescolar.cat\/\">VAL ESCOLAR<\/a> per a la compra de llibres i material escolar en els comer\u00e7os autoritzats de proximitat. <\/strong><\/p>\n","protected":false},"excerpt":{"rendered":"<p>MATERIAL PER A L&#8217;ESO I BATXILLERAT, curs 2025-2026: El centre us facilitar\u00e0 una AGENDA ESCOLAR, una CARPETA amb separadors i el MATERIAL SOCIALITZAT que necessitareu al llarg del curs. Cada alumne ha de portar el seu material individual: 1. Estoig amb: bol\u00edgraf blau, negre i vermell, llapis, goma, maquineta, regle (30cm aprox) i marcador. 2. [&hellip;]<\/p>\n","protected":false},"author":1,"featured_media":0,"parent":63,"menu_order":80,"comment_status":"closed","ping_status":"closed","template":"","meta":{"_bbp_topic_count":0,"_bbp_reply_count":0,"_bbp_total_topic_count":0,"_bbp_total_reply_count":0,"_bbp_voice_count":0,"_bbp_anonymous_reply_count":0,"_bbp_topic_count_hidden":0,"_bbp_reply_count_hidden":0,"_bbp_forum_subforum_count":0,"site-sidebar-layout":"default","site-content-layout":"","ast-site-content-layout":"default","site-content-style":"default","site-sidebar-style":"default","ast-global-header-display":"","ast-banner-title-visibility":"","ast-main-header-display":"","ast-hfb-above-header-display":"","ast-hfb-below-header-display":"","ast-hfb-mobile-header-display":"","site-post-title":"","ast-breadcrumbs-content":"","ast-featured-img":"","footer-sml-layout":"","theme-transparent-header-meta":"default","adv-header-id-meta":"","stick-header-meta":"","header-above-stick-meta":"","header-main-stick-meta":"","header-below-stick-meta":"","astra-migrate-meta-layouts":"set","ast-page-background-enabled":"default","ast-page-background-meta":{"desktop":{"background-color":"var(--ast-global-color-4)","background-image":"","background-repeat":"repeat","background-position":"center center","background-size":"auto","background-attachment":"scroll","background-type":"","background-media":"","overlay-type":"","overlay-color":"","overlay-opacity":"","overlay-gradient":""},"tablet":{"background-color":"","background-image":"","background-repeat":"repeat","background-position":"center center","background-size":"auto","background-attachment":"scroll","background-type":"","background-media":"","overlay-type":"","overlay-color":"","overlay-opacity":"","overlay-gradient":""},"mobile":{"background-color":"","background-image":"","background-repeat":"repeat","background-position":"center center","background-size":"auto","background-attachment":"scroll","background-type":"","background-media":"","overlay-type":"","overlay-color":"","overlay-opacity":"","overlay-gradient":""}},"ast-content-background-meta":{"desktop":{"background-color":"var(--ast-global-color-5)","background-image":"","background-repeat":"repeat","background-position":"center center","background-size":"auto","background-attachment":"scroll","background-type":"","background-media":"","overlay-type":"","overlay-color":"","overlay-opacity":"","overlay-gradient":""},"tablet":{"background-color":"var(--ast-global-color-5)","background-image":"","background-repeat":"repeat","background-position":"center center","background-size":"auto","background-attachment":"scroll","background-type":"","background-media":"","overlay-type":"","overlay-color":"","overlay-opacity":"","overlay-gradient":""},"mobile":{"background-color":"var(--ast-global-color-5)","background-image":"","background-repeat":"repeat","background-position":"center center","background-size":"auto","background-attachment":"scroll","background-type":"","background-media":"","overlay-type":"","overlay-color":"","overlay-opacity":"","overlay-gradient":""}},"footnotes":""},"class_list":["post-195","page","type-page","status-publish","hentry"],"post_mailing_queue_ids":[],"_links":{"self":[{"href":"https:\/\/agora.xtec.cat\/iesvilamajor\/wp-json\/wp\/v2\/pages\/195","targetHints":{"allow":["GET"]}}],"collection":[{"href":"https:\/\/agora.xtec.cat\/iesvilamajor\/wp-json\/wp\/v2\/pages"}],"about":[{"href":"https:\/\/agora.xtec.cat\/iesvilamajor\/wp-json\/wp\/v2\/types\/page"}],"author":[{"embeddable":true,"href":"https:\/\/agora.xtec.cat\/iesvilamajor\/wp-json\/wp\/v2\/users\/1"}],"replies":[{"embeddable":true,"href":"https:\/\/agora.xtec.cat\/iesvilamajor\/wp-json\/wp\/v2\/comments?post=195"}],"version-history":[{"count":7,"href":"https:\/\/agora.xtec.cat\/iesvilamajor\/wp-json\/wp\/v2\/pages\/195\/revisions"}],"predecessor-version":[{"id":3560,"href":"https:\/\/agora.xtec.cat\/iesvilamajor\/wp-json\/wp\/v2\/pages\/195\/revisions\/3560"}],"up":[{"embeddable":true,"href":"https:\/\/agora.xtec.cat\/iesvilamajor\/wp-json\/wp\/v2\/pages\/63"}],"wp:attachment":[{"href":"https:\/\/agora.xtec.cat\/iesvilamajor\/wp-json\/wp\/v2\/media?parent=195"}],"curies":[{"name":"wp","href":"https:\/\/api.w.org\/{rel}","templated":true}]}}