{"id":1890,"date":"2022-12-02T12:00:45","date_gmt":"2022-12-02T11:00:45","guid":{"rendered":"https:\/\/agora.xtec.cat\/iesvilamajor\/?page_id=1890"},"modified":"2023-03-19T10:25:19","modified_gmt":"2023-03-19T09:25:19","slug":"participacio-en-el-programa-de-certificacio-de-llengues-estrangeres","status":"publish","type":"page","link":"https:\/\/agora.xtec.cat\/iesvilamajor\/generacio-plurilingue-gep\/participacio-en-el-programa-de-certificacio-de-llengues-estrangeres\/","title":{"rendered":"Participaci\u00f3 en el programa de certificaci\u00f3 de lleng\u00fces estrangeres"},"content":{"rendered":"<p><span style=\"color: #74a227;\">La finalitat d&#8217;aquest Programa \u00e9s fomentar als centres participants, amb el suport de les Escoles Oficials d\u2019Idiomes als centres, la certificaci\u00f3 dels coneixements de llengua estrangera, adquirits per l\u2019alumnat de determinats ensenyaments de forma que s\u2019afavoreixi el progr\u00e9s del rendiment acad\u00e8mic en les lleng\u00fces estrangeres i la millora de la transpar\u00e8ncia de les compet\u00e8ncies adquirides. El Programa t\u00e9 una durada de 3 cursos en els centres que el desenvolupin.\u00a0<\/span><\/p>\n<p>&nbsp;<\/p>\n<p><span style=\"color: #74a227;\">Feu click a l&#8217;enlla\u00e7<\/span><\/p>\n<p><a href=\"https:\/\/sites.google.com\/xtec.cat\/areaeoi\/p%C3%A0gina-principal?authuser=1\">https:\/\/educacio.gencat.cat\/ca\/arees-actuacio\/centres-serveis-educatius\/altres-programes-educatius\/artistics-esportius-idiomes\/certificacio-llengues\/<\/a>\u00a0<span style=\"color: #74a227;\">per obrir el recurs<\/span><\/p>\n","protected":false},"excerpt":{"rendered":"<p>La finalitat d&#8217;aquest Programa \u00e9s fomentar als centres participants, amb el suport de les Escoles Oficials d\u2019Idiomes als centres, la certificaci\u00f3 dels coneixements de llengua estrangera, adquirits per l\u2019alumnat de determinats ensenyaments de forma que s\u2019afavoreixi el progr\u00e9s del rendiment acad\u00e8mic en les lleng\u00fces estrangeres i la millora de la transpar\u00e8ncia de les compet\u00e8ncies adquirides. [&hellip;]<\/p>\n","protected":false},"author":1,"featured_media":0,"parent":1860,"menu_order":0,"comment_status":"closed","ping_status":"closed","template":"","meta":{"_bbp_topic_count":0,"_bbp_reply_count":0,"_bbp_total_topic_count":0,"_bbp_total_reply_count":0,"_bbp_voice_count":0,"_bbp_anonymous_reply_count":0,"_bbp_topic_count_hidden":0,"_bbp_reply_count_hidden":0,"_bbp_forum_subforum_count":0,"site-sidebar-layout":"default","site-content-layout":"","ast-site-content-layout":"","site-content-style":"default","site-sidebar-style":"default","ast-global-header-display":"","ast-banner-title-visibility":"","ast-main-header-display":"","ast-hfb-above-header-display":"","ast-hfb-below-header-display":"","ast-hfb-mobile-header-display":"","site-post-title":"","ast-breadcrumbs-content":"","ast-featured-img":"","footer-sml-layout":"","theme-transparent-header-meta":"","adv-header-id-meta":"","stick-header-meta":"","header-above-stick-meta":"","header-main-stick-meta":"","header-below-stick-meta":"","astra-migrate-meta-layouts":"default","ast-page-background-enabled":"default","ast-page-background-meta":{"desktop":{"background-color":"var(--ast-global-color-4)","background-image":"","background-repeat":"repeat","background-position":"center center","background-size":"auto","background-attachment":"scroll","background-type":"","background-media":"","overlay-type":"","overlay-color":"","overlay-opacity":"","overlay-gradient":""},"tablet":{"background-color":"","background-image":"","background-repeat":"repeat","background-position":"center center","background-size":"auto","background-attachment":"scroll","background-type":"","background-media":"","overlay-type":"","overlay-color":"","overlay-opacity":"","overlay-gradient":""},"mobile":{"background-color":"","background-image":"","background-repeat":"repeat","background-position":"center center","background-size":"auto","background-attachment":"scroll","background-type":"","background-media":"","overlay-type":"","overlay-color":"","overlay-opacity":"","overlay-gradient":""}},"ast-content-background-meta":{"desktop":{"background-color":"var(--ast-global-color-5)","background-image":"","background-repeat":"repeat","background-position":"center center","background-size":"auto","background-attachment":"scroll","background-type":"","background-media":"","overlay-type":"","overlay-color":"","overlay-opacity":"","overlay-gradient":""},"tablet":{"background-color":"var(--ast-global-color-5)","background-image":"","background-repeat":"repeat","background-position":"center center","background-size":"auto","background-attachment":"scroll","background-type":"","background-media":"","overlay-type":"","overlay-color":"","overlay-opacity":"","overlay-gradient":""},"mobile":{"background-color":"var(--ast-global-color-5)","background-image":"","background-repeat":"repeat","background-position":"center center","background-size":"auto","background-attachment":"scroll","background-type":"","background-media":"","overlay-type":"","overlay-color":"","overlay-opacity":"","overlay-gradient":""}},"footnotes":""},"class_list":["post-1890","page","type-page","status-publish","hentry"],"post_mailing_queue_ids":[],"_links":{"self":[{"href":"https:\/\/agora.xtec.cat\/iesvilamajor\/wp-json\/wp\/v2\/pages\/1890","targetHints":{"allow":["GET"]}}],"collection":[{"href":"https:\/\/agora.xtec.cat\/iesvilamajor\/wp-json\/wp\/v2\/pages"}],"about":[{"href":"https:\/\/agora.xtec.cat\/iesvilamajor\/wp-json\/wp\/v2\/types\/page"}],"author":[{"embeddable":true,"href":"https:\/\/agora.xtec.cat\/iesvilamajor\/wp-json\/wp\/v2\/users\/1"}],"replies":[{"embeddable":true,"href":"https:\/\/agora.xtec.cat\/iesvilamajor\/wp-json\/wp\/v2\/comments?post=1890"}],"version-history":[{"count":4,"href":"https:\/\/agora.xtec.cat\/iesvilamajor\/wp-json\/wp\/v2\/pages\/1890\/revisions"}],"predecessor-version":[{"id":2354,"href":"https:\/\/agora.xtec.cat\/iesvilamajor\/wp-json\/wp\/v2\/pages\/1890\/revisions\/2354"}],"up":[{"embeddable":true,"href":"https:\/\/agora.xtec.cat\/iesvilamajor\/wp-json\/wp\/v2\/pages\/1860"}],"wp:attachment":[{"href":"https:\/\/agora.xtec.cat\/iesvilamajor\/wp-json\/wp\/v2\/media?parent=1890"}],"curies":[{"name":"wp","href":"https:\/\/api.w.org\/{rel}","templated":true}]}}