{"id":9630,"date":"2022-11-10T08:03:53","date_gmt":"2022-11-10T07:03:53","guid":{"rendered":"https:\/\/agora.xtec.cat\/iesvila-seca\/?page_id=9630"},"modified":"2022-11-10T08:08:10","modified_gmt":"2022-11-10T07:08:10","slug":"mifi","status":"publish","type":"page","link":"https:\/\/agora.xtec.cat\/iesvila-seca\/estrategia-digital\/cultura-digital\/plans-dacollida\/acollida-digital-a-lalumnat\/mifi\/","title":{"rendered":"Mifi"},"content":{"rendered":"<p><a href=\"https:\/\/agora.xtec.cat\/iesvila-seca\/estrategia-digital\/cultura-digital\/plans-dacollida\/acollida-digital-a-lalumnat\/\"><img loading=\"lazy\" decoding=\"async\" class=\"alignright wp-image-9199\" src=\"https:\/\/agora.xtec.cat\/iesvila-seca\/wp-content\/uploads\/usu475\/2022\/06\/Captura-de-Pantalla-2022-06-08-a-les-19.30.41.png\" alt=\"\" width=\"50\" height=\"36\" \/><\/a><\/p>\n<p>&nbsp;<\/p>\n<p><span style=\"font-weight: 400;\">\u00c9s un dispositiu port\u00e0til que permet l&#8217;acc\u00e9s a Internet. El seu \u00fas est\u00e0 limitat a p\u00e0gines exclusives de l\u2019\u00e0mbit educatiu i en horari di\u00fcrn.<\/span><\/p>\n<p style=\"text-align: center;\"><a href=\"https:\/\/agora.xtec.cat\/iesvila-seca\/wp-content\/uploads\/usu475\/2022\/11\/Captura-de-Pantalla-2022-11-09-a-les-19.15.48.png\"><img loading=\"lazy\" decoding=\"async\" class=\"alignnone size-full wp-image-9604\" src=\"https:\/\/agora.xtec.cat\/iesvila-seca\/wp-content\/uploads\/usu475\/2022\/11\/Captura-de-Pantalla-2022-11-09-a-les-19.15.48.png\" alt=\"\" width=\"234\" height=\"200\" \/><\/a><\/p>\n","protected":false},"excerpt":{"rendered":"<p>&nbsp; \u00c9s un dispositiu port\u00e0til que permet l&#8217;acc\u00e9s a Internet. El seu \u00fas est\u00e0 limitat a p\u00e0gines exclusives de l\u2019\u00e0mbit educatiu i en horari di\u00fcrn.<\/p>\n","protected":false},"author":1,"featured_media":0,"parent":9598,"menu_order":30,"comment_status":"closed","ping_status":"closed","template":"page-templates\/side-menu.php","meta":{"_bbp_topic_count":0,"_bbp_reply_count":0,"_bbp_total_topic_count":0,"_bbp_total_reply_count":0,"_bbp_voice_count":0,"_bbp_anonymous_reply_count":0,"_bbp_topic_count_hidden":0,"_bbp_reply_count_hidden":0,"_bbp_forum_subforum_count":0,"site-sidebar-layout":"default","site-content-layout":"","ast-site-content-layout":"","site-content-style":"default","site-sidebar-style":"default","ast-global-header-display":"","ast-banner-title-visibility":"","ast-main-header-display":"","ast-hfb-above-header-display":"","ast-hfb-below-header-display":"","ast-hfb-mobile-header-display":"","site-post-title":"","ast-breadcrumbs-content":"","ast-featured-img":"","footer-sml-layout":"","theme-transparent-header-meta":"","adv-header-id-meta":"","stick-header-meta":"","header-above-stick-meta":"","header-main-stick-meta":"","header-below-stick-meta":"","astra-migrate-meta-layouts":"default","ast-page-background-enabled":"default","ast-page-background-meta":{"desktop":{"background-color":"var(--ast-global-color-4)","background-image":"","background-repeat":"repeat","background-position":"center center","background-size":"auto","background-attachment":"scroll","background-type":"","background-media":"","overlay-type":"","overlay-color":"","overlay-opacity":"","overlay-gradient":""},"tablet":{"background-color":"","background-image":"","background-repeat":"repeat","background-position":"center center","background-size":"auto","background-attachment":"scroll","background-type":"","background-media":"","overlay-type":"","overlay-color":"","overlay-opacity":"","overlay-gradient":""},"mobile":{"background-color":"","background-image":"","background-repeat":"repeat","background-position":"center center","background-size":"auto","background-attachment":"scroll","background-type":"","background-media":"","overlay-type":"","overlay-color":"","overlay-opacity":"","overlay-gradient":""}},"ast-content-background-meta":{"desktop":{"background-color":"var(--ast-global-color-5)","background-image":"","background-repeat":"repeat","background-position":"center center","background-size":"auto","background-attachment":"scroll","background-type":"","background-media":"","overlay-type":"","overlay-color":"","overlay-opacity":"","overlay-gradient":""},"tablet":{"background-color":"var(--ast-global-color-5)","background-image":"","background-repeat":"repeat","background-position":"center center","background-size":"auto","background-attachment":"scroll","background-type":"","background-media":"","overlay-type":"","overlay-color":"","overlay-opacity":"","overlay-gradient":""},"mobile":{"background-color":"var(--ast-global-color-5)","background-image":"","background-repeat":"repeat","background-position":"center center","background-size":"auto","background-attachment":"scroll","background-type":"","background-media":"","overlay-type":"","overlay-color":"","overlay-opacity":"","overlay-gradient":""}},"footnotes":""},"class_list":["post-9630","page","type-page","status-publish","hentry"],"post_mailing_queue_ids":[],"_links":{"self":[{"href":"https:\/\/agora.xtec.cat\/iesvila-seca\/wp-json\/wp\/v2\/pages\/9630","targetHints":{"allow":["GET"]}}],"collection":[{"href":"https:\/\/agora.xtec.cat\/iesvila-seca\/wp-json\/wp\/v2\/pages"}],"about":[{"href":"https:\/\/agora.xtec.cat\/iesvila-seca\/wp-json\/wp\/v2\/types\/page"}],"author":[{"embeddable":true,"href":"https:\/\/agora.xtec.cat\/iesvila-seca\/wp-json\/wp\/v2\/users\/1"}],"replies":[{"embeddable":true,"href":"https:\/\/agora.xtec.cat\/iesvila-seca\/wp-json\/wp\/v2\/comments?post=9630"}],"version-history":[{"count":3,"href":"https:\/\/agora.xtec.cat\/iesvila-seca\/wp-json\/wp\/v2\/pages\/9630\/revisions"}],"predecessor-version":[{"id":9635,"href":"https:\/\/agora.xtec.cat\/iesvila-seca\/wp-json\/wp\/v2\/pages\/9630\/revisions\/9635"}],"up":[{"embeddable":true,"href":"https:\/\/agora.xtec.cat\/iesvila-seca\/wp-json\/wp\/v2\/pages\/9598"}],"wp:attachment":[{"href":"https:\/\/agora.xtec.cat\/iesvila-seca\/wp-json\/wp\/v2\/media?parent=9630"}],"curies":[{"name":"wp","href":"https:\/\/api.w.org\/{rel}","templated":true}]}}