{"id":9620,"date":"2022-11-09T20:07:30","date_gmt":"2022-11-09T19:07:30","guid":{"rendered":"https:\/\/agora.xtec.cat\/iesvila-seca\/?page_id=9620"},"modified":"2022-11-10T16:44:36","modified_gmt":"2022-11-10T15:44:36","slug":"ordinadors-per-lalumnat","status":"publish","type":"page","link":"https:\/\/agora.xtec.cat\/iesvila-seca\/estrategia-digital\/cultura-digital\/plans-dacollida\/acollida-digital-a-lalumnat\/ordinadors-per-lalumnat\/","title":{"rendered":"Ordinadors per l&#8217;alumnat"},"content":{"rendered":"<p><a href=\"https:\/\/agora.xtec.cat\/iesvila-seca\/estrategia-digital\/cultura-digital\/plans-dacollida\/acollida-digital-a-lalumnat\/\"><img loading=\"lazy\" decoding=\"async\" class=\"alignright wp-image-9199\" src=\"https:\/\/agora.xtec.cat\/iesvila-seca\/wp-content\/uploads\/usu475\/2022\/06\/Captura-de-Pantalla-2022-06-08-a-les-19.30.41.png\" alt=\"\" width=\"50\" height=\"36\" \/><\/a><\/p>\n<p>&nbsp;<\/p>\n<p style=\"text-align: justify;\"><span style=\"font-weight: 400;\">L\u2019alumnat de l&#8217;Institut, a partir del 3r curs de l&#8217;ESO, t\u00e9 assignat un ordinador port\u00e0til per a \u00fas educatiu. Aquest ordinador \u00e9s personal i intransferible i s\u2019haur\u00e0 de retornar en finalitzar l&#8217;etapa a l\u2019Institut, ja sigui per iniciar altres estudis o per canvi de domicili o centre educatiu.<\/span><\/p>\n<p style=\"text-align: justify;\"><span style=\"font-weight: 400;\">El tutor\/a informar\u00e0 l&#8217;alumnat de les passes a seguir per a l&#8217;obtenci\u00f3 del port\u00e0til.\u00a0<\/span><\/p>\n<p style=\"text-align: justify;\">Abans de rebre l&#8217;ordinador, la fam\u00edlia signar\u00e0 un document d&#8217;acceptaci\u00f3 de les condicions d&#8217;\u00fas. Aquest document especifica que l&#8217;alumne disposar\u00e0 de l&#8217;ordinador amb finalitat educativa i en cessi\u00f3 temporal mentre estigui escolaritzat a l&#8217;Institut.<\/p>\n<p style=\"text-align: justify;\"><span style=\"font-weight: 400;\">En cas de trencament accidental, avaria o qualsevol altre incid\u00e8ncia, l&#8217;alumnat s&#8217;haur\u00e0 de dirigir al tutor\/a.<\/span><\/p>\n<p style=\"text-align: center;\"><a href=\"https:\/\/agora.xtec.cat\/iesvila-seca\/wp-content\/uploads\/usu475\/2022\/11\/Captura-de-Pantalla-2022-11-09-a-les-19.13.53.png\"><img loading=\"lazy\" decoding=\"async\" class=\"alignnone size-full wp-image-9603\" src=\"https:\/\/agora.xtec.cat\/iesvila-seca\/wp-content\/uploads\/usu475\/2022\/11\/Captura-de-Pantalla-2022-11-09-a-les-19.13.53.png\" alt=\"\" width=\"255\" height=\"183\" \/><\/a><\/p>\n","protected":false},"excerpt":{"rendered":"<p>&nbsp; L\u2019alumnat de l&#8217;Institut, a partir del 3r curs de l&#8217;ESO, t\u00e9 assignat un ordinador port\u00e0til per a \u00fas educatiu. Aquest ordinador \u00e9s personal i intransferible i s\u2019haur\u00e0 de retornar en finalitzar l&#8217;etapa a l\u2019Institut, ja sigui per iniciar altres estudis o per canvi de domicili o centre educatiu. El tutor\/a informar\u00e0 l&#8217;alumnat de les [&hellip;]<\/p>\n","protected":false},"author":1,"featured_media":0,"parent":9598,"menu_order":20,"comment_status":"closed","ping_status":"closed","template":"page-templates\/side-menu.php","meta":{"_bbp_topic_count":0,"_bbp_reply_count":0,"_bbp_total_topic_count":0,"_bbp_total_reply_count":0,"_bbp_voice_count":0,"_bbp_anonymous_reply_count":0,"_bbp_topic_count_hidden":0,"_bbp_reply_count_hidden":0,"_bbp_forum_subforum_count":0,"site-sidebar-layout":"default","site-content-layout":"","ast-site-content-layout":"","site-content-style":"default","site-sidebar-style":"default","ast-global-header-display":"","ast-banner-title-visibility":"","ast-main-header-display":"","ast-hfb-above-header-display":"","ast-hfb-below-header-display":"","ast-hfb-mobile-header-display":"","site-post-title":"","ast-breadcrumbs-content":"","ast-featured-img":"","footer-sml-layout":"","theme-transparent-header-meta":"","adv-header-id-meta":"","stick-header-meta":"","header-above-stick-meta":"","header-main-stick-meta":"","header-below-stick-meta":"","astra-migrate-meta-layouts":"default","ast-page-background-enabled":"default","ast-page-background-meta":{"desktop":{"background-color":"var(--ast-global-color-4)","background-image":"","background-repeat":"repeat","background-position":"center center","background-size":"auto","background-attachment":"scroll","background-type":"","background-media":"","overlay-type":"","overlay-color":"","overlay-opacity":"","overlay-gradient":""},"tablet":{"background-color":"","background-image":"","background-repeat":"repeat","background-position":"center center","background-size":"auto","background-attachment":"scroll","background-type":"","background-media":"","overlay-type":"","overlay-color":"","overlay-opacity":"","overlay-gradient":""},"mobile":{"background-color":"","background-image":"","background-repeat":"repeat","background-position":"center center","background-size":"auto","background-attachment":"scroll","background-type":"","background-media":"","overlay-type":"","overlay-color":"","overlay-opacity":"","overlay-gradient":""}},"ast-content-background-meta":{"desktop":{"background-color":"var(--ast-global-color-5)","background-image":"","background-repeat":"repeat","background-position":"center center","background-size":"auto","background-attachment":"scroll","background-type":"","background-media":"","overlay-type":"","overlay-color":"","overlay-opacity":"","overlay-gradient":""},"tablet":{"background-color":"var(--ast-global-color-5)","background-image":"","background-repeat":"repeat","background-position":"center center","background-size":"auto","background-attachment":"scroll","background-type":"","background-media":"","overlay-type":"","overlay-color":"","overlay-opacity":"","overlay-gradient":""},"mobile":{"background-color":"var(--ast-global-color-5)","background-image":"","background-repeat":"repeat","background-position":"center center","background-size":"auto","background-attachment":"scroll","background-type":"","background-media":"","overlay-type":"","overlay-color":"","overlay-opacity":"","overlay-gradient":""}},"footnotes":""},"class_list":["post-9620","page","type-page","status-publish","hentry"],"post_mailing_queue_ids":[],"_links":{"self":[{"href":"https:\/\/agora.xtec.cat\/iesvila-seca\/wp-json\/wp\/v2\/pages\/9620","targetHints":{"allow":["GET"]}}],"collection":[{"href":"https:\/\/agora.xtec.cat\/iesvila-seca\/wp-json\/wp\/v2\/pages"}],"about":[{"href":"https:\/\/agora.xtec.cat\/iesvila-seca\/wp-json\/wp\/v2\/types\/page"}],"author":[{"embeddable":true,"href":"https:\/\/agora.xtec.cat\/iesvila-seca\/wp-json\/wp\/v2\/users\/1"}],"replies":[{"embeddable":true,"href":"https:\/\/agora.xtec.cat\/iesvila-seca\/wp-json\/wp\/v2\/comments?post=9620"}],"version-history":[{"count":3,"href":"https:\/\/agora.xtec.cat\/iesvila-seca\/wp-json\/wp\/v2\/pages\/9620\/revisions"}],"predecessor-version":[{"id":9697,"href":"https:\/\/agora.xtec.cat\/iesvila-seca\/wp-json\/wp\/v2\/pages\/9620\/revisions\/9697"}],"up":[{"embeddable":true,"href":"https:\/\/agora.xtec.cat\/iesvila-seca\/wp-json\/wp\/v2\/pages\/9598"}],"wp:attachment":[{"href":"https:\/\/agora.xtec.cat\/iesvila-seca\/wp-json\/wp\/v2\/media?parent=9620"}],"curies":[{"name":"wp","href":"https:\/\/api.w.org\/{rel}","templated":true}]}}