{"id":9359,"date":"2022-07-08T11:30:29","date_gmt":"2022-07-08T09:30:29","guid":{"rendered":"https:\/\/agora.xtec.cat\/iesvila-seca\/?page_id=9359"},"modified":"2022-11-18T19:41:11","modified_gmt":"2022-11-18T18:41:11","slug":"jardi-de-la-biblioteca-espai-inclusiu","status":"publish","type":"page","link":"https:\/\/agora.xtec.cat\/iesvila-seca\/serveis\/jardi-de-la-biblioteca-espai-inclusiu\/","title":{"rendered":"Jard\u00ed de la biblioteca (espai inclusiu)"},"content":{"rendered":"<p style=\"text-align: justify;\">El jard\u00ed de la biblioteca ha esdevingut un lloc m\u00e9s per compartir amb l\u2019alumnat (excepte a l\u2019esbarjo que est\u00e0 reservat per esmorzar el professorat).<\/p>\n<p style=\"text-align: justify;\">Gr\u00e0cies al Proa+ s\u2019ha creat aquest espai que vol afavorir diferents activitats, ritmes d\u2019aprenentatge i metodologies i facilitar les activitats en agrupaments diferents o a nivell individual en horari lectiu i fora d\u2019ell.Contribueix a la cultura inclusiva amb l\u2019establiment de pol\u00edtiques i pr\u00e0ctiques inclusives: promou la participaci\u00f3 en activitats de grup i el treball individual en un espai m\u00e9s acollidor. Els nous espais estan oberts a tot l&#8217;alumnat pr\u00e8via detecci\u00f3 de necessitats per part del professorat En funci\u00f3 de l\u2019activitat prevista, el professorat decideix l\u2019espai m\u00e9s adequat per la seva realitzaci\u00f3: els nous espais afavoreixen la inclusi\u00f3 de l\u2019alumnat vulnerable, faciliten la participaci\u00f3, la inclusi\u00f3 i la no discriminaci\u00f3.<\/p>\n<p style=\"text-align: justify;\">Exemple: jocs de taula a l\u2019hora del pati, espai per treballar arts esc\u00e8niques en petits grups, dinamitzaci\u00f3 de patis amb la comissi\u00f3 d\u2019inclusi\u00f3, activitats del PIP \u2026<\/p>\n<p style=\"text-align: justify;\"><em>\u201cEl disseny dels espais educatius millora el rendiment i l\u2019aprenentatge de l\u2019alumnat\u201d<\/em><\/p>\n<p style=\"text-align: justify;\"><em>(EL Pa\u00eds 2019)<\/em><\/p>\n<p style=\"text-align: justify;\">\n","protected":false},"excerpt":{"rendered":"<p>El jard\u00ed de la biblioteca ha esdevingut un lloc m\u00e9s per compartir amb l\u2019alumnat (excepte a l\u2019esbarjo que est\u00e0 reservat per esmorzar el professorat). Gr\u00e0cies al Proa+ s\u2019ha creat aquest espai que vol afavorir diferents activitats, ritmes d\u2019aprenentatge i metodologies i facilitar les activitats en agrupaments diferents o a nivell individual en horari lectiu i [&hellip;]<\/p>\n","protected":false},"author":1,"featured_media":0,"parent":63,"menu_order":7,"comment_status":"closed","ping_status":"closed","template":"page-templates\/side-menu.php","meta":{"_bbp_topic_count":0,"_bbp_reply_count":0,"_bbp_total_topic_count":0,"_bbp_total_reply_count":0,"_bbp_voice_count":0,"_bbp_anonymous_reply_count":0,"_bbp_topic_count_hidden":0,"_bbp_reply_count_hidden":0,"_bbp_forum_subforum_count":0,"site-sidebar-layout":"default","site-content-layout":"","ast-site-content-layout":"","site-content-style":"default","site-sidebar-style":"default","ast-global-header-display":"","ast-banner-title-visibility":"","ast-main-header-display":"","ast-hfb-above-header-display":"","ast-hfb-below-header-display":"","ast-hfb-mobile-header-display":"","site-post-title":"","ast-breadcrumbs-content":"","ast-featured-img":"","footer-sml-layout":"","theme-transparent-header-meta":"","adv-header-id-meta":"","stick-header-meta":"","header-above-stick-meta":"","header-main-stick-meta":"","header-below-stick-meta":"","astra-migrate-meta-layouts":"default","ast-page-background-enabled":"default","ast-page-background-meta":{"desktop":{"background-color":"var(--ast-global-color-4)","background-image":"","background-repeat":"repeat","background-position":"center center","background-size":"auto","background-attachment":"scroll","background-type":"","background-media":"","overlay-type":"","overlay-color":"","overlay-opacity":"","overlay-gradient":""},"tablet":{"background-color":"","background-image":"","background-repeat":"repeat","background-position":"center center","background-size":"auto","background-attachment":"scroll","background-type":"","background-media":"","overlay-type":"","overlay-color":"","overlay-opacity":"","overlay-gradient":""},"mobile":{"background-color":"","background-image":"","background-repeat":"repeat","background-position":"center center","background-size":"auto","background-attachment":"scroll","background-type":"","background-media":"","overlay-type":"","overlay-color":"","overlay-opacity":"","overlay-gradient":""}},"ast-content-background-meta":{"desktop":{"background-color":"var(--ast-global-color-5)","background-image":"","background-repeat":"repeat","background-position":"center center","background-size":"auto","background-attachment":"scroll","background-type":"","background-media":"","overlay-type":"","overlay-color":"","overlay-opacity":"","overlay-gradient":""},"tablet":{"background-color":"var(--ast-global-color-5)","background-image":"","background-repeat":"repeat","background-position":"center center","background-size":"auto","background-attachment":"scroll","background-type":"","background-media":"","overlay-type":"","overlay-color":"","overlay-opacity":"","overlay-gradient":""},"mobile":{"background-color":"var(--ast-global-color-5)","background-image":"","background-repeat":"repeat","background-position":"center center","background-size":"auto","background-attachment":"scroll","background-type":"","background-media":"","overlay-type":"","overlay-color":"","overlay-opacity":"","overlay-gradient":""}},"footnotes":""},"class_list":["post-9359","page","type-page","status-publish","hentry"],"post_mailing_queue_ids":[],"_links":{"self":[{"href":"https:\/\/agora.xtec.cat\/iesvila-seca\/wp-json\/wp\/v2\/pages\/9359","targetHints":{"allow":["GET"]}}],"collection":[{"href":"https:\/\/agora.xtec.cat\/iesvila-seca\/wp-json\/wp\/v2\/pages"}],"about":[{"href":"https:\/\/agora.xtec.cat\/iesvila-seca\/wp-json\/wp\/v2\/types\/page"}],"author":[{"embeddable":true,"href":"https:\/\/agora.xtec.cat\/iesvila-seca\/wp-json\/wp\/v2\/users\/1"}],"replies":[{"embeddable":true,"href":"https:\/\/agora.xtec.cat\/iesvila-seca\/wp-json\/wp\/v2\/comments?post=9359"}],"version-history":[{"count":3,"href":"https:\/\/agora.xtec.cat\/iesvila-seca\/wp-json\/wp\/v2\/pages\/9359\/revisions"}],"predecessor-version":[{"id":9709,"href":"https:\/\/agora.xtec.cat\/iesvila-seca\/wp-json\/wp\/v2\/pages\/9359\/revisions\/9709"}],"up":[{"embeddable":true,"href":"https:\/\/agora.xtec.cat\/iesvila-seca\/wp-json\/wp\/v2\/pages\/63"}],"wp:attachment":[{"href":"https:\/\/agora.xtec.cat\/iesvila-seca\/wp-json\/wp\/v2\/media?parent=9359"}],"curies":[{"name":"wp","href":"https:\/\/api.w.org\/{rel}","templated":true}]}}