{"id":8775,"date":"2022-03-14T17:18:31","date_gmt":"2022-03-14T16:18:31","guid":{"rendered":"https:\/\/agora.xtec.cat\/iesvila-seca\/?page_id=8775"},"modified":"2022-11-09T18:30:22","modified_gmt":"2022-11-09T17:30:22","slug":"cultura-digital","status":"publish","type":"page","link":"https:\/\/agora.xtec.cat\/iesvila-seca\/estrategia-digital\/cultura-digital\/","title":{"rendered":"Cultura Digital"},"content":{"rendered":"<table style=\"width: 100%; border-collapse: collapse; border-style: hidden;\">\n<tbody>\n<tr>\n<td style=\"width: 100%; text-align: right;\"><a href=\"https:\/\/agora.xtec.cat\/iesvila-seca\/estrategia-digital\/\"><img loading=\"lazy\" decoding=\"async\" class=\"alignnone wp-image-9199\" src=\"https:\/\/agora.xtec.cat\/iesvila-seca\/wp-content\/uploads\/usu475\/2022\/06\/Captura-de-Pantalla-2022-06-08-a-les-19.30.41.png\" alt=\"\" width=\"50\" height=\"36\" \/><\/a><\/td>\n<\/tr>\n<\/tbody>\n<\/table>\n<table style=\"width: 100%; border-collapse: collapse; border-style: none; border-color: #ffffff;\">\n<tbody>\n<tr style=\"height: 100px;\">\n<td style=\"width: 33.333333%; height: 100px; border-style: none;\"><a href=\"https:\/\/agora.xtec.cat\/iesvila-seca\/estrategia-digital\/cultura-digital\/acords-de-claustre-i-consell-escolar\/\"><img loading=\"lazy\" decoding=\"async\" class=\"aligncenter wp-image-9506\" src=\"https:\/\/agora.xtec.cat\/iesvila-seca\/wp-content\/uploads\/usu475\/2022\/10\/Captura-de-Pantalla-2022-10-26-a-les-18.51.07.png\" alt=\"\" width=\"193\" height=\"223\" srcset=\"https:\/\/agora.xtec.cat\/iesvila-seca\/wp-content\/uploads\/usu475\/2022\/10\/Captura-de-Pantalla-2022-10-26-a-les-18.51.07.png 276w, https:\/\/agora.xtec.cat\/iesvila-seca\/wp-content\/uploads\/usu475\/2022\/10\/Captura-de-Pantalla-2022-10-26-a-les-18.51.07-260x300.png 260w\" sizes=\"auto, (max-width: 193px) 100vw, 193px\" \/><\/a><\/td>\n<td style=\"width: 33.333333%; height: 100px; border-style: none;\"><a href=\"https:\/\/agora.xtec.cat\/iesvila-seca\/estrategia-digital\/cultura-digital\/desplegament-de-la-competencia-digital\/\"><img loading=\"lazy\" decoding=\"async\" class=\"aligncenter wp-image-9509 \" src=\"https:\/\/agora.xtec.cat\/iesvila-seca\/wp-content\/uploads\/usu475\/2022\/10\/Captura-de-Pantalla-2022-10-26-a-les-19.03.05.png\" alt=\"\" width=\"171\" height=\"222\" \/><\/a><\/td>\n<td style=\"width: 33.333333%; height: 100px; border-style: none;\"><a href=\"https:\/\/agora.xtec.cat\/iesvila-seca\/estrategia-digital\/cultura-digital\/documentacio\/\"><img loading=\"lazy\" decoding=\"async\" class=\"aligncenter wp-image-9507 \" src=\"https:\/\/agora.xtec.cat\/iesvila-seca\/wp-content\/uploads\/usu475\/2022\/10\/Captura-de-Pantalla-2022-10-26-a-les-18.54.15.png\" alt=\"\" width=\"224\" height=\"199\" \/><\/a><\/td>\n<\/tr>\n<tr>\n<td style=\"width: 33.333333%; text-align: center; border-style: none; background-color: #f7f7f7;\"><a href=\"https:\/\/agora.xtec.cat\/iesvila-seca\/estrategia-digital\/cultura-digital\/acords-de-claustre-i-consell-escolar\/\">Acords de Claustre i Consell Escolar<\/a><\/td>\n<td style=\"width: 33.333333%; text-align: center; border-style: none; background-color: #f7f7f7;\"><a href=\"https:\/\/agora.xtec.cat\/iesvila-seca\/estrategia-digital\/cultura-digital\/desplegament-de-la-competencia-digital\/\">Desplegament Compet\u00e8ncia Digital<\/a><\/td>\n<td style=\"width: 33.333333%; text-align: center; border-style: none; background-color: #f7f7f7;\"><a href=\"https:\/\/agora.xtec.cat\/iesvila-seca\/estrategia-digital\/cultura-digital\/documentacio\/\">Documentaci\u00f3<\/a><\/td>\n<\/tr>\n<tr style=\"height: 100px;\">\n<td style=\"width: 33.333333%; height: 100px; border-style: none;\"><a href=\"https:\/\/agora.xtec.cat\/iesvila-seca\/estrategia-digital\/cultura-digital\/plans-dacollida\/\"><img loading=\"lazy\" decoding=\"async\" class=\"aligncenter wp-image-9510 size-full\" src=\"https:\/\/agora.xtec.cat\/iesvila-seca\/wp-content\/uploads\/usu475\/2022\/10\/Captura-de-Pantalla-2022-10-26-a-les-19.05.39.png\" alt=\"\" width=\"220\" height=\"229\" \/><\/a><\/td>\n<td style=\"width: 33.333333%; height: 100px; border-style: none;\"><a href=\"https:\/\/agora.xtec.cat\/iesvila-seca\/estrategia-digital\/cultura-digital\/plans-de-comunicacio\/\"><img loading=\"lazy\" decoding=\"async\" class=\"aligncenter wp-image-9508 size-full\" src=\"https:\/\/agora.xtec.cat\/iesvila-seca\/wp-content\/uploads\/usu475\/2022\/10\/Captura-de-Pantalla-2022-10-26-a-les-18.55.18.png\" alt=\"\" width=\"219\" height=\"180\" \/><\/a><\/td>\n<td style=\"width: 33.333333%; height: 100px; border-style: none;\"><a href=\"https:\/\/agora.xtec.cat\/iesvila-seca\/estrategia-digital\/cultura-digital\/serveis-digitals\/\"><img loading=\"lazy\" decoding=\"async\" class=\"aligncenter wp-image-9511 size-full\" src=\"https:\/\/agora.xtec.cat\/iesvila-seca\/wp-content\/uploads\/usu475\/2022\/10\/Captura-de-Pantalla-2022-10-26-a-les-19.07.53.png\" alt=\"\" width=\"238\" height=\"159\" \/><\/a><\/td>\n<\/tr>\n<tr>\n<td style=\"width: 33.333333%; text-align: center; border-style: none; background-color: #f7f7f7;\"><a href=\"https:\/\/agora.xtec.cat\/iesvila-seca\/estrategia-digital\/cultura-digital\/plans-dacollida\/\">Plans d&#8217;Acollida<\/a><\/td>\n<td style=\"width: 33.333333%; text-align: center; border-style: none; background-color: #f7f7f7;\"><a href=\"https:\/\/agora.xtec.cat\/iesvila-seca\/estrategia-digital\/cultura-digital\/plans-de-comunicacio\/\">Plans de Comunicaci\u00f3<\/a><\/td>\n<td style=\"width: 33.333333%; text-align: center; border-style: none; background-color: #f7f7f7;\"><a href=\"https:\/\/agora.xtec.cat\/iesvila-seca\/estrategia-digital\/cultura-digital\/serveis-digitals\/\">Serveis Digitals<\/a><\/td>\n<\/tr>\n<\/tbody>\n<\/table>\n","protected":false},"excerpt":{"rendered":"<p>Acords de Claustre i Consell Escolar Desplegament Compet\u00e8ncia Digital Documentaci\u00f3 Plans d&#8217;Acollida Plans de Comunicaci\u00f3 Serveis Digitals<\/p>\n","protected":false},"author":1,"featured_media":0,"parent":8766,"menu_order":10,"comment_status":"closed","ping_status":"closed","template":"page-templates\/side-menu.php","meta":{"_bbp_topic_count":0,"_bbp_reply_count":0,"_bbp_total_topic_count":0,"_bbp_total_reply_count":0,"_bbp_voice_count":0,"_bbp_anonymous_reply_count":0,"_bbp_topic_count_hidden":0,"_bbp_reply_count_hidden":0,"_bbp_forum_subforum_count":0,"site-sidebar-layout":"default","site-content-layout":"","ast-site-content-layout":"","site-content-style":"default","site-sidebar-style":"default","ast-global-header-display":"","ast-banner-title-visibility":"","ast-main-header-display":"","ast-hfb-above-header-display":"","ast-hfb-below-header-display":"","ast-hfb-mobile-header-display":"","site-post-title":"","ast-breadcrumbs-content":"","ast-featured-img":"","footer-sml-layout":"","theme-transparent-header-meta":"","adv-header-id-meta":"","stick-header-meta":"","header-above-stick-meta":"","header-main-stick-meta":"","header-below-stick-meta":"","astra-migrate-meta-layouts":"default","ast-page-background-enabled":"default","ast-page-background-meta":{"desktop":{"background-color":"var(--ast-global-color-4)","background-image":"","background-repeat":"repeat","background-position":"center center","background-size":"auto","background-attachment":"scroll","background-type":"","background-media":"","overlay-type":"","overlay-color":"","overlay-opacity":"","overlay-gradient":""},"tablet":{"background-color":"","background-image":"","background-repeat":"repeat","background-position":"center center","background-size":"auto","background-attachment":"scroll","background-type":"","background-media":"","overlay-type":"","overlay-color":"","overlay-opacity":"","overlay-gradient":""},"mobile":{"background-color":"","background-image":"","background-repeat":"repeat","background-position":"center center","background-size":"auto","background-attachment":"scroll","background-type":"","background-media":"","overlay-type":"","overlay-color":"","overlay-opacity":"","overlay-gradient":""}},"ast-content-background-meta":{"desktop":{"background-color":"var(--ast-global-color-5)","background-image":"","background-repeat":"repeat","background-position":"center center","background-size":"auto","background-attachment":"scroll","background-type":"","background-media":"","overlay-type":"","overlay-color":"","overlay-opacity":"","overlay-gradient":""},"tablet":{"background-color":"var(--ast-global-color-5)","background-image":"","background-repeat":"repeat","background-position":"center center","background-size":"auto","background-attachment":"scroll","background-type":"","background-media":"","overlay-type":"","overlay-color":"","overlay-opacity":"","overlay-gradient":""},"mobile":{"background-color":"var(--ast-global-color-5)","background-image":"","background-repeat":"repeat","background-position":"center center","background-size":"auto","background-attachment":"scroll","background-type":"","background-media":"","overlay-type":"","overlay-color":"","overlay-opacity":"","overlay-gradient":""}},"footnotes":""},"class_list":["post-8775","page","type-page","status-publish","hentry"],"post_mailing_queue_ids":[],"_links":{"self":[{"href":"https:\/\/agora.xtec.cat\/iesvila-seca\/wp-json\/wp\/v2\/pages\/8775","targetHints":{"allow":["GET"]}}],"collection":[{"href":"https:\/\/agora.xtec.cat\/iesvila-seca\/wp-json\/wp\/v2\/pages"}],"about":[{"href":"https:\/\/agora.xtec.cat\/iesvila-seca\/wp-json\/wp\/v2\/types\/page"}],"author":[{"embeddable":true,"href":"https:\/\/agora.xtec.cat\/iesvila-seca\/wp-json\/wp\/v2\/users\/1"}],"replies":[{"embeddable":true,"href":"https:\/\/agora.xtec.cat\/iesvila-seca\/wp-json\/wp\/v2\/comments?post=8775"}],"version-history":[{"count":4,"href":"https:\/\/agora.xtec.cat\/iesvila-seca\/wp-json\/wp\/v2\/pages\/8775\/revisions"}],"predecessor-version":[{"id":9581,"href":"https:\/\/agora.xtec.cat\/iesvila-seca\/wp-json\/wp\/v2\/pages\/8775\/revisions\/9581"}],"up":[{"embeddable":true,"href":"https:\/\/agora.xtec.cat\/iesvila-seca\/wp-json\/wp\/v2\/pages\/8766"}],"wp:attachment":[{"href":"https:\/\/agora.xtec.cat\/iesvila-seca\/wp-json\/wp\/v2\/media?parent=8775"}],"curies":[{"name":"wp","href":"https:\/\/api.w.org\/{rel}","templated":true}]}}