{"id":8773,"date":"2022-03-14T17:17:16","date_gmt":"2022-03-14T16:17:16","guid":{"rendered":"https:\/\/agora.xtec.cat\/iesvila-seca\/?page_id=8773"},"modified":"2022-11-09T18:27:58","modified_gmt":"2022-11-09T17:27:58","slug":"estrategia","status":"publish","type":"page","link":"https:\/\/agora.xtec.cat\/iesvila-seca\/estrategia-digital\/estrategia\/","title":{"rendered":"Estrat\u00e8gia"},"content":{"rendered":"<table style=\"width: 100%; border-collapse: collapse; border-style: hidden;\">\n<tbody>\n<tr>\n<td style=\"width: 100%; text-align: right;\"><a href=\"https:\/\/agora.xtec.cat\/iesvila-seca\/estrategia-digital\/\"><img loading=\"lazy\" decoding=\"async\" class=\"alignnone wp-image-9199\" src=\"https:\/\/agora.xtec.cat\/iesvila-seca\/wp-content\/uploads\/usu475\/2022\/06\/Captura-de-Pantalla-2022-06-08-a-les-19.30.41.png\" alt=\"\" width=\"50\" height=\"36\" \/><\/a><\/td>\n<\/tr>\n<\/tbody>\n<\/table>\n<p style=\"text-align: justify;\">L&#8217;estrat\u00e8gia digital de centre (EDC) defineix i concreta les l\u00ednies d&#8217;actuaci\u00f3 d&#8217;un centre que fan possible que docents, alumnat i centre assoleixin la compet\u00e8ncia digital.<\/p>\n<p style=\"text-align: justify;\">Per aconseguir aquesta compet\u00e8ncia digital, l&#8217;EDC compr\u00e8n tots els \u00e0mbits del centre: organitzatius, metodol\u00f2gics, curriculars i comunicatius, els quals s&#8217;han de veure necess\u00e0riament implicats i, si escau, transformats, des d\u2019una perspectiva d&#8217;innovaci\u00f3 i de millora cont\u00ednua.<\/p>\n<table style=\"width: 100%; border-collapse: collapse; border-style: hidden;\">\n<tbody>\n<tr>\n<td style=\"width: 33.333333333333336%; border-style: hidden;\"><a href=\"https:\/\/agora.xtec.cat\/iesvila-seca\/estrategia-digital\/estrategia\/diagnosi\/\"><img loading=\"lazy\" decoding=\"async\" class=\"aligncenter wp-image-9497 size-full\" src=\"https:\/\/agora.xtec.cat\/iesvila-seca\/wp-content\/uploads\/usu475\/2022\/10\/Captura-de-Pantalla-2022-10-26-a-les-18.19.30.png\" alt=\"\" width=\"297\" height=\"206\" \/><\/a><\/td>\n<td style=\"width: 33.333333333333336%; border-style: hidden;\"><a href=\"https:\/\/agora.xtec.cat\/iesvila-seca\/estrategia-digital\/estrategia\/objectius\/\"><img loading=\"lazy\" decoding=\"async\" class=\"aligncenter wp-image-9499 size-full\" src=\"https:\/\/agora.xtec.cat\/iesvila-seca\/wp-content\/uploads\/usu475\/2022\/10\/Captura-de-Pantalla-2022-10-26-a-les-18.25.41.png\" alt=\"\" width=\"195\" height=\"249\" \/><\/a><\/td>\n<td style=\"width: 33.333333333333336%; border-style: hidden; text-align: center;\"><a href=\"https:\/\/agora.xtec.cat\/iesvila-seca\/estrategia-digital\/estrategia\/planificacio-i-seguiment\/\"><img loading=\"lazy\" decoding=\"async\" class=\"aligncenter wp-image-9554\" src=\"https:\/\/agora.xtec.cat\/iesvila-seca\/wp-content\/uploads\/usu475\/2022\/10\/Captura-de-pantalla-2022-10-27-a-les-8.50.38.png\" alt=\"\" width=\"188\" height=\"203\" srcset=\"https:\/\/agora.xtec.cat\/iesvila-seca\/wp-content\/uploads\/usu475\/2022\/10\/Captura-de-pantalla-2022-10-27-a-les-8.50.38.png 382w, https:\/\/agora.xtec.cat\/iesvila-seca\/wp-content\/uploads\/usu475\/2022\/10\/Captura-de-pantalla-2022-10-27-a-les-8.50.38-277x300.png 277w\" sizes=\"auto, (max-width: 188px) 100vw, 188px\" \/><\/a><a href=\"https:\/\/agora.xtec.cat\/iesvila-seca\/estrategia-digital\/estrategia\/planificacio-i-seguiment\/\"><br \/>\n<\/a><a href=\"https:\/\/agora.xtec.cat\/iesvila-seca\/estrategia-digital\/estrategia\/planificacio-i-seguiment\/\"><br \/>\n<\/a><\/td>\n<\/tr>\n<tr>\n<td style=\"width: 33.333333333333336%; border-style: hidden; text-align: center; background-color: #f7f7f7;\"><a href=\"https:\/\/agora.xtec.cat\/iesvila-seca\/estrategia-digital\/estrategia\/diagnosi\/\">Diagnosi<\/a><\/td>\n<td style=\"width: 33.333333333333336%; border-style: hidden; text-align: center; background-color: #f7f7f7;\"><a href=\"https:\/\/agora.xtec.cat\/iesvila-seca\/estrategia-digital\/estrategia\/objectius\/\">Objectius<\/a><\/td>\n<td style=\"width: 33.333333333333336%; border-style: hidden; text-align: center; background-color: #f7f7f7;\"><a href=\"https:\/\/agora.xtec.cat\/iesvila-seca\/estrategia-digital\/estrategia\/planificacio-i-seguiment\/\">Planificaci\u00f3, seguiment, avaluaci\u00f3 i millora<\/a><\/td>\n<\/tr>\n<\/tbody>\n<\/table>\n","protected":false},"excerpt":{"rendered":"<p>L&#8217;estrat\u00e8gia digital de centre (EDC) defineix i concreta les l\u00ednies d&#8217;actuaci\u00f3 d&#8217;un centre que fan possible que docents, alumnat i centre assoleixin la compet\u00e8ncia digital. Per aconseguir aquesta compet\u00e8ncia digital, l&#8217;EDC compr\u00e8n tots els \u00e0mbits del centre: organitzatius, metodol\u00f2gics, curriculars i comunicatius, els quals s&#8217;han de veure necess\u00e0riament implicats i, si escau, transformats, des d\u2019una [&hellip;]<\/p>\n","protected":false},"author":1,"featured_media":0,"parent":8766,"menu_order":0,"comment_status":"closed","ping_status":"closed","template":"page-templates\/side-menu.php","meta":{"_bbp_topic_count":0,"_bbp_reply_count":0,"_bbp_total_topic_count":0,"_bbp_total_reply_count":0,"_bbp_voice_count":0,"_bbp_anonymous_reply_count":0,"_bbp_topic_count_hidden":0,"_bbp_reply_count_hidden":0,"_bbp_forum_subforum_count":0,"site-sidebar-layout":"default","site-content-layout":"","ast-site-content-layout":"","site-content-style":"default","site-sidebar-style":"default","ast-global-header-display":"","ast-banner-title-visibility":"","ast-main-header-display":"","ast-hfb-above-header-display":"","ast-hfb-below-header-display":"","ast-hfb-mobile-header-display":"","site-post-title":"","ast-breadcrumbs-content":"","ast-featured-img":"","footer-sml-layout":"","theme-transparent-header-meta":"","adv-header-id-meta":"","stick-header-meta":"","header-above-stick-meta":"","header-main-stick-meta":"","header-below-stick-meta":"","astra-migrate-meta-layouts":"default","ast-page-background-enabled":"default","ast-page-background-meta":{"desktop":{"background-color":"var(--ast-global-color-4)","background-image":"","background-repeat":"repeat","background-position":"center center","background-size":"auto","background-attachment":"scroll","background-type":"","background-media":"","overlay-type":"","overlay-color":"","overlay-opacity":"","overlay-gradient":""},"tablet":{"background-color":"","background-image":"","background-repeat":"repeat","background-position":"center center","background-size":"auto","background-attachment":"scroll","background-type":"","background-media":"","overlay-type":"","overlay-color":"","overlay-opacity":"","overlay-gradient":""},"mobile":{"background-color":"","background-image":"","background-repeat":"repeat","background-position":"center center","background-size":"auto","background-attachment":"scroll","background-type":"","background-media":"","overlay-type":"","overlay-color":"","overlay-opacity":"","overlay-gradient":""}},"ast-content-background-meta":{"desktop":{"background-color":"var(--ast-global-color-5)","background-image":"","background-repeat":"repeat","background-position":"center center","background-size":"auto","background-attachment":"scroll","background-type":"","background-media":"","overlay-type":"","overlay-color":"","overlay-opacity":"","overlay-gradient":""},"tablet":{"background-color":"var(--ast-global-color-5)","background-image":"","background-repeat":"repeat","background-position":"center center","background-size":"auto","background-attachment":"scroll","background-type":"","background-media":"","overlay-type":"","overlay-color":"","overlay-opacity":"","overlay-gradient":""},"mobile":{"background-color":"var(--ast-global-color-5)","background-image":"","background-repeat":"repeat","background-position":"center center","background-size":"auto","background-attachment":"scroll","background-type":"","background-media":"","overlay-type":"","overlay-color":"","overlay-opacity":"","overlay-gradient":""}},"footnotes":""},"class_list":["post-8773","page","type-page","status-publish","hentry"],"post_mailing_queue_ids":[],"_links":{"self":[{"href":"https:\/\/agora.xtec.cat\/iesvila-seca\/wp-json\/wp\/v2\/pages\/8773","targetHints":{"allow":["GET"]}}],"collection":[{"href":"https:\/\/agora.xtec.cat\/iesvila-seca\/wp-json\/wp\/v2\/pages"}],"about":[{"href":"https:\/\/agora.xtec.cat\/iesvila-seca\/wp-json\/wp\/v2\/types\/page"}],"author":[{"embeddable":true,"href":"https:\/\/agora.xtec.cat\/iesvila-seca\/wp-json\/wp\/v2\/users\/1"}],"replies":[{"embeddable":true,"href":"https:\/\/agora.xtec.cat\/iesvila-seca\/wp-json\/wp\/v2\/comments?post=8773"}],"version-history":[{"count":4,"href":"https:\/\/agora.xtec.cat\/iesvila-seca\/wp-json\/wp\/v2\/pages\/8773\/revisions"}],"predecessor-version":[{"id":9579,"href":"https:\/\/agora.xtec.cat\/iesvila-seca\/wp-json\/wp\/v2\/pages\/8773\/revisions\/9579"}],"up":[{"embeddable":true,"href":"https:\/\/agora.xtec.cat\/iesvila-seca\/wp-json\/wp\/v2\/pages\/8766"}],"wp:attachment":[{"href":"https:\/\/agora.xtec.cat\/iesvila-seca\/wp-json\/wp\/v2\/media?parent=8773"}],"curies":[{"name":"wp","href":"https:\/\/api.w.org\/{rel}","templated":true}]}}