{"id":77,"date":"2014-09-18T10:29:25","date_gmt":"2014-09-18T09:29:25","guid":{"rendered":"http:\/\/agora.xtec.cat\/iesvila-seca\/?page_id=77"},"modified":"2025-09-05T12:12:38","modified_gmt":"2025-09-05T10:12:38","slug":"transport-escolar","status":"publish","type":"page","link":"https:\/\/agora.xtec.cat\/iesvila-seca\/serveis\/transport-escolar\/","title":{"rendered":"Transport"},"content":{"rendered":"<p style=\"font-weight: 400; text-align: justify;\">Per a poder accedir al servei de transport escolar dels nuclis de la Plana i la Pineda als Instituts de Vila-seca pel curs 2025-2026, cal que la fam\u00edlia faci una sol\u00b7licitud en l\u00ednia a la Seu electr\u00f2nica del <a href=\"https:\/\/vila-seca.eadministracio.cat\/\">web de l\u2019Ajuntament de Vila-seca<\/a> o b\u00e9 adre\u00e7ar-se a l\u2019Oficina d\u2019Atenci\u00f3 Ciutadana, al c. de la Font, 1. L\u2019alumnat rebr\u00e0 un carnet identificatiu.<\/p>\n<p style=\"font-weight: 400; text-align: justify;\">Aquest tr\u00e0mit \u00e9s indispensable per a poder fer \u00fas del servei de transport escolar.<\/p>\n<p style=\"font-weight: 400; text-align: justify;\">Per a m\u00e9s informaci\u00f3 us podeu posar en contacte amb l\u2019\u00c0rea d\u2019Ensenyament de l\u2019Ajuntament de Vila-seca, al tel\u00e8fon 977.30.93.27 o b\u00e9 a l\u2019adre\u00e7a <a href=\"mailto:ensenyament@vila-seca.cat\">ensenyament@vila-seca.cat<\/a>.<\/p>\n<p style=\"font-weight: 400;\">Per m\u00e9s informaci\u00f3, contacteu amb l\u2019Ajuntament.<\/p>\n<table style=\"border-collapse: collapse; width: 100%;\">\n<tbody>\n<tr>\n<td style=\"width: 100%;\"><a href=\"https:\/\/agora.xtec.cat\/iesvila-seca\/wp-content\/uploads\/usu475\/2025\/09\/Captura-de-pantalla-2025-09-05-a-les-12.08.11-1.png\"><img loading=\"lazy\" decoding=\"async\" class=\"size-full wp-image-12711 aligncenter\" src=\"https:\/\/agora.xtec.cat\/iesvila-seca\/wp-content\/uploads\/usu475\/2025\/09\/Captura-de-pantalla-2025-09-05-a-les-12.08.11-1.png\" alt=\"\" width=\"1024\" height=\"764\" srcset=\"https:\/\/agora.xtec.cat\/iesvila-seca\/wp-content\/uploads\/usu475\/2025\/09\/Captura-de-pantalla-2025-09-05-a-les-12.08.11-1.png 1024w, https:\/\/agora.xtec.cat\/iesvila-seca\/wp-content\/uploads\/usu475\/2025\/09\/Captura-de-pantalla-2025-09-05-a-les-12.08.11-1-300x224.png 300w, https:\/\/agora.xtec.cat\/iesvila-seca\/wp-content\/uploads\/usu475\/2025\/09\/Captura-de-pantalla-2025-09-05-a-les-12.08.11-1-768x573.png 768w, https:\/\/agora.xtec.cat\/iesvila-seca\/wp-content\/uploads\/usu475\/2025\/09\/Captura-de-pantalla-2025-09-05-a-les-12.08.11-1-200x150.png 200w\" sizes=\"auto, (max-width: 1024px) 100vw, 1024px\" \/><\/a><\/td>\n<\/tr>\n<tr>\n<td style=\"width: 100%;\"><a href=\"https:\/\/agora.xtec.cat\/iesvila-seca\/wp-content\/uploads\/usu475\/2025\/09\/Captura-de-pantalla-2025-09-03-a-les-18.52.59.png\"><img loading=\"lazy\" decoding=\"async\" class=\"size-full wp-image-12706 aligncenter\" src=\"https:\/\/agora.xtec.cat\/iesvila-seca\/wp-content\/uploads\/usu475\/2025\/09\/Captura-de-pantalla-2025-09-03-a-les-18.52.59.png\" alt=\"\" width=\"1024\" height=\"721\" srcset=\"https:\/\/agora.xtec.cat\/iesvila-seca\/wp-content\/uploads\/usu475\/2025\/09\/Captura-de-pantalla-2025-09-03-a-les-18.52.59.png 1024w, https:\/\/agora.xtec.cat\/iesvila-seca\/wp-content\/uploads\/usu475\/2025\/09\/Captura-de-pantalla-2025-09-03-a-les-18.52.59-300x211.png 300w, https:\/\/agora.xtec.cat\/iesvila-seca\/wp-content\/uploads\/usu475\/2025\/09\/Captura-de-pantalla-2025-09-03-a-les-18.52.59-768x541.png 768w\" sizes=\"auto, (max-width: 1024px) 100vw, 1024px\" \/><\/a><\/td>\n<\/tr>\n<tr>\n<td style=\"width: 100%;\"><a href=\"https:\/\/agora.xtec.cat\/iesvila-seca\/wp-content\/uploads\/usu475\/2025\/09\/Captura-de-pantalla-2025-09-03-a-les-18.54.14.png\"><img loading=\"lazy\" decoding=\"async\" class=\"size-full wp-image-12707 aligncenter\" src=\"https:\/\/agora.xtec.cat\/iesvila-seca\/wp-content\/uploads\/usu475\/2025\/09\/Captura-de-pantalla-2025-09-03-a-les-18.54.14.png\" alt=\"\" width=\"1024\" height=\"723\" srcset=\"https:\/\/agora.xtec.cat\/iesvila-seca\/wp-content\/uploads\/usu475\/2025\/09\/Captura-de-pantalla-2025-09-03-a-les-18.54.14.png 1024w, https:\/\/agora.xtec.cat\/iesvila-seca\/wp-content\/uploads\/usu475\/2025\/09\/Captura-de-pantalla-2025-09-03-a-les-18.54.14-300x212.png 300w, https:\/\/agora.xtec.cat\/iesvila-seca\/wp-content\/uploads\/usu475\/2025\/09\/Captura-de-pantalla-2025-09-03-a-les-18.54.14-768x542.png 768w\" sizes=\"auto, (max-width: 1024px) 100vw, 1024px\" \/><\/a><\/td>\n<\/tr>\n<\/tbody>\n<\/table>\n","protected":false},"excerpt":{"rendered":"<p>Per a poder accedir al servei de transport escolar dels nuclis de la Plana i la Pineda als Instituts de Vila-seca pel curs 2025-2026, cal que la fam\u00edlia faci una sol\u00b7licitud en l\u00ednia a la Seu electr\u00f2nica del web de l\u2019Ajuntament de Vila-seca o b\u00e9 adre\u00e7ar-se a l\u2019Oficina d\u2019Atenci\u00f3 Ciutadana, al c. de la Font, [&hellip;]<\/p>\n","protected":false},"author":1,"featured_media":0,"parent":63,"menu_order":25,"comment_status":"closed","ping_status":"closed","template":"page-templates\/side-menu.php","meta":{"_bbp_topic_count":0,"_bbp_reply_count":0,"_bbp_total_topic_count":0,"_bbp_total_reply_count":0,"_bbp_voice_count":0,"_bbp_anonymous_reply_count":0,"_bbp_topic_count_hidden":0,"_bbp_reply_count_hidden":0,"_bbp_forum_subforum_count":0,"site-sidebar-layout":"default","site-content-layout":"","ast-site-content-layout":"","site-content-style":"default","site-sidebar-style":"default","ast-global-header-display":"","ast-banner-title-visibility":"","ast-main-header-display":"","ast-hfb-above-header-display":"","ast-hfb-below-header-display":"","ast-hfb-mobile-header-display":"","site-post-title":"","ast-breadcrumbs-content":"","ast-featured-img":"","footer-sml-layout":"","theme-transparent-header-meta":"","adv-header-id-meta":"","stick-header-meta":"","header-above-stick-meta":"","header-main-stick-meta":"","header-below-stick-meta":"","astra-migrate-meta-layouts":"default","ast-page-background-enabled":"default","ast-page-background-meta":{"desktop":{"background-color":"var(--ast-global-color-4)","background-image":"","background-repeat":"repeat","background-position":"center center","background-size":"auto","background-attachment":"scroll","background-type":"","background-media":"","overlay-type":"","overlay-color":"","overlay-opacity":"","overlay-gradient":""},"tablet":{"background-color":"","background-image":"","background-repeat":"repeat","background-position":"center center","background-size":"auto","background-attachment":"scroll","background-type":"","background-media":"","overlay-type":"","overlay-color":"","overlay-opacity":"","overlay-gradient":""},"mobile":{"background-color":"","background-image":"","background-repeat":"repeat","background-position":"center center","background-size":"auto","background-attachment":"scroll","background-type":"","background-media":"","overlay-type":"","overlay-color":"","overlay-opacity":"","overlay-gradient":""}},"ast-content-background-meta":{"desktop":{"background-color":"var(--ast-global-color-5)","background-image":"","background-repeat":"repeat","background-position":"center center","background-size":"auto","background-attachment":"scroll","background-type":"","background-media":"","overlay-type":"","overlay-color":"","overlay-opacity":"","overlay-gradient":""},"tablet":{"background-color":"var(--ast-global-color-5)","background-image":"","background-repeat":"repeat","background-position":"center center","background-size":"auto","background-attachment":"scroll","background-type":"","background-media":"","overlay-type":"","overlay-color":"","overlay-opacity":"","overlay-gradient":""},"mobile":{"background-color":"var(--ast-global-color-5)","background-image":"","background-repeat":"repeat","background-position":"center center","background-size":"auto","background-attachment":"scroll","background-type":"","background-media":"","overlay-type":"","overlay-color":"","overlay-opacity":"","overlay-gradient":""}},"footnotes":""},"class_list":["post-77","page","type-page","status-publish","hentry"],"post_mailing_queue_ids":[],"_links":{"self":[{"href":"https:\/\/agora.xtec.cat\/iesvila-seca\/wp-json\/wp\/v2\/pages\/77","targetHints":{"allow":["GET"]}}],"collection":[{"href":"https:\/\/agora.xtec.cat\/iesvila-seca\/wp-json\/wp\/v2\/pages"}],"about":[{"href":"https:\/\/agora.xtec.cat\/iesvila-seca\/wp-json\/wp\/v2\/types\/page"}],"author":[{"embeddable":true,"href":"https:\/\/agora.xtec.cat\/iesvila-seca\/wp-json\/wp\/v2\/users\/1"}],"replies":[{"embeddable":true,"href":"https:\/\/agora.xtec.cat\/iesvila-seca\/wp-json\/wp\/v2\/comments?post=77"}],"version-history":[{"count":7,"href":"https:\/\/agora.xtec.cat\/iesvila-seca\/wp-json\/wp\/v2\/pages\/77\/revisions"}],"predecessor-version":[{"id":12712,"href":"https:\/\/agora.xtec.cat\/iesvila-seca\/wp-json\/wp\/v2\/pages\/77\/revisions\/12712"}],"up":[{"embeddable":true,"href":"https:\/\/agora.xtec.cat\/iesvila-seca\/wp-json\/wp\/v2\/pages\/63"}],"wp:attachment":[{"href":"https:\/\/agora.xtec.cat\/iesvila-seca\/wp-json\/wp\/v2\/media?parent=77"}],"curies":[{"name":"wp","href":"https:\/\/api.w.org\/{rel}","templated":true}]}}