{"id":7385,"date":"2020-10-05T19:21:47","date_gmt":"2020-10-05T17:21:47","guid":{"rendered":"http:\/\/agora.xtec.cat\/iesvila-seca\/?page_id=7385"},"modified":"2025-07-12T12:01:39","modified_gmt":"2025-07-12T10:01:39","slug":"estada-empresa-1","status":"publish","type":"page","link":"https:\/\/agora.xtec.cat\/iesvila-seca\/estudis\/estada-empresa-1\/","title":{"rendered":"Estada Empresa (I i II)"},"content":{"rendered":"<p style=\"text-align: justify;\">L\u2019 Estada a l\u2019Empresa \u00e9s una mat\u00e8ria optativa del curr\u00edculum de batxillerat que es pot cursar a primer o a segon curs. (A l\u2019Institut Vila-seca s\u2019ofereix cursar-la a 1r de BAT). T\u00e9 una funci\u00f3 essencialment orientadora, no vinculada a cap modalitat, i t\u00e9 com a objectiu fer con\u00e8ixer als i les alumnes la realitat del m\u00f3n laboral i els permet canalitzar les seves prefer\u00e8ncies i capacitats en un context diferent de l\u2019acad\u00e8mic.<\/p>\n<p style=\"text-align: justify;\">Consisteix b\u00e0sicament en un per\u00edode de perman\u00e8ncia i activitat dels i les alumnes en una empresa, entesa com a unitat de producci\u00f3, distribuci\u00f3 o de serveis.\u00a0 Durant l\u2019estada, l\u2019alumne o alumna pren contacte amb un camp professional cap al qual se sent motivat i, aix\u00ed, pot enfocar millor el seu projecte de futur acad\u00e8mic i professional.<\/p>\n<p style=\"text-align: justify;\">La mat\u00e8ria ofereix a l\u2019alumnat la possibilitat de con\u00e8ixer l\u2019estructura organitzativa d\u2019una empresa i la gesti\u00f3 dels seus recursos humans, materials i energ\u00e8tics; les condicions legals que afecten les relacions laborals; i la identificaci\u00f3 de les capacitats pr\u00f2pies referides al m\u00f3n laboral per tal d\u2019establir el seu itinerari formatiu i professional d\u2019acord amb els seus interessos.<\/p>\n<p style=\"text-align: justify;\">Es requereix que en el moment d\u2019iniciar les pr\u00e0ctiques en l\u2019empresa l\u2019alumnat hagi complert els 16 anys (d\u2019acord amb l\u2019Estatut dels treballadors).<\/p>\n<h4><\/h4>\n<h4>1r de BAT<\/h4>\n<p style=\"text-align: justify;\">En la nova ordenaci\u00f3 curricular del batxillerat, l\u2019Estada a l\u2019Empresa es cursa en les franges de mat\u00e8ries optatives trimestrals i est\u00e0 formada per una part te\u00f2rica, que s\u2019imparteix al centre educatiu, i una part pr\u00e0ctica d\u2019un m\u00ednim de 70 hores de durada, que es fa al centre de treball.<\/p>\n<p style=\"text-align: justify;\">At\u00e8s que les franges d\u2019optatives de primer s\u00f3n de 3 hores, la concreci\u00f3 \u00e9s la seg\u00fcent:<\/p>\n<p style=\"text-align: justify;\">L\u2019alumne o alumna es matricula de l\u2019Estada a l\u2019Empresa a primer de batxillerat els tres trimestres d\u2019una de les franges de mat\u00e8ries optatives trimestrals i, per tant, la mat\u00e8ria s\u2019avalua \u00edntegrament en aquest curs i la seva qualificaci\u00f3 \u00e9s la que correspon a aquesta franja de mat\u00e8ries optatives trimestrals. El nombre total d\u2019hores d\u2019aquesta opci\u00f3 \u00e9s de 105 (35 hores de part te\u00f2rica i 70 hores de part pr\u00e0ctica).<\/p>\n<h4><\/h4>\n<h4>2n de BAT<\/h4>\n<p style=\"text-align: justify;\">D\u2019altra banda, <strong>l\u2019alumnat que no hagi cursat estada a l\u2019empresa a 1r de BAT,<\/strong> podr\u00e0 matricular-se un trimestre d\u2019una ODS i 2 trimestres d\u2019estada a l\u2019empresa, nom\u00e9s en el cas que la pugui convalidar acreditant una experi\u00e8ncia laboral igual o superior a 200 hores. (mirar apartat convalidaci\u00f3 estada a l\u2019empresa per veure la documentaci\u00f3 i condicions requerides).<\/p>\n","protected":false},"excerpt":{"rendered":"<p>L\u2019 Estada a l\u2019Empresa \u00e9s una mat\u00e8ria optativa del curr\u00edculum de batxillerat que es pot cursar a primer o a segon curs. (A l\u2019Institut Vila-seca s\u2019ofereix cursar-la a 1r de BAT). T\u00e9 una funci\u00f3 essencialment orientadora, no vinculada a cap modalitat, i t\u00e9 com a objectiu fer con\u00e8ixer als i les alumnes la realitat del [&hellip;]<\/p>\n","protected":false},"author":1,"featured_media":0,"parent":195,"menu_order":4,"comment_status":"closed","ping_status":"closed","template":"page-templates\/side-menu.php","meta":{"_bbp_topic_count":0,"_bbp_reply_count":0,"_bbp_total_topic_count":0,"_bbp_total_reply_count":0,"_bbp_voice_count":0,"_bbp_anonymous_reply_count":0,"_bbp_topic_count_hidden":0,"_bbp_reply_count_hidden":0,"_bbp_forum_subforum_count":0,"site-sidebar-layout":"default","site-content-layout":"","ast-site-content-layout":"","site-content-style":"default","site-sidebar-style":"default","ast-global-header-display":"","ast-banner-title-visibility":"","ast-main-header-display":"","ast-hfb-above-header-display":"","ast-hfb-below-header-display":"","ast-hfb-mobile-header-display":"","site-post-title":"","ast-breadcrumbs-content":"","ast-featured-img":"","footer-sml-layout":"","theme-transparent-header-meta":"","adv-header-id-meta":"","stick-header-meta":"","header-above-stick-meta":"","header-main-stick-meta":"","header-below-stick-meta":"","astra-migrate-meta-layouts":"default","ast-page-background-enabled":"default","ast-page-background-meta":{"desktop":{"background-color":"var(--ast-global-color-4)","background-image":"","background-repeat":"repeat","background-position":"center center","background-size":"auto","background-attachment":"scroll","background-type":"","background-media":"","overlay-type":"","overlay-color":"","overlay-opacity":"","overlay-gradient":""},"tablet":{"background-color":"","background-image":"","background-repeat":"repeat","background-position":"center center","background-size":"auto","background-attachment":"scroll","background-type":"","background-media":"","overlay-type":"","overlay-color":"","overlay-opacity":"","overlay-gradient":""},"mobile":{"background-color":"","background-image":"","background-repeat":"repeat","background-position":"center center","background-size":"auto","background-attachment":"scroll","background-type":"","background-media":"","overlay-type":"","overlay-color":"","overlay-opacity":"","overlay-gradient":""}},"ast-content-background-meta":{"desktop":{"background-color":"var(--ast-global-color-5)","background-image":"","background-repeat":"repeat","background-position":"center center","background-size":"auto","background-attachment":"scroll","background-type":"","background-media":"","overlay-type":"","overlay-color":"","overlay-opacity":"","overlay-gradient":""},"tablet":{"background-color":"var(--ast-global-color-5)","background-image":"","background-repeat":"repeat","background-position":"center center","background-size":"auto","background-attachment":"scroll","background-type":"","background-media":"","overlay-type":"","overlay-color":"","overlay-opacity":"","overlay-gradient":""},"mobile":{"background-color":"var(--ast-global-color-5)","background-image":"","background-repeat":"repeat","background-position":"center center","background-size":"auto","background-attachment":"scroll","background-type":"","background-media":"","overlay-type":"","overlay-color":"","overlay-opacity":"","overlay-gradient":""}},"footnotes":""},"class_list":["post-7385","page","type-page","status-publish","hentry"],"post_mailing_queue_ids":[],"_links":{"self":[{"href":"https:\/\/agora.xtec.cat\/iesvila-seca\/wp-json\/wp\/v2\/pages\/7385","targetHints":{"allow":["GET"]}}],"collection":[{"href":"https:\/\/agora.xtec.cat\/iesvila-seca\/wp-json\/wp\/v2\/pages"}],"about":[{"href":"https:\/\/agora.xtec.cat\/iesvila-seca\/wp-json\/wp\/v2\/types\/page"}],"author":[{"embeddable":true,"href":"https:\/\/agora.xtec.cat\/iesvila-seca\/wp-json\/wp\/v2\/users\/1"}],"replies":[{"embeddable":true,"href":"https:\/\/agora.xtec.cat\/iesvila-seca\/wp-json\/wp\/v2\/comments?post=7385"}],"version-history":[{"count":5,"href":"https:\/\/agora.xtec.cat\/iesvila-seca\/wp-json\/wp\/v2\/pages\/7385\/revisions"}],"predecessor-version":[{"id":12639,"href":"https:\/\/agora.xtec.cat\/iesvila-seca\/wp-json\/wp\/v2\/pages\/7385\/revisions\/12639"}],"up":[{"embeddable":true,"href":"https:\/\/agora.xtec.cat\/iesvila-seca\/wp-json\/wp\/v2\/pages\/195"}],"wp:attachment":[{"href":"https:\/\/agora.xtec.cat\/iesvila-seca\/wp-json\/wp\/v2\/media?parent=7385"}],"curies":[{"name":"wp","href":"https:\/\/api.w.org\/{rel}","templated":true}]}}