{"id":65,"date":"2014-09-18T10:12:22","date_gmt":"2014-09-18T10:12:22","guid":{"rendered":"http:\/\/agora.xtec.cat\/iesvila-seca\/?page_id=65"},"modified":"2022-09-29T17:33:00","modified_gmt":"2022-09-29T15:33:00","slug":"serveis-digitals","status":"publish","type":"page","link":"https:\/\/agora.xtec.cat\/iesvila-seca\/serveis\/serveis-digitals\/","title":{"rendered":"Serveis digitals"},"content":{"rendered":"<div title=\"Page 12\">\n<h5>LA WEB DE L&#8217;INSTITUT<\/h5>\n<p>Trobareu a <a href=\"http:\/\/agora.xtec.cat\/iesvila-seca\/\">la web del centre<\/a> tota la informaci\u00f3 pertinent al curs: la previsi\u00f3 d\u2019activitats, els llibres, la informaci\u00f3 dels departaments, les novetats i darreres not\u00edcies, les fotografies&#8230;<\/p>\n<\/div>\n<h5><\/h5>\n<p>&nbsp;<\/p>\n<div title=\"Page 12\">\n<h5>LA PLATAFORMA IEDUCA<\/h5>\n<p><a href=\"https:\/\/login.ieduca.com\/?error=login.no_token&amp;lang=ca&amp;centre=insvilaseca&amp;modul=base&amp;urlback=Lw%3D%3D\">Ieduca<\/a>\u00a0\u00e9s un espai d\u2019informaci\u00f3 particular sobre el vostre fill\/filla: retards, abs\u00e8ncies, deures&#8230; Hi podeu accedir tamb\u00e9 des de la <a href=\"http:\/\/agora.xtec.cat\/iesvila-seca\/\">web de l&#8217;Institut.<\/a><\/p>\n<ul>\n<li>Disposeu d&#8217;una <a href=\"https:\/\/agora.xtec.cat\/iesvila-seca\/wp-content\/uploads\/usu475\/2022\/09\/Guia-iEduca-per-les-families-Ins-Vila-seca.pdf\">guia d&#8217;\u00fas de la plataforma Ieduca<\/a> amb els detalls del servei.<\/li>\n<\/ul>\n<\/div>\n<h5><\/h5>\n<p>&nbsp;<\/p>\n<div title=\"Page 12\">\n<h5>TOKAPP<\/h5>\n<p>TokApp \u00e9s una aplicaci\u00f3 m\u00f2vil de comunicaci\u00f3 i pagaments. Facilitat la gesti\u00f3 de les sortides i altres activitats que tenen un cost per l&#8217;alumnat.<\/p>\n<\/div>\n<ul>\n<li>En <a href=\"https:\/\/agora.xtec.cat\/iesvila-seca\/wp-content\/uploads\/usu475\/2022\/09\/Manual-Usuarios-App.pdf\">aquest enlla\u00e7 trobareu informaci\u00f3 general<\/a> sobre l&#8217;aplicaci\u00f3 TokApp.<\/li>\n<li><a href=\"https:\/\/agora.xtec.cat\/iesvila-seca\/wp-content\/uploads\/usu475\/2022\/09\/Manual-Pagos_Usuarios-families.pdf\">Aqu\u00ed disposeu d&#8217;informaci\u00f3 detallada sobre com fer els pagaments.\u00a0<\/a><\/li>\n<\/ul>\n<p>&nbsp;<\/p>\n<p>&nbsp;<\/p>\n<div title=\"Page 12\">\n<h5>SMS O VIA TELEF\u00d2NICA<\/h5>\n<p>Algunes not\u00edcies o missatges que no apareguin en la plataforma us arribaran via SMS, per tant, \u00e9s important actualitzar sempre les dades del vostre tel\u00e8fon m\u00f2bil. El professorat podr\u00e0 parlar amb vosaltres personalment via tel\u00e8fon.<\/p>\n<\/div>\n<h5><\/h5>\n<p>&nbsp;<\/p>\n<div title=\"Page 12\">\n<h5>XARXES SOCIALS<\/h5>\n<p>La informaci\u00f3 per les fam\u00edlies i l\u2019alumnat tamb\u00e9 apareix a trav\u00e9s del <a href=\"https:\/\/www.facebook.com\/Insvilaseca\/?ref=bookmarks\">facebook de la nostra comunitat<\/a>.<\/p>\n<div title=\"Page 12\">\n<p>&nbsp;<\/p>\n<\/div>\n<\/div>\n","protected":false},"excerpt":{"rendered":"<p>LA WEB DE L&#8217;INSTITUT Trobareu a la web del centre tota la informaci\u00f3 pertinent al curs: la previsi\u00f3 d\u2019activitats, els llibres, la informaci\u00f3 dels departaments, les novetats i darreres not\u00edcies, les fotografies&#8230; &nbsp; LA PLATAFORMA IEDUCA Ieduca\u00a0\u00e9s un espai d\u2019informaci\u00f3 particular sobre el vostre fill\/filla: retards, abs\u00e8ncies, deures&#8230; Hi podeu accedir tamb\u00e9 des de la [&hellip;]<\/p>\n","protected":false},"author":1,"featured_media":0,"parent":63,"menu_order":15,"comment_status":"closed","ping_status":"closed","template":"page-templates\/side-menu.php","meta":{"_bbp_topic_count":0,"_bbp_reply_count":0,"_bbp_total_topic_count":0,"_bbp_total_reply_count":0,"_bbp_voice_count":0,"_bbp_anonymous_reply_count":0,"_bbp_topic_count_hidden":0,"_bbp_reply_count_hidden":0,"_bbp_forum_subforum_count":0,"site-sidebar-layout":"default","site-content-layout":"","ast-site-content-layout":"","site-content-style":"default","site-sidebar-style":"default","ast-global-header-display":"","ast-banner-title-visibility":"","ast-main-header-display":"","ast-hfb-above-header-display":"","ast-hfb-below-header-display":"","ast-hfb-mobile-header-display":"","site-post-title":"","ast-breadcrumbs-content":"","ast-featured-img":"","footer-sml-layout":"","theme-transparent-header-meta":"","adv-header-id-meta":"","stick-header-meta":"","header-above-stick-meta":"","header-main-stick-meta":"","header-below-stick-meta":"","astra-migrate-meta-layouts":"default","ast-page-background-enabled":"default","ast-page-background-meta":{"desktop":{"background-color":"var(--ast-global-color-4)","background-image":"","background-repeat":"repeat","background-position":"center center","background-size":"auto","background-attachment":"scroll","background-type":"","background-media":"","overlay-type":"","overlay-color":"","overlay-opacity":"","overlay-gradient":""},"tablet":{"background-color":"","background-image":"","background-repeat":"repeat","background-position":"center center","background-size":"auto","background-attachment":"scroll","background-type":"","background-media":"","overlay-type":"","overlay-color":"","overlay-opacity":"","overlay-gradient":""},"mobile":{"background-color":"","background-image":"","background-repeat":"repeat","background-position":"center center","background-size":"auto","background-attachment":"scroll","background-type":"","background-media":"","overlay-type":"","overlay-color":"","overlay-opacity":"","overlay-gradient":""}},"ast-content-background-meta":{"desktop":{"background-color":"var(--ast-global-color-5)","background-image":"","background-repeat":"repeat","background-position":"center center","background-size":"auto","background-attachment":"scroll","background-type":"","background-media":"","overlay-type":"","overlay-color":"","overlay-opacity":"","overlay-gradient":""},"tablet":{"background-color":"var(--ast-global-color-5)","background-image":"","background-repeat":"repeat","background-position":"center center","background-size":"auto","background-attachment":"scroll","background-type":"","background-media":"","overlay-type":"","overlay-color":"","overlay-opacity":"","overlay-gradient":""},"mobile":{"background-color":"var(--ast-global-color-5)","background-image":"","background-repeat":"repeat","background-position":"center center","background-size":"auto","background-attachment":"scroll","background-type":"","background-media":"","overlay-type":"","overlay-color":"","overlay-opacity":"","overlay-gradient":""}},"footnotes":""},"class_list":["post-65","page","type-page","status-publish","hentry"],"post_mailing_queue_ids":[],"_links":{"self":[{"href":"https:\/\/agora.xtec.cat\/iesvila-seca\/wp-json\/wp\/v2\/pages\/65","targetHints":{"allow":["GET"]}}],"collection":[{"href":"https:\/\/agora.xtec.cat\/iesvila-seca\/wp-json\/wp\/v2\/pages"}],"about":[{"href":"https:\/\/agora.xtec.cat\/iesvila-seca\/wp-json\/wp\/v2\/types\/page"}],"author":[{"embeddable":true,"href":"https:\/\/agora.xtec.cat\/iesvila-seca\/wp-json\/wp\/v2\/users\/1"}],"replies":[{"embeddable":true,"href":"https:\/\/agora.xtec.cat\/iesvila-seca\/wp-json\/wp\/v2\/comments?post=65"}],"version-history":[{"count":4,"href":"https:\/\/agora.xtec.cat\/iesvila-seca\/wp-json\/wp\/v2\/pages\/65\/revisions"}],"predecessor-version":[{"id":9442,"href":"https:\/\/agora.xtec.cat\/iesvila-seca\/wp-json\/wp\/v2\/pages\/65\/revisions\/9442"}],"up":[{"embeddable":true,"href":"https:\/\/agora.xtec.cat\/iesvila-seca\/wp-json\/wp\/v2\/pages\/63"}],"wp:attachment":[{"href":"https:\/\/agora.xtec.cat\/iesvila-seca\/wp-json\/wp\/v2\/media?parent=65"}],"curies":[{"name":"wp","href":"https:\/\/api.w.org\/{rel}","templated":true}]}}