{"id":43,"date":"2014-09-17T16:45:07","date_gmt":"2014-09-17T16:45:07","guid":{"rendered":"http:\/\/agora.xtec.cat\/iesvila-seca\/?page_id=43"},"modified":"2026-02-13T08:14:01","modified_gmt":"2026-02-13T07:14:01","slug":"consell-escolar","status":"publish","type":"page","link":"https:\/\/agora.xtec.cat\/iesvila-seca\/linstitut\/consell-escolar\/","title":{"rendered":"Consell Escolar"},"content":{"rendered":"<div title=\"Page 4\">\n<h4><\/h4>\n<h4 style=\"text-align: justify;\">Qu\u00e8 \u00e9s el Consell Escolar?<\/h4>\n<p style=\"text-align: justify; padding-left: 40px;\">El Consell Escolar \u00e9s l\u2019\u00f2rgan de participaci\u00f3 en el control i gesti\u00f3 del centre dels diferents sectors que constitueixen la comunitat educativa. (Equip directiu, professorat, fam\u00edlies, alumnat, Ampa, ajuntament, i personal d\u2019administraci\u00f3 i serveis).<\/p>\n<h4 style=\"text-align: justify;\">Qui forma part del Consell Escolar de l\u2019Institut Vila-seca?<\/h4>\n<p style=\"text-align: justify; padding-left: 40px;\">El consell escolar d&#8217;un centre p\u00fablic est\u00e0 integrat per:<\/p>\n<ul>\n<li style=\"list-style-type: none;\">\n<ul>\n<li style=\"list-style-type: none;\">\n<ul style=\"text-align: justify;\">\n<li style=\"text-align: justify;\">La directora, que el presideix.<\/li>\n<li style=\"text-align: justify;\">La cap d&#8217;estudis.<\/li>\n<li style=\"text-align: justify;\">Un o una representant de l&#8217;ajuntament de la localitat on es troba situat el centre.<\/li>\n<li style=\"text-align: justify;\">La secret\u00e0ria del centre que assisteix amb veu i sense vot i exerceix la secretaria del consell.<\/li>\n<li style=\"text-align: justify;\">Els i les representants del professorat s&#8217;elegeixen pel claustre. Al nostre centre 6 representants.<\/li>\n<li style=\"text-align: justify;\">Els i les representants de l&#8217;alumnat i dels pares i mares o tutors, elegits respectivament per ells i entre ells. Al nostre centre 3 alumnes i 3 membres de les fam\u00edlies<\/li>\n<li style=\"text-align: justify;\">Un\/a representant del personal d&#8217;administraci\u00f3 i serveis, elegit per-i entre aquest personal.<\/li>\n<\/ul>\n<\/li>\n<\/ul>\n<\/li>\n<\/ul>\n<p style=\"text-align: justify; padding-left: 40px;\">Som un total de 17 persones.<\/p>\n<h4 style=\"text-align: justify;\">Quines comissions hi ha?<\/h4>\n<p style=\"text-align: justify; padding-left: 40px;\"><u>Hi ha 3 comissions:<\/u> la representativa, la de conviv\u00e8ncia i la econ\u00f2mica. Funcionen com a representants del CE en tot moment i en cada una d\u2019elles hi ha un membre de l\u2019alumnat, del professorat i de les fam\u00edlies a m\u00e9s dels representants de la direcci\u00f3 del centre.<\/p>\n<h4 style=\"text-align: justify;\">Com es renova el Consell Escolar?<\/h4>\n<p style=\"text-align: justify; padding-left: 40px;\">El proc\u00e9s de renovaci\u00f3 dels membres del Consell Escolar es desenvolupa durant el primer trimestre de cada dos cursos acad\u00e8mics. El Consell escolar es renova per meitats cada dos anys, de forma alternativa.<\/p>\n<h4 style=\"text-align: justify;\">Com \u00e9s el funcionament del Consell Escolar?<\/h4>\n<p style=\"text-align: justify; padding-left: 40px;\">El Consell Escolar es reuneix, com a m\u00ednim, una vegada al trimestre i sempre que el convoqui la directora o quan sigui sol\u00b7licitat per almenys un ter\u00e7 dels seus membres. En tot cas \u00e9s preceptiu, a m\u00e9s, una reuni\u00f3 a principi de curs i una altra al final. L\u2019assist\u00e8ncia a les sessions del Consell escolar \u00e9s obligat\u00f2ria per a tots els seus membres.<br \/>\nEl Consell Escolar adoptar\u00e0 els acords per majoria simple excepte en els seg\u00fcents casos:<\/p>\n<ul>\n<li style=\"list-style-type: none;\">\n<ul>\n<li style=\"list-style-type: none;\">\n<ul style=\"text-align: justify;\">\n<li>Aprovaci\u00f3 del pressupost i de la seva execuci\u00f3, que es fa per majoria absoluta.<\/li>\n<li>Aprovaci\u00f3 del Projecte Educatiu i del Reglament de R\u00e8gim Intern, i de les seves modificacions, que es fa per majoria de dos ter\u00e7os.<\/li>\n<\/ul>\n<\/li>\n<\/ul>\n<\/li>\n<\/ul>\n<h4 style=\"text-align: justify;\">Quines compet\u00e8ncies t\u00e9 el Consell Escolar?<\/h4>\n<ol>\n<li style=\"list-style-type: none;\">\n<ol>\n<li style=\"list-style-type: none;\">\n<ol style=\"text-align: justify;\">\n<li>Formular propostes a l\u2019equip directiu sobre la programaci\u00f3 anual del centre i aprovar el projecte educatiu, sense perjudici de les compet\u00e8ncies del claustre de professors, en relaci\u00f3 amb la planificaci\u00f3 i l\u2019organitzaci\u00f3 docent.<\/li>\n<li>Elaborar informes, a petici\u00f3 de l\u2019Administraci\u00f3 competent, sobre el funcionament del centre i sobre aspectes relacionats amb l\u2019activitat d\u2019aquest.<\/li>\n<li>Participar en el proc\u00e9s d\u2019admissi\u00f3 d\u2019alumnes i vetllar perqu\u00e8 es realitzi amb subjecci\u00f3 a l\u2019establert en aquesta Llei i en les disposicions que la desenvolupen.<\/li>\n<li>Aprovar el Reglament de R\u00e8gim Intern del centre.<\/li>\n<li>Con\u00e8ixer la resoluci\u00f3 de conflictes disciplinaris i la imposici\u00f3 de sancions, i vetllar perqu\u00e8 aquestes s\u2019atinguin a la normativa vigent.<\/li>\n<li>Aprovar el projecte de pressupost del centre i la seva liquidaci\u00f3.<\/li>\n<li>Promoure la conservaci\u00f3 i la renovaci\u00f3 de les instal\u00b7lacions i de l\u2019equipament escolar.<\/li>\n<li>Proposar les directrius per a la col\u00b7laboraci\u00f3, amb finalitats educatives i culturals, amb altres centres, entitats i organismes.<\/li>\n<li>Analitzar i valorar el funcionament general del centre, l\u2019evoluci\u00f3 del rendiment escolar i els resultats de l\u2019avaluaci\u00f3 del centre que realitzi l\u2019Administraci\u00f3 educativa.<\/li>\n<li>Ser informat de la proposta a l\u2019Administraci\u00f3 educativa del nomenament i la cessaci\u00f3 dels membres de l\u2019equip directiu.<\/li>\n<li>Proposar mesures i iniciatives que afavoreixin la conviv\u00e8ncia al centre.<\/li>\n<\/ol>\n<\/li>\n<\/ol>\n<\/li>\n<\/ol>\n<h4 style=\"text-align: justify;\">Qui es pot presentar com a candidat del sector de pares i mares d\u2019alumnes?<\/h4>\n<p style=\"text-align: justify; padding-left: 40px;\">Tots els pares, mares i tutors legals, els fills dels quals estiguin matriculats en el centre en el moment de la convocat\u00f2ria de les eleccions.<\/p>\n<h4 style=\"text-align: justify;\">Durant quant temps s\u2019\u00e9s membre del Consell Escolar?<\/h4>\n<p style=\"text-align: justify; padding-left: 40px;\">La condici\u00f3 de membre electe del consell escolar del centre dura per <strong><u>quatre anys<\/u><\/strong>. Cada dos anys es renova la meitat dels membres representants del professorat i la meitat dels membres representants dels pares d&#8217;alumnes, sens perjudici que es puguin cobrir d&#8217;immediat les vacants que es produeixin.<\/p>\n<h4 style=\"text-align: justify;\">Qui t\u00e9 dret a votar d\u2019aquest sector?<\/h4>\n<p style=\"text-align: justify; padding-left: 40px;\">Poden votar el pare i la mare o tutor o tutora respectiu, llevat que la p\u00e0tria potestat de l&#8217;alumne\/a estigui conferida en exclusiva al pare o a la mare, cas en el qual nom\u00e9s aquest o aquesta t\u00e9 dret a vot.<\/p>\n<h4 style=\"text-align: justify;\">Quins s\u00f3n els horaris del Consell Escolar de la nostra escola?<\/h4>\n<p style=\"text-align: justify; padding-left: 40px;\">Es reuneix un cop cada trimestre i al inici i a final de curs. Les reunions es fan a l\u2019Institut normalment a les 17:30 els dimecres.<\/p>\n<p style=\"text-align: justify; padding-left: 40px;\">M\u00e9s informaci\u00f3:<\/p>\n<p style=\"text-align: justify; padding-left: 40px;\"><a href=\"https:\/\/educacio.gencat.cat\/ca\/arees-actuacio\/centres-serveis-educatius\/centres\/consells-escolars-centres\/centres-publics\/\">https:\/\/educacio.gencat.cat\/ca\/arees-actuacio\/centres-serveis-educatius\/centres\/consells-escolars-centres\/centres-publics\/<\/a><\/p>\n<\/div>\n<hr \/>\n<h4>Acords del Consell Escolar<\/h4>\n<ul>\n<li><a href=\"https:\/\/agora.xtec.cat\/iesvila-seca\/wp-content\/uploads\/usu475\/2026\/02\/Acords-Acta-3-CE-28.01.26.pdf\">Certificat dels acords de la reuni\u00f3 del Consell Escolar de l&#8217;Institut Vila-seca, de data 12 de febrer de 2026<\/a><\/li>\n<li><a href=\"https:\/\/agora.xtec.cat\/iesvila-seca\/wp-content\/uploads\/usu475\/2025\/10\/Acords-Acta-1-CE-15.10.25-s.pdf\">Certificat dels acords de la reuni\u00f3 del Consell Escolar de l&#8217;Institut Vila-seca, de data 27 d&#8217;octubre de 2025<\/a><\/li>\n<li><a href=\"https:\/\/agora.xtec.cat\/iesvila-seca\/wp-content\/uploads\/usu475\/2025\/09\/Acords-Acta-5-CE-30.06.25.pdf\">Certificat dels acords de la reuni\u00f3 del Consell Escolar de l&#8217;Institut Vila-seca, de data 30 de juny de 2025<\/a><\/li>\n<li><a href=\"https:\/\/agora.xtec.cat\/iesvila-seca\/wp-content\/uploads\/usu475\/2025\/09\/Acords-Acta-3-CE-25.02.25.pdf\">Certificat dels acords de la reuni\u00f3 del Consell Escolar de l&#8217;Institut Vila-seca, de 25 de febrer de 2025<\/a><\/li>\n<li><a href=\"https:\/\/agora.xtec.cat\/iesvila-seca\/wp-content\/uploads\/usu475\/2025\/02\/Acords-Acta-2-CE-29.01.25.pdf\">Certificat dels acords de la reuni\u00f3 del Consell Escolar de l&#8217;Institut Vila-seca, de data 29 de gener de 2025<\/a><\/li>\n<li><a href=\"https:\/\/agora.xtec.cat\/iesvila-seca\/wp-content\/uploads\/usu475\/2024\/10\/Acords-Acta-1-CE-06.09.24.pdf\">Certificat dels acords de la reuni\u00f3 del Consell Escolar de l&#8217;Institut Vila-seca, de data 6 de setembre de 2024<\/a><\/li>\n<\/ul>\n","protected":false},"excerpt":{"rendered":"<p>Qu\u00e8 \u00e9s el Consell Escolar? El Consell Escolar \u00e9s l\u2019\u00f2rgan de participaci\u00f3 en el control i gesti\u00f3 del centre dels diferents sectors que constitueixen la comunitat educativa. (Equip directiu, professorat, fam\u00edlies, alumnat, Ampa, ajuntament, i personal d\u2019administraci\u00f3 i serveis). Qui forma part del Consell Escolar de l\u2019Institut Vila-seca? El consell escolar d&#8217;un centre p\u00fablic est\u00e0 [&hellip;]<\/p>\n","protected":false},"author":1,"featured_media":0,"parent":19,"menu_order":40,"comment_status":"closed","ping_status":"closed","template":"page-templates\/side-menu.php","meta":{"_bbp_topic_count":0,"_bbp_reply_count":0,"_bbp_total_topic_count":0,"_bbp_total_reply_count":0,"_bbp_voice_count":0,"_bbp_anonymous_reply_count":0,"_bbp_topic_count_hidden":0,"_bbp_reply_count_hidden":0,"_bbp_forum_subforum_count":0,"site-sidebar-layout":"default","site-content-layout":"","ast-site-content-layout":"","site-content-style":"default","site-sidebar-style":"default","ast-global-header-display":"","ast-banner-title-visibility":"","ast-main-header-display":"","ast-hfb-above-header-display":"","ast-hfb-below-header-display":"","ast-hfb-mobile-header-display":"","site-post-title":"","ast-breadcrumbs-content":"","ast-featured-img":"","footer-sml-layout":"","theme-transparent-header-meta":"","adv-header-id-meta":"","stick-header-meta":"","header-above-stick-meta":"","header-main-stick-meta":"","header-below-stick-meta":"","astra-migrate-meta-layouts":"default","ast-page-background-enabled":"default","ast-page-background-meta":{"desktop":{"background-color":"var(--ast-global-color-4)","background-image":"","background-repeat":"repeat","background-position":"center center","background-size":"auto","background-attachment":"scroll","background-type":"","background-media":"","overlay-type":"","overlay-color":"","overlay-opacity":"","overlay-gradient":""},"tablet":{"background-color":"","background-image":"","background-repeat":"repeat","background-position":"center center","background-size":"auto","background-attachment":"scroll","background-type":"","background-media":"","overlay-type":"","overlay-color":"","overlay-opacity":"","overlay-gradient":""},"mobile":{"background-color":"","background-image":"","background-repeat":"repeat","background-position":"center center","background-size":"auto","background-attachment":"scroll","background-type":"","background-media":"","overlay-type":"","overlay-color":"","overlay-opacity":"","overlay-gradient":""}},"ast-content-background-meta":{"desktop":{"background-color":"var(--ast-global-color-5)","background-image":"","background-repeat":"repeat","background-position":"center center","background-size":"auto","background-attachment":"scroll","background-type":"","background-media":"","overlay-type":"","overlay-color":"","overlay-opacity":"","overlay-gradient":""},"tablet":{"background-color":"var(--ast-global-color-5)","background-image":"","background-repeat":"repeat","background-position":"center center","background-size":"auto","background-attachment":"scroll","background-type":"","background-media":"","overlay-type":"","overlay-color":"","overlay-opacity":"","overlay-gradient":""},"mobile":{"background-color":"var(--ast-global-color-5)","background-image":"","background-repeat":"repeat","background-position":"center center","background-size":"auto","background-attachment":"scroll","background-type":"","background-media":"","overlay-type":"","overlay-color":"","overlay-opacity":"","overlay-gradient":""}},"footnotes":""},"class_list":["post-43","page","type-page","status-publish","hentry"],"post_mailing_queue_ids":[],"_links":{"self":[{"href":"https:\/\/agora.xtec.cat\/iesvila-seca\/wp-json\/wp\/v2\/pages\/43","targetHints":{"allow":["GET"]}}],"collection":[{"href":"https:\/\/agora.xtec.cat\/iesvila-seca\/wp-json\/wp\/v2\/pages"}],"about":[{"href":"https:\/\/agora.xtec.cat\/iesvila-seca\/wp-json\/wp\/v2\/types\/page"}],"author":[{"embeddable":true,"href":"https:\/\/agora.xtec.cat\/iesvila-seca\/wp-json\/wp\/v2\/users\/1"}],"replies":[{"embeddable":true,"href":"https:\/\/agora.xtec.cat\/iesvila-seca\/wp-json\/wp\/v2\/comments?post=43"}],"version-history":[{"count":7,"href":"https:\/\/agora.xtec.cat\/iesvila-seca\/wp-json\/wp\/v2\/pages\/43\/revisions"}],"predecessor-version":[{"id":12985,"href":"https:\/\/agora.xtec.cat\/iesvila-seca\/wp-json\/wp\/v2\/pages\/43\/revisions\/12985"}],"up":[{"embeddable":true,"href":"https:\/\/agora.xtec.cat\/iesvila-seca\/wp-json\/wp\/v2\/pages\/19"}],"wp:attachment":[{"href":"https:\/\/agora.xtec.cat\/iesvila-seca\/wp-json\/wp\/v2\/media?parent=43"}],"curies":[{"name":"wp","href":"https:\/\/api.w.org\/{rel}","templated":true}]}}