{"id":27,"date":"2014-09-17T16:24:03","date_gmt":"2014-09-17T16:24:03","guid":{"rendered":"http:\/\/agora.xtec.cat\/iesvila-seca\/?page_id=27"},"modified":"2025-07-11T19:42:36","modified_gmt":"2025-07-11T17:42:36","slug":"historia","status":"publish","type":"page","link":"https:\/\/agora.xtec.cat\/iesvila-seca\/linstitut\/historia\/","title":{"rendered":"Hist\u00f2ria"},"content":{"rendered":"<p>L\u2019INS Vila-seca \u00e9s un centre p\u00fablic d\u2019ensenyament secundari que imparteix els estudis <b>d\u2019ESO,<\/b> totes les modalitats de <b>Batxillerat<\/b>, tret de l\u2019art\u00edstic, i un <b>Programa de Formaci\u00f3 i Inserci\u00f3 \u00a0d\u2019Auxiliar de Serveis de Restauraci\u00f3 i Cuina.<\/b><\/p>\n<p>Es va crear el 1996 com a desglossament de l\u2019altre centre d\u2019ensenyament secundari del municipi com a centre de secund\u00e0ria i batxillerat. Amb la implementaci\u00f3 de la LOCE , a Vila-seca era necessari un nou centre de secund\u00e0ria per a poder absorbir l\u2019alumnat de 12 a 14 anys que deixava les escoles d\u2019ensenyament primari.<\/p>\n<p>Compta amb varis premis a Catalunya: a l\u2019any 2014 va rebre el <b>Premi Escoles Verdes<\/b> de la Generalitat de Catalunya i el <b>1r Premi a la<\/b> cristal\u00b7litzaci\u00f3 <b>al millor cristall.<\/b> Aquest mateix any rep un acc\u00e8ssit a la final nacional a Madrid. Al 2015, rep per 2a vegada <b>el primer premi al concurs de Catalunya de Cristal\u00b7litzaci\u00f3<\/b>.<\/p>\n<p>En el seu haver compta tamb\u00e9 amb varis <b>Premis Cirit<\/b>, Premis Esportius, Premis a <b>l\u2019Olimp\u00edada de Geografia de Tarragona, 1r al premi d\u2019angl\u00e8s The Fonix provincial, 3r Premi a la semifinal de la Copa Cangur,\u00a0<\/b><b>premi als treballs de recerca 2022 (UB Qu\u00edmica i Teresa Maseras), premi de rob\u00f2tica Scrath\u00a0Challenge 2022, Premi Inju\u00e9\u00a0al millor video de BAT 2022&#8230;<\/b><\/p>\n<p>L\u2019edifici, obra dels arquitectes Jordi Cerd\u00e0 i Jordi Bergad\u00e0, destaca per la funcionalitat i amplitud dels espais, tots ells amb gran lluminositat. La combinaci\u00f3 de ciment, vidre i fusta li d\u00f3na calidesa i modernitat; sense oblidar el gran pati d\u2019esbarjo i els altres quatre patis interiors.<\/p>\n<p><a name=\"_GoBack\"><\/a>L\u2019 institut est\u00e0 ubicat al Campus Educatiu i Esportiu de Vila-seca al costat de la Facultat de turisme i geografia de la URV, de l\u2019INS Ramon Barbat; i del pavell\u00f3 poliesportiu i de la piscina coberta.<\/p>\n<p>&nbsp;<\/p>\n<p>&nbsp;<\/p>\n","protected":false},"excerpt":{"rendered":"<p>L\u2019INS Vila-seca \u00e9s un centre p\u00fablic d\u2019ensenyament secundari que imparteix els estudis d\u2019ESO, totes les modalitats de Batxillerat, tret de l\u2019art\u00edstic, i un Programa de Formaci\u00f3 i Inserci\u00f3 \u00a0d\u2019Auxiliar de Serveis de Restauraci\u00f3 i Cuina. Es va crear el 1996 com a desglossament de l\u2019altre centre d\u2019ensenyament secundari del municipi com a centre de secund\u00e0ria [&hellip;]<\/p>\n","protected":false},"author":1,"featured_media":0,"parent":19,"menu_order":20,"comment_status":"closed","ping_status":"closed","template":"page-templates\/side-menu.php","meta":{"_bbp_topic_count":0,"_bbp_reply_count":0,"_bbp_total_topic_count":0,"_bbp_total_reply_count":0,"_bbp_voice_count":0,"_bbp_anonymous_reply_count":0,"_bbp_topic_count_hidden":0,"_bbp_reply_count_hidden":0,"_bbp_forum_subforum_count":0,"site-sidebar-layout":"default","site-content-layout":"","ast-site-content-layout":"","site-content-style":"default","site-sidebar-style":"default","ast-global-header-display":"","ast-banner-title-visibility":"","ast-main-header-display":"","ast-hfb-above-header-display":"","ast-hfb-below-header-display":"","ast-hfb-mobile-header-display":"","site-post-title":"","ast-breadcrumbs-content":"","ast-featured-img":"","footer-sml-layout":"","theme-transparent-header-meta":"","adv-header-id-meta":"","stick-header-meta":"","header-above-stick-meta":"","header-main-stick-meta":"","header-below-stick-meta":"","astra-migrate-meta-layouts":"default","ast-page-background-enabled":"default","ast-page-background-meta":{"desktop":{"background-color":"var(--ast-global-color-4)","background-image":"","background-repeat":"repeat","background-position":"center center","background-size":"auto","background-attachment":"scroll","background-type":"","background-media":"","overlay-type":"","overlay-color":"","overlay-opacity":"","overlay-gradient":""},"tablet":{"background-color":"","background-image":"","background-repeat":"repeat","background-position":"center center","background-size":"auto","background-attachment":"scroll","background-type":"","background-media":"","overlay-type":"","overlay-color":"","overlay-opacity":"","overlay-gradient":""},"mobile":{"background-color":"","background-image":"","background-repeat":"repeat","background-position":"center center","background-size":"auto","background-attachment":"scroll","background-type":"","background-media":"","overlay-type":"","overlay-color":"","overlay-opacity":"","overlay-gradient":""}},"ast-content-background-meta":{"desktop":{"background-color":"var(--ast-global-color-5)","background-image":"","background-repeat":"repeat","background-position":"center center","background-size":"auto","background-attachment":"scroll","background-type":"","background-media":"","overlay-type":"","overlay-color":"","overlay-opacity":"","overlay-gradient":""},"tablet":{"background-color":"var(--ast-global-color-5)","background-image":"","background-repeat":"repeat","background-position":"center center","background-size":"auto","background-attachment":"scroll","background-type":"","background-media":"","overlay-type":"","overlay-color":"","overlay-opacity":"","overlay-gradient":""},"mobile":{"background-color":"var(--ast-global-color-5)","background-image":"","background-repeat":"repeat","background-position":"center center","background-size":"auto","background-attachment":"scroll","background-type":"","background-media":"","overlay-type":"","overlay-color":"","overlay-opacity":"","overlay-gradient":""}},"footnotes":""},"class_list":["post-27","page","type-page","status-publish","hentry"],"post_mailing_queue_ids":[],"_links":{"self":[{"href":"https:\/\/agora.xtec.cat\/iesvila-seca\/wp-json\/wp\/v2\/pages\/27","targetHints":{"allow":["GET"]}}],"collection":[{"href":"https:\/\/agora.xtec.cat\/iesvila-seca\/wp-json\/wp\/v2\/pages"}],"about":[{"href":"https:\/\/agora.xtec.cat\/iesvila-seca\/wp-json\/wp\/v2\/types\/page"}],"author":[{"embeddable":true,"href":"https:\/\/agora.xtec.cat\/iesvila-seca\/wp-json\/wp\/v2\/users\/1"}],"replies":[{"embeddable":true,"href":"https:\/\/agora.xtec.cat\/iesvila-seca\/wp-json\/wp\/v2\/comments?post=27"}],"version-history":[{"count":4,"href":"https:\/\/agora.xtec.cat\/iesvila-seca\/wp-json\/wp\/v2\/pages\/27\/revisions"}],"predecessor-version":[{"id":12614,"href":"https:\/\/agora.xtec.cat\/iesvila-seca\/wp-json\/wp\/v2\/pages\/27\/revisions\/12614"}],"up":[{"embeddable":true,"href":"https:\/\/agora.xtec.cat\/iesvila-seca\/wp-json\/wp\/v2\/pages\/19"}],"wp:attachment":[{"href":"https:\/\/agora.xtec.cat\/iesvila-seca\/wp-json\/wp\/v2\/media?parent=27"}],"curies":[{"name":"wp","href":"https:\/\/api.w.org\/{rel}","templated":true}]}}