{"id":195,"date":"2014-09-22T10:39:39","date_gmt":"2014-09-22T10:39:39","guid":{"rendered":"http:\/\/agora.xtec.cat\/iesvila-seca\/?page_id=195"},"modified":"2026-04-19T21:42:33","modified_gmt":"2026-04-19T19:42:33","slug":"estudis","status":"publish","type":"page","link":"https:\/\/agora.xtec.cat\/iesvila-seca\/estudis\/","title":{"rendered":"Estudis"},"content":{"rendered":"<h4><a href=\"https:\/\/agora.xtec.cat\/iesvila-seca\/estudis\/eso\/\">Educaci\u00f3 Secund\u00e0ria Obligat\u00f2ria<\/a><\/h4>\n<div>\n<div>\n<p>L&#8217;educaci\u00f3 secund\u00e0ria obligat\u00f2ria (ESO) compr\u00e8n quatre cursos acad\u00e8mics. Generalment s&#8217;inicia l&#8217;any natural en qu\u00e8 es compleixen 12 anys i s&#8217;acaba als 16, amb l\u2019obtenci\u00f3 del t\u00edtol de graduat.<\/p>\n<h4><a href=\"https:\/\/agora.xtec.cat\/iesvila-seca\/estudis\/batxillerat\/\">Batxillerat<\/a><\/h4>\n<div>\n<div title=\"Page 8\">\n<div>\n<div>\n<div>\n<p>El batxillerat \u00e9s l&#8217;etapa post-obligat\u00f2ria que es cursa normalment entre els 16 i els 18 anys, i al nostre centre s\u2019estudia de forma presencial. Prepara els alumnes per a la seva incorporaci\u00f3 a estudis posteriors, tant professionals com universitaris, i per a l&#8217;acc\u00e9s al m\u00f3n laboral. Al centre s\u2019imparteixen les modalitats de Ci\u00e8ncies i tecnologia, Humanitats i ci\u00e8ncies socials.<\/p>\n<\/div>\n<\/div>\n<\/div>\n<\/div>\n<\/div>\n<\/div>\n<\/div>\n<h4><a href=\"https:\/\/agora.xtec.cat\/iesvila-seca\/estudis\/pip-2\/\">Programa de Formaci\u00f3 i Inserci\u00f3<\/a><\/h4>\n<div>\n<div>\n<div>\n<p>Els programes de formaci\u00f3 i inserci\u00f3, PFI, \u00a0que s\u00f3n voluntaris i duren un curs acad\u00e8mic, estan pensats per a joves d&#8217;entre 16 i 21 anys que han deixat l&#8217;educaci\u00f3 secund\u00e0ria obligat\u00f2ria i no segueixen estudis en el sistema educatiu ni participen en cap acci\u00f3 formativa. L&#8217;objectiu dels PFI \u00e9s proporcionar-los, d&#8217;una banda, la possibilitat de tornar al sistema educatiu (a la formaci\u00f3 professional) i, de l&#8217;altra, l&#8217;aprenentatge imprescindible per accedir al mercat de treball. El nostre centre ofereix el PFI d\u2019 Auxiliar de restauraci\u00f3 i cuina.<\/p>\n<\/div>\n<\/div>\n<\/div>\n","protected":false},"excerpt":{"rendered":"<p>Educaci\u00f3 Secund\u00e0ria Obligat\u00f2ria L&#8217;educaci\u00f3 secund\u00e0ria obligat\u00f2ria (ESO) compr\u00e8n quatre cursos acad\u00e8mics. Generalment s&#8217;inicia l&#8217;any natural en qu\u00e8 es compleixen 12 anys i s&#8217;acaba als 16, amb l\u2019obtenci\u00f3 del t\u00edtol de graduat. Batxillerat El batxillerat \u00e9s l&#8217;etapa post-obligat\u00f2ria que es cursa normalment entre els 16 i els 18 anys, i al nostre centre s\u2019estudia de forma [&hellip;]<\/p>\n","protected":false},"author":1,"featured_media":0,"parent":0,"menu_order":0,"comment_status":"closed","ping_status":"closed","template":"","meta":{"_bbp_topic_count":0,"_bbp_reply_count":0,"_bbp_total_topic_count":0,"_bbp_total_reply_count":0,"_bbp_voice_count":0,"_bbp_anonymous_reply_count":0,"_bbp_topic_count_hidden":0,"_bbp_reply_count_hidden":0,"_bbp_forum_subforum_count":0,"site-sidebar-layout":"default","site-content-layout":"","ast-site-content-layout":"default","site-content-style":"default","site-sidebar-style":"default","ast-global-header-display":"","ast-banner-title-visibility":"","ast-main-header-display":"","ast-hfb-above-header-display":"","ast-hfb-below-header-display":"","ast-hfb-mobile-header-display":"","site-post-title":"","ast-breadcrumbs-content":"","ast-featured-img":"","footer-sml-layout":"","theme-transparent-header-meta":"","adv-header-id-meta":"","stick-header-meta":"","header-above-stick-meta":"","header-main-stick-meta":"","header-below-stick-meta":"","astra-migrate-meta-layouts":"set","ast-page-background-enabled":"default","ast-page-background-meta":{"desktop":{"background-color":"var(--ast-global-color-4)","background-image":"","background-repeat":"repeat","background-position":"center center","background-size":"auto","background-attachment":"scroll","background-type":"","background-media":"","overlay-type":"","overlay-color":"","overlay-opacity":"","overlay-gradient":""},"tablet":{"background-color":"","background-image":"","background-repeat":"repeat","background-position":"center center","background-size":"auto","background-attachment":"scroll","background-type":"","background-media":"","overlay-type":"","overlay-color":"","overlay-opacity":"","overlay-gradient":""},"mobile":{"background-color":"","background-image":"","background-repeat":"repeat","background-position":"center center","background-size":"auto","background-attachment":"scroll","background-type":"","background-media":"","overlay-type":"","overlay-color":"","overlay-opacity":"","overlay-gradient":""}},"ast-content-background-meta":{"desktop":{"background-color":"var(--ast-global-color-5)","background-image":"","background-repeat":"repeat","background-position":"center center","background-size":"auto","background-attachment":"scroll","background-type":"","background-media":"","overlay-type":"","overlay-color":"","overlay-opacity":"","overlay-gradient":""},"tablet":{"background-color":"var(--ast-global-color-5)","background-image":"","background-repeat":"repeat","background-position":"center center","background-size":"auto","background-attachment":"scroll","background-type":"","background-media":"","overlay-type":"","overlay-color":"","overlay-opacity":"","overlay-gradient":""},"mobile":{"background-color":"var(--ast-global-color-5)","background-image":"","background-repeat":"repeat","background-position":"center center","background-size":"auto","background-attachment":"scroll","background-type":"","background-media":"","overlay-type":"","overlay-color":"","overlay-opacity":"","overlay-gradient":""}},"footnotes":""},"class_list":["post-195","page","type-page","status-publish","hentry"],"post_mailing_queue_ids":[],"_links":{"self":[{"href":"https:\/\/agora.xtec.cat\/iesvila-seca\/wp-json\/wp\/v2\/pages\/195","targetHints":{"allow":["GET"]}}],"collection":[{"href":"https:\/\/agora.xtec.cat\/iesvila-seca\/wp-json\/wp\/v2\/pages"}],"about":[{"href":"https:\/\/agora.xtec.cat\/iesvila-seca\/wp-json\/wp\/v2\/types\/page"}],"author":[{"embeddable":true,"href":"https:\/\/agora.xtec.cat\/iesvila-seca\/wp-json\/wp\/v2\/users\/1"}],"replies":[{"embeddable":true,"href":"https:\/\/agora.xtec.cat\/iesvila-seca\/wp-json\/wp\/v2\/comments?post=195"}],"version-history":[{"count":5,"href":"https:\/\/agora.xtec.cat\/iesvila-seca\/wp-json\/wp\/v2\/pages\/195\/revisions"}],"predecessor-version":[{"id":13333,"href":"https:\/\/agora.xtec.cat\/iesvila-seca\/wp-json\/wp\/v2\/pages\/195\/revisions\/13333"}],"wp:attachment":[{"href":"https:\/\/agora.xtec.cat\/iesvila-seca\/wp-json\/wp\/v2\/media?parent=195"}],"curies":[{"name":"wp","href":"https:\/\/api.w.org\/{rel}","templated":true}]}}