{"id":1277,"date":"2016-10-11T22:55:25","date_gmt":"2016-10-11T21:55:25","guid":{"rendered":"http:\/\/agora.xtec.cat\/iesvila-seca\/?page_id=1277"},"modified":"2022-11-18T20:08:24","modified_gmt":"2022-11-18T19:08:24","slug":"sortides-pedagogiques","status":"publish","type":"page","link":"https:\/\/agora.xtec.cat\/iesvila-seca\/projecte-educatiu\/sortides-pedagogiques\/","title":{"rendered":"Sortides pedag\u00f2giques"},"content":{"rendered":"<p style=\"text-align: justify;\">Durant el curs, els departament consensuen amb la Coordinadora d&#8217;Activitats diverses sortides pedag\u00f2giques per a cada nivell de l&#8217;ESO. Aquestes sortides formen part de l&#8217;activitat escolar.<\/p>\n<p style=\"text-align: justify;\">En el cas qu\u00e8 la fam\u00edlia no don\u00e9s autoritzaci\u00f3, recordem que l&#8217;assist\u00e8ncia a l&#8217;INS \u00e9s obligat\u00f2ria i l&#8217;alumne no s&#8217;ha de quedar a casa.<\/p>\n","protected":false},"excerpt":{"rendered":"<p>Durant el curs, els departament consensuen amb la Coordinadora d&#8217;Activitats diverses sortides pedag\u00f2giques per a cada nivell de l&#8217;ESO. Aquestes sortides formen part de l&#8217;activitat escolar. En el cas qu\u00e8 la fam\u00edlia no don\u00e9s autoritzaci\u00f3, recordem que l&#8217;assist\u00e8ncia a l&#8217;INS \u00e9s obligat\u00f2ria i l&#8217;alumne no s&#8217;ha de quedar a casa.<\/p>\n","protected":false},"author":1,"featured_media":0,"parent":57,"menu_order":12,"comment_status":"closed","ping_status":"closed","template":"page-templates\/side-menu.php","meta":{"_bbp_topic_count":0,"_bbp_reply_count":0,"_bbp_total_topic_count":0,"_bbp_total_reply_count":0,"_bbp_voice_count":0,"_bbp_anonymous_reply_count":0,"_bbp_topic_count_hidden":0,"_bbp_reply_count_hidden":0,"_bbp_forum_subforum_count":0,"site-sidebar-layout":"default","site-content-layout":"","ast-site-content-layout":"","site-content-style":"default","site-sidebar-style":"default","ast-global-header-display":"","ast-banner-title-visibility":"","ast-main-header-display":"","ast-hfb-above-header-display":"","ast-hfb-below-header-display":"","ast-hfb-mobile-header-display":"","site-post-title":"","ast-breadcrumbs-content":"","ast-featured-img":"","footer-sml-layout":"","theme-transparent-header-meta":"","adv-header-id-meta":"","stick-header-meta":"","header-above-stick-meta":"","header-main-stick-meta":"","header-below-stick-meta":"","astra-migrate-meta-layouts":"default","ast-page-background-enabled":"default","ast-page-background-meta":{"desktop":{"background-color":"var(--ast-global-color-4)","background-image":"","background-repeat":"repeat","background-position":"center center","background-size":"auto","background-attachment":"scroll","background-type":"","background-media":"","overlay-type":"","overlay-color":"","overlay-opacity":"","overlay-gradient":""},"tablet":{"background-color":"","background-image":"","background-repeat":"repeat","background-position":"center center","background-size":"auto","background-attachment":"scroll","background-type":"","background-media":"","overlay-type":"","overlay-color":"","overlay-opacity":"","overlay-gradient":""},"mobile":{"background-color":"","background-image":"","background-repeat":"repeat","background-position":"center center","background-size":"auto","background-attachment":"scroll","background-type":"","background-media":"","overlay-type":"","overlay-color":"","overlay-opacity":"","overlay-gradient":""}},"ast-content-background-meta":{"desktop":{"background-color":"var(--ast-global-color-5)","background-image":"","background-repeat":"repeat","background-position":"center center","background-size":"auto","background-attachment":"scroll","background-type":"","background-media":"","overlay-type":"","overlay-color":"","overlay-opacity":"","overlay-gradient":""},"tablet":{"background-color":"var(--ast-global-color-5)","background-image":"","background-repeat":"repeat","background-position":"center center","background-size":"auto","background-attachment":"scroll","background-type":"","background-media":"","overlay-type":"","overlay-color":"","overlay-opacity":"","overlay-gradient":""},"mobile":{"background-color":"var(--ast-global-color-5)","background-image":"","background-repeat":"repeat","background-position":"center center","background-size":"auto","background-attachment":"scroll","background-type":"","background-media":"","overlay-type":"","overlay-color":"","overlay-opacity":"","overlay-gradient":""}},"footnotes":""},"class_list":["post-1277","page","type-page","status-publish","hentry"],"post_mailing_queue_ids":[],"_links":{"self":[{"href":"https:\/\/agora.xtec.cat\/iesvila-seca\/wp-json\/wp\/v2\/pages\/1277","targetHints":{"allow":["GET"]}}],"collection":[{"href":"https:\/\/agora.xtec.cat\/iesvila-seca\/wp-json\/wp\/v2\/pages"}],"about":[{"href":"https:\/\/agora.xtec.cat\/iesvila-seca\/wp-json\/wp\/v2\/types\/page"}],"author":[{"embeddable":true,"href":"https:\/\/agora.xtec.cat\/iesvila-seca\/wp-json\/wp\/v2\/users\/1"}],"replies":[{"embeddable":true,"href":"https:\/\/agora.xtec.cat\/iesvila-seca\/wp-json\/wp\/v2\/comments?post=1277"}],"version-history":[{"count":4,"href":"https:\/\/agora.xtec.cat\/iesvila-seca\/wp-json\/wp\/v2\/pages\/1277\/revisions"}],"predecessor-version":[{"id":9717,"href":"https:\/\/agora.xtec.cat\/iesvila-seca\/wp-json\/wp\/v2\/pages\/1277\/revisions\/9717"}],"up":[{"embeddable":true,"href":"https:\/\/agora.xtec.cat\/iesvila-seca\/wp-json\/wp\/v2\/pages\/57"}],"wp:attachment":[{"href":"https:\/\/agora.xtec.cat\/iesvila-seca\/wp-json\/wp\/v2\/media?parent=1277"}],"curies":[{"name":"wp","href":"https:\/\/api.w.org\/{rel}","templated":true}]}}