{"id":1264,"date":"2016-10-11T22:07:43","date_gmt":"2016-10-11T21:07:43","guid":{"rendered":"http:\/\/agora.xtec.cat\/iesvila-seca\/?page_id=1264"},"modified":"2025-07-12T11:50:12","modified_gmt":"2025-07-12T09:50:12","slug":"batxillerat","status":"publish","type":"page","link":"https:\/\/agora.xtec.cat\/iesvila-seca\/estudis\/batxillerat\/","title":{"rendered":"Batxillerat"},"content":{"rendered":"<p style=\"text-align: justify;\">El batxillerat \u00e9s l\u2019etapa post-obligat\u00f2ria que es cursa normalment entre els 16 i els 18 anys, i al nostre centre s\u2019estudia de forma presencial. Prepara els alumnes per a la seva incorporaci\u00f3 a estudis posteriors, tant professionals com universitaris, i per a l\u2019acc\u00e9s al m\u00f3n laboral. Al centre s\u2019imparteixen les modalitats de Ci\u00e8ncies i tecnologia, Humanitats i ci\u00e8ncies socials.<\/p>\n<p>&nbsp;<\/p>\n<p style=\"text-align: justify;\"><strong>Mat\u00e8ries comunes d\u2019opci\u00f3, de modalitat i espec\u00edfiques<\/strong><\/p>\n<p style=\"text-align: justify;\">Les mat\u00e8ries comunes d\u2019opci\u00f3 s\u2019han de cursar obligat\u00f2riament en funci\u00f3 de la modalitat triada per l\u2019alumne; les mat\u00e8ries especifiques completen el curr\u00edculum personal de cada alumne i s\u00f3n a ra\u00f3 de 70 hores.<\/p>\n<h3><\/h3>\n<h3>1r de BAT<\/h3>\n<h3 style=\"text-align: justify;\"><a href=\"https:\/\/agora.xtec.cat\/iesvila-seca\/wp-content\/uploads\/usu475\/2025\/07\/Captura-de-pantalla-2025-07-12-a-les-11.48.30.png\"><img loading=\"lazy\" decoding=\"async\" class=\"size-large wp-image-12633 aligncenter\" src=\"https:\/\/agora.xtec.cat\/iesvila-seca\/wp-content\/uploads\/usu475\/2025\/07\/Captura-de-pantalla-2025-07-12-a-les-11.48.30-1024x536.png\" alt=\"\" width=\"1024\" height=\"536\" srcset=\"https:\/\/agora.xtec.cat\/iesvila-seca\/wp-content\/uploads\/usu475\/2025\/07\/Captura-de-pantalla-2025-07-12-a-les-11.48.30-1024x536.png 1024w, https:\/\/agora.xtec.cat\/iesvila-seca\/wp-content\/uploads\/usu475\/2025\/07\/Captura-de-pantalla-2025-07-12-a-les-11.48.30-300x157.png 300w, https:\/\/agora.xtec.cat\/iesvila-seca\/wp-content\/uploads\/usu475\/2025\/07\/Captura-de-pantalla-2025-07-12-a-les-11.48.30-768x402.png 768w, https:\/\/agora.xtec.cat\/iesvila-seca\/wp-content\/uploads\/usu475\/2025\/07\/Captura-de-pantalla-2025-07-12-a-les-11.48.30-1536x803.png 1536w, https:\/\/agora.xtec.cat\/iesvila-seca\/wp-content\/uploads\/usu475\/2025\/07\/Captura-de-pantalla-2025-07-12-a-les-11.48.30-2048x1071.png 2048w\" sizes=\"auto, (max-width: 1024px) 100vw, 1024px\" \/><\/a><\/h3>\n<h3><\/h3>\n<h3 style=\"text-align: justify;\">2n de BAT<\/h3>\n<p><a href=\"https:\/\/agora.xtec.cat\/iesvila-seca\/wp-content\/uploads\/usu475\/2025\/07\/Captura-de-pantalla-2025-07-12-a-les-11.48.54.png\"><img loading=\"lazy\" decoding=\"async\" class=\"size-large wp-image-12634 aligncenter\" src=\"https:\/\/agora.xtec.cat\/iesvila-seca\/wp-content\/uploads\/usu475\/2025\/07\/Captura-de-pantalla-2025-07-12-a-les-11.48.54-1024x596.png\" alt=\"\" width=\"1024\" height=\"596\" srcset=\"https:\/\/agora.xtec.cat\/iesvila-seca\/wp-content\/uploads\/usu475\/2025\/07\/Captura-de-pantalla-2025-07-12-a-les-11.48.54-1024x596.png 1024w, https:\/\/agora.xtec.cat\/iesvila-seca\/wp-content\/uploads\/usu475\/2025\/07\/Captura-de-pantalla-2025-07-12-a-les-11.48.54-300x175.png 300w, https:\/\/agora.xtec.cat\/iesvila-seca\/wp-content\/uploads\/usu475\/2025\/07\/Captura-de-pantalla-2025-07-12-a-les-11.48.54-768x447.png 768w, https:\/\/agora.xtec.cat\/iesvila-seca\/wp-content\/uploads\/usu475\/2025\/07\/Captura-de-pantalla-2025-07-12-a-les-11.48.54-1536x894.png 1536w, https:\/\/agora.xtec.cat\/iesvila-seca\/wp-content\/uploads\/usu475\/2025\/07\/Captura-de-pantalla-2025-07-12-a-les-11.48.54-2048x1192.png 2048w\" sizes=\"auto, (max-width: 1024px) 100vw, 1024px\" \/><\/a><\/p>\n","protected":false},"excerpt":{"rendered":"<p>El batxillerat \u00e9s l\u2019etapa post-obligat\u00f2ria que es cursa normalment entre els 16 i els 18 anys, i al nostre centre s\u2019estudia de forma presencial. Prepara els alumnes per a la seva incorporaci\u00f3 a estudis posteriors, tant professionals com universitaris, i per a l\u2019acc\u00e9s al m\u00f3n laboral. Al centre s\u2019imparteixen les modalitats de Ci\u00e8ncies i tecnologia, [&hellip;]<\/p>\n","protected":false},"author":1,"featured_media":0,"parent":195,"menu_order":2,"comment_status":"closed","ping_status":"closed","template":"page-templates\/side-menu.php","meta":{"_bbp_topic_count":0,"_bbp_reply_count":0,"_bbp_total_topic_count":0,"_bbp_total_reply_count":0,"_bbp_voice_count":0,"_bbp_anonymous_reply_count":0,"_bbp_topic_count_hidden":0,"_bbp_reply_count_hidden":0,"_bbp_forum_subforum_count":0,"site-sidebar-layout":"default","site-content-layout":"","ast-site-content-layout":"","site-content-style":"default","site-sidebar-style":"default","ast-global-header-display":"","ast-banner-title-visibility":"","ast-main-header-display":"","ast-hfb-above-header-display":"","ast-hfb-below-header-display":"","ast-hfb-mobile-header-display":"","site-post-title":"","ast-breadcrumbs-content":"","ast-featured-img":"","footer-sml-layout":"","theme-transparent-header-meta":"","adv-header-id-meta":"","stick-header-meta":"","header-above-stick-meta":"","header-main-stick-meta":"","header-below-stick-meta":"","astra-migrate-meta-layouts":"default","ast-page-background-enabled":"default","ast-page-background-meta":{"desktop":{"background-color":"var(--ast-global-color-4)","background-image":"","background-repeat":"repeat","background-position":"center center","background-size":"auto","background-attachment":"scroll","background-type":"","background-media":"","overlay-type":"","overlay-color":"","overlay-opacity":"","overlay-gradient":""},"tablet":{"background-color":"","background-image":"","background-repeat":"repeat","background-position":"center center","background-size":"auto","background-attachment":"scroll","background-type":"","background-media":"","overlay-type":"","overlay-color":"","overlay-opacity":"","overlay-gradient":""},"mobile":{"background-color":"","background-image":"","background-repeat":"repeat","background-position":"center center","background-size":"auto","background-attachment":"scroll","background-type":"","background-media":"","overlay-type":"","overlay-color":"","overlay-opacity":"","overlay-gradient":""}},"ast-content-background-meta":{"desktop":{"background-color":"var(--ast-global-color-5)","background-image":"","background-repeat":"repeat","background-position":"center center","background-size":"auto","background-attachment":"scroll","background-type":"","background-media":"","overlay-type":"","overlay-color":"","overlay-opacity":"","overlay-gradient":""},"tablet":{"background-color":"var(--ast-global-color-5)","background-image":"","background-repeat":"repeat","background-position":"center center","background-size":"auto","background-attachment":"scroll","background-type":"","background-media":"","overlay-type":"","overlay-color":"","overlay-opacity":"","overlay-gradient":""},"mobile":{"background-color":"var(--ast-global-color-5)","background-image":"","background-repeat":"repeat","background-position":"center center","background-size":"auto","background-attachment":"scroll","background-type":"","background-media":"","overlay-type":"","overlay-color":"","overlay-opacity":"","overlay-gradient":""}},"footnotes":""},"class_list":["post-1264","page","type-page","status-publish","hentry"],"post_mailing_queue_ids":[],"_links":{"self":[{"href":"https:\/\/agora.xtec.cat\/iesvila-seca\/wp-json\/wp\/v2\/pages\/1264","targetHints":{"allow":["GET"]}}],"collection":[{"href":"https:\/\/agora.xtec.cat\/iesvila-seca\/wp-json\/wp\/v2\/pages"}],"about":[{"href":"https:\/\/agora.xtec.cat\/iesvila-seca\/wp-json\/wp\/v2\/types\/page"}],"author":[{"embeddable":true,"href":"https:\/\/agora.xtec.cat\/iesvila-seca\/wp-json\/wp\/v2\/users\/1"}],"replies":[{"embeddable":true,"href":"https:\/\/agora.xtec.cat\/iesvila-seca\/wp-json\/wp\/v2\/comments?post=1264"}],"version-history":[{"count":6,"href":"https:\/\/agora.xtec.cat\/iesvila-seca\/wp-json\/wp\/v2\/pages\/1264\/revisions"}],"predecessor-version":[{"id":12635,"href":"https:\/\/agora.xtec.cat\/iesvila-seca\/wp-json\/wp\/v2\/pages\/1264\/revisions\/12635"}],"up":[{"embeddable":true,"href":"https:\/\/agora.xtec.cat\/iesvila-seca\/wp-json\/wp\/v2\/pages\/195"}],"wp:attachment":[{"href":"https:\/\/agora.xtec.cat\/iesvila-seca\/wp-json\/wp\/v2\/media?parent=1264"}],"curies":[{"name":"wp","href":"https:\/\/api.w.org\/{rel}","templated":true}]}}