{"id":1255,"date":"2016-10-11T21:42:09","date_gmt":"2016-10-11T20:42:09","guid":{"rendered":"http:\/\/agora.xtec.cat\/iesvila-seca\/?page_id=1255"},"modified":"2025-07-11T19:48:11","modified_gmt":"2025-07-11T17:48:11","slug":"accio-tutorial","status":"publish","type":"page","link":"https:\/\/agora.xtec.cat\/iesvila-seca\/projecte-educatiu\/accio-tutorial\/","title":{"rendered":"Acci\u00f3 tutorial"},"content":{"rendered":"<p>&nbsp;<\/p>\n<div>\n<p>El tutor o tutora del seu fill\/a \u00e9s la persona que far\u00e0 un seguiment m\u00e9s individual de l\u2019aprenentatge, evoluci\u00f3 acad\u00e8mica dels coneixements, i orientar\u00e0 a aquests davant qualsevol dubte. El tutor\/a \u00e9s a qui s\u2019ha d\u2019 acudir en primer lloc si el seu fill o filla t\u00e9 qualsevol problema o dubte, i si les fam\u00edlies tenen informaci\u00f3 rellevant que pot afectar l\u2019aprenentatge o la conviv\u00e8ncia dels seus fills en el nostre centre educatiu. De les funcions del tutor\/a en destaquem:<\/p>\n<ul>\n<li>Coordinar la tasca educativa entre els membres de l&#8217;equip docent<\/li>\n<li>Detectar i con\u00e8ixer els interessos i els problemes de l\u2019alumne\/a<\/li>\n<li>Cohesionar el grup-classe<\/li>\n<li>Orientar i assessorar a l\u2019alumne<\/li>\n<li>Coordinar la tasca educativa amb les fam\u00edlies dels seus alumnes<\/li>\n<\/ul>\n<div>\n<div>\n<div>\n<p>A banda, a les hores de tutoria hi haur\u00e0 actuacions externes per tal d\u2019ajudar en aquesta acci\u00f3 tutorial:<\/p>\n<\/div>\n<\/div>\n<\/div>\n<ul>\n<li>Els mossos d\u2019esquadra entren a les tutories dels diversos cursos del centre per tal de fer-los una xerrada sobre temes d\u2019actualitat i adequats a la seva edat. Generalment s\u2019intentar\u00e0 que les xerrades comencin durant el primer trimestre.<\/li>\n<li>La Fundaci\u00f3 privada enXarxa, gr\u00e0cies a la col\u00b7laboraci\u00f3 de l\u2019Ajuntament de Vila-seca, fa unes actuacions destinades a millorar l\u2019adaptaci\u00f3 dels alumnes al seu entorn, dintre del programa \u201cSalut Jove\u201d.<\/li>\n<li>L\u2019ABS Vila-seca, a trav\u00e9s de les seves infermeres, venen dos dies a la setmana a l\u2019institut per tal de tractar i solucionar dubtes i problemes dels alumnes del centre. A part hi fan una s\u00e8rie de xerrades per tal de tractar aquells temes amb un inter\u00e8s general per l\u2019alumnat.<\/li>\n<li>L\u2019Ajuntament de Vila-seca organitza activitats de manera peri\u00f2dica amb els alumnes dels diversos cursos de l\u2019institut. Entre aquestes activitats est\u00e0 la subvenci\u00f3 de grups de conversa en angl\u00e8s fora de l\u2019horari dels alumnes, visites a instal\u00b7lacions de caire cient\u00edfic, concurs de tu\u00efts contra la viol\u00e8ncia de g\u00e8nere, actes per a la conscienciaci\u00f3 davant els accidents de transit, i altres actuacions que ajuden els alumnes a ser conscients del seu entorn social.<\/li>\n<\/ul>\n<p style=\"text-align: center;\"><a href=\"https:\/\/agora.xtec.cat\/iesvila-seca\/wp-content\/uploads\/usu475\/2025\/07\/PAT-Curs-2025-26.pdf\"><img loading=\"lazy\" decoding=\"async\" class=\"aligncenter wp-image-12617 size-full\" src=\"https:\/\/agora.xtec.cat\/iesvila-seca\/wp-content\/uploads\/usu475\/2025\/07\/Captura-de-pantalla-2025-07-11-a-les-19.46.41.png\" alt=\"\" width=\"960\" height=\"846\" srcset=\"https:\/\/agora.xtec.cat\/iesvila-seca\/wp-content\/uploads\/usu475\/2025\/07\/Captura-de-pantalla-2025-07-11-a-les-19.46.41.png 960w, https:\/\/agora.xtec.cat\/iesvila-seca\/wp-content\/uploads\/usu475\/2025\/07\/Captura-de-pantalla-2025-07-11-a-les-19.46.41-300x264.png 300w, https:\/\/agora.xtec.cat\/iesvila-seca\/wp-content\/uploads\/usu475\/2025\/07\/Captura-de-pantalla-2025-07-11-a-les-19.46.41-768x677.png 768w\" sizes=\"auto, (max-width: 960px) 100vw, 960px\" \/><\/a><\/p>\n<p style=\"text-align: center;\"><a href=\"https:\/\/agora.xtec.cat\/iesvila-seca\/wp-content\/uploads\/usu475\/2025\/07\/PAT-Curs-2025-26.pdf\">Pla d&#8217;acci\u00f3 tutorial<\/a><\/p>\n<\/div>\n","protected":false},"excerpt":{"rendered":"<p>&nbsp; El tutor o tutora del seu fill\/a \u00e9s la persona que far\u00e0 un seguiment m\u00e9s individual de l\u2019aprenentatge, evoluci\u00f3 acad\u00e8mica dels coneixements, i orientar\u00e0 a aquests davant qualsevol dubte. El tutor\/a \u00e9s a qui s\u2019ha d\u2019 acudir en primer lloc si el seu fill o filla t\u00e9 qualsevol problema o dubte, i si les [&hellip;]<\/p>\n","protected":false},"author":1,"featured_media":0,"parent":57,"menu_order":1,"comment_status":"closed","ping_status":"closed","template":"page-templates\/side-menu.php","meta":{"_bbp_topic_count":0,"_bbp_reply_count":0,"_bbp_total_topic_count":0,"_bbp_total_reply_count":0,"_bbp_voice_count":0,"_bbp_anonymous_reply_count":0,"_bbp_topic_count_hidden":0,"_bbp_reply_count_hidden":0,"_bbp_forum_subforum_count":0,"site-sidebar-layout":"default","site-content-layout":"","ast-site-content-layout":"","site-content-style":"default","site-sidebar-style":"default","ast-global-header-display":"","ast-banner-title-visibility":"","ast-main-header-display":"","ast-hfb-above-header-display":"","ast-hfb-below-header-display":"","ast-hfb-mobile-header-display":"","site-post-title":"","ast-breadcrumbs-content":"","ast-featured-img":"","footer-sml-layout":"","theme-transparent-header-meta":"","adv-header-id-meta":"","stick-header-meta":"","header-above-stick-meta":"","header-main-stick-meta":"","header-below-stick-meta":"","astra-migrate-meta-layouts":"default","ast-page-background-enabled":"default","ast-page-background-meta":{"desktop":{"background-color":"var(--ast-global-color-4)","background-image":"","background-repeat":"repeat","background-position":"center center","background-size":"auto","background-attachment":"scroll","background-type":"","background-media":"","overlay-type":"","overlay-color":"","overlay-opacity":"","overlay-gradient":""},"tablet":{"background-color":"","background-image":"","background-repeat":"repeat","background-position":"center center","background-size":"auto","background-attachment":"scroll","background-type":"","background-media":"","overlay-type":"","overlay-color":"","overlay-opacity":"","overlay-gradient":""},"mobile":{"background-color":"","background-image":"","background-repeat":"repeat","background-position":"center center","background-size":"auto","background-attachment":"scroll","background-type":"","background-media":"","overlay-type":"","overlay-color":"","overlay-opacity":"","overlay-gradient":""}},"ast-content-background-meta":{"desktop":{"background-color":"var(--ast-global-color-5)","background-image":"","background-repeat":"repeat","background-position":"center center","background-size":"auto","background-attachment":"scroll","background-type":"","background-media":"","overlay-type":"","overlay-color":"","overlay-opacity":"","overlay-gradient":""},"tablet":{"background-color":"var(--ast-global-color-5)","background-image":"","background-repeat":"repeat","background-position":"center center","background-size":"auto","background-attachment":"scroll","background-type":"","background-media":"","overlay-type":"","overlay-color":"","overlay-opacity":"","overlay-gradient":""},"mobile":{"background-color":"var(--ast-global-color-5)","background-image":"","background-repeat":"repeat","background-position":"center center","background-size":"auto","background-attachment":"scroll","background-type":"","background-media":"","overlay-type":"","overlay-color":"","overlay-opacity":"","overlay-gradient":""}},"footnotes":""},"class_list":["post-1255","page","type-page","status-publish","hentry"],"post_mailing_queue_ids":[],"_links":{"self":[{"href":"https:\/\/agora.xtec.cat\/iesvila-seca\/wp-json\/wp\/v2\/pages\/1255","targetHints":{"allow":["GET"]}}],"collection":[{"href":"https:\/\/agora.xtec.cat\/iesvila-seca\/wp-json\/wp\/v2\/pages"}],"about":[{"href":"https:\/\/agora.xtec.cat\/iesvila-seca\/wp-json\/wp\/v2\/types\/page"}],"author":[{"embeddable":true,"href":"https:\/\/agora.xtec.cat\/iesvila-seca\/wp-json\/wp\/v2\/users\/1"}],"replies":[{"embeddable":true,"href":"https:\/\/agora.xtec.cat\/iesvila-seca\/wp-json\/wp\/v2\/comments?post=1255"}],"version-history":[{"count":4,"href":"https:\/\/agora.xtec.cat\/iesvila-seca\/wp-json\/wp\/v2\/pages\/1255\/revisions"}],"predecessor-version":[{"id":12618,"href":"https:\/\/agora.xtec.cat\/iesvila-seca\/wp-json\/wp\/v2\/pages\/1255\/revisions\/12618"}],"up":[{"embeddable":true,"href":"https:\/\/agora.xtec.cat\/iesvila-seca\/wp-json\/wp\/v2\/pages\/57"}],"wp:attachment":[{"href":"https:\/\/agora.xtec.cat\/iesvila-seca\/wp-json\/wp\/v2\/media?parent=1255"}],"curies":[{"name":"wp","href":"https:\/\/api.w.org\/{rel}","templated":true}]}}