{"id":1248,"date":"2016-10-11T21:28:50","date_gmt":"2016-10-11T20:28:50","guid":{"rendered":"http:\/\/agora.xtec.cat\/iesvila-seca\/?page_id=1248"},"modified":"2025-07-03T14:44:44","modified_gmt":"2025-07-03T12:44:44","slug":"ampa-3","status":"publish","type":"page","link":"https:\/\/agora.xtec.cat\/iesvila-seca\/ampa-3\/","title":{"rendered":"AFA"},"content":{"rendered":"<div>\n<h4 style=\"font-weight: 400;\">Qu\u00e8 \u00e9s l\u2019AFA?<\/h4>\n<p style=\"font-weight: 400; text-align: justify;\">L\u2019AFA \u00e9s una associaci\u00f3 sense \u00e0nim de lucre formada per mares i pares d\u2019alumnes i situada en el mateix centre educatiu amb una missi\u00f3: contribuir a la millora de la qualitat del sistema educatiu p\u00fablic i de les condicions d\u2019escolaritzaci\u00f3 dels i les alumnes del centre.<\/p>\n<p style=\"font-weight: 400; text-align: justify;\">El seu funcionament es basa en el\u00a0di\u00e0leg\u00a0i en la\u00a0col\u00b7laboraci\u00f3\u00a0amb els sectors de la comunitat educativa.<\/p>\n<p style=\"font-weight: 400; text-align: justify;\">Una bona gesti\u00f3 de l\u2019AFA comporta obtenir la participaci\u00f3 i dinamitzaci\u00f3 global del centre. Per aix\u00f2 treballem per aconseguir:<\/p>\n<ul style=\"text-align: justify;\">\n<li>la col\u00b7laboraci\u00f3 dels socis<\/li>\n<li>l\u2019acc\u00e9s a la informaci\u00f3<\/li>\n<li>la formaci\u00f3 dels pares i mares i de les juntes directives<\/li>\n<li>el suport dels i als docents<\/li>\n<\/ul>\n<p style=\"font-weight: 400; text-align: justify;\">L\u2019AFA \u00e9s un espai que us ofereix a totes les fam\u00edlies una oportunitat \u00fanica per participar en la vida del centre educatiu i en l\u2019educaci\u00f3 que reben els nostres fills. El suport de tots els pares i mares \u00e9s fonamental perqu\u00e8 l\u2019associaci\u00f3 sigui m\u00e9s s\u00f2lida i participativa. Des de l\u2019AFA i exercint diferents responsabilitats -econ\u00f2miques, legals, laborals i personals- les fam\u00edlies podem influir en l\u2019educaci\u00f3 de tots els alumnes i en la bona marxa de l\u2019institut.<\/p>\n<h4 style=\"font-weight: 400;\">Qui som?<\/h4>\n<p style=\"font-weight: 400; text-align: justify;\">Tots els pares i mares que paguem la quota anual corresponent, formem part de l\u2019AFA i tenim veu i vot a les assemblees, organisme decisori i de participaci\u00f3 de tots els associats i associades. La Junta directiva es tria en Assemblea General.<\/p>\n<h4 style=\"font-weight: 400;\">Activitats i compra d\u2019equipaments realitzades els \u00faltims anys<\/h4>\n<p style=\"font-weight: 400; text-align: justify;\">L\u2019associaci\u00f3 de mares i pares de l\u2019institut t\u00e9 una for\u00e7a incid\u00e8ncia en el desenvolupament de les activitats de centre:<\/p>\n<ul>\n<li style=\"font-weight: 400; text-align: justify;\">participaci\u00f3 al consell escolar de centre, planificaci\u00f3 d\u2019algunes activitats extraescolars, gesti\u00f3 de la venda de llibres per les fam\u00edlies&#8230;<\/li>\n<li style=\"font-weight: 400; text-align: justify;\">compra equips per tecnologia, ordinadors, participaci\u00f3 a la jornada esportiva, compra d\u2019agendes per tots els socis, pantalles interactives, etc&#8230;<\/li>\n<li>tallers formatius per a fam\u00edlies<\/li>\n<li>suport en esdeveniments i graduacions<\/li>\n<li>difusi\u00f3 de premis i reconeixements de l&#8217;Institut Vila-seca.<\/li>\n<\/ul>\n<h4 style=\"font-weight: 400;\">Font d\u2019ingressos<\/h4>\n<p style=\"font-weight: 400;\">L\u2019AFA es nodreix de\u00a0 petites quotes anuals dels socis i rep una subvenci\u00f3 anual de l\u2019<a href=\"https:\/\/www.vila-seca.cat\/home\">Ajuntament de Vila-seca<\/a><\/p>\n<p><a href=\"https:\/\/www.vila-seca.cat\/home\"><img loading=\"lazy\" decoding=\"async\" class=\"aligncenter wp-image-9332 size-medium\" src=\"https:\/\/agora.xtec.cat\/iesvila-seca\/wp-content\/uploads\/usu475\/2022\/07\/Captura-de-pantalla-2022-07-01-a-les-16.09.29-300x175.png\" alt=\"\" width=\"300\" height=\"175\" srcset=\"https:\/\/agora.xtec.cat\/iesvila-seca\/wp-content\/uploads\/usu475\/2022\/07\/Captura-de-pantalla-2022-07-01-a-les-16.09.29-300x175.png 300w, https:\/\/agora.xtec.cat\/iesvila-seca\/wp-content\/uploads\/usu475\/2022\/07\/Captura-de-pantalla-2022-07-01-a-les-16.09.29-1024x597.png 1024w, https:\/\/agora.xtec.cat\/iesvila-seca\/wp-content\/uploads\/usu475\/2022\/07\/Captura-de-pantalla-2022-07-01-a-les-16.09.29-768x448.png 768w, https:\/\/agora.xtec.cat\/iesvila-seca\/wp-content\/uploads\/usu475\/2022\/07\/Captura-de-pantalla-2022-07-01-a-les-16.09.29.png 1506w\" sizes=\"auto, (max-width: 300px) 100vw, 300px\" \/><\/a><\/p>\n<h4 style=\"font-weight: 400;\">Com fer-nos socis de l\u2019AFA?<\/h4>\n<p style=\"font-weight: 400; text-align: justify;\">Pels que encara no us heu fet socis, us comuniquem que la quota anual continua essent de 15 \u20ac per fam\u00edlia i que el pagament s\u2019ha de fer al nostre compte bancari:<\/p>\n<p style=\"font-weight: 400; text-align: center;\"><strong>ES60 2100 1326 0102 0003 2120<\/strong><\/p>\n<p style=\"font-weight: 400;\">que surt al formulari, posant el nom dels vostres fills. Despr\u00e9s, haureu d&#8217;enviar el justificant per email a l&#8217;adre\u00e7a de l&#8217;AFA, <a href=\"mailto:afainstitutvilaseca@gmail.com\">afainstitutvilaseca@gmail.com<\/a><span class=\"\">.<\/span>\u00a0Recordeu omplir el <a href=\"https:\/\/docs.google.com\/forms\/d\/e\/1FAIpQLSc7G0I_yGktO4RUUBDg11X1JHuUFEKC1eaSVmR4B4AMd6ikfw\/viewform?usp=header\">Formulari d&#8217;Inscripci\u00f3<\/a> per a registrar les dades de la fam\u00edlia:<\/p>\n<h5 style=\"font-weight: 400; text-align: center;\"><a href=\"https:\/\/docs.google.com\/forms\/d\/e\/1FAIpQLSc7G0I_yGktO4RUUBDg11X1JHuUFEKC1eaSVmR4B4AMd6ikfw\/viewform?usp=header\">Formulari d\u2019inscripci\u00f3 AFA 25\/26<\/a><\/h5>\n<h4 style=\"font-weight: 400;\">Com contactar amb l\u2019AFA?<\/h4>\n<p style=\"font-weight: 400;\">A trav\u00e9s del nostre correu electr\u00f2nic: \u00a0<a href=\"mailto:afainstitutvilaseca@gmail.com\">afainstitutvilaseca<span class=\"\"><span class=\"\"><span class=\"\">@gmail.co<\/span>m<\/span><\/span><\/a><\/p>\n<p style=\"font-weight: 400;\">Podeu fer-nos les consultes que necessiteu en aquests correus, i intentarem donar-vos resposta el m\u00e9s aviat possible.<\/p>\n<p style=\"font-weight: 400;\"><strong>Salutacions de la Junta de l\u2019AFA de l\u2019Institut Vila-seca<\/strong><\/p>\n<\/div>\n<h3 style=\"text-align: justify;\"><\/h3>\n","protected":false},"excerpt":{"rendered":"<p>Qu\u00e8 \u00e9s l\u2019AFA? L\u2019AFA \u00e9s una associaci\u00f3 sense \u00e0nim de lucre formada per mares i pares d\u2019alumnes i situada en el mateix centre educatiu amb una missi\u00f3: contribuir a la millora de la qualitat del sistema educatiu p\u00fablic i de les condicions d\u2019escolaritzaci\u00f3 dels i les alumnes del centre. El seu funcionament es basa en [&hellip;]<\/p>\n","protected":false},"author":1,"featured_media":0,"parent":0,"menu_order":0,"comment_status":"closed","ping_status":"closed","template":"page-templates\/side-menu.php","meta":{"_bbp_topic_count":0,"_bbp_reply_count":0,"_bbp_total_topic_count":0,"_bbp_total_reply_count":0,"_bbp_voice_count":0,"_bbp_anonymous_reply_count":0,"_bbp_topic_count_hidden":0,"_bbp_reply_count_hidden":0,"_bbp_forum_subforum_count":0,"site-sidebar-layout":"default","site-content-layout":"","ast-site-content-layout":"","site-content-style":"default","site-sidebar-style":"default","ast-global-header-display":"","ast-banner-title-visibility":"","ast-main-header-display":"","ast-hfb-above-header-display":"","ast-hfb-below-header-display":"","ast-hfb-mobile-header-display":"","site-post-title":"","ast-breadcrumbs-content":"","ast-featured-img":"","footer-sml-layout":"","theme-transparent-header-meta":"","adv-header-id-meta":"","stick-header-meta":"","header-above-stick-meta":"","header-main-stick-meta":"","header-below-stick-meta":"","astra-migrate-meta-layouts":"default","ast-page-background-enabled":"default","ast-page-background-meta":{"desktop":{"background-color":"var(--ast-global-color-4)","background-image":"","background-repeat":"repeat","background-position":"center center","background-size":"auto","background-attachment":"scroll","background-type":"","background-media":"","overlay-type":"","overlay-color":"","overlay-opacity":"","overlay-gradient":""},"tablet":{"background-color":"","background-image":"","background-repeat":"repeat","background-position":"center center","background-size":"auto","background-attachment":"scroll","background-type":"","background-media":"","overlay-type":"","overlay-color":"","overlay-opacity":"","overlay-gradient":""},"mobile":{"background-color":"","background-image":"","background-repeat":"repeat","background-position":"center center","background-size":"auto","background-attachment":"scroll","background-type":"","background-media":"","overlay-type":"","overlay-color":"","overlay-opacity":"","overlay-gradient":""}},"ast-content-background-meta":{"desktop":{"background-color":"var(--ast-global-color-5)","background-image":"","background-repeat":"repeat","background-position":"center center","background-size":"auto","background-attachment":"scroll","background-type":"","background-media":"","overlay-type":"","overlay-color":"","overlay-opacity":"","overlay-gradient":""},"tablet":{"background-color":"var(--ast-global-color-5)","background-image":"","background-repeat":"repeat","background-position":"center center","background-size":"auto","background-attachment":"scroll","background-type":"","background-media":"","overlay-type":"","overlay-color":"","overlay-opacity":"","overlay-gradient":""},"mobile":{"background-color":"var(--ast-global-color-5)","background-image":"","background-repeat":"repeat","background-position":"center center","background-size":"auto","background-attachment":"scroll","background-type":"","background-media":"","overlay-type":"","overlay-color":"","overlay-opacity":"","overlay-gradient":""}},"footnotes":""},"class_list":["post-1248","page","type-page","status-publish","hentry"],"post_mailing_queue_ids":[],"_links":{"self":[{"href":"https:\/\/agora.xtec.cat\/iesvila-seca\/wp-json\/wp\/v2\/pages\/1248","targetHints":{"allow":["GET"]}}],"collection":[{"href":"https:\/\/agora.xtec.cat\/iesvila-seca\/wp-json\/wp\/v2\/pages"}],"about":[{"href":"https:\/\/agora.xtec.cat\/iesvila-seca\/wp-json\/wp\/v2\/types\/page"}],"author":[{"embeddable":true,"href":"https:\/\/agora.xtec.cat\/iesvila-seca\/wp-json\/wp\/v2\/users\/1"}],"replies":[{"embeddable":true,"href":"https:\/\/agora.xtec.cat\/iesvila-seca\/wp-json\/wp\/v2\/comments?post=1248"}],"version-history":[{"count":6,"href":"https:\/\/agora.xtec.cat\/iesvila-seca\/wp-json\/wp\/v2\/pages\/1248\/revisions"}],"predecessor-version":[{"id":12609,"href":"https:\/\/agora.xtec.cat\/iesvila-seca\/wp-json\/wp\/v2\/pages\/1248\/revisions\/12609"}],"wp:attachment":[{"href":"https:\/\/agora.xtec.cat\/iesvila-seca\/wp-json\/wp\/v2\/media?parent=1248"}],"curies":[{"name":"wp","href":"https:\/\/api.w.org\/{rel}","templated":true}]}}