{"id":1245,"date":"2016-10-11T21:23:39","date_gmt":"2016-10-11T20:23:39","guid":{"rendered":"http:\/\/agora.xtec.cat\/iesvila-seca\/?page_id=1245"},"modified":"2022-07-08T11:27:47","modified_gmt":"2022-07-08T09:27:47","slug":"servei-de-mediacio","status":"publish","type":"page","link":"https:\/\/agora.xtec.cat\/iesvila-seca\/serveis\/servei-de-mediacio\/","title":{"rendered":"Servei de mediaci\u00f3"},"content":{"rendered":"<div title=\"Page 15\">\n<div>\n<div>\n<div>\n<p>Per afavorir el principi del di\u00e0leg i la resoluci\u00f3 de conflictes de manera pac\u00edfica i satisfact\u00f2ria, l\u2019INS t\u00e9 engegat des del curs 05-06 un pla de mediaci\u00f3 escolar des del qual es poden resoldre tots aquells conflictes sorgits entre els alumnes (grup d\u2019iguals) i que no siguin constitutius de falta greu.<\/p>\n<p>El proc\u00e9s mediador t\u00e9 com a fita corregir la conducta de l\u2019alumne\/a fent-lo discernir des de la reflexi\u00f3 de la sanci\u00f3 entre una conducta deplorable i prejudicial per la comunitat escolar i una altra positiva. I alhora reduir la tensi\u00f3, si \u00e9s el cas, que es genera despr\u00e8s d\u2019actituds greument lesives vers la conviv\u00e8ncia dins del marc de la comunitat escolar.<\/p>\n<p>La persona responsable \u00e9s l\u2019orientadora del centre: Esther Ca\u00f1ete i es pot demanar aquest servei des de la tutoria o des de direcci\u00f3.<\/p>\n<p>&nbsp;<\/p>\n<\/div>\n<\/div>\n<\/div>\n<\/div>\n<p style=\"text-align: center;\"><iframe loading=\"lazy\" title=\"YouTube video player\" src=\"https:\/\/www.youtube.com\/embed\/B7PirJBCHEg\" width=\"560\" height=\"315\" frameborder=\"0\" allowfullscreen=\"allowfullscreen\"><\/iframe><\/p>\n","protected":false},"excerpt":{"rendered":"<p>Per afavorir el principi del di\u00e0leg i la resoluci\u00f3 de conflictes de manera pac\u00edfica i satisfact\u00f2ria, l\u2019INS t\u00e9 engegat des del curs 05-06 un pla de mediaci\u00f3 escolar des del qual es poden resoldre tots aquells conflictes sorgits entre els alumnes (grup d\u2019iguals) i que no siguin constitutius de falta greu. El proc\u00e9s mediador t\u00e9 [&hellip;]<\/p>\n","protected":false},"author":1,"featured_media":0,"parent":63,"menu_order":10,"comment_status":"closed","ping_status":"closed","template":"page-templates\/side-menu.php","meta":{"_bbp_topic_count":0,"_bbp_reply_count":0,"_bbp_total_topic_count":0,"_bbp_total_reply_count":0,"_bbp_voice_count":0,"_bbp_anonymous_reply_count":0,"_bbp_topic_count_hidden":0,"_bbp_reply_count_hidden":0,"_bbp_forum_subforum_count":0,"site-sidebar-layout":"default","site-content-layout":"","ast-site-content-layout":"","site-content-style":"default","site-sidebar-style":"default","ast-global-header-display":"","ast-banner-title-visibility":"","ast-main-header-display":"","ast-hfb-above-header-display":"","ast-hfb-below-header-display":"","ast-hfb-mobile-header-display":"","site-post-title":"","ast-breadcrumbs-content":"","ast-featured-img":"","footer-sml-layout":"","theme-transparent-header-meta":"","adv-header-id-meta":"","stick-header-meta":"","header-above-stick-meta":"","header-main-stick-meta":"","header-below-stick-meta":"","astra-migrate-meta-layouts":"default","ast-page-background-enabled":"default","ast-page-background-meta":{"desktop":{"background-color":"var(--ast-global-color-4)","background-image":"","background-repeat":"repeat","background-position":"center center","background-size":"auto","background-attachment":"scroll","background-type":"","background-media":"","overlay-type":"","overlay-color":"","overlay-opacity":"","overlay-gradient":""},"tablet":{"background-color":"","background-image":"","background-repeat":"repeat","background-position":"center center","background-size":"auto","background-attachment":"scroll","background-type":"","background-media":"","overlay-type":"","overlay-color":"","overlay-opacity":"","overlay-gradient":""},"mobile":{"background-color":"","background-image":"","background-repeat":"repeat","background-position":"center center","background-size":"auto","background-attachment":"scroll","background-type":"","background-media":"","overlay-type":"","overlay-color":"","overlay-opacity":"","overlay-gradient":""}},"ast-content-background-meta":{"desktop":{"background-color":"var(--ast-global-color-5)","background-image":"","background-repeat":"repeat","background-position":"center center","background-size":"auto","background-attachment":"scroll","background-type":"","background-media":"","overlay-type":"","overlay-color":"","overlay-opacity":"","overlay-gradient":""},"tablet":{"background-color":"var(--ast-global-color-5)","background-image":"","background-repeat":"repeat","background-position":"center center","background-size":"auto","background-attachment":"scroll","background-type":"","background-media":"","overlay-type":"","overlay-color":"","overlay-opacity":"","overlay-gradient":""},"mobile":{"background-color":"var(--ast-global-color-5)","background-image":"","background-repeat":"repeat","background-position":"center center","background-size":"auto","background-attachment":"scroll","background-type":"","background-media":"","overlay-type":"","overlay-color":"","overlay-opacity":"","overlay-gradient":""}},"footnotes":""},"class_list":["post-1245","page","type-page","status-publish","hentry"],"post_mailing_queue_ids":[],"_links":{"self":[{"href":"https:\/\/agora.xtec.cat\/iesvila-seca\/wp-json\/wp\/v2\/pages\/1245","targetHints":{"allow":["GET"]}}],"collection":[{"href":"https:\/\/agora.xtec.cat\/iesvila-seca\/wp-json\/wp\/v2\/pages"}],"about":[{"href":"https:\/\/agora.xtec.cat\/iesvila-seca\/wp-json\/wp\/v2\/types\/page"}],"author":[{"embeddable":true,"href":"https:\/\/agora.xtec.cat\/iesvila-seca\/wp-json\/wp\/v2\/users\/1"}],"replies":[{"embeddable":true,"href":"https:\/\/agora.xtec.cat\/iesvila-seca\/wp-json\/wp\/v2\/comments?post=1245"}],"version-history":[{"count":3,"href":"https:\/\/agora.xtec.cat\/iesvila-seca\/wp-json\/wp\/v2\/pages\/1245\/revisions"}],"predecessor-version":[{"id":8701,"href":"https:\/\/agora.xtec.cat\/iesvila-seca\/wp-json\/wp\/v2\/pages\/1245\/revisions\/8701"}],"up":[{"embeddable":true,"href":"https:\/\/agora.xtec.cat\/iesvila-seca\/wp-json\/wp\/v2\/pages\/63"}],"wp:attachment":[{"href":"https:\/\/agora.xtec.cat\/iesvila-seca\/wp-json\/wp\/v2\/media?parent=1245"}],"curies":[{"name":"wp","href":"https:\/\/api.w.org\/{rel}","templated":true}]}}