{"id":10069,"date":"2023-03-07T11:49:45","date_gmt":"2023-03-07T10:49:45","guid":{"rendered":"https:\/\/agora.xtec.cat\/iesvila-seca\/?page_id=10069"},"modified":"2025-07-12T12:20:20","modified_gmt":"2025-07-12T10:20:20","slug":"convalidacio-musica-dansa-o-esport","status":"publish","type":"page","link":"https:\/\/agora.xtec.cat\/iesvila-seca\/estudis\/convalidacio-musica-dansa-o-esport\/","title":{"rendered":"Convalidaci\u00f3 de M\u00fasica, Esport o Dansa"},"content":{"rendered":"<p>Termini: fins el 31 d&#8217;octubre de 2025.<\/p>\n<p>&nbsp;<\/p>\n<h2><a href=\"https:\/\/agora.xtec.cat\/iesvila-seca\/wp-content\/uploads\/usu475\/2025\/07\/CUR_Simultaneitat_musica.pdf\">Simultane\u00eftat d&#8217;estudis d&#8217;ESO o BAT amb estudis de m\u00fasica<\/a><\/h2>\n<div class=\"gmail_default\">\n<div class=\"gmail-page\" title=\"Page 1\">\n<div class=\"gmail-layoutArea\">\n<ul>\n<li>\n<p style=\"text-align: justify;\">L&#8217;alumnat que cursa l&#8217;ESO i, simult\u00e0niament, estudis de m\u00fasica en conservatoris, centres professionals o escoles de m\u00fasica autoritzades, poden sol\u00b7licitar la convalidaci\u00f3 o el reconeixement de mat\u00e8ries d&#8217;ESO (consultar document complet)<\/p>\n<\/li>\n<li style=\"text-align: justify;\">L&#8217;alumnat que cursa batxillerat i, simult\u00e0niament, estudis de m\u00fasica en conservatoris, centres professionals o escoles de m\u00fasica autoritzades i que compleixi les condicions establertes pel Departament d&#8217;Educaci\u00f3 i Formaci\u00f3 Professional en cada cas, pot sol\u00b7licitar, cada curs, la convalidaci\u00f3 de sis hores a 1r de batxillerat i quatre hores a 2n de batxillerat de les franges de mat\u00e8ries optatives.<\/li>\n<\/ul>\n<p><a href=\"https:\/\/agora.xtec.cat\/iesvila-seca\/wp-content\/uploads\/usu475\/2025\/07\/CUR_Simultaneitat_musica.pdf\">Pots consultar el document complet aqu\u00ed.<\/a><\/p>\n<\/div>\n<div class=\"gmail-layoutArea\">\n<div class=\"gmail-column\">\n<h2 style=\"text-align: justify;\"><a href=\"https:\/\/agora.xtec.cat\/iesvila-seca\/wp-content\/uploads\/usu475\/2025\/07\/CUR_Simultaneitat_dansa.pdf\">Simultane\u00eftat d&#8217;estudis d&#8217;ESO o BAT amb estudis de dansa<\/a><\/h2>\n<\/div>\n<\/div>\n<ul>\n<li>L&#8217;alumnat que cursa l&#8217;ESO i, simult\u00e0niament, estudis de dansa en conservatoris, centres professionals o escoles de dansa autoritzades, pot sol\u00b7licitar la convalidaci\u00f3 o el reconeixement de mat\u00e8ries d&#8217;ESO en els termes que s&#8217;indiquen en el document complet.<\/li>\n<li>L&#8217;alumnat que cursa batxillerat i, simult\u00e0niament, estudis de dansa en conservatoris, centres professionals o escoles de dansa autoritzades i que compleixi les condicions establertes pel Departament d&#8217;Educaci\u00f3 i Formaci\u00f3 Professional en cada cas, pot sol\u00b7licitar, cada curs, la convalidaci\u00f3 de sis hores a 1r de batxillerat i quatre hores a 2n de batxillerat de les franges de mat\u00e8ries optatives. A m\u00e9s, poden sol\u00b7licitar la convalidaci\u00f3 de l&#8217;Educaci\u00f3 F\u00edsica a 1r de BAT.<\/li>\n<\/ul>\n<p><a href=\"https:\/\/agora.xtec.cat\/iesvila-seca\/wp-content\/uploads\/usu475\/2025\/07\/CUR_Simultaneitat_dansa.pdf\"><span style=\"font-weight: 400;\">Pots consultar el document complet <\/span>aqu\u00ed.<\/a><\/p>\n<h2>Convalidacions de mat\u00e8ries de batxillerat per als alumnes que compaginen els estudis de batxillerat amb la pr\u00e0ctica intensiva de l&#8217;esport<\/h2>\n<\/div>\n<\/div>\n<h5><\/h5>\n<div class=\"gmail_default\">\n<div class=\"gmail-page\" title=\"Page 1\">\n<h6 style=\"text-align: justify;\">\u200bCentres educatius d&#8217;especial atenci\u00f3 a la pr\u00e0ctica esportiva<\/h6>\n<p class=\"gmail-layoutArea\" style=\"text-align: justify;\">En el marc dels acords establerts entre el Departament d&#8217;Educaci\u00f3 i la Secretaria General de l&#8217;Esport, els centres educatius d&#8217;especial atenci\u00f3 a la pr\u00e0ctica esportiva poden desenvolupar projectes de centre que inclouen adaptacions del curr\u00edculum de la mat\u00e8ria d&#8217;Educaci\u00f3 F\u00edsica i\/o de mat\u00e8ries optatives\u00a0per a alumnes de batxillerat.<\/p>\n<h6 style=\"text-align: justify;\">Alumnes amb dedicaci\u00f3 significativa a l&#8217;esport matriculats en altres centres<\/h6>\n<p class=\"gmail-section\" style=\"text-align: justify;\">Els i les alumnes amb dedicaci\u00f3 significativa a l&#8217;esport, avalada pel Consell Catal\u00e0 de l&#8217;Esport i matriculats en centres que no pertanyen als centres educatius d&#8217;especial atenci\u00f3 a la pr\u00e0ctica esportiva, poden sol\u00b7licitar al director o directora del centre educatiu, durant el primer trimestre del curs, que se&#8217;ls apliqui un PI que inclogui el reconeixement de la mat\u00e8ria d&#8217;Educaci\u00f3 F\u00edsica i de les mat\u00e8ries optatives\u00a0tant de primer (6 hores) com de segon (4 hores) de batxillerat. En aquest PI, cal adjuntar-hi la documentaci\u00f3 seg\u00fcent:<\/p>\n<ul style=\"text-align: justify;\">\n<li>Sol\u00b7licitud signada per l&#8217;alumne o alumna, o pel pare, la mare o el tutor o tutora legal de l&#8217;alumne si \u00e9s menor d&#8217;edat.<\/li>\n<li>Certificat del\u00a0<a href=\"http:\/\/sac.gencat.cat\/sacgencat\/AppJava\/organisme_fitxa.jsp?codi=2570\">Consell Catal\u00e0 de l&#8217;Esport<\/a>. Els alumnes han d&#8217;obtenir aquest certificat quan figurin en el programa de tecnificaci\u00f3 (ARC) de la federaci\u00f3 catalana corresponent. <em><strong>Sense el certificat oficial del Consell Catal\u00e0 de l&#8217;Esport no ser\u00e0 possible la convalidaci\u00f3.<\/strong><\/em><\/li>\n<\/ul>\n<p style=\"text-align: justify;\">El director o directora del centre educatiu aprova el PI, que comporta la convalidaci\u00f3 de la mat\u00e8ria d&#8217;Educaci\u00f3 F\u00edsica i de dues franges de mat\u00e8ries optatives (6h) de primer o b\u00e9 de la franja de mat\u00e8ries optatives\u00a0de segon curs (4h).\u200b El pla s&#8217;ha de renovar cada curs.<\/p>\n<p style=\"text-align: justify;\">A l&#8217;efecte de la convalidaci\u00f3 de la franja de mat\u00e8ries\u00a0optatives\/espec\u00edfiques, cal tenir en compte que es consideren optatives\/espec\u00edfiques tamb\u00e9 les mat\u00e8ries de modalitat que excedeixin de les mat\u00e8ries de modalitat que l&#8217;alumne o alumna ha de cursar en cada curs de batxillerat.<\/p>\n<\/div>\n<\/div>\n","protected":false},"excerpt":{"rendered":"<p>Termini: fins el 31 d&#8217;octubre de 2025. &nbsp; Simultane\u00eftat d&#8217;estudis d&#8217;ESO o BAT amb estudis de m\u00fasica L&#8217;alumnat que cursa l&#8217;ESO i, simult\u00e0niament, estudis de m\u00fasica en conservatoris, centres professionals o escoles de m\u00fasica autoritzades, poden sol\u00b7licitar la convalidaci\u00f3 o el reconeixement de mat\u00e8ries d&#8217;ESO (consultar document complet) L&#8217;alumnat que cursa batxillerat i, simult\u00e0niament, estudis [&hellip;]<\/p>\n","protected":false},"author":1,"featured_media":0,"parent":195,"menu_order":70,"comment_status":"closed","ping_status":"closed","template":"","meta":{"_bbp_topic_count":0,"_bbp_reply_count":0,"_bbp_total_topic_count":0,"_bbp_total_reply_count":0,"_bbp_voice_count":0,"_bbp_anonymous_reply_count":0,"_bbp_topic_count_hidden":0,"_bbp_reply_count_hidden":0,"_bbp_forum_subforum_count":0,"site-sidebar-layout":"default","site-content-layout":"","ast-site-content-layout":"","site-content-style":"default","site-sidebar-style":"default","ast-global-header-display":"","ast-banner-title-visibility":"","ast-main-header-display":"","ast-hfb-above-header-display":"","ast-hfb-below-header-display":"","ast-hfb-mobile-header-display":"","site-post-title":"","ast-breadcrumbs-content":"","ast-featured-img":"","footer-sml-layout":"","theme-transparent-header-meta":"","adv-header-id-meta":"","stick-header-meta":"","header-above-stick-meta":"","header-main-stick-meta":"","header-below-stick-meta":"","astra-migrate-meta-layouts":"default","ast-page-background-enabled":"default","ast-page-background-meta":{"desktop":{"background-color":"var(--ast-global-color-4)","background-image":"","background-repeat":"repeat","background-position":"center center","background-size":"auto","background-attachment":"scroll","background-type":"","background-media":"","overlay-type":"","overlay-color":"","overlay-opacity":"","overlay-gradient":""},"tablet":{"background-color":"","background-image":"","background-repeat":"repeat","background-position":"center center","background-size":"auto","background-attachment":"scroll","background-type":"","background-media":"","overlay-type":"","overlay-color":"","overlay-opacity":"","overlay-gradient":""},"mobile":{"background-color":"","background-image":"","background-repeat":"repeat","background-position":"center center","background-size":"auto","background-attachment":"scroll","background-type":"","background-media":"","overlay-type":"","overlay-color":"","overlay-opacity":"","overlay-gradient":""}},"ast-content-background-meta":{"desktop":{"background-color":"var(--ast-global-color-5)","background-image":"","background-repeat":"repeat","background-position":"center center","background-size":"auto","background-attachment":"scroll","background-type":"","background-media":"","overlay-type":"","overlay-color":"","overlay-opacity":"","overlay-gradient":""},"tablet":{"background-color":"var(--ast-global-color-5)","background-image":"","background-repeat":"repeat","background-position":"center center","background-size":"auto","background-attachment":"scroll","background-type":"","background-media":"","overlay-type":"","overlay-color":"","overlay-opacity":"","overlay-gradient":""},"mobile":{"background-color":"var(--ast-global-color-5)","background-image":"","background-repeat":"repeat","background-position":"center center","background-size":"auto","background-attachment":"scroll","background-type":"","background-media":"","overlay-type":"","overlay-color":"","overlay-opacity":"","overlay-gradient":""}},"footnotes":""},"class_list":["post-10069","page","type-page","status-publish","hentry"],"post_mailing_queue_ids":[],"_links":{"self":[{"href":"https:\/\/agora.xtec.cat\/iesvila-seca\/wp-json\/wp\/v2\/pages\/10069","targetHints":{"allow":["GET"]}}],"collection":[{"href":"https:\/\/agora.xtec.cat\/iesvila-seca\/wp-json\/wp\/v2\/pages"}],"about":[{"href":"https:\/\/agora.xtec.cat\/iesvila-seca\/wp-json\/wp\/v2\/types\/page"}],"author":[{"embeddable":true,"href":"https:\/\/agora.xtec.cat\/iesvila-seca\/wp-json\/wp\/v2\/users\/1"}],"replies":[{"embeddable":true,"href":"https:\/\/agora.xtec.cat\/iesvila-seca\/wp-json\/wp\/v2\/comments?post=10069"}],"version-history":[{"count":6,"href":"https:\/\/agora.xtec.cat\/iesvila-seca\/wp-json\/wp\/v2\/pages\/10069\/revisions"}],"predecessor-version":[{"id":12649,"href":"https:\/\/agora.xtec.cat\/iesvila-seca\/wp-json\/wp\/v2\/pages\/10069\/revisions\/12649"}],"up":[{"embeddable":true,"href":"https:\/\/agora.xtec.cat\/iesvila-seca\/wp-json\/wp\/v2\/pages\/195"}],"wp:attachment":[{"href":"https:\/\/agora.xtec.cat\/iesvila-seca\/wp-json\/wp\/v2\/media?parent=10069"}],"curies":[{"name":"wp","href":"https:\/\/api.w.org\/{rel}","templated":true}]}}