{"id":796,"date":"2017-03-02T13:22:57","date_gmt":"2017-03-02T12:22:57","guid":{"rendered":"http:\/\/agora.xtec.cat\/iesverdaguer\/?page_id=796"},"modified":"2021-03-07T14:12:47","modified_gmt":"2021-03-07T13:12:47","slug":"a-f-a","status":"publish","type":"page","link":"https:\/\/agora.xtec.cat\/iesverdaguer\/a-f-a\/","title":{"rendered":"Associaci\u00f3 de Fam\u00edlies d\u2019Alumnes (AFA)"},"content":{"rendered":"<p>L&#8217;Associaci\u00f3 de Fam\u00edlies d\u2019Alumnes de l&#8217;Institut Verdaguer es basa en els seg\u00fcents principis:<\/p>\n<p><strong>Missi\u00f3<\/strong><\/p>\n<p>Donar suport i assist\u00e8ncia als pares, mares i fam\u00edlies d\u2019alumnes, tutors i tutores, professorat i alumnat de l&#8217;Institut Verdaguer, en tot all\u00f2 que fa refer\u00e8ncia a l&#8217;educaci\u00f3 de tot l\u2019alumnat matriculat al centre; promoure la representaci\u00f3 i la participaci\u00f3, facilitar la col\u00b7laboraci\u00f3 del centre en els \u00e0mbits social, cultural, econ\u00f2mic i laboral de l&#8217;entorn; col\u2022laborar en les activitats educatives del centre, cooperar en la programaci\u00f3 d&#8217;activitats complement\u00e0ries, extraescolars, fisicoesportives, l\u00fadiques i culturals; i promoure la formaci\u00f3 dels pares i mares, tant des del vessant cultural com de l&#8217;espec\u00edfic de responsabilitzaci\u00f3 en l&#8217;educaci\u00f3 familiar.<\/p>\n<p>&nbsp;<\/p>\n<p><strong>Valors<\/strong><\/p>\n<p>Defensa de l&#8217;Educaci\u00f3 P\u00fablica inclusiva, integradora, innovadora i de qualitat. Col\u00b7laboraci\u00f3 i cooperaci\u00f3 amb els educadors, l&#8217;administraci\u00f3 p\u00fablica, les altres associacions de fam\u00edlies d&#8217;alumnes i les entitats i associacions del barri i del districte. Foment de la participaci\u00f3 democr\u00e0tica, de la igualtat d\u2019oportunitats i de la just\u00edcia social, a partir de la valoraci\u00f3 de la diversitat cultural i l\u2019atenci\u00f3 a grups de desigualtat educativa, facilitant condicions d&#8217;autorrealitzaci\u00f3 entre tots els sectors socials. Transpar\u00e8ncia, voluntariat, generositat, comprom\u00eds i treball en equip.<\/p>\n<p>&nbsp;<\/p>\n<p><strong>Igualtat de g\u00e8nere<\/strong><\/p>\n<p>Defensa de la igualtat de g\u00e8nere per promoure el respecte a la difer\u00e8ncia, la igualtat real d&#8217;oportunitats i evitar qualsevol. Defensa d&#8217;un dret a l&#8217;educaci\u00f3 equitatiu que superi els estereotips de g\u00e8nere, les amenaces a la seguretat emocional de les dones i el curr\u00edculum ocult, insensible a les q\u00fcestions de g\u00e8nere, en l&#8217;educaci\u00f3 familiar, les relacions interpersonals entre estudiants, i entre aquests i els i les docents. Formaci\u00f3 de les fam\u00edlies en els valors, les normes, els costums i les eines per evitar les relacions expl\u00edcites o ocultes de subordinaci\u00f3 de les dones als homes.<\/p>\n<p><a href=\"https:\/\/agora.xtec.cat\/iesverdaguer\/categoria\/afa\/\" target=\"_blank\" rel=\"noopener noreferrer\">Articles al web relacionats amb l&#8217;AFA<\/a><\/p>\n","protected":false},"excerpt":{"rendered":"<p>L&#8217;Associaci\u00f3 de Fam\u00edlies d\u2019Alumnes de l&#8217;Institut Verdaguer es basa en els seg\u00fcents principis: Missi\u00f3 Donar suport i assist\u00e8ncia als pares, mares i fam\u00edlies d\u2019alumnes, tutors i tutores, professorat i alumnat de l&#8217;Institut Verdaguer, en tot all\u00f2 que fa refer\u00e8ncia a l&#8217;educaci\u00f3 de tot l\u2019alumnat matriculat al centre; promoure la representaci\u00f3 i la participaci\u00f3, facilitar la [&hellip;]<\/p>\n","protected":false},"author":1,"featured_media":0,"parent":0,"menu_order":0,"comment_status":"closed","ping_status":"closed","template":"page-templates\/side-menu.php","meta":{"_bbp_topic_count":0,"_bbp_reply_count":0,"_bbp_total_topic_count":0,"_bbp_total_reply_count":0,"_bbp_voice_count":0,"_bbp_anonymous_reply_count":0,"_bbp_topic_count_hidden":0,"_bbp_reply_count_hidden":0,"_bbp_forum_subforum_count":0,"site-sidebar-layout":"default","site-content-layout":"","ast-site-content-layout":"","site-content-style":"default","site-sidebar-style":"default","ast-global-header-display":"","ast-banner-title-visibility":"","ast-main-header-display":"","ast-hfb-above-header-display":"","ast-hfb-below-header-display":"","ast-hfb-mobile-header-display":"","site-post-title":"","ast-breadcrumbs-content":"","ast-featured-img":"","footer-sml-layout":"","theme-transparent-header-meta":"","adv-header-id-meta":"","stick-header-meta":"","header-above-stick-meta":"","header-main-stick-meta":"","header-below-stick-meta":"","astra-migrate-meta-layouts":"default","ast-page-background-enabled":"default","ast-page-background-meta":{"desktop":{"background-color":"var(--ast-global-color-4)","background-image":"","background-repeat":"repeat","background-position":"center center","background-size":"auto","background-attachment":"scroll","background-type":"","background-media":"","overlay-type":"","overlay-color":"","overlay-opacity":"","overlay-gradient":""},"tablet":{"background-color":"","background-image":"","background-repeat":"repeat","background-position":"center center","background-size":"auto","background-attachment":"scroll","background-type":"","background-media":"","overlay-type":"","overlay-color":"","overlay-opacity":"","overlay-gradient":""},"mobile":{"background-color":"","background-image":"","background-repeat":"repeat","background-position":"center center","background-size":"auto","background-attachment":"scroll","background-type":"","background-media":"","overlay-type":"","overlay-color":"","overlay-opacity":"","overlay-gradient":""}},"ast-content-background-meta":{"desktop":{"background-color":"var(--ast-global-color-5)","background-image":"","background-repeat":"repeat","background-position":"center center","background-size":"auto","background-attachment":"scroll","background-type":"","background-media":"","overlay-type":"","overlay-color":"","overlay-opacity":"","overlay-gradient":""},"tablet":{"background-color":"var(--ast-global-color-5)","background-image":"","background-repeat":"repeat","background-position":"center center","background-size":"auto","background-attachment":"scroll","background-type":"","background-media":"","overlay-type":"","overlay-color":"","overlay-opacity":"","overlay-gradient":""},"mobile":{"background-color":"var(--ast-global-color-5)","background-image":"","background-repeat":"repeat","background-position":"center center","background-size":"auto","background-attachment":"scroll","background-type":"","background-media":"","overlay-type":"","overlay-color":"","overlay-opacity":"","overlay-gradient":""}},"footnotes":""},"class_list":["post-796","page","type-page","status-publish","hentry"],"post_mailing_queue_ids":[],"_links":{"self":[{"href":"https:\/\/agora.xtec.cat\/iesverdaguer\/wp-json\/wp\/v2\/pages\/796","targetHints":{"allow":["GET"]}}],"collection":[{"href":"https:\/\/agora.xtec.cat\/iesverdaguer\/wp-json\/wp\/v2\/pages"}],"about":[{"href":"https:\/\/agora.xtec.cat\/iesverdaguer\/wp-json\/wp\/v2\/types\/page"}],"author":[{"embeddable":true,"href":"https:\/\/agora.xtec.cat\/iesverdaguer\/wp-json\/wp\/v2\/users\/1"}],"replies":[{"embeddable":true,"href":"https:\/\/agora.xtec.cat\/iesverdaguer\/wp-json\/wp\/v2\/comments?post=796"}],"version-history":[{"count":3,"href":"https:\/\/agora.xtec.cat\/iesverdaguer\/wp-json\/wp\/v2\/pages\/796\/revisions"}],"predecessor-version":[{"id":5987,"href":"https:\/\/agora.xtec.cat\/iesverdaguer\/wp-json\/wp\/v2\/pages\/796\/revisions\/5987"}],"wp:attachment":[{"href":"https:\/\/agora.xtec.cat\/iesverdaguer\/wp-json\/wp\/v2\/media?parent=796"}],"curies":[{"name":"wp","href":"https:\/\/api.w.org\/{rel}","templated":true}]}}