{"id":75,"date":"2014-09-18T10:21:02","date_gmt":"2014-09-18T09:21:02","guid":{"rendered":"http:\/\/agora.xtec.cat\/iesverdaguer\/?page_id=75"},"modified":"2024-01-09T08:01:26","modified_gmt":"2024-01-09T07:01:26","slug":"activitats-extraescolars-2","status":"publish","type":"page","link":"https:\/\/agora.xtec.cat\/iesverdaguer\/activitats-extraescolars-2\/","title":{"rendered":"Activitats extraescolars"},"content":{"rendered":"<p>Els TALLERS EXTRAESCOLARS s\u00f3n un programa gestionat pel centre on l&#8217;alumnat participant t\u00e9 l&#8217;oportunitat de formar-se en una o diverses activitats culturals. \u00c9s tamb\u00e9 un punt de trobada i conviv\u00e8ncia. Totes les activitats s\u00f3n gratu\u00eftes.<\/p>\n<p>DILLUNS, DIMECRES\u00a0I DIVENDRES (15:30 &#8211; 16:30)<\/p>\n<p>Esports a c\u00e0rrec de l&#8217;Associaci\u00f3 Esportiva Ciutat Vella<\/p>\n<ul>\n<li>Dilluns: Esports col\u00b7lectius<\/li>\n<li>Dimecres: Esports amb raquetes i altres implements<\/li>\n<li>Divendres: Esports amb rodes (skate, patinatge&#8230;)<\/li>\n<\/ul>\n<p>DIMARTS I DIJOUS (16:00 &#8211; 17:30)<\/p>\n<ul>\n<li style=\"font-weight: 400;\">Programa \u00c8xit d\u2019estudi assistit<\/li>\n<li style=\"font-weight: 400;\">Speak Up! (programa de conversa en angl\u00e8s)<\/li>\n<\/ul>\n<p>DIJOUS (16:00 &#8211; 17:30)<\/p>\n<ul>\n<li>M\u00fasica: coral<\/li>\n<li>M\u00fasica: instruments<\/li>\n<\/ul>\n","protected":false},"excerpt":{"rendered":"<p>Els TALLERS EXTRAESCOLARS s\u00f3n un programa gestionat pel centre on l&#8217;alumnat participant t\u00e9 l&#8217;oportunitat de formar-se en una o diverses activitats culturals. \u00c9s tamb\u00e9 un punt de trobada i conviv\u00e8ncia. Totes les activitats s\u00f3n gratu\u00eftes. DILLUNS, DIMECRES\u00a0I DIVENDRES (15:30 &#8211; 16:30) Esports a c\u00e0rrec de l&#8217;Associaci\u00f3 Esportiva Ciutat Vella Dilluns: Esports col\u00b7lectius Dimecres: Esports amb [&hellip;]<\/p>\n","protected":false},"author":1,"featured_media":0,"parent":0,"menu_order":40,"comment_status":"closed","ping_status":"closed","template":"page-templates\/side-menu.php","meta":{"_bbp_topic_count":0,"_bbp_reply_count":0,"_bbp_total_topic_count":0,"_bbp_total_reply_count":0,"_bbp_voice_count":0,"_bbp_anonymous_reply_count":0,"_bbp_topic_count_hidden":0,"_bbp_reply_count_hidden":0,"_bbp_forum_subforum_count":0,"site-sidebar-layout":"default","site-content-layout":"","ast-site-content-layout":"","site-content-style":"default","site-sidebar-style":"default","ast-global-header-display":"","ast-banner-title-visibility":"","ast-main-header-display":"","ast-hfb-above-header-display":"","ast-hfb-below-header-display":"","ast-hfb-mobile-header-display":"","site-post-title":"","ast-breadcrumbs-content":"","ast-featured-img":"","footer-sml-layout":"","theme-transparent-header-meta":"","adv-header-id-meta":"","stick-header-meta":"","header-above-stick-meta":"","header-main-stick-meta":"","header-below-stick-meta":"","astra-migrate-meta-layouts":"default","ast-page-background-enabled":"default","ast-page-background-meta":{"desktop":{"background-color":"var(--ast-global-color-4)","background-image":"","background-repeat":"repeat","background-position":"center center","background-size":"auto","background-attachment":"scroll","background-type":"","background-media":"","overlay-type":"","overlay-color":"","overlay-opacity":"","overlay-gradient":""},"tablet":{"background-color":"","background-image":"","background-repeat":"repeat","background-position":"center center","background-size":"auto","background-attachment":"scroll","background-type":"","background-media":"","overlay-type":"","overlay-color":"","overlay-opacity":"","overlay-gradient":""},"mobile":{"background-color":"","background-image":"","background-repeat":"repeat","background-position":"center center","background-size":"auto","background-attachment":"scroll","background-type":"","background-media":"","overlay-type":"","overlay-color":"","overlay-opacity":"","overlay-gradient":""}},"ast-content-background-meta":{"desktop":{"background-color":"var(--ast-global-color-5)","background-image":"","background-repeat":"repeat","background-position":"center center","background-size":"auto","background-attachment":"scroll","background-type":"","background-media":"","overlay-type":"","overlay-color":"","overlay-opacity":"","overlay-gradient":""},"tablet":{"background-color":"var(--ast-global-color-5)","background-image":"","background-repeat":"repeat","background-position":"center center","background-size":"auto","background-attachment":"scroll","background-type":"","background-media":"","overlay-type":"","overlay-color":"","overlay-opacity":"","overlay-gradient":""},"mobile":{"background-color":"var(--ast-global-color-5)","background-image":"","background-repeat":"repeat","background-position":"center center","background-size":"auto","background-attachment":"scroll","background-type":"","background-media":"","overlay-type":"","overlay-color":"","overlay-opacity":"","overlay-gradient":""}},"footnotes":""},"class_list":["post-75","page","type-page","status-publish","hentry"],"post_mailing_queue_ids":[],"_links":{"self":[{"href":"https:\/\/agora.xtec.cat\/iesverdaguer\/wp-json\/wp\/v2\/pages\/75","targetHints":{"allow":["GET"]}}],"collection":[{"href":"https:\/\/agora.xtec.cat\/iesverdaguer\/wp-json\/wp\/v2\/pages"}],"about":[{"href":"https:\/\/agora.xtec.cat\/iesverdaguer\/wp-json\/wp\/v2\/types\/page"}],"author":[{"embeddable":true,"href":"https:\/\/agora.xtec.cat\/iesverdaguer\/wp-json\/wp\/v2\/users\/1"}],"replies":[{"embeddable":true,"href":"https:\/\/agora.xtec.cat\/iesverdaguer\/wp-json\/wp\/v2\/comments?post=75"}],"version-history":[{"count":4,"href":"https:\/\/agora.xtec.cat\/iesverdaguer\/wp-json\/wp\/v2\/pages\/75\/revisions"}],"predecessor-version":[{"id":9599,"href":"https:\/\/agora.xtec.cat\/iesverdaguer\/wp-json\/wp\/v2\/pages\/75\/revisions\/9599"}],"wp:attachment":[{"href":"https:\/\/agora.xtec.cat\/iesverdaguer\/wp-json\/wp\/v2\/media?parent=75"}],"curies":[{"name":"wp","href":"https:\/\/api.w.org\/{rel}","templated":true}]}}