{"id":602,"date":"2017-02-16T22:26:33","date_gmt":"2017-02-16T21:26:33","guid":{"rendered":"http:\/\/agora.xtec.cat\/iesverdaguer\/?page_id=602"},"modified":"2024-01-09T07:34:56","modified_gmt":"2024-01-09T06:34:56","slug":"rebuda-alumnes-nous","status":"publish","type":"page","link":"https:\/\/agora.xtec.cat\/iesverdaguer\/com-treballem\/rebuda-alumnes-nous\/","title":{"rendered":"Rebuda alumnes nous"},"content":{"rendered":"<p>Cada curs arriba una cinquantena d&#8217;alumnes nous a l&#8217;institut, nois i noies amb il\u00b7lusi\u00f3 de comen\u00e7ar una etapa nova, de canviar l&#8217;escola on han estat des de petits per passar a l&#8217;institut, l&#8217;escola dels grans i on es prepararan per a la universitat, els cicles formatius o el m\u00f3n laboral.<\/p>\n<p>Arribar als 12 anys a un centre on hi ha alumnes que ja ronden la vintena comporta tamb\u00e9 incerteses, dubtes. Per aix\u00f2 els rebem d&#8217;una manera especial.<\/p>\n<p>El primer dia de curs, deixem que puguin gaudir de l&#8217;institut, que l&#8217;edifici sigui, almenys durant la primera part del mat\u00ed per ells sols. Organitzem activitats per a que descobreixin a fons l&#8217;edifici, coneguin els espais que utilitzaran: localitzin les taquilles, la biblioteca, els laboratoris i tallers, les aules polivalents i especialitzades, els despatxos de professorat i equip directiu, etc de manera que es puguin familiaritzar amb amb les instal\u00b7lacions de les que gaudiran durant els propers anys.<\/p>\n<p>A m\u00e9s, i formant part del treball globalitzat del centre durant el primer trimestre de 1 ESO els projectes que realitzaran giren al voltant de l&#8217;institut i del reconeixement personal. Treballant des de diferents \u00e0mbits descobreixen la hist\u00f2ria de l&#8217;institut, el que hi aprendran i descobriran i tamb\u00e9 aprofundeixen en el seu creixement personal i com a integrants d&#8217;un grup de companys amb qui compartiran els descobriments, aprenentatges, el treball de grup, etc.<\/p>\n<p>&nbsp;<\/p>\n","protected":false},"excerpt":{"rendered":"<p>Cada curs arriba una cinquantena d&#8217;alumnes nous a l&#8217;institut, nois i noies amb il\u00b7lusi\u00f3 de comen\u00e7ar una etapa nova, de canviar l&#8217;escola on han estat des de petits per passar a l&#8217;institut, l&#8217;escola dels grans i on es prepararan per a la universitat, els cicles formatius o el m\u00f3n laboral. Arribar als 12 anys a [&hellip;]<\/p>\n","protected":false},"author":1,"featured_media":0,"parent":57,"menu_order":7,"comment_status":"closed","ping_status":"closed","template":"page-templates\/side-menu.php","meta":{"_bbp_topic_count":0,"_bbp_reply_count":0,"_bbp_total_topic_count":0,"_bbp_total_reply_count":0,"_bbp_voice_count":0,"_bbp_anonymous_reply_count":0,"_bbp_topic_count_hidden":0,"_bbp_reply_count_hidden":0,"_bbp_forum_subforum_count":0,"site-sidebar-layout":"default","site-content-layout":"","ast-site-content-layout":"","site-content-style":"default","site-sidebar-style":"default","ast-global-header-display":"","ast-banner-title-visibility":"","ast-main-header-display":"","ast-hfb-above-header-display":"","ast-hfb-below-header-display":"","ast-hfb-mobile-header-display":"","site-post-title":"","ast-breadcrumbs-content":"","ast-featured-img":"","footer-sml-layout":"","theme-transparent-header-meta":"","adv-header-id-meta":"","stick-header-meta":"","header-above-stick-meta":"","header-main-stick-meta":"","header-below-stick-meta":"","astra-migrate-meta-layouts":"default","ast-page-background-enabled":"default","ast-page-background-meta":{"desktop":{"background-color":"var(--ast-global-color-4)","background-image":"","background-repeat":"repeat","background-position":"center center","background-size":"auto","background-attachment":"scroll","background-type":"","background-media":"","overlay-type":"","overlay-color":"","overlay-opacity":"","overlay-gradient":""},"tablet":{"background-color":"","background-image":"","background-repeat":"repeat","background-position":"center center","background-size":"auto","background-attachment":"scroll","background-type":"","background-media":"","overlay-type":"","overlay-color":"","overlay-opacity":"","overlay-gradient":""},"mobile":{"background-color":"","background-image":"","background-repeat":"repeat","background-position":"center center","background-size":"auto","background-attachment":"scroll","background-type":"","background-media":"","overlay-type":"","overlay-color":"","overlay-opacity":"","overlay-gradient":""}},"ast-content-background-meta":{"desktop":{"background-color":"var(--ast-global-color-5)","background-image":"","background-repeat":"repeat","background-position":"center center","background-size":"auto","background-attachment":"scroll","background-type":"","background-media":"","overlay-type":"","overlay-color":"","overlay-opacity":"","overlay-gradient":""},"tablet":{"background-color":"var(--ast-global-color-5)","background-image":"","background-repeat":"repeat","background-position":"center center","background-size":"auto","background-attachment":"scroll","background-type":"","background-media":"","overlay-type":"","overlay-color":"","overlay-opacity":"","overlay-gradient":""},"mobile":{"background-color":"var(--ast-global-color-5)","background-image":"","background-repeat":"repeat","background-position":"center center","background-size":"auto","background-attachment":"scroll","background-type":"","background-media":"","overlay-type":"","overlay-color":"","overlay-opacity":"","overlay-gradient":""}},"footnotes":""},"class_list":["post-602","page","type-page","status-publish","hentry"],"post_mailing_queue_ids":[],"_links":{"self":[{"href":"https:\/\/agora.xtec.cat\/iesverdaguer\/wp-json\/wp\/v2\/pages\/602","targetHints":{"allow":["GET"]}}],"collection":[{"href":"https:\/\/agora.xtec.cat\/iesverdaguer\/wp-json\/wp\/v2\/pages"}],"about":[{"href":"https:\/\/agora.xtec.cat\/iesverdaguer\/wp-json\/wp\/v2\/types\/page"}],"author":[{"embeddable":true,"href":"https:\/\/agora.xtec.cat\/iesverdaguer\/wp-json\/wp\/v2\/users\/1"}],"replies":[{"embeddable":true,"href":"https:\/\/agora.xtec.cat\/iesverdaguer\/wp-json\/wp\/v2\/comments?post=602"}],"version-history":[{"count":3,"href":"https:\/\/agora.xtec.cat\/iesverdaguer\/wp-json\/wp\/v2\/pages\/602\/revisions"}],"predecessor-version":[{"id":9598,"href":"https:\/\/agora.xtec.cat\/iesverdaguer\/wp-json\/wp\/v2\/pages\/602\/revisions\/9598"}],"up":[{"embeddable":true,"href":"https:\/\/agora.xtec.cat\/iesverdaguer\/wp-json\/wp\/v2\/pages\/57"}],"wp:attachment":[{"href":"https:\/\/agora.xtec.cat\/iesverdaguer\/wp-json\/wp\/v2\/media?parent=602"}],"curies":[{"name":"wp","href":"https:\/\/api.w.org\/{rel}","templated":true}]}}