{"id":599,"date":"2017-02-16T22:26:12","date_gmt":"2017-02-16T21:26:12","guid":{"rendered":"http:\/\/agora.xtec.cat\/iesverdaguer\/?page_id=599"},"modified":"2018-01-15T13:50:01","modified_gmt":"2018-01-15T12:50:01","slug":"mediacio","status":"publish","type":"page","link":"https:\/\/agora.xtec.cat\/iesverdaguer\/com-treballem\/mediacio\/","title":{"rendered":"Xarxes per al Canvi"},"content":{"rendered":"<p>Amb el mateix objectiu que la Xarxa de Compet\u00e8ncies B\u00e0siques, Xarxes per al Canvi engloba diferents centres de la ciutat de Barcelona, agrupats per zones de proximitat. Treballar amb centres de proximitat \u00e9s un valor afegit que facilita la continu\u00eftat del treball de les escoles de prim\u00e0ria als instituts de refer\u00e8ncia.<\/p>\n<p>El Programa <strong>Xarxes per al Canvi<\/strong> neix el gener de 2017 liderat pel Consorci d\u2019Educaci\u00f3 de Barcelona i com a resultat del conveni de col\u00b7laboraci\u00f3 amb el Programa Escola Nova 21, l\u2019Associaci\u00f3 de Mestres Rosa Sensat i l\u2019Institut de Ci\u00e8ncies de l&#8217;Educaci\u00f3 de la Universitat Aut\u00f2noma de Barcelona, una alian\u00e7a clau en el context d\u2019innovaci\u00f3 educativa que viu la nostra societat.<\/p>\n<p>Els quatre agents educatius sumen esfor\u00e7os per la innovaci\u00f3 i assumeixen el comprom\u00eds de treballar junts en el per\u00edode 2017-2020 amb l\u2019objectiu d\u2019aconseguir un sistema educatiu equitatiu que promogui per a tots els alumnes una experi\u00e8ncia educativa inclusiva, empoderadora i de qualitat.<\/p>\n<p>Les 21 xarxes de centres de la ciutat de Barcelona treballem amb responsabilitat en la millora cont\u00ednua del propi centre i dels aprenentatges de l&#8217;alumnat, el desenvolupament professional del professorat, la col\u00b7laboraci\u00f3 entre centres educatius i la indagaci\u00f3 col\u2022lectiva, un context que aporta coher\u00e8ncia al sistema de valors que constru\u00efm i compartim i que ens cohesiona davant els reptes globals que enfronta l\u2019escola i la societat.<\/p>\n<p>Tots els centres que formem part de les Xarxes per al Canvi, volem innovar en la forma de transmetre el coneixement, despertant en els nois i noies les ganes d&#8217;aprendre, la curiositat, l&#8217;esperit cr\u00edtic amb la finalitat \u00faltima del creixement personal.<\/p>\n","protected":false},"excerpt":{"rendered":"<p>Amb el mateix objectiu que la Xarxa de Compet\u00e8ncies B\u00e0siques, Xarxes per al Canvi engloba diferents centres de la ciutat de Barcelona, agrupats per zones de proximitat. Treballar amb centres de proximitat \u00e9s un valor afegit que facilita la continu\u00eftat del treball de les escoles de prim\u00e0ria als instituts de refer\u00e8ncia. El Programa Xarxes per [&hellip;]<\/p>\n","protected":false},"author":1,"featured_media":0,"parent":57,"menu_order":6,"comment_status":"closed","ping_status":"closed","template":"page-templates\/side-menu.php","meta":{"_bbp_topic_count":0,"_bbp_reply_count":0,"_bbp_total_topic_count":0,"_bbp_total_reply_count":0,"_bbp_voice_count":0,"_bbp_anonymous_reply_count":0,"_bbp_topic_count_hidden":0,"_bbp_reply_count_hidden":0,"_bbp_forum_subforum_count":0,"site-sidebar-layout":"default","site-content-layout":"","ast-site-content-layout":"","site-content-style":"default","site-sidebar-style":"default","ast-global-header-display":"","ast-banner-title-visibility":"","ast-main-header-display":"","ast-hfb-above-header-display":"","ast-hfb-below-header-display":"","ast-hfb-mobile-header-display":"","site-post-title":"","ast-breadcrumbs-content":"","ast-featured-img":"","footer-sml-layout":"","theme-transparent-header-meta":"","adv-header-id-meta":"","stick-header-meta":"","header-above-stick-meta":"","header-main-stick-meta":"","header-below-stick-meta":"","astra-migrate-meta-layouts":"default","ast-page-background-enabled":"default","ast-page-background-meta":{"desktop":{"background-color":"var(--ast-global-color-4)","background-image":"","background-repeat":"repeat","background-position":"center center","background-size":"auto","background-attachment":"scroll","background-type":"","background-media":"","overlay-type":"","overlay-color":"","overlay-opacity":"","overlay-gradient":""},"tablet":{"background-color":"","background-image":"","background-repeat":"repeat","background-position":"center center","background-size":"auto","background-attachment":"scroll","background-type":"","background-media":"","overlay-type":"","overlay-color":"","overlay-opacity":"","overlay-gradient":""},"mobile":{"background-color":"","background-image":"","background-repeat":"repeat","background-position":"center center","background-size":"auto","background-attachment":"scroll","background-type":"","background-media":"","overlay-type":"","overlay-color":"","overlay-opacity":"","overlay-gradient":""}},"ast-content-background-meta":{"desktop":{"background-color":"var(--ast-global-color-5)","background-image":"","background-repeat":"repeat","background-position":"center center","background-size":"auto","background-attachment":"scroll","background-type":"","background-media":"","overlay-type":"","overlay-color":"","overlay-opacity":"","overlay-gradient":""},"tablet":{"background-color":"var(--ast-global-color-5)","background-image":"","background-repeat":"repeat","background-position":"center center","background-size":"auto","background-attachment":"scroll","background-type":"","background-media":"","overlay-type":"","overlay-color":"","overlay-opacity":"","overlay-gradient":""},"mobile":{"background-color":"var(--ast-global-color-5)","background-image":"","background-repeat":"repeat","background-position":"center center","background-size":"auto","background-attachment":"scroll","background-type":"","background-media":"","overlay-type":"","overlay-color":"","overlay-opacity":"","overlay-gradient":""}},"footnotes":""},"class_list":["post-599","page","type-page","status-publish","hentry"],"post_mailing_queue_ids":[],"_links":{"self":[{"href":"https:\/\/agora.xtec.cat\/iesverdaguer\/wp-json\/wp\/v2\/pages\/599","targetHints":{"allow":["GET"]}}],"collection":[{"href":"https:\/\/agora.xtec.cat\/iesverdaguer\/wp-json\/wp\/v2\/pages"}],"about":[{"href":"https:\/\/agora.xtec.cat\/iesverdaguer\/wp-json\/wp\/v2\/types\/page"}],"author":[{"embeddable":true,"href":"https:\/\/agora.xtec.cat\/iesverdaguer\/wp-json\/wp\/v2\/users\/1"}],"replies":[{"embeddable":true,"href":"https:\/\/agora.xtec.cat\/iesverdaguer\/wp-json\/wp\/v2\/comments?post=599"}],"version-history":[{"count":3,"href":"https:\/\/agora.xtec.cat\/iesverdaguer\/wp-json\/wp\/v2\/pages\/599\/revisions"}],"predecessor-version":[{"id":1494,"href":"https:\/\/agora.xtec.cat\/iesverdaguer\/wp-json\/wp\/v2\/pages\/599\/revisions\/1494"}],"up":[{"embeddable":true,"href":"https:\/\/agora.xtec.cat\/iesverdaguer\/wp-json\/wp\/v2\/pages\/57"}],"wp:attachment":[{"href":"https:\/\/agora.xtec.cat\/iesverdaguer\/wp-json\/wp\/v2\/media?parent=599"}],"curies":[{"name":"wp","href":"https:\/\/api.w.org\/{rel}","templated":true}]}}