{"id":5936,"date":"2021-03-04T20:27:10","date_gmt":"2021-03-04T19:27:10","guid":{"rendered":"http:\/\/agora.xtec.cat\/iesverdaguer\/?page_id=5936"},"modified":"2021-03-18T11:01:38","modified_gmt":"2021-03-18T10:01:38","slug":"escola-sostenible","status":"publish","type":"page","link":"https:\/\/agora.xtec.cat\/iesverdaguer\/com-treballem\/escola-sostenible\/","title":{"rendered":"Escola + sostenible"},"content":{"rendered":"<p><span style=\"font-weight: 400;\">L\u2019Institut Verdaguer<\/span><span style=\"font-weight: 400;\">\u00a0<\/span><span style=\"font-weight: 400;\">ha incorporat en el seu ideari la conscienciaci\u00f3 social i mediambiental; i ho ha fet <\/span><span style=\"font-weight: 400;\">impulsant iniciatives de forma pr\u00e0ctica que han gaudit del suport actiu de la comunitat<\/span><span style=\"font-weight: 400;\">\u00a0<\/span><span style=\"font-weight: 400;\">educativa del centre. <\/span><\/p>\n<p><span style=\"font-weight: 400;\">El curs 2018-2019 el Centre es va incorporar al programa <a href=\"https:\/\/www.barcelona.cat\/barcelonasostenible\/ca\/escoles-sostenibles\" target=\"_blank\" rel=\"noopener noreferrer\">\u201cEscoles <\/a><\/span><span style=\"font-weight: 400;\">\u00a0<\/span><span style=\"font-weight: 400;\"><a href=\"https:\/\/www.barcelona.cat\/barcelonasostenible\/ca\/escoles-sostenibles\" target=\"_blank\" rel=\"noopener noreferrer\">+ Sostenibles<\/a>\u201d per ser encara m\u00e9s protagonista en la transformaci\u00f3 de la societat, amb tal <\/span><span style=\"font-weight: 400;\">fi, ha dissenyat el present projecte amb un conjunt d\u2019accions que, des del mateix centre <\/span><span style=\"font-weight: 400;\">\u00a0<\/span><span style=\"font-weight: 400;\">educatiu, ajudaran a fer una ciutat m\u00e9s sostenible.<\/span><span style=\"font-weight: 400;\">\u00a0<\/span><\/p>\n<p><span style=\"font-weight: 400;\">El projecte 2020-2021 presentat al programa \u201cEscoles + Sostenibles\u201d porta com a t\u00edtol <\/span><span style=\"font-weight: 400;\">\u00a0<\/span><b>\u201cRespirem junts! L\u2019aportaci\u00f3 en sostenibilitat de la nostra escola per millorar el <\/b><b>\u00a0<\/b><b>medi ambient\u201d. <\/b><span style=\"font-weight: 400;\">Durant la pand\u00e8mia que ens ha afectat des de mar\u00e7 de 2020 els nostre <\/span><span style=\"font-weight: 400;\">\u00a0<\/span><span style=\"font-weight: 400;\">professorat va fer l\u2019esfor\u00e7 d\u2019adaptar-se, r\u00e0pida i eficientment, a un ensenyaments 100% <\/span><span style=\"font-weight: 400;\">\u00a0<\/span><span style=\"font-weight: 400;\">virtual i el Centre va aportar els m\u00e8todes i equipament necessaris per aconseguir-ho. <\/span><span style=\"font-weight: 400;\">\u00a0<\/span><span style=\"font-weight: 400;\">Aix\u00ed, v\u00e0rem crear projectes que tract\u00e0vem sobre el coronavirus, que tant ens estava <\/span><span style=\"font-weight: 400;\">\u00a0<\/span><span style=\"font-weight: 400;\">afectant i que era un complert desconegut, i sobre la seva possible connexi\u00f3 amb la <\/span><span style=\"font-weight: 400;\">\u00a0<\/span><span style=\"font-weight: 400;\">inestabilitat que la humanitat ha provocat els darrers segles en els ecosistemes i el medi <\/span><span style=\"font-weight: 400;\">\u00a0<\/span><span style=\"font-weight: 400;\">ambient. L\u2019alumnat ha respost entusi\u00e0sticament als nous coneixements aportats doncs t\u00e9 <\/span><span style=\"font-weight: 400;\">\u00a0<\/span><span style=\"font-weight: 400;\">voracitat de comprensi\u00f3 del que ens est\u00e0 passant. Creiem que cal aprofundir en satisfer <\/span><span style=\"font-weight: 400;\">\u00a0<\/span><span style=\"font-weight: 400;\">aquestes enormes inquietuds del nostre alumnat, que tamb\u00e9 s\u00f3n les nostres, i aprofitar les per valorar i donar transcend\u00e8ncia a totes i cada una de les actuacions de <\/span><span style=\"font-weight: 400;\">\u00a0<\/span><span style=\"font-weight: 400;\">sostenibilitat, per petites que siguin, que fem en els \u00e0mbits escolar, familiar i personal. <\/span><span style=\"font-weight: 400;\">\u00a0<\/span><\/p>\n<p><span style=\"font-weight: 400;\">Aix\u00ed el present projecte t\u00e9 dos grans i amplis objectius principals: <\/span><span style=\"font-weight: 400;\">\u00a0<\/span><\/p>\n<ol>\n<li>Recerca i estudi de les connexions entre la natura i el coronavirus, sensibilitzant i implicant a tota la comunitat educativa en aquest missatge i en les actuacions que cal fer per tenir cura del medi ambient.<\/li>\n<li>Reduir el consum d\u2019energia i d\u2019aigua, i de la producci\u00f3 de residus (reciclatge) a l\u2019escola, a les llars i al medi urb\u00e0 on vivim: actuacions a fer, execuci\u00f3 de les mateixes, el seu an\u00e0lisi i valoraci\u00f3 de l\u2019impacte real en la sostenibilitat.<\/li>\n<\/ol>\n<p>Aquest curs 2021-22 hem creat una <strong>Comissi\u00f3 de Sostenibilitat <\/strong>amb les seg\u00fcents tasques:<\/p>\n<p>1-\u00a0\u00a0\u00a0\u00a0\u00a0<u><\/u><b>Respectem l\u2019entorn:<\/b> Explorar la possibilitat d&#8217;aconseguir un hort al Parc.<u><\/u><\/p>\n<p><u><\/u>2-\u00a0\u00a0\u00a0\u00a0\u00a0<u><\/u><b>Promovem la sostenibilitat a l\u2019Institut:<\/b>\u00a0Comissi\u00f3 per a fer con\u00e8ixer l\u2019alumnat la pertinen\u00e7a a E+S i crear un Dec\u00e0leg de propostes:\u00a0<i>Som sostenibles.<\/i><u><\/u><\/p>\n<p><u><\/u>3-\u00a0\u00a0\u00a0\u00a0\u00a0<u><\/u><b>Microxarxa\u00a0<i>Alimenta\u2019t amb seny<\/i>:<\/b> Portar a terme activitats per promoure els h\u00e0bits saludables entre les assignatures de biologia i educaci\u00f3 f\u00edsica.\u00a0<u><\/u><\/p>\n<p><u><\/u>4-\u00a0\u00a0\u00a0\u00a0\u00a0<u><\/u><b>Fabricaci\u00f3 digital:<\/b> Iniciar un projecte juntament amb la F\u00e0brica del Sol per millorar la ventilaci\u00f3 a les aules.\u00a0<u><\/u><\/p>\n<p><u><\/u>5-\u00a0\u00a0\u00a0\u00a0\u00a0<u><\/u><b>Consumisme excessiu:<\/b> Treballar el consum excessiu de materials a partir de diverses assignatures (pl\u00e0stica, catal\u00e0&#8230;). Aportant un nou valor als materials i amb component art\u00edstic (cel de pl\u00e0stic amb desitjos, llaunes i art urb\u00e0).\u00a0<u><\/u><\/p>\n<p><u><\/u>6-\u00a0\u00a0\u00a0\u00a0\u00a0<u><\/u><b>Ecofeminisme ECOFEM:<\/b> Comissi\u00f3 on hi ha alumnat implicat.<\/p>\n<p>Per veure els articles publicats al blog del web de l&#8217;institut cliqueu <a href=\"https:\/\/agora.xtec.cat\/iesverdaguer\/categoria\/blogs\/sostenibilitat\/\" target=\"_blank\" rel=\"noopener noreferrer\">aqu\u00ed<\/a>.<\/p>\n<p>&nbsp;<\/p>\n<p><a href=\"https:\/\/agora.xtec.cat\/iesverdaguer\/wp-content\/uploads\/usu1342\/2021\/03\/escoles-sostenibles-logo.png\"><img loading=\"lazy\" decoding=\"async\" class=\"aligncenter size-full wp-image-5937\" src=\"https:\/\/agora.xtec.cat\/iesverdaguer\/wp-content\/uploads\/usu1342\/2021\/03\/escoles-sostenibles-logo.png\" alt=\"\" width=\"1200\" height=\"167\" srcset=\"https:\/\/agora.xtec.cat\/iesverdaguer\/wp-content\/uploads\/usu1342\/2021\/03\/escoles-sostenibles-logo.png 1200w, https:\/\/agora.xtec.cat\/iesverdaguer\/wp-content\/uploads\/usu1342\/2021\/03\/escoles-sostenibles-logo-300x42.png 300w, https:\/\/agora.xtec.cat\/iesverdaguer\/wp-content\/uploads\/usu1342\/2021\/03\/escoles-sostenibles-logo-768x107.png 768w, https:\/\/agora.xtec.cat\/iesverdaguer\/wp-content\/uploads\/usu1342\/2021\/03\/escoles-sostenibles-logo-1024x143.png 1024w\" sizes=\"auto, (max-width: 1200px) 100vw, 1200px\" \/><\/a><\/p>\n","protected":false},"excerpt":{"rendered":"<p>L\u2019Institut Verdaguer\u00a0ha incorporat en el seu ideari la conscienciaci\u00f3 social i mediambiental; i ho ha fet impulsant iniciatives de forma pr\u00e0ctica que han gaudit del suport actiu de la comunitat\u00a0educativa del centre. El curs 2018-2019 el Centre es va incorporar al programa \u201cEscoles \u00a0+ Sostenibles\u201d per ser encara m\u00e9s protagonista en la transformaci\u00f3 de la [&hellip;]<\/p>\n","protected":false},"author":1,"featured_media":0,"parent":57,"menu_order":0,"comment_status":"closed","ping_status":"closed","template":"page-templates\/side-menu.php","meta":{"_bbp_topic_count":0,"_bbp_reply_count":0,"_bbp_total_topic_count":0,"_bbp_total_reply_count":0,"_bbp_voice_count":0,"_bbp_anonymous_reply_count":0,"_bbp_topic_count_hidden":0,"_bbp_reply_count_hidden":0,"_bbp_forum_subforum_count":0,"site-sidebar-layout":"default","site-content-layout":"","ast-site-content-layout":"","site-content-style":"default","site-sidebar-style":"default","ast-global-header-display":"","ast-banner-title-visibility":"","ast-main-header-display":"","ast-hfb-above-header-display":"","ast-hfb-below-header-display":"","ast-hfb-mobile-header-display":"","site-post-title":"","ast-breadcrumbs-content":"","ast-featured-img":"","footer-sml-layout":"","theme-transparent-header-meta":"","adv-header-id-meta":"","stick-header-meta":"","header-above-stick-meta":"","header-main-stick-meta":"","header-below-stick-meta":"","astra-migrate-meta-layouts":"default","ast-page-background-enabled":"default","ast-page-background-meta":{"desktop":{"background-color":"var(--ast-global-color-4)","background-image":"","background-repeat":"repeat","background-position":"center center","background-size":"auto","background-attachment":"scroll","background-type":"","background-media":"","overlay-type":"","overlay-color":"","overlay-opacity":"","overlay-gradient":""},"tablet":{"background-color":"","background-image":"","background-repeat":"repeat","background-position":"center center","background-size":"auto","background-attachment":"scroll","background-type":"","background-media":"","overlay-type":"","overlay-color":"","overlay-opacity":"","overlay-gradient":""},"mobile":{"background-color":"","background-image":"","background-repeat":"repeat","background-position":"center center","background-size":"auto","background-attachment":"scroll","background-type":"","background-media":"","overlay-type":"","overlay-color":"","overlay-opacity":"","overlay-gradient":""}},"ast-content-background-meta":{"desktop":{"background-color":"var(--ast-global-color-5)","background-image":"","background-repeat":"repeat","background-position":"center center","background-size":"auto","background-attachment":"scroll","background-type":"","background-media":"","overlay-type":"","overlay-color":"","overlay-opacity":"","overlay-gradient":""},"tablet":{"background-color":"var(--ast-global-color-5)","background-image":"","background-repeat":"repeat","background-position":"center center","background-size":"auto","background-attachment":"scroll","background-type":"","background-media":"","overlay-type":"","overlay-color":"","overlay-opacity":"","overlay-gradient":""},"mobile":{"background-color":"var(--ast-global-color-5)","background-image":"","background-repeat":"repeat","background-position":"center center","background-size":"auto","background-attachment":"scroll","background-type":"","background-media":"","overlay-type":"","overlay-color":"","overlay-opacity":"","overlay-gradient":""}},"footnotes":""},"class_list":["post-5936","page","type-page","status-publish","hentry"],"post_mailing_queue_ids":[],"_links":{"self":[{"href":"https:\/\/agora.xtec.cat\/iesverdaguer\/wp-json\/wp\/v2\/pages\/5936","targetHints":{"allow":["GET"]}}],"collection":[{"href":"https:\/\/agora.xtec.cat\/iesverdaguer\/wp-json\/wp\/v2\/pages"}],"about":[{"href":"https:\/\/agora.xtec.cat\/iesverdaguer\/wp-json\/wp\/v2\/types\/page"}],"author":[{"embeddable":true,"href":"https:\/\/agora.xtec.cat\/iesverdaguer\/wp-json\/wp\/v2\/users\/1"}],"replies":[{"embeddable":true,"href":"https:\/\/agora.xtec.cat\/iesverdaguer\/wp-json\/wp\/v2\/comments?post=5936"}],"version-history":[{"count":4,"href":"https:\/\/agora.xtec.cat\/iesverdaguer\/wp-json\/wp\/v2\/pages\/5936\/revisions"}],"predecessor-version":[{"id":6215,"href":"https:\/\/agora.xtec.cat\/iesverdaguer\/wp-json\/wp\/v2\/pages\/5936\/revisions\/6215"}],"up":[{"embeddable":true,"href":"https:\/\/agora.xtec.cat\/iesverdaguer\/wp-json\/wp\/v2\/pages\/57"}],"wp:attachment":[{"href":"https:\/\/agora.xtec.cat\/iesverdaguer\/wp-json\/wp\/v2\/media?parent=5936"}],"curies":[{"name":"wp","href":"https:\/\/api.w.org\/{rel}","templated":true}]}}