{"id":4956,"date":"2020-11-13T11:20:33","date_gmt":"2020-11-13T10:20:33","guid":{"rendered":"http:\/\/agora.xtec.cat\/iesverdaguer\/?page_id=4956"},"modified":"2025-09-08T19:20:34","modified_gmt":"2025-09-08T17:20:34","slug":"llibres-de-text","status":"publish","type":"page","link":"https:\/\/agora.xtec.cat\/iesverdaguer\/linstitut\/llibres-de-text\/","title":{"rendered":"Llibres de text"},"content":{"rendered":"<p><a href=\"https:\/\/agora.xtec.cat\/iesverdaguer\/wp-content\/uploads\/usu1342\/2025\/07\/Llibres-de-text.png\"><img loading=\"lazy\" decoding=\"async\" class=\"aligncenter wp-image-11418\" src=\"https:\/\/agora.xtec.cat\/iesverdaguer\/wp-content\/uploads\/usu1342\/2025\/07\/Llibres-de-text.png\" alt=\"\" width=\"342\" height=\"342\" srcset=\"https:\/\/agora.xtec.cat\/iesverdaguer\/wp-content\/uploads\/usu1342\/2025\/07\/Llibres-de-text.png 1024w, https:\/\/agora.xtec.cat\/iesverdaguer\/wp-content\/uploads\/usu1342\/2025\/07\/Llibres-de-text-300x300.png 300w, https:\/\/agora.xtec.cat\/iesverdaguer\/wp-content\/uploads\/usu1342\/2025\/07\/Llibres-de-text-150x150.png 150w, https:\/\/agora.xtec.cat\/iesverdaguer\/wp-content\/uploads\/usu1342\/2025\/07\/Llibres-de-text-768x768.png 768w\" sizes=\"auto, (max-width: 342px) 100vw, 342px\" \/><\/a><\/p>\n<p style=\"font-weight: 400;\"><strong>1er DE BATXILLERAT<\/strong><\/p>\n<ul>\n<li>Hi han 5 mat\u00e8ries comunes per a tots els itineraris (Llengua catalana, Llengua Castellana, Angl\u00e8s, Filosofia i Educaci\u00f3 F\u00edsica).<\/li>\n<li>Han de seleccionar 6 mat\u00e8ries de les franges\u00a0optatives que trobareu a continuaci\u00f3 (1 mat\u00e8ria de cada franja horitzontal). Han de tenir els llibres \u00fanicament de les mat\u00e8ries que han seleccionat.<br \/>\n<table style=\"width: 94.6389%; height: 150px;\">\n<tbody>\n<tr style=\"height: 25px;\">\n<td style=\"width: 32.8231%; text-align: center; height: 10px;\" width=\"192\">Matem\u00e0tiques (CT)<\/td>\n<td style=\"width: 32.8231%; text-align: center; height: 10px;\" width=\"192\">Matem\u00e0tiques CCSS (HS)<\/td>\n<td style=\"width: 60.3741%; text-align: center; height: 10px;\" width=\"192\">Llengua i Cultura Llatines (HS)<\/td>\n<\/tr>\n<tr style=\"height: 25px;\">\n<td style=\"width: 32.8231%; text-align: center; height: 31px;\" width=\"192\">Biologia (CT)<\/td>\n<td style=\"width: 32.8231%; text-align: center; height: 31px;\" width=\"192\">Tecnologia i Enginyeria (CT)<\/td>\n<td style=\"width: 60.3741%; text-align: center; height: 31px;\" width=\"192\">Literatura Universal (HS)<\/td>\n<\/tr>\n<tr style=\"height: 25px;\">\n<td style=\"width: 32.8231%; text-align: center; height: 32px;\" width=\"192\">Qu\u00edmica (CT)<\/td>\n<td style=\"width: 32.8231%; text-align: center; height: 32px;\" width=\"192\">H\u00aa mon Contemporani (HS)<\/td>\n<td style=\"width: 60.3741%; text-align: center; height: 32px;\" width=\"192\">Psicologia<\/td>\n<\/tr>\n<tr style=\"height: 25px;\">\n<td style=\"width: 32.8231%; text-align: center; height: 30px;\" width=\"192\">F\u00edsica (CT)<\/td>\n<td style=\"width: 32.8231%; text-align: center; height: 30px;\" width=\"192\">Economia (HS)<\/td>\n<td style=\"width: 60.3741%; text-align: center; height: 30px;\" width=\"192\">Matem\u00e0tica Aplicada<\/td>\n<\/tr>\n<tr style=\"height: 25px;\">\n<td style=\"width: 32.8231%; text-align: center; height: 27px;\" width=\"192\">FoPP<\/td>\n<td style=\"width: 32.8231%; text-align: center; height: 27px;\" width=\"192\">Funcionament de l\u2019Empresa<\/td>\n<td style=\"width: 60.3741%; text-align: center; height: 27px;\" width=\"192\">Creaci\u00f3 Liter\u00e0ria<\/td>\n<\/tr>\n<tr style=\"height: 25px;\">\n<td style=\"width: 32.8231%; text-align: center; height: 34px;\" width=\"192\">Rob\u00f2tica (trimestral)<\/td>\n<td style=\"width: 32.8231%; text-align: center; height: 34px;\" width=\"192\">R. Cient\u00edfics \u2013Bio (trimestral)<\/td>\n<td style=\"width: 60.3741%; text-align: center; height: 34px;\" width=\"192\">Creaci\u00f3 musical (trimestral)<\/td>\n<\/tr>\n<\/tbody>\n<\/table>\n<\/li>\n<\/ul>\n<p><strong>2n DE BATXILLERAT<\/strong><\/p>\n<ul>\n<li>Hi han 5 mat\u00e8ries comunes per a tots els itineraris (Llengua catalana, Llengua Castellana, Angl\u00e8s, Hist\u00f2ria de la Filosofia i Hist\u00f2ria).<\/li>\n<li>Han de seleccionar 4 mat\u00e8ries de les franges\u00a0optatives que trobareu a continuaci\u00f3 (1 mat\u00e8ria de cada franja horitzontal). Han de tenir els llibres \u00fanicament de les mat\u00e8ries que han seleccionat.<br \/>\n<table style=\"width: 95.0157%; height: 148px;\">\n<tbody>\n<tr style=\"height: 33px;\">\n<td style=\"width: 244.297px; text-align: center; height: 33px;\">Matem\u00e0tiques (CT)<\/td>\n<td style=\"width: 244.297px; text-align: center; height: 33px;\">Matem\u00e0tiques CCSS (HS)<\/td>\n<td style=\"width: 255.828px; text-align: center; height: 33px;\">Llengua i Cultura Llatines (HS)<\/td>\n<\/tr>\n<tr style=\"height: 33px;\">\n<td style=\"width: 244.297px; text-align: center; height: 33px;\">Biologia (CT)<\/td>\n<td style=\"width: 244.297px; text-align: center; height: 33px;\">Tecnologia i Enginyeria (CT)<\/td>\n<td style=\"width: 255.828px; text-align: center; height: 33px;\">Literatura Catalana (HS)<\/td>\n<\/tr>\n<tr style=\"height: 33px;\">\n<td style=\"width: 244.297px; text-align: center; height: 33px;\">Qu\u00edmica (CT)<\/td>\n<td style=\"width: 244.297px; text-align: center; height: 33px;\">H\u00aa de l&#8217;Art (HS)<\/td>\n<td style=\"width: 255.828px; text-align: center; height: 33px;\"><\/td>\n<\/tr>\n<tr style=\"height: 49px;\">\n<td style=\"width: 244.297px; text-align: center; height: 49px;\">F\u00edsica (CT)<\/td>\n<td style=\"width: 244.297px; text-align: center; height: 49px;\">Funcionament de l&#8217;Empresa i disseny de models de negoci (HS)<\/td>\n<td style=\"width: 255.828px; text-align: center; height: 49px;\"><\/td>\n<\/tr>\n<\/tbody>\n<\/table>\n<\/li>\n<\/ul>\n<p>&nbsp;<\/p>\n<p>Al seg\u00fcent enlla\u00e7, podeu consultar el llistat de llibres de text de Batxillerat per al pr\u00f2xim curs 2025-2026.<\/p>\n<p>&nbsp;<\/p>\n<h1 style=\"text-align: center;\"><strong><a href=\"https:\/\/agora.xtec.cat\/iesverdaguer\/wp-content\/uploads\/usu1342\/2025\/09\/LLibres-de-text-Batxillerat-Curs-2025-2026.pdf\" target=\"_blank\" rel=\"noopener\">Llibres de text\u00a0<\/a><\/strong><\/h1>\n<p>&nbsp;<\/p>\n","protected":false},"excerpt":{"rendered":"<p>1er DE BATXILLERAT Hi han 5 mat\u00e8ries comunes per a tots els itineraris (Llengua catalana, Llengua Castellana, Angl\u00e8s, Filosofia i Educaci\u00f3 F\u00edsica). Han de seleccionar 6 mat\u00e8ries de les franges\u00a0optatives que trobareu a continuaci\u00f3 (1 mat\u00e8ria de cada franja horitzontal). Han de tenir els llibres \u00fanicament de les mat\u00e8ries que han seleccionat. Matem\u00e0tiques (CT) Matem\u00e0tiques [&hellip;]<\/p>\n","protected":false},"author":1,"featured_media":0,"parent":19,"menu_order":11,"comment_status":"closed","ping_status":"closed","template":"page-templates\/side-menu.php","meta":{"_bbp_topic_count":0,"_bbp_reply_count":0,"_bbp_total_topic_count":0,"_bbp_total_reply_count":0,"_bbp_voice_count":0,"_bbp_anonymous_reply_count":0,"_bbp_topic_count_hidden":0,"_bbp_reply_count_hidden":0,"_bbp_forum_subforum_count":0,"site-sidebar-layout":"default","site-content-layout":"","ast-site-content-layout":"","site-content-style":"default","site-sidebar-style":"default","ast-global-header-display":"","ast-banner-title-visibility":"","ast-main-header-display":"","ast-hfb-above-header-display":"","ast-hfb-below-header-display":"","ast-hfb-mobile-header-display":"","site-post-title":"","ast-breadcrumbs-content":"","ast-featured-img":"","footer-sml-layout":"","theme-transparent-header-meta":"","adv-header-id-meta":"","stick-header-meta":"","header-above-stick-meta":"","header-main-stick-meta":"","header-below-stick-meta":"","astra-migrate-meta-layouts":"default","ast-page-background-enabled":"default","ast-page-background-meta":{"desktop":{"background-color":"var(--ast-global-color-4)","background-image":"","background-repeat":"repeat","background-position":"center center","background-size":"auto","background-attachment":"scroll","background-type":"","background-media":"","overlay-type":"","overlay-color":"","overlay-opacity":"","overlay-gradient":""},"tablet":{"background-color":"","background-image":"","background-repeat":"repeat","background-position":"center center","background-size":"auto","background-attachment":"scroll","background-type":"","background-media":"","overlay-type":"","overlay-color":"","overlay-opacity":"","overlay-gradient":""},"mobile":{"background-color":"","background-image":"","background-repeat":"repeat","background-position":"center center","background-size":"auto","background-attachment":"scroll","background-type":"","background-media":"","overlay-type":"","overlay-color":"","overlay-opacity":"","overlay-gradient":""}},"ast-content-background-meta":{"desktop":{"background-color":"var(--ast-global-color-5)","background-image":"","background-repeat":"repeat","background-position":"center center","background-size":"auto","background-attachment":"scroll","background-type":"","background-media":"","overlay-type":"","overlay-color":"","overlay-opacity":"","overlay-gradient":""},"tablet":{"background-color":"var(--ast-global-color-5)","background-image":"","background-repeat":"repeat","background-position":"center center","background-size":"auto","background-attachment":"scroll","background-type":"","background-media":"","overlay-type":"","overlay-color":"","overlay-opacity":"","overlay-gradient":""},"mobile":{"background-color":"var(--ast-global-color-5)","background-image":"","background-repeat":"repeat","background-position":"center center","background-size":"auto","background-attachment":"scroll","background-type":"","background-media":"","overlay-type":"","overlay-color":"","overlay-opacity":"","overlay-gradient":""}},"footnotes":""},"class_list":["post-4956","page","type-page","status-publish","hentry"],"post_mailing_queue_ids":[],"_links":{"self":[{"href":"https:\/\/agora.xtec.cat\/iesverdaguer\/wp-json\/wp\/v2\/pages\/4956","targetHints":{"allow":["GET"]}}],"collection":[{"href":"https:\/\/agora.xtec.cat\/iesverdaguer\/wp-json\/wp\/v2\/pages"}],"about":[{"href":"https:\/\/agora.xtec.cat\/iesverdaguer\/wp-json\/wp\/v2\/types\/page"}],"author":[{"embeddable":true,"href":"https:\/\/agora.xtec.cat\/iesverdaguer\/wp-json\/wp\/v2\/users\/1"}],"replies":[{"embeddable":true,"href":"https:\/\/agora.xtec.cat\/iesverdaguer\/wp-json\/wp\/v2\/comments?post=4956"}],"version-history":[{"count":6,"href":"https:\/\/agora.xtec.cat\/iesverdaguer\/wp-json\/wp\/v2\/pages\/4956\/revisions"}],"predecessor-version":[{"id":11453,"href":"https:\/\/agora.xtec.cat\/iesverdaguer\/wp-json\/wp\/v2\/pages\/4956\/revisions\/11453"}],"up":[{"embeddable":true,"href":"https:\/\/agora.xtec.cat\/iesverdaguer\/wp-json\/wp\/v2\/pages\/19"}],"wp:attachment":[{"href":"https:\/\/agora.xtec.cat\/iesverdaguer\/wp-json\/wp\/v2\/media?parent=4956"}],"curies":[{"name":"wp","href":"https:\/\/api.w.org\/{rel}","templated":true}]}}