{"id":46,"date":"2014-09-17T16:53:45","date_gmt":"2014-09-17T14:53:45","guid":{"rendered":"http:\/\/agora.xtec.cat\/iesverdaguer\/?page_id=46"},"modified":"2025-09-04T12:48:22","modified_gmt":"2025-09-04T10:48:22","slug":"equip-directiu","status":"publish","type":"page","link":"https:\/\/agora.xtec.cat\/iesverdaguer\/linstitut\/equip-directiu\/","title":{"rendered":"Equip directiu"},"content":{"rendered":"<p>&nbsp;<\/p>\n<table style=\"height: 305px;\" width=\"411\" align=\"center\">\n<tbody>\n<tr style=\"height: 6px;\">\n<td style=\"height: 6px; text-align: center; color: #ffffff; width: 405px;\" colspan=\"2\" bgcolor=\"#04369B\">\u00a0<strong>EQUIP DIRECTIU<\/strong><\/p>\n<p><strong>2025 &#8211; 2026<\/strong><\/td>\n<\/tr>\n<tr style=\"height: 30px;\">\n<td style=\"height: 30px; width: 229px; text-align: right;\"><span style=\"font-family: Verdana, Arial, Helvetica, sans-serif;\"><b>Directora<\/b><\/span><\/td>\n<td style=\"height: 30px; width: 174px;\"><span style=\"font-family: Verdana, Arial, Helvetica, sans-serif;\">Marta Vidal<\/span><\/td>\n<\/tr>\n<tr style=\"height: 30px;\">\n<td style=\"height: 30px; width: 229px; text-align: right;\"><span style=\"font-family: Verdana, Arial, Helvetica, sans-serif;\"><b>Cap d&#8217;Estudis<\/b><\/span><\/td>\n<td style=\"height: 30px; width: 174px;\"><span style=\"font-family: Verdana, Arial, Helvetica, sans-serif;\">Lourdes Centeno<\/span><\/td>\n<\/tr>\n<tr style=\"height: 30px;\">\n<td style=\"height: 30px; width: 229px; text-align: right;\"><span style=\"font-family: Verdana, Arial, Helvetica, sans-serif;\"><b>Coordinador pedag\u00f2gic<\/b><\/span><\/td>\n<td style=\"height: 30px; width: 174px;\"><span style=\"font-family: Verdana, Arial, Helvetica, sans-serif;\">Sergio Casado<\/span><\/td>\n<\/tr>\n<tr style=\"height: 30px;\">\n<td style=\"height: 30px; width: 229px; text-align: right;\"><span style=\"font-family: Verdana, Arial, Helvetica, sans-serif;\"><b>Secretari<\/b><\/span><\/td>\n<td style=\"height: 30px; width: 174px;\">Ra\u00fcl Rodr\u00edguez<\/td>\n<\/tr>\n<\/tbody>\n<\/table>\n<p>&nbsp;<\/p>\n","protected":false},"excerpt":{"rendered":"<p>&nbsp; \u00a0EQUIP DIRECTIU 2025 &#8211; 2026 Directora Marta Vidal Cap d&#8217;Estudis Lourdes Centeno Coordinador pedag\u00f2gic Sergio Casado Secretari Ra\u00fcl Rodr\u00edguez &nbsp;<\/p>\n","protected":false},"author":1,"featured_media":0,"parent":19,"menu_order":3,"comment_status":"closed","ping_status":"closed","template":"page-templates\/side-menu.php","meta":{"_bbp_topic_count":0,"_bbp_reply_count":0,"_bbp_total_topic_count":0,"_bbp_total_reply_count":0,"_bbp_voice_count":0,"_bbp_anonymous_reply_count":0,"_bbp_topic_count_hidden":0,"_bbp_reply_count_hidden":0,"_bbp_forum_subforum_count":0,"site-sidebar-layout":"default","site-content-layout":"","ast-site-content-layout":"","site-content-style":"default","site-sidebar-style":"default","ast-global-header-display":"","ast-banner-title-visibility":"","ast-main-header-display":"","ast-hfb-above-header-display":"","ast-hfb-below-header-display":"","ast-hfb-mobile-header-display":"","site-post-title":"","ast-breadcrumbs-content":"","ast-featured-img":"","footer-sml-layout":"","theme-transparent-header-meta":"","adv-header-id-meta":"","stick-header-meta":"","header-above-stick-meta":"","header-main-stick-meta":"","header-below-stick-meta":"","astra-migrate-meta-layouts":"default","ast-page-background-enabled":"default","ast-page-background-meta":{"desktop":{"background-color":"var(--ast-global-color-4)","background-image":"","background-repeat":"repeat","background-position":"center center","background-size":"auto","background-attachment":"scroll","background-type":"","background-media":"","overlay-type":"","overlay-color":"","overlay-opacity":"","overlay-gradient":""},"tablet":{"background-color":"","background-image":"","background-repeat":"repeat","background-position":"center center","background-size":"auto","background-attachment":"scroll","background-type":"","background-media":"","overlay-type":"","overlay-color":"","overlay-opacity":"","overlay-gradient":""},"mobile":{"background-color":"","background-image":"","background-repeat":"repeat","background-position":"center center","background-size":"auto","background-attachment":"scroll","background-type":"","background-media":"","overlay-type":"","overlay-color":"","overlay-opacity":"","overlay-gradient":""}},"ast-content-background-meta":{"desktop":{"background-color":"var(--ast-global-color-5)","background-image":"","background-repeat":"repeat","background-position":"center center","background-size":"auto","background-attachment":"scroll","background-type":"","background-media":"","overlay-type":"","overlay-color":"","overlay-opacity":"","overlay-gradient":""},"tablet":{"background-color":"var(--ast-global-color-5)","background-image":"","background-repeat":"repeat","background-position":"center center","background-size":"auto","background-attachment":"scroll","background-type":"","background-media":"","overlay-type":"","overlay-color":"","overlay-opacity":"","overlay-gradient":""},"mobile":{"background-color":"var(--ast-global-color-5)","background-image":"","background-repeat":"repeat","background-position":"center center","background-size":"auto","background-attachment":"scroll","background-type":"","background-media":"","overlay-type":"","overlay-color":"","overlay-opacity":"","overlay-gradient":""}},"footnotes":""},"class_list":["post-46","page","type-page","status-publish","hentry"],"post_mailing_queue_ids":[],"_links":{"self":[{"href":"https:\/\/agora.xtec.cat\/iesverdaguer\/wp-json\/wp\/v2\/pages\/46","targetHints":{"allow":["GET"]}}],"collection":[{"href":"https:\/\/agora.xtec.cat\/iesverdaguer\/wp-json\/wp\/v2\/pages"}],"about":[{"href":"https:\/\/agora.xtec.cat\/iesverdaguer\/wp-json\/wp\/v2\/types\/page"}],"author":[{"embeddable":true,"href":"https:\/\/agora.xtec.cat\/iesverdaguer\/wp-json\/wp\/v2\/users\/1"}],"replies":[{"embeddable":true,"href":"https:\/\/agora.xtec.cat\/iesverdaguer\/wp-json\/wp\/v2\/comments?post=46"}],"version-history":[{"count":7,"href":"https:\/\/agora.xtec.cat\/iesverdaguer\/wp-json\/wp\/v2\/pages\/46\/revisions"}],"predecessor-version":[{"id":11443,"href":"https:\/\/agora.xtec.cat\/iesverdaguer\/wp-json\/wp\/v2\/pages\/46\/revisions\/11443"}],"up":[{"embeddable":true,"href":"https:\/\/agora.xtec.cat\/iesverdaguer\/wp-json\/wp\/v2\/pages\/19"}],"wp:attachment":[{"href":"https:\/\/agora.xtec.cat\/iesverdaguer\/wp-json\/wp\/v2\/media?parent=46"}],"curies":[{"name":"wp","href":"https:\/\/api.w.org\/{rel}","templated":true}]}}