{"id":43,"date":"2014-09-17T16:45:07","date_gmt":"2014-09-17T14:45:07","guid":{"rendered":"http:\/\/agora.xtec.cat\/iesverdaguer\/?page_id=43"},"modified":"2024-09-05T09:15:35","modified_gmt":"2024-09-05T07:15:35","slug":"consell-escolar","status":"publish","type":"page","link":"https:\/\/agora.xtec.cat\/iesverdaguer\/linstitut\/consell-escolar\/","title":{"rendered":"Consell escolar"},"content":{"rendered":"<p>&nbsp;<\/p>\n<table style=\"height: 474px;\" width=\"342\" align=\"center\">\n<tbody>\n<tr style=\"height: 40px;\">\n<td style=\"height: 40px; text-align: center; color: #ffffff;\" colspan=\"2\" bgcolor=\"#04369B\">\u00a0<strong>CONSELL ESCOLAR<\/strong><\/p>\n<p><b>2024-2025<\/b><\/td>\n<\/tr>\n<tr style=\"height: 30px;\">\n<td style=\"height: 30px;\"><span style=\"font-family: Verdana, Arial, Helvetica, sans-serif;\"><b>Presidenta<\/b><\/span><\/td>\n<td style=\"height: 30px;\"><span style=\"font-family: Verdana, Arial, Helvetica, sans-serif;\">Marta Vidal<\/span><\/td>\n<\/tr>\n<tr style=\"height: 30px;\">\n<td style=\"height: 30px;\"><span style=\"font-family: Verdana, Arial, Helvetica, sans-serif;\"><b>Cap d&#8217;Estudis<\/b><\/span><\/td>\n<td style=\"height: 30px;\"><span style=\"font-family: Verdana, Arial, Helvetica, sans-serif;\">Lourdes Centeno<\/span><\/td>\n<\/tr>\n<tr style=\"height: 30px;\">\n<td style=\"height: 30px;\"><span style=\"font-family: Verdana, Arial, Helvetica, sans-serif;\"><b>Secretari<\/b><\/span><\/td>\n<td style=\"height: 30px;\"><span style=\"font-family: Verdana, Arial, Helvetica, sans-serif;\">Ra\u00fcl Rodr\u00edguez<\/span><\/td>\n<\/tr>\n<tr style=\"height: 30px;\">\n<td style=\"height: 30px;\"><span style=\"font-family: Verdana, Arial, Helvetica, sans-serif;\"><b>Professorat<\/b><\/span><\/td>\n<td style=\"height: 30px;\">Neus Batlle<\/td>\n<\/tr>\n<tr style=\"height: 30px;\">\n<td style=\"height: 30px;\"><\/td>\n<td style=\"height: 30px;\"><span style=\"font-family: Verdana, Arial, Helvetica, sans-serif;\">Antoni Falc\u00f3<\/span><\/td>\n<\/tr>\n<tr style=\"height: 30px;\">\n<td style=\"height: 30px;\"><\/td>\n<td style=\"height: 30px;\">Carles Gil<\/td>\n<\/tr>\n<tr style=\"height: 30px;\">\n<td style=\"height: 30px;\"><\/td>\n<td style=\"height: 30px;\">Noem\u00ed Iriarte<\/td>\n<\/tr>\n<tr style=\"height: 30px;\">\n<td style=\"height: 30px;\"><\/td>\n<td style=\"height: 30px;\">Conchi Salmer\u00f3n<\/td>\n<\/tr>\n<tr style=\"height: 30px;\">\n<td style=\"height: 30px;\"><span style=\"font-family: Verdana, Arial, Helvetica, sans-serif;\"><b>Pares i mares<br \/>\n<\/b><\/span><\/td>\n<td style=\"height: 30px;\"><span style=\"font-family: Verdana, Arial, Helvetica, sans-serif;\">Eva Mu\u00f1oz\u00a0<\/span><\/td>\n<\/tr>\n<tr style=\"height: 30px;\">\n<td style=\"height: 30px;\"><\/td>\n<td style=\"height: 30px;\"><span style=\"font-family: Verdana, Arial, Helvetica, sans-serif;\">Maria Concetta Patti<\/span><\/td>\n<\/tr>\n<tr style=\"height: 30px;\">\n<td style=\"height: 30px;\"><span style=\"font-family: Verdana, Arial, Helvetica, sans-serif;\"><b>Alumnes<\/b><\/span><\/td>\n<td style=\"height: 30px;\">Rodrigo V\u00e1zquez<\/td>\n<\/tr>\n<tr>\n<td><span style=\"font-family: Verdana, Arial, Helvetica, sans-serif;\"><b>\u00a0<\/b><\/span><\/td>\n<td>Luna Lloyd<\/td>\n<\/tr>\n<tr>\n<td><span style=\"font-family: Verdana, Arial, Helvetica, sans-serif;\"><b>\u00a0<\/b><\/span><\/td>\n<td>Vito Sanz<\/td>\n<\/tr>\n<tr style=\"height: 30px;\">\n<td style=\"height: 30px;\"><strong>AFA<\/strong><\/td>\n<td style=\"height: 30px;\"><span style=\"font-family: Verdana, Arial, Helvetica, sans-serif;\">Xavier Vivas<\/span><\/td>\n<\/tr>\n<tr style=\"height: 30px;\">\n<td style=\"height: 30px;\"><span style=\"font-family: Verdana, Arial, Helvetica, sans-serif;\"><b>PAS<\/b><\/span><\/td>\n<td style=\"height: 30px;\"><span style=\"font-family: Verdana, Arial, Helvetica, sans-serif;\">Rosa Fas<\/span><\/td>\n<\/tr>\n<tr style=\"height: 30px;\">\n<td style=\"height: 30px;\"><span style=\"font-family: Verdana, Arial, Helvetica, sans-serif;\"><b>Ajuntament<\/b><\/span><\/td>\n<td style=\"height: 30px;\">Montserrat Oliveras<\/td>\n<\/tr>\n<\/tbody>\n<\/table>\n<p>&nbsp;<\/p>\n","protected":false},"excerpt":{"rendered":"<p>&nbsp; \u00a0CONSELL ESCOLAR 2024-2025 Presidenta Marta Vidal Cap d&#8217;Estudis Lourdes Centeno Secretari Ra\u00fcl Rodr\u00edguez Professorat Neus Batlle Antoni Falc\u00f3 Carles Gil Noem\u00ed Iriarte Conchi Salmer\u00f3n Pares i mares Eva Mu\u00f1oz\u00a0 Maria Concetta Patti Alumnes Rodrigo V\u00e1zquez \u00a0 Luna Lloyd \u00a0 Vito Sanz AFA Xavier Vivas PAS Rosa Fas Ajuntament Montserrat Oliveras &nbsp;<\/p>\n","protected":false},"author":1,"featured_media":0,"parent":19,"menu_order":4,"comment_status":"closed","ping_status":"closed","template":"page-templates\/side-menu.php","meta":{"_bbp_topic_count":0,"_bbp_reply_count":0,"_bbp_total_topic_count":0,"_bbp_total_reply_count":0,"_bbp_voice_count":0,"_bbp_anonymous_reply_count":0,"_bbp_topic_count_hidden":0,"_bbp_reply_count_hidden":0,"_bbp_forum_subforum_count":0,"site-sidebar-layout":"default","site-content-layout":"","ast-site-content-layout":"","site-content-style":"default","site-sidebar-style":"default","ast-global-header-display":"","ast-banner-title-visibility":"","ast-main-header-display":"","ast-hfb-above-header-display":"","ast-hfb-below-header-display":"","ast-hfb-mobile-header-display":"","site-post-title":"","ast-breadcrumbs-content":"","ast-featured-img":"","footer-sml-layout":"","theme-transparent-header-meta":"","adv-header-id-meta":"","stick-header-meta":"","header-above-stick-meta":"","header-main-stick-meta":"","header-below-stick-meta":"","astra-migrate-meta-layouts":"default","ast-page-background-enabled":"default","ast-page-background-meta":{"desktop":{"background-color":"var(--ast-global-color-4)","background-image":"","background-repeat":"repeat","background-position":"center center","background-size":"auto","background-attachment":"scroll","background-type":"","background-media":"","overlay-type":"","overlay-color":"","overlay-opacity":"","overlay-gradient":""},"tablet":{"background-color":"","background-image":"","background-repeat":"repeat","background-position":"center center","background-size":"auto","background-attachment":"scroll","background-type":"","background-media":"","overlay-type":"","overlay-color":"","overlay-opacity":"","overlay-gradient":""},"mobile":{"background-color":"","background-image":"","background-repeat":"repeat","background-position":"center center","background-size":"auto","background-attachment":"scroll","background-type":"","background-media":"","overlay-type":"","overlay-color":"","overlay-opacity":"","overlay-gradient":""}},"ast-content-background-meta":{"desktop":{"background-color":"var(--ast-global-color-5)","background-image":"","background-repeat":"repeat","background-position":"center center","background-size":"auto","background-attachment":"scroll","background-type":"","background-media":"","overlay-type":"","overlay-color":"","overlay-opacity":"","overlay-gradient":""},"tablet":{"background-color":"var(--ast-global-color-5)","background-image":"","background-repeat":"repeat","background-position":"center center","background-size":"auto","background-attachment":"scroll","background-type":"","background-media":"","overlay-type":"","overlay-color":"","overlay-opacity":"","overlay-gradient":""},"mobile":{"background-color":"var(--ast-global-color-5)","background-image":"","background-repeat":"repeat","background-position":"center center","background-size":"auto","background-attachment":"scroll","background-type":"","background-media":"","overlay-type":"","overlay-color":"","overlay-opacity":"","overlay-gradient":""}},"footnotes":""},"class_list":["post-43","page","type-page","status-publish","hentry"],"post_mailing_queue_ids":[],"_links":{"self":[{"href":"https:\/\/agora.xtec.cat\/iesverdaguer\/wp-json\/wp\/v2\/pages\/43","targetHints":{"allow":["GET"]}}],"collection":[{"href":"https:\/\/agora.xtec.cat\/iesverdaguer\/wp-json\/wp\/v2\/pages"}],"about":[{"href":"https:\/\/agora.xtec.cat\/iesverdaguer\/wp-json\/wp\/v2\/types\/page"}],"author":[{"embeddable":true,"href":"https:\/\/agora.xtec.cat\/iesverdaguer\/wp-json\/wp\/v2\/users\/1"}],"replies":[{"embeddable":true,"href":"https:\/\/agora.xtec.cat\/iesverdaguer\/wp-json\/wp\/v2\/comments?post=43"}],"version-history":[{"count":7,"href":"https:\/\/agora.xtec.cat\/iesverdaguer\/wp-json\/wp\/v2\/pages\/43\/revisions"}],"predecessor-version":[{"id":10554,"href":"https:\/\/agora.xtec.cat\/iesverdaguer\/wp-json\/wp\/v2\/pages\/43\/revisions\/10554"}],"up":[{"embeddable":true,"href":"https:\/\/agora.xtec.cat\/iesverdaguer\/wp-json\/wp\/v2\/pages\/19"}],"wp:attachment":[{"href":"https:\/\/agora.xtec.cat\/iesverdaguer\/wp-json\/wp\/v2\/media?parent=43"}],"curies":[{"name":"wp","href":"https:\/\/api.w.org\/{rel}","templated":true}]}}