{"id":1217,"date":"2020-03-27T16:50:49","date_gmt":"2020-03-27T15:50:49","guid":{"rendered":"http:\/\/agora.xtec.cat\/iesventuragassol\/?page_id=1217"},"modified":"2020-04-04T22:40:24","modified_gmt":"2020-04-04T20:40:24","slug":"blogs-informatius-els-diaris","status":"publish","type":"page","link":"https:\/\/agora.xtec.cat\/iesventuragassol\/blogs-informatius-els-diaris\/","title":{"rendered":"Blogs informatius [els diaris]"},"content":{"rendered":"<p><strong><a href=\"https:\/\/agora.xtec.cat\/iesventuragassol\/wp-content\/uploads\/usu1243\/2020\/04\/comunicaci\u00f3.jpg\"><img loading=\"lazy\" decoding=\"async\" class=\"alignright size-medium wp-image-1770\" src=\"https:\/\/agora.xtec.cat\/iesventuragassol\/wp-content\/uploads\/usu1243\/2020\/04\/comunicaci\u00f3-300x262.jpg\" alt=\"\" width=\"300\" height=\"262\" srcset=\"https:\/\/agora.xtec.cat\/iesventuragassol\/wp-content\/uploads\/usu1243\/2020\/04\/comunicaci\u00f3-300x262.jpg 300w, https:\/\/agora.xtec.cat\/iesventuragassol\/wp-content\/uploads\/usu1243\/2020\/04\/comunicaci\u00f3.jpg 516w\" sizes=\"auto, (max-width: 300px) 100vw, 300px\" \/><\/a>Els blogs informatius s\u00f3n l&#8217;espai de comunicaci\u00f3 dels diferents \u00e0mbits did\u00e0ctics, grups-classe, etc<\/strong>.<\/p>\n<p><strong>S\u00f3n una mena de diari on podeu trobar, de manera ordenada, els avisos, not\u00edcies, activitats, sortides i projectes <\/strong>que es generen a l&#8217;institut.<\/p>\n<p>Per exemple als <strong>blogs de tipus did\u00e0ctic<\/strong> hi apareixen les <strong>not\u00edcies de cada \u00e0rea de coneixement<\/strong>, mentre que als <strong>blogs dels cursos hi trobareu informacions i activitats relatives de cada grup-classe.\u00a0<\/strong><\/p>\n","protected":false},"excerpt":{"rendered":"<p><a href=\"https:\/\/agora.xtec.cat\/iesventuragassol\/wp-content\/uploads\/usu1243\/2020\/04\/comunicaci\u00f3.jpg\"><\/a>Els blogs informatius s\u00f3n l&#8217;espai de comunicaci\u00f3 dels diferents \u00e0mbits did\u00e0ctics, grups-classe, etc.<br \/>\nS\u00f3n una mena de diari on podeu trobar, de manera ordenada, els avisos, not\u00edcies, activitats, sortides i projectes que es generen a l&#8217;institut.<br \/>\nPer exemple als blogs de tipus did\u00e0ctic hi apareixen les&hellip;  <a href=\"https:\/\/agora.xtec.cat\/iesventuragassol\/blogs-informatius-els-diaris\/\" title=\"Read Blogs informatius [els diaris]\">Llegeix m\u00e9s\u00bb<\/a><\/p>\n","protected":false},"author":1,"featured_media":0,"parent":0,"menu_order":0,"comment_status":"closed","ping_status":"closed","template":"","meta":{"_bbp_topic_count":0,"_bbp_reply_count":0,"_bbp_total_topic_count":0,"_bbp_total_reply_count":0,"_bbp_voice_count":0,"_bbp_anonymous_reply_count":0,"_bbp_topic_count_hidden":0,"_bbp_reply_count_hidden":0,"_bbp_forum_subforum_count":0,"footnotes":""},"class_list":["post-1217","page","type-page","status-publish","hentry"],"post_mailing_queue_ids":[],"_links":{"self":[{"href":"https:\/\/agora.xtec.cat\/iesventuragassol\/wp-json\/wp\/v2\/pages\/1217","targetHints":{"allow":["GET"]}}],"collection":[{"href":"https:\/\/agora.xtec.cat\/iesventuragassol\/wp-json\/wp\/v2\/pages"}],"about":[{"href":"https:\/\/agora.xtec.cat\/iesventuragassol\/wp-json\/wp\/v2\/types\/page"}],"author":[{"embeddable":true,"href":"https:\/\/agora.xtec.cat\/iesventuragassol\/wp-json\/wp\/v2\/users\/1"}],"replies":[{"embeddable":true,"href":"https:\/\/agora.xtec.cat\/iesventuragassol\/wp-json\/wp\/v2\/comments?post=1217"}],"version-history":[{"count":4,"href":"https:\/\/agora.xtec.cat\/iesventuragassol\/wp-json\/wp\/v2\/pages\/1217\/revisions"}],"predecessor-version":[{"id":1771,"href":"https:\/\/agora.xtec.cat\/iesventuragassol\/wp-json\/wp\/v2\/pages\/1217\/revisions\/1771"}],"wp:attachment":[{"href":"https:\/\/agora.xtec.cat\/iesventuragassol\/wp-json\/wp\/v2\/media?parent=1217"}],"curies":[{"name":"wp","href":"https:\/\/api.w.org\/{rel}","templated":true}]}}