{"id":1168,"date":"2020-03-27T13:24:59","date_gmt":"2020-03-27T12:24:59","guid":{"rendered":"http:\/\/agora.xtec.cat\/iesventuragassol\/?page_id=1168"},"modified":"2026-04-27T13:59:09","modified_gmt":"2026-04-27T11:59:09","slug":"comissio-economica","status":"publish","type":"page","link":"https:\/\/agora.xtec.cat\/iesventuragassol\/linstitut\/organs-collegiats-i-de-govern\/consell-escolar\/comissio-economica\/","title":{"rendered":"Econ\u00f2mica"},"content":{"rendered":"<p><strong><a href=\"https:\/\/agora.xtec.cat\/iesventuragassol\/wp-content\/uploads\/usu1243\/2020\/03\/pressupost_1_pag_107_1.jpg\"><img loading=\"lazy\" decoding=\"async\" class=\"alignright wp-image-1316 size-full\" src=\"https:\/\/agora.xtec.cat\/iesventuragassol\/wp-content\/uploads\/usu1243\/2020\/03\/pressupost_1_pag_107_1.jpg\" alt=\"\" width=\"300\" height=\"225\" srcset=\"https:\/\/agora.xtec.cat\/iesventuragassol\/wp-content\/uploads\/usu1243\/2020\/03\/pressupost_1_pag_107_1.jpg 300w, https:\/\/agora.xtec.cat\/iesventuragassol\/wp-content\/uploads\/usu1243\/2020\/03\/pressupost_1_pag_107_1-200x150.jpg 200w\" sizes=\"auto, (max-width: 300px) 100vw, 300px\" \/><\/a>L\u2019institut compta amb una comissi\u00f3 econ\u00f2mica<\/strong>, que dep\u00e8n del Consell escolar, la qual <strong>supervisa la gesti\u00f3 econ\u00f2mica del centre i fa el seguiment dels pressupostos generals del centre<\/strong>.<\/p>\n<table style=\"width: 78.4182%;\">\n<tbody>\n<tr>\n<td style=\"background-color: #0eab16; width: 98.0969%;\" colspan=\"4\">\n<h3 style=\"text-align: center;\"><strong><span style=\"color: #ffffff;\">COMISSI\u00d3 ECON\u00d2MICA<\/span><br \/>\n<\/strong><\/h3>\n<\/td>\n<\/tr>\n<tr>\n<td style=\"width: 25.4325%;\">\n<h5 style=\"text-align: center;\"><strong>EQUIP DIRECTIU<\/strong><\/h5>\n<\/td>\n<td style=\"width: 21.4533%;\">\n<ul>\n<li><strong>Empar Llopis<\/strong>\n<ul>\n<li>[directora]<\/li>\n<\/ul>\n<\/li>\n<li><strong>Elsa Garc\u00eda<\/strong>\n<ul>\n<li>[secret\u00e0ria]<\/li>\n<\/ul>\n<\/li>\n<\/ul>\n<\/td>\n<td style=\"width: 23.8754%;\">\n<h5><strong>PROFESSORAT<\/strong><\/h5>\n<\/td>\n<td style=\"width: 27.3356%;\">\n<ul>\n<li><strong>Cristina Nieto<br \/>\n<\/strong><\/li>\n<li><strong>Alejandro Rom\u00e1n<br \/>\n<\/strong><\/li>\n<li><strong>Robert Ard\u00e8vol<\/strong><\/li>\n<li><strong>Naiara Noguera<\/strong><\/li>\n<li><strong>Andrea Fern\u00e1ndez<\/strong><\/li>\n<\/ul>\n<\/td>\n<\/tr>\n<tr>\n<td style=\"background-color: #0eab16; width: 98.0969%;\" colspan=\"4\">\n<h5 style=\"text-align: center;\"><span style=\"color: #ffffff;\"><strong>ALUMNAT<\/strong><\/span><\/h5>\n<\/td>\n<\/tr>\n<tr>\n<td style=\"width: 98.0969%;\" colspan=\"4\">\n<p style=\"text-align: center;\">\n<\/td>\n<\/tr>\n<\/tbody>\n<\/table>\n<table>\n<tbody>\n<tr>\n<td style=\"background-color: #0eab16;\">\n<h5><strong><span style=\"color: #ffffff;\">PRESSUPOST GENERAL DEL CENTRE<\/span> <\/strong><\/h5>\n<\/td>\n<td><img loading=\"lazy\" decoding=\"async\" class=\"wp-image-983 alignnone\" src=\"https:\/\/agora.xtec.cat\/iesventuragassol\/wp-content\/uploads\/usu1243\/2020\/03\/cuaderno-150x150.png\" alt=\"\" width=\"71\" height=\"71\" srcset=\"https:\/\/agora.xtec.cat\/iesventuragassol\/wp-content\/uploads\/usu1243\/2020\/03\/cuaderno-150x150.png 150w, https:\/\/agora.xtec.cat\/iesventuragassol\/wp-content\/uploads\/usu1243\/2020\/03\/cuaderno-300x300.png 300w, https:\/\/agora.xtec.cat\/iesventuragassol\/wp-content\/uploads\/usu1243\/2020\/03\/cuaderno.png 512w\" sizes=\"auto, (max-width: 71px) 100vw, 71px\" \/><\/td>\n<\/tr>\n<tr>\n<td style=\"background-color: #0eab16;\">\n<h5><strong><span style=\"color: #ffffff;\">APORTACI\u00d3 FAM\u00cdLIES MATERIAL ESCOLAR<\/span><br \/>\n<\/strong><\/h5>\n<\/td>\n<td><img loading=\"lazy\" decoding=\"async\" class=\"wp-image-983 alignnone\" src=\"https:\/\/agora.xtec.cat\/iesventuragassol\/wp-content\/uploads\/usu1243\/2020\/03\/cuaderno-150x150.png\" alt=\"\" width=\"71\" height=\"71\" srcset=\"https:\/\/agora.xtec.cat\/iesventuragassol\/wp-content\/uploads\/usu1243\/2020\/03\/cuaderno-150x150.png 150w, https:\/\/agora.xtec.cat\/iesventuragassol\/wp-content\/uploads\/usu1243\/2020\/03\/cuaderno-300x300.png 300w, https:\/\/agora.xtec.cat\/iesventuragassol\/wp-content\/uploads\/usu1243\/2020\/03\/cuaderno.png 512w\" sizes=\"auto, (max-width: 71px) 100vw, 71px\" \/><\/td>\n<\/tr>\n<\/tbody>\n<\/table>\n","protected":false},"excerpt":{"rendered":"<p>L\u2019institut compta amb una comissi\u00f3 econ\u00f2mica, que dep\u00e8n del Consell escolar, la qual supervisa la gesti\u00f3 econ\u00f2mica del centre i fa el seguiment dels pressupostos generals del centre. COMISSI\u00d3 ECON\u00d2MICA EQUIP DIRECTIU Empar Llopis [directora] Elsa Garc\u00eda [secret\u00e0ria] PROFESSORAT Cristina Nieto Alejandro Rom\u00e1n Robert Ard\u00e8vol Naiara Noguera Andrea Fern\u00e1ndez ALUMNAT PRESSUPOST GENERAL DEL CENTRE APORTACI\u00d3 [&hellip;]<\/p>\n","protected":false},"author":1,"featured_media":0,"parent":1156,"menu_order":2,"comment_status":"closed","ping_status":"closed","template":"page-templates\/side-menu.php","meta":{"_bbp_topic_count":0,"_bbp_reply_count":0,"_bbp_total_topic_count":0,"_bbp_total_reply_count":0,"_bbp_voice_count":0,"_bbp_anonymous_reply_count":0,"_bbp_topic_count_hidden":0,"_bbp_reply_count_hidden":0,"_bbp_forum_subforum_count":0,"site-sidebar-layout":"default","site-content-layout":"","ast-site-content-layout":"","site-content-style":"default","site-sidebar-style":"default","ast-global-header-display":"","ast-banner-title-visibility":"","ast-main-header-display":"","ast-hfb-above-header-display":"","ast-hfb-below-header-display":"","ast-hfb-mobile-header-display":"","site-post-title":"","ast-breadcrumbs-content":"","ast-featured-img":"","footer-sml-layout":"","theme-transparent-header-meta":"","adv-header-id-meta":"","stick-header-meta":"","header-above-stick-meta":"","header-main-stick-meta":"","header-below-stick-meta":"","astra-migrate-meta-layouts":"default","ast-page-background-enabled":"default","ast-page-background-meta":{"desktop":{"background-color":"var(--ast-global-color-4)","background-image":"","background-repeat":"repeat","background-position":"center center","background-size":"auto","background-attachment":"scroll","background-type":"","background-media":"","overlay-type":"","overlay-color":"","overlay-opacity":"","overlay-gradient":""},"tablet":{"background-color":"","background-image":"","background-repeat":"repeat","background-position":"center center","background-size":"auto","background-attachment":"scroll","background-type":"","background-media":"","overlay-type":"","overlay-color":"","overlay-opacity":"","overlay-gradient":""},"mobile":{"background-color":"","background-image":"","background-repeat":"repeat","background-position":"center center","background-size":"auto","background-attachment":"scroll","background-type":"","background-media":"","overlay-type":"","overlay-color":"","overlay-opacity":"","overlay-gradient":""}},"ast-content-background-meta":{"desktop":{"background-color":"var(--ast-global-color-5)","background-image":"","background-repeat":"repeat","background-position":"center center","background-size":"auto","background-attachment":"scroll","background-type":"","background-media":"","overlay-type":"","overlay-color":"","overlay-opacity":"","overlay-gradient":""},"tablet":{"background-color":"var(--ast-global-color-5)","background-image":"","background-repeat":"repeat","background-position":"center center","background-size":"auto","background-attachment":"scroll","background-type":"","background-media":"","overlay-type":"","overlay-color":"","overlay-opacity":"","overlay-gradient":""},"mobile":{"background-color":"var(--ast-global-color-5)","background-image":"","background-repeat":"repeat","background-position":"center center","background-size":"auto","background-attachment":"scroll","background-type":"","background-media":"","overlay-type":"","overlay-color":"","overlay-opacity":"","overlay-gradient":""}},"footnotes":""},"class_list":["post-1168","page","type-page","status-publish","hentry"],"post_mailing_queue_ids":[],"_links":{"self":[{"href":"https:\/\/agora.xtec.cat\/iesventuragassol\/wp-json\/wp\/v2\/pages\/1168","targetHints":{"allow":["GET"]}}],"collection":[{"href":"https:\/\/agora.xtec.cat\/iesventuragassol\/wp-json\/wp\/v2\/pages"}],"about":[{"href":"https:\/\/agora.xtec.cat\/iesventuragassol\/wp-json\/wp\/v2\/types\/page"}],"author":[{"embeddable":true,"href":"https:\/\/agora.xtec.cat\/iesventuragassol\/wp-json\/wp\/v2\/users\/1"}],"replies":[{"embeddable":true,"href":"https:\/\/agora.xtec.cat\/iesventuragassol\/wp-json\/wp\/v2\/comments?post=1168"}],"version-history":[{"count":6,"href":"https:\/\/agora.xtec.cat\/iesventuragassol\/wp-json\/wp\/v2\/pages\/1168\/revisions"}],"predecessor-version":[{"id":4031,"href":"https:\/\/agora.xtec.cat\/iesventuragassol\/wp-json\/wp\/v2\/pages\/1168\/revisions\/4031"}],"up":[{"embeddable":true,"href":"https:\/\/agora.xtec.cat\/iesventuragassol\/wp-json\/wp\/v2\/pages\/1156"}],"wp:attachment":[{"href":"https:\/\/agora.xtec.cat\/iesventuragassol\/wp-json\/wp\/v2\/media?parent=1168"}],"curies":[{"name":"wp","href":"https:\/\/api.w.org\/{rel}","templated":true}]}}