{"id":1166,"date":"2020-03-27T13:24:22","date_gmt":"2020-03-27T12:24:22","guid":{"rendered":"http:\/\/agora.xtec.cat\/iesventuragassol\/?page_id=1166"},"modified":"2024-11-21T21:43:25","modified_gmt":"2024-11-21T20:43:25","slug":"comissio-de-convivencia","status":"publish","type":"page","link":"https:\/\/agora.xtec.cat\/iesventuragassol\/linstitut\/organs-collegiats-i-de-govern\/consell-escolar\/comissio-de-convivencia\/","title":{"rendered":"Conviv\u00e8ncia i equip de mediaci\u00f3"},"content":{"rendered":"<p><strong><a href=\"https:\/\/agora.xtec.cat\/iesventuragassol\/wp-content\/uploads\/usu1243\/2020\/03\/shutterstock_499161889.jpg\"><img loading=\"lazy\" decoding=\"async\" class=\"alignright wp-image-1312 \" src=\"https:\/\/agora.xtec.cat\/iesventuragassol\/wp-content\/uploads\/usu1243\/2020\/03\/shutterstock_499161889-1024x576.jpg\" alt=\"\" width=\"372\" height=\"209\" srcset=\"https:\/\/agora.xtec.cat\/iesventuragassol\/wp-content\/uploads\/usu1243\/2020\/03\/shutterstock_499161889-1024x576.jpg 1024w, https:\/\/agora.xtec.cat\/iesventuragassol\/wp-content\/uploads\/usu1243\/2020\/03\/shutterstock_499161889-300x169.jpg 300w, https:\/\/agora.xtec.cat\/iesventuragassol\/wp-content\/uploads\/usu1243\/2020\/03\/shutterstock_499161889-768x432.jpg 768w, https:\/\/agora.xtec.cat\/iesventuragassol\/wp-content\/uploads\/usu1243\/2020\/03\/shutterstock_499161889.jpg 1170w\" sizes=\"auto, (max-width: 372px) 100vw, 372px\" \/><\/a>L&#8217;institut compta amb una comissi\u00f3 de conviv\u00e8ncia<\/strong>, que dep\u00e8n del Consell escolar, que t\u00e9 entre les seves funcions col\u00b7laborar en la planificaci\u00f3, l\u2019aplicaci\u00f3 i el seguiment del <strong>Projecte de conviv\u00e8ncia<\/strong>.<\/p>\n<table>\n<tbody>\n<tr>\n<td style=\"background-color: #0eab16;\">\n<h5><span style=\"color: #ffffff;\"><strong>PROJECTE DE CONVIV\u00c8NCIA <\/strong><\/span><\/h5>\n<\/td>\n<td><img loading=\"lazy\" decoding=\"async\" class=\"wp-image-983 alignnone\" src=\"https:\/\/agora.xtec.cat\/iesventuragassol\/wp-content\/uploads\/usu1243\/2020\/03\/cuaderno-150x150.png\" alt=\"\" width=\"71\" height=\"71\" srcset=\"https:\/\/agora.xtec.cat\/iesventuragassol\/wp-content\/uploads\/usu1243\/2020\/03\/cuaderno-150x150.png 150w, https:\/\/agora.xtec.cat\/iesventuragassol\/wp-content\/uploads\/usu1243\/2020\/03\/cuaderno-300x300.png 300w, https:\/\/agora.xtec.cat\/iesventuragassol\/wp-content\/uploads\/usu1243\/2020\/03\/cuaderno.png 512w\" sizes=\"auto, (max-width: 71px) 100vw, 71px\" \/><\/td>\n<\/tr>\n<\/tbody>\n<\/table>\n<p>La <strong>comissi\u00f3 de conviv\u00e8ncia supera la tradicional comissi\u00f3 de disciplina<\/strong> -dedicada exclusivament a discutir els expedients sancionadors-, <strong>per reorganitzar les relacions entre els membres de la comunitat educativa des d\u2019una mirada m\u00e9s \u00e0mplia i educativa del centre com un espai de conviv\u00e8ncia democr\u00e0tica<\/strong>.<\/p>\n<table>\n<tbody>\n<tr>\n<td style=\"background-color: #0eab16;\" colspan=\"4\">\n<h3 style=\"text-align: center;\"><strong><span style=\"color: #ffffff;\">COMISSI\u00d3 DE CONVIV\u00c8NCIA<\/span><br \/>\n<\/strong><\/h3>\n<\/td>\n<\/tr>\n<tr>\n<td style=\"background-color: #5bde40;\">\n<h5><span style=\"color: #ffffff;\"><strong>EQUIP DIRECTIU<\/strong><\/span><\/h5>\n<\/td>\n<td>\n<ul>\n<li><strong>Xaro Abadia<\/strong>\n<ul>\n<li>[directora]<\/li>\n<\/ul>\n<\/li>\n<li><strong>Esteve Salamero<\/strong>\n<ul>\n<li>[cap d&#8217;estudis]<\/li>\n<\/ul>\n<\/li>\n<\/ul>\n<\/td>\n<td style=\"background-color: #5bde40;\">\n<h5><span style=\"color: #ffffff;\"><strong>PROFESSORAT<\/strong><\/span><\/h5>\n<\/td>\n<td>\n<ul>\n<li><strong>Luc\u00eda Gonz\u00e1lez<\/strong><\/li>\n<li><strong>\u00c0ngels Morales<\/strong><\/li>\n<\/ul>\n<\/td>\n<\/tr>\n<tr>\n<td style=\"background-color: #5bde40;\" colspan=\"4\">\n<h5 style=\"text-align: center;\"><span style=\"color: #ffffff;\"><strong>FAM\u00cdLIES<\/strong><\/span><\/h5>\n<\/td>\n<\/tr>\n<tr>\n<td colspan=\"4\">\n<ul>\n<li style=\"text-align: center;\"><strong>Susana Sotelo<\/strong><strong><br \/>\n<\/strong><\/li>\n<\/ul>\n<\/td>\n<\/tr>\n<\/tbody>\n<\/table>\n<h2><strong><span style=\"color: #008000;\">PROJECTE DE MEDIACI\u00d3 ESCOLAR<\/span><\/strong><\/h2>\n<p><strong><a href=\"https:\/\/agora.xtec.cat\/iesventuragassol\/wp-content\/uploads\/usu1243\/2020\/03\/I-Cicle-de-Confer\u00e8ncies-sobre-Mediaci\u00f3.jpg\"><img loading=\"lazy\" decoding=\"async\" class=\"alignright size-medium wp-image-1306\" src=\"https:\/\/agora.xtec.cat\/iesventuragassol\/wp-content\/uploads\/usu1243\/2020\/03\/I-Cicle-de-Confer\u00e8ncies-sobre-Mediaci\u00f3-300x271.jpg\" alt=\"\" width=\"300\" height=\"271\" srcset=\"https:\/\/agora.xtec.cat\/iesventuragassol\/wp-content\/uploads\/usu1243\/2020\/03\/I-Cicle-de-Confer\u00e8ncies-sobre-Mediaci\u00f3-300x271.jpg 300w, https:\/\/agora.xtec.cat\/iesventuragassol\/wp-content\/uploads\/usu1243\/2020\/03\/I-Cicle-de-Confer\u00e8ncies-sobre-Mediaci\u00f3.jpg 640w\" sizes=\"auto, (max-width: 300px) 100vw, 300px\" \/><\/a>Per afavorir la regulaci\u00f3 de la conviv\u00e8ncia el centre tamb\u00e9 compta amb un Projecte de mediaci\u00f3 escolar<\/strong>. <strong>El proc\u00e9s de mediaci\u00f3 pot utilitzar-se com a estrat\u00e8gia preventiva en la gesti\u00f3 de conflictes entre membres de la comunitat escolar<\/strong>.\u00a0 Es pot oferir la mediaci\u00f3 com a estrat\u00e8gia de reparaci\u00f3 o de reconciliaci\u00f3, sense que aix\u00f2 suposi la no aplicaci\u00f3 de mesures correctores o sancions, per tal de restablir la confian\u00e7a entre les persones i proporcionar nous elements de resposta en situacions semblants que es puguin produir.<\/p>\n<p>Ara b\u00e9, segons l\u2019article 37.1 de la Llei d\u2019Educaci\u00f3 de Catalunya (Llei 12\/2009, de 10 de juliol) no\u00a0 s\u00f3n susceptibles de mediaci\u00f3, les conductes seg\u00fcents:<\/p>\n<ul>\n<li><em>Les inj\u00faries, ofenses, agressions f\u00edsiques, amenaces, vexacions o humiliacions a altres membres de la comunitat educativa, el deteriorament intencionat de llurs pertinences i els actes que atemptin greument contra llur intimitat o llur integritat personal.<\/em><\/li>\n<li><em>L\u2019alteraci\u00f3 injustificada i greu del desenvolupament normal de les activitats del centre, el deteriorament greu de les depend\u00e8ncies o els equipaments del centre, la falsificaci\u00f3 o la sostracci\u00f3 de documents i materials acad\u00e8mics i la suplantaci\u00f3 de personalitat en actes de la vida escolar.<\/em><\/li>\n<li><em>Els actes o la possessi\u00f3 de mitjans o subst\u00e0ncies que puguin \u00e9sser perjudicials per a la salut, i la incitaci\u00f3 a aquests actes.<\/em><\/li>\n<li><em>Els actes o les conductes a que s\u2019ha fet refer\u00e8ncia i que impliquin discriminaci\u00f3 per ra\u00f3 de g\u00e8nere, sexe, ra\u00e7a, naixen\u00e7a o qualsevol altra condici\u00f3 personal o social dels afectats s\u2019han de considerar especialment greus i no seran susceptibles, tampoc, de tractar-se en mediaci\u00f3.<\/em><\/li>\n<\/ul>\n<p>En el cas de no aplicar-se la mediaci\u00f3, s\u2019aplicaran les <a href=\"https:\/\/agora.xtec.cat\/iesventuragassol\/linia-pedagogica\/normes-dorganitzacio-i-funcionament-nofc\/\" target=\"_blank\" rel=\"noopener noreferrer\"><strong>Normes d\u2019Organitzaci\u00f3 i Funcionament de Centre [NOFC].<\/strong><\/a><\/p>\n<table>\n<tbody>\n<tr>\n<td style=\"width: 302.5px; background-color: #0eab16;\">\n<h5><strong><span style=\"color: #ffffff;\">Coordinaci\u00f3 del Projecte de Mediaci\u00f3<\/span><\/strong><\/h5>\n<\/td>\n<td style=\"width: 120.267px; text-align: center;\" colspan=\"3\"><strong>Thais Desiree<\/strong><\/td>\n<\/tr>\n<\/tbody>\n<\/table>\n","protected":false},"excerpt":{"rendered":"<p>L&#8217;institut compta amb una comissi\u00f3 de conviv\u00e8ncia, que dep\u00e8n del Consell escolar, que t\u00e9 entre les seves funcions col\u00b7laborar en la planificaci\u00f3, l\u2019aplicaci\u00f3 i el seguiment del Projecte de conviv\u00e8ncia. PROJECTE DE CONVIV\u00c8NCIA La comissi\u00f3 de conviv\u00e8ncia supera la tradicional comissi\u00f3 de disciplina -dedicada exclusivament a discutir els expedients sancionadors-, per reorganitzar les relacions entre [&hellip;]<\/p>\n","protected":false},"author":1,"featured_media":0,"parent":1156,"menu_order":1,"comment_status":"closed","ping_status":"closed","template":"","meta":{"_bbp_topic_count":0,"_bbp_reply_count":0,"_bbp_total_topic_count":0,"_bbp_total_reply_count":0,"_bbp_voice_count":0,"_bbp_anonymous_reply_count":0,"_bbp_topic_count_hidden":0,"_bbp_reply_count_hidden":0,"_bbp_forum_subforum_count":0,"site-sidebar-layout":"default","site-content-layout":"","ast-site-content-layout":"","site-content-style":"default","site-sidebar-style":"default","ast-global-header-display":"","ast-banner-title-visibility":"","ast-main-header-display":"","ast-hfb-above-header-display":"","ast-hfb-below-header-display":"","ast-hfb-mobile-header-display":"","site-post-title":"","ast-breadcrumbs-content":"","ast-featured-img":"","footer-sml-layout":"","theme-transparent-header-meta":"","adv-header-id-meta":"","stick-header-meta":"","header-above-stick-meta":"","header-main-stick-meta":"","header-below-stick-meta":"","astra-migrate-meta-layouts":"default","ast-page-background-enabled":"default","ast-page-background-meta":{"desktop":{"background-color":"var(--ast-global-color-4)","background-image":"","background-repeat":"repeat","background-position":"center center","background-size":"auto","background-attachment":"scroll","background-type":"","background-media":"","overlay-type":"","overlay-color":"","overlay-opacity":"","overlay-gradient":""},"tablet":{"background-color":"","background-image":"","background-repeat":"repeat","background-position":"center center","background-size":"auto","background-attachment":"scroll","background-type":"","background-media":"","overlay-type":"","overlay-color":"","overlay-opacity":"","overlay-gradient":""},"mobile":{"background-color":"","background-image":"","background-repeat":"repeat","background-position":"center center","background-size":"auto","background-attachment":"scroll","background-type":"","background-media":"","overlay-type":"","overlay-color":"","overlay-opacity":"","overlay-gradient":""}},"ast-content-background-meta":{"desktop":{"background-color":"var(--ast-global-color-5)","background-image":"","background-repeat":"repeat","background-position":"center center","background-size":"auto","background-attachment":"scroll","background-type":"","background-media":"","overlay-type":"","overlay-color":"","overlay-opacity":"","overlay-gradient":""},"tablet":{"background-color":"var(--ast-global-color-5)","background-image":"","background-repeat":"repeat","background-position":"center center","background-size":"auto","background-attachment":"scroll","background-type":"","background-media":"","overlay-type":"","overlay-color":"","overlay-opacity":"","overlay-gradient":""},"mobile":{"background-color":"var(--ast-global-color-5)","background-image":"","background-repeat":"repeat","background-position":"center center","background-size":"auto","background-attachment":"scroll","background-type":"","background-media":"","overlay-type":"","overlay-color":"","overlay-opacity":"","overlay-gradient":""}},"footnotes":""},"class_list":["post-1166","page","type-page","status-publish","hentry"],"post_mailing_queue_ids":[],"_links":{"self":[{"href":"https:\/\/agora.xtec.cat\/iesventuragassol\/wp-json\/wp\/v2\/pages\/1166","targetHints":{"allow":["GET"]}}],"collection":[{"href":"https:\/\/agora.xtec.cat\/iesventuragassol\/wp-json\/wp\/v2\/pages"}],"about":[{"href":"https:\/\/agora.xtec.cat\/iesventuragassol\/wp-json\/wp\/v2\/types\/page"}],"author":[{"embeddable":true,"href":"https:\/\/agora.xtec.cat\/iesventuragassol\/wp-json\/wp\/v2\/users\/1"}],"replies":[{"embeddable":true,"href":"https:\/\/agora.xtec.cat\/iesventuragassol\/wp-json\/wp\/v2\/comments?post=1166"}],"version-history":[{"count":5,"href":"https:\/\/agora.xtec.cat\/iesventuragassol\/wp-json\/wp\/v2\/pages\/1166\/revisions"}],"predecessor-version":[{"id":3141,"href":"https:\/\/agora.xtec.cat\/iesventuragassol\/wp-json\/wp\/v2\/pages\/1166\/revisions\/3141"}],"up":[{"embeddable":true,"href":"https:\/\/agora.xtec.cat\/iesventuragassol\/wp-json\/wp\/v2\/pages\/1156"}],"wp:attachment":[{"href":"https:\/\/agora.xtec.cat\/iesventuragassol\/wp-json\/wp\/v2\/media?parent=1166"}],"curies":[{"name":"wp","href":"https:\/\/api.w.org\/{rel}","templated":true}]}}