{"id":1160,"date":"2020-03-27T13:22:15","date_gmt":"2020-03-27T12:22:15","guid":{"rendered":"http:\/\/agora.xtec.cat\/iesventuragassol\/?page_id=1160"},"modified":"2020-04-05T15:29:39","modified_gmt":"2020-04-05T13:29:39","slug":"accio-educativa-coordinacions","status":"publish","type":"page","link":"https:\/\/agora.xtec.cat\/iesventuragassol\/linstitut\/organs-collegiats-i-de-govern\/accio-educativa-coordinacions\/","title":{"rendered":"Acci\u00f3 educativa: comissions"},"content":{"rendered":"<p><img loading=\"lazy\" decoding=\"async\" class=\"alignright wp-image-1872\" src=\"https:\/\/agora.xtec.cat\/iesventuragassol\/wp-content\/uploads\/usu1243\/2020\/04\/mejorar-trabajo-en-equipo.jpg\" alt=\"\" width=\"420\" height=\"280\" srcset=\"https:\/\/agora.xtec.cat\/iesventuragassol\/wp-content\/uploads\/usu1243\/2020\/04\/mejorar-trabajo-en-equipo.jpg 865w, https:\/\/agora.xtec.cat\/iesventuragassol\/wp-content\/uploads\/usu1243\/2020\/04\/mejorar-trabajo-en-equipo-300x200.jpg 300w, https:\/\/agora.xtec.cat\/iesventuragassol\/wp-content\/uploads\/usu1243\/2020\/04\/mejorar-trabajo-en-equipo-768x511.jpg 768w\" sizes=\"auto, (max-width: 420px) 100vw, 420px\" \/>Les <strong>comissions d&#8217;acci\u00f3 educativa s\u00f3n equips de treball del centre que tenen com a objectiu de consolidar, implementar i afermar la l\u00ednia pedag\u00f2gica de l&#8217;institut.<\/strong> S\u00f3n formades per professorat del centre, per\u00f2 tamb\u00e9 compten amb el <strong>suport extern dels serveis educatius del Departament d&#8217;Educaci\u00f3 o d&#8217;altres entitats.<\/strong><\/p>\n<p>S&#8217;ocupen de temes diversos com a ara <strong>la regulaci\u00f3 de la conviv\u00e8ncia; la coordinaci\u00f3 entre els distints \u00e0mbits did\u00e0ctics; l&#8217;atenci\u00f3 a l&#8217;alumnat amb necessitats educatives especials, socials i alumnat nouvingut i projectes de pluriling\u00fcisme; el control, manteniment bon \u00fas i pr\u00e0ctiques de les tecnologies de l&#8217;aprenentatge i el coneixement.<\/strong><\/p>\n<table style=\"height: 283px;\">\n<tbody>\n<tr style=\"height: 52px;\">\n<td style=\"text-align: center; height: 52px; width: 733px; background-color: #0eab16;\" colspan=\"4\">\n<h3><span style=\"color: #ffffff;\"><strong>COMISSIONS D&#8217;ACCI\u00d3 EDUCATIVA<\/strong><\/span><\/h3>\n<\/td>\n<\/tr>\n<tr style=\"height: 65px;\">\n<td style=\"text-align: center; height: 65px; width: 214px; background-color: #5bde40;\">\n<h5><span style=\"color: #ffffff;\"><strong>Comissi\u00f3 d&#8217;atenci\u00f3 a la diversitat<\/strong><\/span><\/h5>\n<\/td>\n<td style=\"text-align: center; height: 65px; width: 214px; background-color: #5bde40;\">\n<h5><span style=\"color: #ffffff;\"><strong>Comissi\u00f3 de conviv\u00e8ncia i mediaci\u00f3 escolar<\/strong><\/span><\/h5>\n<\/td>\n<td style=\"text-align: center; height: 65px; width: 143px; background-color: #5bde40;\">\n<h5><span style=\"color: #ffffff;\"><strong>Comissi\u00f3 de Tecnologies de l&#8217;aprenentatge i el coneixement<\/strong><\/span><\/h5>\n<\/td>\n<td style=\"text-align: center; height: 65px; width: 156px; background-color: #5bde40;\">\n<h5><span style=\"color: #ffffff;\"><strong>Biblioteca escolar<\/strong><\/span><\/h5>\n<\/td>\n<\/tr>\n<tr style=\"height: 166px;\">\n<td style=\"text-align: center; height: 166px; width: 214px;\"><a href=\"https:\/\/agora.xtec.cat\/iesventuragassol\/categoria\/cad\/\" target=\"_blank\" rel=\"noopener noreferrer\"><img loading=\"lazy\" decoding=\"async\" class=\"aligncenter wp-image-1877 size-thumbnail\" src=\"https:\/\/agora.xtec.cat\/iesventuragassol\/wp-content\/uploads\/usu1243\/2020\/04\/foro-150x150.png\" alt=\"\" width=\"150\" height=\"150\" srcset=\"https:\/\/agora.xtec.cat\/iesventuragassol\/wp-content\/uploads\/usu1243\/2020\/04\/foro-150x150.png 150w, https:\/\/agora.xtec.cat\/iesventuragassol\/wp-content\/uploads\/usu1243\/2020\/04\/foro-300x300.png 300w, https:\/\/agora.xtec.cat\/iesventuragassol\/wp-content\/uploads\/usu1243\/2020\/04\/foro.png 512w\" sizes=\"auto, (max-width: 150px) 100vw, 150px\" \/><\/a><\/td>\n<td style=\"text-align: center; height: 166px; width: 214px;\"><a href=\"https:\/\/agora.xtec.cat\/iesventuragassol\/categoria\/media\/\" target=\"_blank\" rel=\"noopener noreferrer\"><img loading=\"lazy\" decoding=\"async\" class=\"aligncenter wp-image-1876 size-thumbnail\" src=\"https:\/\/agora.xtec.cat\/iesventuragassol\/wp-content\/uploads\/usu1243\/2020\/04\/equipo-1-150x150.png\" alt=\"\" width=\"150\" height=\"150\" srcset=\"https:\/\/agora.xtec.cat\/iesventuragassol\/wp-content\/uploads\/usu1243\/2020\/04\/equipo-1-150x150.png 150w, https:\/\/agora.xtec.cat\/iesventuragassol\/wp-content\/uploads\/usu1243\/2020\/04\/equipo-1-300x300.png 300w, https:\/\/agora.xtec.cat\/iesventuragassol\/wp-content\/uploads\/usu1243\/2020\/04\/equipo-1.png 512w\" sizes=\"auto, (max-width: 150px) 100vw, 150px\" \/><\/a><\/td>\n<td style=\"text-align: center; height: 166px; width: 143px;\"><a href=\"https:\/\/agora.xtec.cat\/iesventuragassol\/categoria\/tac\/\" target=\"_blank\" rel=\"noopener noreferrer\"><img loading=\"lazy\" decoding=\"async\" class=\"aligncenter wp-image-1880 size-thumbnail\" src=\"https:\/\/agora.xtec.cat\/iesventuragassol\/wp-content\/uploads\/usu1243\/2020\/04\/digital-150x150.png\" alt=\"\" width=\"150\" height=\"150\" srcset=\"https:\/\/agora.xtec.cat\/iesventuragassol\/wp-content\/uploads\/usu1243\/2020\/04\/digital-150x150.png 150w, https:\/\/agora.xtec.cat\/iesventuragassol\/wp-content\/uploads\/usu1243\/2020\/04\/digital-300x300.png 300w, https:\/\/agora.xtec.cat\/iesventuragassol\/wp-content\/uploads\/usu1243\/2020\/04\/digital.png 512w\" sizes=\"auto, (max-width: 150px) 100vw, 150px\" \/><\/a><\/td>\n<td style=\"text-align: center; height: 166px; width: 156px;\"><a href=\"https:\/\/agora.xtec.cat\/iesventuragassol\/categoria\/biblio\/\" target=\"_blank\" rel=\"noopener noreferrer\"><img loading=\"lazy\" decoding=\"async\" class=\"aligncenter wp-image-1881 size-thumbnail\" src=\"https:\/\/agora.xtec.cat\/iesventuragassol\/wp-content\/uploads\/usu1243\/2020\/04\/investigacion-150x150.png\" alt=\"\" width=\"150\" height=\"150\" srcset=\"https:\/\/agora.xtec.cat\/iesventuragassol\/wp-content\/uploads\/usu1243\/2020\/04\/investigacion-150x150.png 150w, https:\/\/agora.xtec.cat\/iesventuragassol\/wp-content\/uploads\/usu1243\/2020\/04\/investigacion-300x300.png 300w, https:\/\/agora.xtec.cat\/iesventuragassol\/wp-content\/uploads\/usu1243\/2020\/04\/investigacion.png 512w\" sizes=\"auto, (max-width: 150px) 100vw, 150px\" \/><\/a><\/td>\n<\/tr>\n<\/tbody>\n<\/table>\n","protected":false},"excerpt":{"rendered":"<p>Les comissions d&#8217;acci\u00f3 educativa s\u00f3n equips de treball del centre que tenen com a objectiu de consolidar, implementar i afermar la l\u00ednia pedag\u00f2gica de l&#8217;institut. S\u00f3n formades per professorat del centre, per\u00f2 tamb\u00e9 compten amb el suport extern dels serveis educatius del Departament d&#8217;Educaci\u00f3 o d&#8217;altres entitats. S&#8217;ocupen de temes diversos com a ara la [&hellip;]<\/p>\n","protected":false},"author":1,"featured_media":0,"parent":1154,"menu_order":3,"comment_status":"closed","ping_status":"closed","template":"page-templates\/side-menu.php","meta":{"_bbp_topic_count":0,"_bbp_reply_count":0,"_bbp_total_topic_count":0,"_bbp_total_reply_count":0,"_bbp_voice_count":0,"_bbp_anonymous_reply_count":0,"_bbp_topic_count_hidden":0,"_bbp_reply_count_hidden":0,"_bbp_forum_subforum_count":0,"site-sidebar-layout":"default","site-content-layout":"","ast-site-content-layout":"","site-content-style":"default","site-sidebar-style":"default","ast-global-header-display":"","ast-banner-title-visibility":"","ast-main-header-display":"","ast-hfb-above-header-display":"","ast-hfb-below-header-display":"","ast-hfb-mobile-header-display":"","site-post-title":"","ast-breadcrumbs-content":"","ast-featured-img":"","footer-sml-layout":"","theme-transparent-header-meta":"","adv-header-id-meta":"","stick-header-meta":"","header-above-stick-meta":"","header-main-stick-meta":"","header-below-stick-meta":"","astra-migrate-meta-layouts":"default","ast-page-background-enabled":"default","ast-page-background-meta":{"desktop":{"background-color":"var(--ast-global-color-4)","background-image":"","background-repeat":"repeat","background-position":"center center","background-size":"auto","background-attachment":"scroll","background-type":"","background-media":"","overlay-type":"","overlay-color":"","overlay-opacity":"","overlay-gradient":""},"tablet":{"background-color":"","background-image":"","background-repeat":"repeat","background-position":"center center","background-size":"auto","background-attachment":"scroll","background-type":"","background-media":"","overlay-type":"","overlay-color":"","overlay-opacity":"","overlay-gradient":""},"mobile":{"background-color":"","background-image":"","background-repeat":"repeat","background-position":"center center","background-size":"auto","background-attachment":"scroll","background-type":"","background-media":"","overlay-type":"","overlay-color":"","overlay-opacity":"","overlay-gradient":""}},"ast-content-background-meta":{"desktop":{"background-color":"var(--ast-global-color-5)","background-image":"","background-repeat":"repeat","background-position":"center center","background-size":"auto","background-attachment":"scroll","background-type":"","background-media":"","overlay-type":"","overlay-color":"","overlay-opacity":"","overlay-gradient":""},"tablet":{"background-color":"var(--ast-global-color-5)","background-image":"","background-repeat":"repeat","background-position":"center center","background-size":"auto","background-attachment":"scroll","background-type":"","background-media":"","overlay-type":"","overlay-color":"","overlay-opacity":"","overlay-gradient":""},"mobile":{"background-color":"var(--ast-global-color-5)","background-image":"","background-repeat":"repeat","background-position":"center center","background-size":"auto","background-attachment":"scroll","background-type":"","background-media":"","overlay-type":"","overlay-color":"","overlay-opacity":"","overlay-gradient":""}},"footnotes":""},"class_list":["post-1160","page","type-page","status-publish","hentry"],"post_mailing_queue_ids":[],"_links":{"self":[{"href":"https:\/\/agora.xtec.cat\/iesventuragassol\/wp-json\/wp\/v2\/pages\/1160","targetHints":{"allow":["GET"]}}],"collection":[{"href":"https:\/\/agora.xtec.cat\/iesventuragassol\/wp-json\/wp\/v2\/pages"}],"about":[{"href":"https:\/\/agora.xtec.cat\/iesventuragassol\/wp-json\/wp\/v2\/types\/page"}],"author":[{"embeddable":true,"href":"https:\/\/agora.xtec.cat\/iesventuragassol\/wp-json\/wp\/v2\/users\/1"}],"replies":[{"embeddable":true,"href":"https:\/\/agora.xtec.cat\/iesventuragassol\/wp-json\/wp\/v2\/comments?post=1160"}],"version-history":[{"count":4,"href":"https:\/\/agora.xtec.cat\/iesventuragassol\/wp-json\/wp\/v2\/pages\/1160\/revisions"}],"predecessor-version":[{"id":1894,"href":"https:\/\/agora.xtec.cat\/iesventuragassol\/wp-json\/wp\/v2\/pages\/1160\/revisions\/1894"}],"up":[{"embeddable":true,"href":"https:\/\/agora.xtec.cat\/iesventuragassol\/wp-json\/wp\/v2\/pages\/1154"}],"wp:attachment":[{"href":"https:\/\/agora.xtec.cat\/iesventuragassol\/wp-json\/wp\/v2\/media?parent=1160"}],"curies":[{"name":"wp","href":"https:\/\/api.w.org\/{rel}","templated":true}]}}