{"id":1158,"date":"2020-03-27T13:13:00","date_gmt":"2020-03-27T12:13:00","guid":{"rendered":"http:\/\/agora.xtec.cat\/iesventuragassol\/?page_id=1158"},"modified":"2025-10-06T22:17:03","modified_gmt":"2025-10-06T20:17:03","slug":"claustre-de-professorat","status":"publish","type":"page","link":"https:\/\/agora.xtec.cat\/iesventuragassol\/linstitut\/organs-collegiats-i-de-govern\/claustre-de-professorat\/","title":{"rendered":"Claustre de professorat"},"content":{"rendered":"<p>El <strong>claustre de professorat \u00e9s l&#8217;\u00f2rgan de participaci\u00f3 dels professors en el control i la gesti\u00f3 dels aspectes educatius del centre<\/strong>. El formen tots els professors i les professores del centre i el presideix la direcci\u00f3. <strong>La seva funci\u00f3 \u00e9s, entre altres, intervenir en l&#8217;elaboraci\u00f3 i modificaci\u00f3 del <a href=\"https:\/\/drive.google.com\/file\/d\/1KLifej0sT3IZ4e8MPxr712R-iHNZH0Ee\/view?usp=drive_link\" target=\"_blank\" rel=\"noopener noreferrer\">Projecte educatiu de centre<\/a>, decidir criteris d&#8217;avaluaci\u00f3, programar i avaluar les diferents activitats educatives, escollir els seus representats al consell escolar i establir l\u00ednies d&#8217;intervenci\u00f3 per a l&#8217;acci\u00f3 tutorial.<\/strong><\/p>\n<table>\n<tbody>\n<tr style=\"height: 52px;\">\n<td style=\"text-align: center; height: 52px; width: 733px; background-color: #0eab16;\" colspan=\"4\">\n<h3><span style=\"color: #ffffff;\"><strong>CLAUSTRE DE PROFESSORAT<\/strong><\/span><\/h3>\n<\/td>\n<\/tr>\n<tr style=\"height: 65px;\">\n<td style=\"text-align: center; height: 65px; width: 214px; background-color: #5bde40;\">\n<h5><span style=\"color: #ffffff;\"><strong>Llengua catalana i literatura<\/strong><\/span><\/h5>\n<\/td>\n<td style=\"text-align: center; height: 65px; width: 214px; background-color: #5bde40;\">\n<h5><span style=\"color: #ffffff;\"><strong>Llengua castellana i literatura<\/strong><\/span><\/h5>\n<\/td>\n<td style=\"text-align: center; height: 65px; width: 143px; background-color: #5bde40;\">\n<h5><span style=\"color: #ffffff;\"><strong>Cultura cl\u00e0ssica<\/strong><\/span><\/h5>\n<\/td>\n<td style=\"text-align: center; height: 65px; width: 156px; background-color: #5bde40;\">\n<h5><span style=\"color: #ffffff;\"><strong>Matem\u00e0tiques<\/strong><\/span><\/h5>\n<\/td>\n<\/tr>\n<tr style=\"height: 166px;\">\n<td style=\"text-align: center; height: 166px; width: 214px;\"><a href=\"https:\/\/agora.xtec.cat\/iesventuragassol\/categoria\/dic\/cat\/\" target=\"_blank\" rel=\"noopener noreferrer\"><img loading=\"lazy\" decoding=\"async\" class=\"size-full wp-image-974 aligncenter\" src=\"https:\/\/agora.xtec.cat\/iesventuragassol\/wp-content\/uploads\/usu1243\/2020\/03\/depcatala.png\" alt=\"\" width=\"150\" height=\"150\" \/><\/a><\/td>\n<td style=\"text-align: center; height: 166px; width: 214px;\"><a href=\"https:\/\/agora.xtec.cat\/iesventuragassol\/categoria\/dic\/esp\/\" target=\"_blank\" rel=\"noopener noreferrer\"><img loading=\"lazy\" decoding=\"async\" class=\"size-full wp-image-973 aligncenter\" src=\"https:\/\/agora.xtec.cat\/iesventuragassol\/wp-content\/uploads\/usu1243\/2020\/03\/depcastella1.png\" alt=\"\" width=\"150\" height=\"150\" \/><\/a><\/td>\n<td style=\"text-align: center; height: 166px; width: 143px;\"><a href=\"https:\/\/agora.xtec.cat\/iesventuragassol\/categoria\/dic\/esp\/rom\/\" target=\"_blank\" rel=\"noopener noreferrer\"><img loading=\"lazy\" decoding=\"async\" class=\"alignnone wp-image-1068 size-thumbnail\" src=\"https:\/\/agora.xtec.cat\/iesventuragassol\/wp-content\/uploads\/usu1243\/2020\/03\/antiguo-150x150.png\" alt=\"\" width=\"150\" height=\"150\" srcset=\"https:\/\/agora.xtec.cat\/iesventuragassol\/wp-content\/uploads\/usu1243\/2020\/03\/antiguo-150x150.png 150w, https:\/\/agora.xtec.cat\/iesventuragassol\/wp-content\/uploads\/usu1243\/2020\/03\/antiguo-300x300.png 300w, https:\/\/agora.xtec.cat\/iesventuragassol\/wp-content\/uploads\/usu1243\/2020\/03\/antiguo.png 512w\" sizes=\"auto, (max-width: 150px) 100vw, 150px\" \/><\/a><\/td>\n<td style=\"text-align: center; height: 166px; width: 156px;\"><a href=\"https:\/\/agora.xtec.cat\/iesventuragassol\/categoria\/dic\/mat\/\" target=\"_blank\" rel=\"noopener noreferrer\"><img loading=\"lazy\" decoding=\"async\" class=\"aligncenter wp-image-977 size-full\" src=\"https:\/\/agora.xtec.cat\/iesventuragassol\/wp-content\/uploads\/usu1243\/2020\/03\/depmates.png\" alt=\"\" width=\"150\" height=\"150\" \/><\/a><\/td>\n<\/tr>\n<tr style=\"height: 73px;\">\n<td style=\"text-align: center; height: 73px; width: 214px; background-color: #5bde40;\">\n<h5><span style=\"color: #ffffff;\"><strong>Idiomes<\/strong><\/span><\/h5>\n<h5><strong><span style=\"color: #ffffff;\">[Angl\u00e8s i franc\u00e8s]<\/span><\/strong><\/h5>\n<\/td>\n<td style=\"text-align: center; height: 73px; width: 214px; background-color: #5bde40;\">\n<h5><span style=\"color: #ffffff;\"><strong>Ci\u00e8ncies Socials<\/strong><\/span><\/h5>\n<h5><strong><span style=\"color: #ffffff;\">[Geografia i hist\u00f2ria]<\/span><\/strong><\/h5>\n<\/td>\n<td style=\"text-align: center; height: 73px; width: 143px; background-color: #5bde40;\">\n<h5><span style=\"color: #ffffff;\"><strong>Ci\u00e8ncies Socials<\/strong><\/span><\/h5>\n<h5><strong><span style=\"color: #ffffff;\">[Economia]<\/span><\/strong><\/h5>\n<\/td>\n<td style=\"text-align: center; height: 73px; width: 156px; background-color: #5bde40;\">\n<h5><span style=\"color: #ffffff;\"><strong>Ci\u00e8ncies Socials<\/strong><\/span><\/h5>\n<h5><span style=\"color: #ffffff;\"><strong>[Filosofia i valors]<\/strong><\/span><\/h5>\n<\/td>\n<\/tr>\n<tr style=\"height: 166px;\">\n<td style=\"text-align: center; height: 166px; width: 214px;\"><a href=\"https:\/\/agora.xtec.cat\/iesventuragassol\/categoria\/dic\/id\/\" target=\"_blank\" rel=\"noopener noreferrer\"><img loading=\"lazy\" decoding=\"async\" class=\"size-full wp-image-1122 aligncenter\" src=\"https:\/\/agora.xtec.cat\/iesventuragassol\/wp-content\/uploads\/usu1243\/2020\/03\/depidiomes.png\" alt=\"\" width=\"150\" height=\"150\" \/><\/a><\/td>\n<td style=\"text-align: center; height: 166px; width: 214px;\"><a href=\"https:\/\/agora.xtec.cat\/iesventuragassol\/categoria\/dic\/cs\/\" target=\"_blank\" rel=\"noopener noreferrer\"><img loading=\"lazy\" decoding=\"async\" class=\"size-full wp-image-1124 aligncenter\" src=\"https:\/\/agora.xtec.cat\/iesventuragassol\/wp-content\/uploads\/usu1243\/2020\/03\/depsocial.png\" alt=\"\" width=\"150\" height=\"150\" \/><\/a><\/td>\n<td style=\"text-align: center; height: 166px; width: 143px;\"><a href=\"https:\/\/agora.xtec.cat\/iesventuragassol\/categoria\/dic\/cs\/eco\/\" target=\"_blank\" rel=\"noopener noreferrer\"><img loading=\"lazy\" decoding=\"async\" class=\"size-thumbnail wp-image-1244 aligncenter\" src=\"https:\/\/agora.xtec.cat\/iesventuragassol\/wp-content\/uploads\/usu1243\/2020\/03\/money-bag-150x150.png\" alt=\"\" width=\"150\" height=\"150\" srcset=\"https:\/\/agora.xtec.cat\/iesventuragassol\/wp-content\/uploads\/usu1243\/2020\/03\/money-bag-150x150.png 150w, https:\/\/agora.xtec.cat\/iesventuragassol\/wp-content\/uploads\/usu1243\/2020\/03\/money-bag-300x300.png 300w, https:\/\/agora.xtec.cat\/iesventuragassol\/wp-content\/uploads\/usu1243\/2020\/03\/money-bag.png 512w\" sizes=\"auto, (max-width: 150px) 100vw, 150px\" \/><\/a><\/td>\n<td style=\"text-align: center; height: 166px; width: 156px;\"><a href=\"https:\/\/agora.xtec.cat\/iesventuragassol\/categoria\/dic\/cs\/fil\/\" target=\"_blank\" rel=\"noopener noreferrer\"><img loading=\"lazy\" decoding=\"async\" class=\"size-thumbnail wp-image-1235 aligncenter\" src=\"https:\/\/agora.xtec.cat\/iesventuragassol\/wp-content\/uploads\/usu1243\/2020\/03\/idea-1-150x150.png\" alt=\"\" width=\"150\" height=\"150\" srcset=\"https:\/\/agora.xtec.cat\/iesventuragassol\/wp-content\/uploads\/usu1243\/2020\/03\/idea-1-150x150.png 150w, https:\/\/agora.xtec.cat\/iesventuragassol\/wp-content\/uploads\/usu1243\/2020\/03\/idea-1-300x300.png 300w, https:\/\/agora.xtec.cat\/iesventuragassol\/wp-content\/uploads\/usu1243\/2020\/03\/idea-1.png 512w\" sizes=\"auto, (max-width: 150px) 100vw, 150px\" \/><\/a><\/td>\n<\/tr>\n<tr style=\"height: 91px;\">\n<td style=\"text-align: center; height: 91px; width: 214px; background-color: #5bde40;\">\n<h5><span style=\"color: #ffffff;\"><strong>CC. Naturalesa i experimentals<\/strong><\/span><\/h5>\n<h5><span style=\"color: #ffffff;\"><strong>[Biologia i geologia]<\/strong><\/span><\/h5>\n<\/td>\n<td style=\"text-align: center; height: 91px; width: 214px; background-color: #5bde40;\">\n<h5><span style=\"color: #ffffff;\"><strong>CC. Naturalesa i experimentals<\/strong><\/span><\/h5>\n<h5><span style=\"color: #ffffff;\"><strong>[F\u00edsica i Qu\u00edmica]<\/strong><\/span><\/h5>\n<\/td>\n<td style=\"text-align: center; height: 91px; width: 143px; background-color: #5bde40;\">\n<h5><span style=\"color: #ffffff;\"><strong>Tecnologies<\/strong><\/span><\/h5>\n<\/td>\n<td style=\"text-align: center; height: 91px; width: 156px; background-color: #5bde40;\">\n<h5><span style=\"color: #ffffff;\"><strong>Educaci\u00f3 f\u00edsica<\/strong><\/span><\/h5>\n<\/td>\n<\/tr>\n<tr style=\"height: 168px;\">\n<td style=\"text-align: center; height: 168px; width: 214px;\"><a href=\"https:\/\/agora.xtec.cat\/iesventuragassol\/categoria\/dic\/cn\/bio\/\" target=\"_blank\" rel=\"noopener noreferrer\"><img loading=\"lazy\" decoding=\"async\" class=\"size-full wp-image-975 aligncenter\" src=\"https:\/\/agora.xtec.cat\/iesventuragassol\/wp-content\/uploads\/usu1243\/2020\/03\/depciencies.png\" alt=\"\" width=\"150\" height=\"150\" \/><\/a><\/td>\n<td style=\"text-align: center; height: 168px; width: 214px;\"><a href=\"https:\/\/agora.xtec.cat\/iesventuragassol\/categoria\/dic\/cn\/fq\/\" target=\"_blank\" rel=\"noopener noreferrer\"><img loading=\"lazy\" decoding=\"async\" class=\"size-full wp-image-1125 aligncenter\" src=\"https:\/\/agora.xtec.cat\/iesventuragassol\/wp-content\/uploads\/usu1243\/2020\/03\/deptecno.png\" alt=\"\" width=\"150\" height=\"150\" \/><\/a><\/td>\n<td style=\"text-align: center; height: 168px; width: 143px;\"><a href=\"https:\/\/agora.xtec.cat\/iesventuragassol\/categoria\/dic\/tec\/\" target=\"_blank\" rel=\"noopener noreferrer\"><img loading=\"lazy\" decoding=\"async\" class=\"size-full wp-image-1123 aligncenter\" src=\"https:\/\/agora.xtec.cat\/iesventuragassol\/wp-content\/uploads\/usu1243\/2020\/03\/depfilosofia.png\" alt=\"\" width=\"150\" height=\"150\" \/><\/a><\/td>\n<td style=\"text-align: center; height: 168px; width: 156px;\"><a href=\"https:\/\/agora.xtec.cat\/iesventuragassol\/categoria\/dic\/ef\/\" target=\"_blank\" rel=\"noopener noreferrer\"><img loading=\"lazy\" decoding=\"async\" class=\"alignright size-full wp-image-1128\" src=\"https:\/\/agora.xtec.cat\/iesventuragassol\/wp-content\/uploads\/usu1243\/2020\/03\/edfisica.png\" alt=\"\" width=\"150\" height=\"150\" \/><\/a><\/td>\n<\/tr>\n<tr style=\"height: 110px;\">\n<td style=\"text-align: center; height: 110px; width: 214px; background-color: #5bde40;\">\n<h5><span style=\"color: #ffffff;\"><strong>Expressi\u00f3 art\u00edstica<\/strong><\/span><\/h5>\n<h5><span style=\"color: #ffffff;\"><strong>[M\u00fasica]<\/strong><\/span><\/h5>\n<\/td>\n<td style=\"text-align: center; height: 110px; width: 214px; background-color: #5bde40;\">\n<h5><span style=\"color: #ffffff;\"><strong>Expressi\u00f3 art\u00edstica<\/strong><\/span><\/h5>\n<h5><span style=\"color: #ffffff;\"><strong>[Visual i pl\u00e0stica]<\/strong><\/span><\/h5>\n<\/td>\n<td style=\"text-align: center; height: 110px; width: 143px; background-color: #5bde40;\">\n<h5><span style=\"color: #ffffff;\"><strong>Orientaci\u00f3 i diversitat<\/strong><\/span><\/h5>\n<h5><span style=\"color: #ffffff;\"><strong>[Escola inclusiva]<\/strong><\/span><\/h5>\n<\/td>\n<td style=\"text-align: center; height: 110px; width: 156px; background-color: #5bde40;\">\n<h5><span style=\"color: #ffffff;\"><strong>Orientaci\u00f3 i diversitat<\/strong><\/span><\/h5>\n<h5><span style=\"color: #ffffff;\"><strong>[Aula d&#8217;acollida]<\/strong><\/span><\/h5>\n<\/td>\n<\/tr>\n<tr style=\"height: 166px;\">\n<td style=\"text-align: center; height: 166px; width: 214px;\"><a href=\"https:\/\/agora.xtec.cat\/iesventuragassol\/categoria\/dic\/ex\/mus\/\" target=\"_blank\" rel=\"noopener noreferrer\"><img loading=\"lazy\" decoding=\"async\" class=\"size-full wp-image-1127 aligncenter\" src=\"https:\/\/agora.xtec.cat\/iesventuragassol\/wp-content\/uploads\/usu1243\/2020\/03\/depmusica-1.png\" alt=\"\" width=\"150\" height=\"150\" \/><\/a><\/td>\n<td style=\"text-align: center; height: 166px; width: 214px;\"><a href=\"https:\/\/agora.xtec.cat\/iesventuragassol\/categoria\/dic\/ex\/vp\/\" target=\"_blank\" rel=\"noopener noreferrer\"><img loading=\"lazy\" decoding=\"async\" class=\"size-full wp-image-1126 aligncenter\" src=\"https:\/\/agora.xtec.cat\/iesventuragassol\/wp-content\/uploads\/usu1243\/2020\/03\/depvip-1.png\" alt=\"\" width=\"150\" height=\"150\" \/><\/a><\/td>\n<td style=\"text-align: center; height: 166px; width: 143px;\"><a href=\"https:\/\/agora.xtec.cat\/iesventuragassol\/categoria\/dic\/or\/siei\/\" target=\"_blank\" rel=\"noopener noreferrer\"><img loading=\"lazy\" decoding=\"async\" class=\"aligncenter wp-image-979 size-full\" src=\"https:\/\/agora.xtec.cat\/iesventuragassol\/wp-content\/uploads\/usu1243\/2020\/03\/orientacio.png\" alt=\"\" width=\"150\" height=\"150\" \/><\/a><\/td>\n<td style=\"text-align: center; height: 166px; width: 156px;\"><a href=\"https:\/\/agora.xtec.cat\/iesventuragassol\/categoria\/dic\/or\/aa\/\"><img loading=\"lazy\" decoding=\"async\" class=\"aligncenter wp-image-1245 size-thumbnail\" src=\"https:\/\/agora.xtec.cat\/iesventuragassol\/wp-content\/uploads\/usu1243\/2020\/03\/globe-150x150.png\" alt=\"\" width=\"150\" height=\"150\" srcset=\"https:\/\/agora.xtec.cat\/iesventuragassol\/wp-content\/uploads\/usu1243\/2020\/03\/globe-150x150.png 150w, https:\/\/agora.xtec.cat\/iesventuragassol\/wp-content\/uploads\/usu1243\/2020\/03\/globe-300x300.png 300w, https:\/\/agora.xtec.cat\/iesventuragassol\/wp-content\/uploads\/usu1243\/2020\/03\/globe.png 512w\" sizes=\"auto, (max-width: 150px) 100vw, 150px\" \/><\/a><\/td>\n<\/tr>\n<\/tbody>\n<\/table>\n<p><!--a=1--><\/p>\n","protected":false},"excerpt":{"rendered":"<p>El claustre de professorat \u00e9s l&#8217;\u00f2rgan de participaci\u00f3 dels professors en el control i la gesti\u00f3 dels aspectes educatius del centre. El formen tots els professors i les professores del centre i el presideix la direcci\u00f3. La seva funci\u00f3 \u00e9s, entre altres, intervenir en l&#8217;elaboraci\u00f3&hellip;  <a href=\"https:\/\/agora.xtec.cat\/iesventuragassol\/linstitut\/organs-collegiats-i-de-govern\/claustre-de-professorat\/\" title=\"Read Claustre de professorat\">Llegeix m\u00e9s\u00bb<\/a><\/p>\n","protected":false},"author":1,"featured_media":0,"parent":1154,"menu_order":2,"comment_status":"closed","ping_status":"closed","template":"page-templates\/side-menu.php","meta":{"_bbp_topic_count":0,"_bbp_reply_count":0,"_bbp_total_topic_count":0,"_bbp_total_reply_count":0,"_bbp_voice_count":0,"_bbp_anonymous_reply_count":0,"_bbp_topic_count_hidden":0,"_bbp_reply_count_hidden":0,"_bbp_forum_subforum_count":0,"footnotes":""},"class_list":["post-1158","page","type-page","status-publish","hentry"],"post_mailing_queue_ids":[],"_links":{"self":[{"href":"https:\/\/agora.xtec.cat\/iesventuragassol\/wp-json\/wp\/v2\/pages\/1158","targetHints":{"allow":["GET"]}}],"collection":[{"href":"https:\/\/agora.xtec.cat\/iesventuragassol\/wp-json\/wp\/v2\/pages"}],"about":[{"href":"https:\/\/agora.xtec.cat\/iesventuragassol\/wp-json\/wp\/v2\/types\/page"}],"author":[{"embeddable":true,"href":"https:\/\/agora.xtec.cat\/iesventuragassol\/wp-json\/wp\/v2\/users\/1"}],"replies":[{"embeddable":true,"href":"https:\/\/agora.xtec.cat\/iesventuragassol\/wp-json\/wp\/v2\/comments?post=1158"}],"version-history":[{"count":5,"href":"https:\/\/agora.xtec.cat\/iesventuragassol\/wp-json\/wp\/v2\/pages\/1158\/revisions"}],"predecessor-version":[{"id":3661,"href":"https:\/\/agora.xtec.cat\/iesventuragassol\/wp-json\/wp\/v2\/pages\/1158\/revisions\/3661"}],"up":[{"embeddable":true,"href":"https:\/\/agora.xtec.cat\/iesventuragassol\/wp-json\/wp\/v2\/pages\/1154"}],"wp:attachment":[{"href":"https:\/\/agora.xtec.cat\/iesventuragassol\/wp-json\/wp\/v2\/media?parent=1158"}],"curies":[{"name":"wp","href":"https:\/\/api.w.org\/{rel}","templated":true}]}}