{"id":1019,"date":"2020-03-26T18:28:51","date_gmt":"2020-03-26T17:28:51","guid":{"rendered":"http:\/\/agora.xtec.cat\/iesventuragassol\/?page_id=1019"},"modified":"2024-11-21T21:11:28","modified_gmt":"2024-11-21T20:11:28","slug":"ciencies-naturals","status":"publish","type":"page","link":"https:\/\/agora.xtec.cat\/iesventuragassol\/ambits-didactics\/ciencies-naturals\/","title":{"rendered":"Ci\u00e8ncies Naturalesa i experimentals"},"content":{"rendered":"<p>La <strong>compet\u00e8ncia cient\u00edfica<\/strong>, entesa de manera gen\u00e8rica, <strong>al\u00b7ludeix a la capacitat i la voluntat \u00a0d\u2019utilitzar el conjunt dels coneixements i la metodologia que es fan servir per explicar la naturalesa<\/strong>, amb la finalitat de plantejar preguntes i extreure\u2019n conclusions basades en\u00a0proves.<\/p>\n<p>Les <strong>compet\u00e8ncies b\u00e0siques<\/strong> d\u2019aquest \u00e0mbit es refereixen a aquelles capacitats que permeten als alumnes <strong>resoldre problemes a partir dels coneixements cient\u00edfics<\/strong>, aix\u00ed \u00a0com al domini dels processos de l\u2019activitat cient\u00edfica.<\/p>\n<p><strong>L&#8217;\u00e0mbit de les Ci\u00e8ncies de la Naturalesa i experimentals es divideixen en dos camps d&#8217;actuaci\u00f3<\/strong>, <strong>diferenciats<\/strong>, <strong>per\u00f2 complementaris i molt interrelacionats.<\/strong> D&#8217;una banda, les <strong>Ci\u00e8ncies de la Naturalesa<\/strong>, que s&#8217;ocupen dels continguts relacionats amb la <strong>Biologia<\/strong> i la <strong>Geologia<\/strong>. I de l&#8217;altra la <strong>F\u00edsica<\/strong> i la <strong>Qu\u00edmica.<\/strong><\/p>\n<table>\n<tbody>\n<tr style=\"height: 116px;\">\n<td style=\"background-color: #0eab16; width: 334.767px; height: 116px;\">\n<h3><strong><span style=\"color: #ffffff;\">CC. Naturalesa i experimentals<\/span><\/strong><\/h3>\n<ul>\n<li>\n<h4><span style=\"color: #ffffff;\"><strong>Biologia i Geologia<\/strong><\/span><\/h4>\n<\/li>\n<\/ul>\n<\/td>\n<td style=\"width: 102.233px; height: 116px;\"><a href=\"https:\/\/agora.xtec.cat\/iesventuragassol\/ambits-didactics\/ciencies-naturals\/ciencies-de-la-naturalesa\/\" target=\"_blank\" rel=\"noopener noreferrer\"><img loading=\"lazy\" decoding=\"async\" class=\"alignright wp-image-1417\" src=\"https:\/\/agora.xtec.cat\/iesventuragassol\/wp-content\/uploads\/usu1243\/2020\/04\/adn-150x150.png\" alt=\"\" width=\"85\" height=\"85\" srcset=\"https:\/\/agora.xtec.cat\/iesventuragassol\/wp-content\/uploads\/usu1243\/2020\/04\/adn-150x150.png 150w, https:\/\/agora.xtec.cat\/iesventuragassol\/wp-content\/uploads\/usu1243\/2020\/04\/adn-300x300.png 300w, https:\/\/agora.xtec.cat\/iesventuragassol\/wp-content\/uploads\/usu1243\/2020\/04\/adn.png 512w\" sizes=\"auto, (max-width: 85px) 100vw, 85px\" \/><\/a><\/td>\n<\/tr>\n<tr>\n<td style=\"width: 334.767px; background-color: #0eab16;\">\n<h3><strong><span style=\"color: #ffffff;\">CC. Naturalesa i experimentals<\/span><\/strong><\/h3>\n<ul>\n<li>\n<h4><span style=\"color: #ffffff;\"><strong>F\u00edsica i Qu\u00edmica<\/strong><\/span><\/h4>\n<\/li>\n<\/ul>\n<\/td>\n<td style=\"width: 102.233px;\"><a href=\"https:\/\/agora.xtec.cat\/iesventuragassol\/ambits-didactics\/ciencies-naturals\/fisica-i-quimica\/\" target=\"_blank\" rel=\"noopener noreferrer\"><img loading=\"lazy\" decoding=\"async\" class=\"alignright wp-image-1416\" src=\"https:\/\/agora.xtec.cat\/iesventuragassol\/wp-content\/uploads\/usu1243\/2020\/04\/matraz-150x150.png\" alt=\"\" width=\"85\" height=\"85\" srcset=\"https:\/\/agora.xtec.cat\/iesventuragassol\/wp-content\/uploads\/usu1243\/2020\/04\/matraz-150x150.png 150w, https:\/\/agora.xtec.cat\/iesventuragassol\/wp-content\/uploads\/usu1243\/2020\/04\/matraz-300x300.png 300w, https:\/\/agora.xtec.cat\/iesventuragassol\/wp-content\/uploads\/usu1243\/2020\/04\/matraz.png 512w\" sizes=\"auto, (max-width: 85px) 100vw, 85px\" \/><\/a><\/td>\n<\/tr>\n<\/tbody>\n<\/table>\n","protected":false},"excerpt":{"rendered":"<p>La compet\u00e8ncia cient\u00edfica, entesa de manera gen\u00e8rica, al\u00b7ludeix a la capacitat i la voluntat \u00a0d\u2019utilitzar el conjunt dels coneixements i la metodologia que es fan servir per explicar la naturalesa, amb la finalitat de plantejar preguntes i extreure\u2019n conclusions basades en\u00a0proves.<br \/>\nLes compet\u00e8ncies b\u00e0siques d\u2019aquest \u00e0mbit&hellip;  <a href=\"https:\/\/agora.xtec.cat\/iesventuragassol\/ambits-didactics\/ciencies-naturals\/\" title=\"Read Ci\u00e8ncies Naturalesa i experimentals\">Llegeix m\u00e9s\u00bb<\/a><\/p>\n","protected":false},"author":1,"featured_media":0,"parent":952,"menu_order":8,"comment_status":"closed","ping_status":"closed","template":"page-templates\/side-menu.php","meta":{"_bbp_topic_count":0,"_bbp_reply_count":0,"_bbp_total_topic_count":0,"_bbp_total_reply_count":0,"_bbp_voice_count":0,"_bbp_anonymous_reply_count":0,"_bbp_topic_count_hidden":0,"_bbp_reply_count_hidden":0,"_bbp_forum_subforum_count":0,"footnotes":""},"class_list":["post-1019","page","type-page","status-publish","hentry"],"post_mailing_queue_ids":[],"_links":{"self":[{"href":"https:\/\/agora.xtec.cat\/iesventuragassol\/wp-json\/wp\/v2\/pages\/1019","targetHints":{"allow":["GET"]}}],"collection":[{"href":"https:\/\/agora.xtec.cat\/iesventuragassol\/wp-json\/wp\/v2\/pages"}],"about":[{"href":"https:\/\/agora.xtec.cat\/iesventuragassol\/wp-json\/wp\/v2\/types\/page"}],"author":[{"embeddable":true,"href":"https:\/\/agora.xtec.cat\/iesventuragassol\/wp-json\/wp\/v2\/users\/1"}],"replies":[{"embeddable":true,"href":"https:\/\/agora.xtec.cat\/iesventuragassol\/wp-json\/wp\/v2\/comments?post=1019"}],"version-history":[{"count":5,"href":"https:\/\/agora.xtec.cat\/iesventuragassol\/wp-json\/wp\/v2\/pages\/1019\/revisions"}],"predecessor-version":[{"id":3134,"href":"https:\/\/agora.xtec.cat\/iesventuragassol\/wp-json\/wp\/v2\/pages\/1019\/revisions\/3134"}],"up":[{"embeddable":true,"href":"https:\/\/agora.xtec.cat\/iesventuragassol\/wp-json\/wp\/v2\/pages\/952"}],"wp:attachment":[{"href":"https:\/\/agora.xtec.cat\/iesventuragassol\/wp-json\/wp\/v2\/media?parent=1019"}],"curies":[{"name":"wp","href":"https:\/\/api.w.org\/{rel}","templated":true}]}}