{"id":1014,"date":"2020-03-26T18:26:31","date_gmt":"2020-03-26T17:26:31","guid":{"rendered":"http:\/\/agora.xtec.cat\/iesventuragassol\/?page_id=1014"},"modified":"2025-05-06T11:15:05","modified_gmt":"2025-05-06T09:15:05","slug":"filosofia","status":"publish","type":"page","link":"https:\/\/agora.xtec.cat\/iesventuragassol\/ambits-didactics\/ciencies-socials-geografia-i-historia\/filosofia\/","title":{"rendered":"Filosofia i valors \u00e8tics"},"content":{"rendered":"<p><a href=\"https:\/\/agora.xtec.cat\/iesventuragassol\/wp-content\/uploads\/usu1243\/2020\/03\/idea-1.png\"><img loading=\"lazy\" decoding=\"async\" class=\"alignright size-thumbnail wp-image-1235\" src=\"https:\/\/agora.xtec.cat\/iesventuragassol\/wp-content\/uploads\/usu1243\/2020\/03\/idea-1-150x150.png\" alt=\"\" width=\"150\" height=\"150\" srcset=\"https:\/\/agora.xtec.cat\/iesventuragassol\/wp-content\/uploads\/usu1243\/2020\/03\/idea-1-150x150.png 150w, https:\/\/agora.xtec.cat\/iesventuragassol\/wp-content\/uploads\/usu1243\/2020\/03\/idea-1-300x300.png 300w, https:\/\/agora.xtec.cat\/iesventuragassol\/wp-content\/uploads\/usu1243\/2020\/03\/idea-1.png 512w\" sizes=\"auto, (max-width: 150px) 100vw, 150px\" \/><\/a>Les <strong>compet\u00e8ncies b\u00e0siques de l&#8217;\u00e0mbit de cultura, valors \u00e8tics i filosofia<\/strong> pretenen desenvolupar en l\u2019alumnat un seguit de <strong>compet\u00e8ncies personals, interpersonals i socioculturals<\/strong> tot aplegant i vertebrant continguts procedents de l\u2019\u00e8tica, la filosofia i la hist\u00f2ria de la cultura.<\/p>\n<p><strong>Cultura, valors \u00e8tics i filosofia inclou<\/strong> compet\u00e8ncies adre\u00e7ades a <strong>millorar l\u2019autonomia personal de l\u2019alumnat recolzada en la deliberaci\u00f3 reflexiva, asserenada i amb criteris, que consideri les conseq\u00fc\u00e8ncies dels propis actes i els faci conscients de les responsabilitats que se\u2019n deriven.<\/strong> <strong>Tamb\u00e9 inclou aquelles compet\u00e8ncies orientades a millorar la capacitat de pensar cr\u00edticament<\/strong>, d\u2019avaluar la fiabilitat de les fonts d\u2019informaci\u00f3 i de cercar constantment la millora en la fonamentaci\u00f3 del propi pensament per tal de prendre decisions davant de situacions noves, aix\u00ed com ser capa\u00e7 de presentar i debatre els propis punts de vista de forma argumentada.<\/p>\n<p>A aquesta \u00e0rea tamb\u00e9 s&#8217;hi adscriuen els ensenyaments de la <strong>mat\u00e8ria optativa de Religi\u00f3 cat\u00f2lica<\/strong>.<\/p>\n<ul>\n<li>\n<h2><strong><span style=\"color: #008000;\">L&#8217;\u00c0MBIT<\/span><\/strong><\/h2>\n<\/li>\n<\/ul>\n<table>\n<tbody>\n<tr>\n<td style=\"width: 410px; background-color: #0eab16;\">\n<h3><span style=\"color: #ffffff;\"><strong>PROFESSORAT<\/strong><\/span><\/h3>\n<\/td>\n<td style=\"width: 120px;\"><a href=\"https:\/\/agora.xtec.cat\/iesventuragassol\/categoria\/dic\/cs\/fil\/\" target=\"_blank\" rel=\"noopener noreferrer\"><img loading=\"lazy\" decoding=\"async\" class=\"alignnone wp-image-982 size-thumbnail\" src=\"https:\/\/agora.xtec.cat\/iesventuragassol\/wp-content\/uploads\/usu1243\/2020\/03\/graduacion-150x150.png\" alt=\"\" width=\"150\" height=\"150\" srcset=\"https:\/\/agora.xtec.cat\/iesventuragassol\/wp-content\/uploads\/usu1243\/2020\/03\/graduacion-150x150.png 150w, https:\/\/agora.xtec.cat\/iesventuragassol\/wp-content\/uploads\/usu1243\/2020\/03\/graduacion-300x300.png 300w, https:\/\/agora.xtec.cat\/iesventuragassol\/wp-content\/uploads\/usu1243\/2020\/03\/graduacion.png 512w\" sizes=\"auto, (max-width: 150px) 100vw, 150px\" \/><\/a><\/td>\n<\/tr>\n<tr>\n<td style=\"width: 410px; background-color: #0eab16;\">\n<h3><strong><span style=\"color: #ffffff;\">BLOG DE NOT\u00cdCIES I PROJECTES<\/span><\/strong><\/h3>\n<\/td>\n<td style=\"width: 120px;\"><a href=\"https:\/\/agora.xtec.cat\/iesventuragassol\/categoria\/dic\/cs\/fil\/\"><img loading=\"lazy\" decoding=\"async\" class=\"alignnone wp-image-1235 size-thumbnail\" src=\"https:\/\/agora.xtec.cat\/iesventuragassol\/wp-content\/uploads\/usu1243\/2020\/03\/idea-1-150x150.png\" alt=\"\" width=\"150\" height=\"150\" srcset=\"https:\/\/agora.xtec.cat\/iesventuragassol\/wp-content\/uploads\/usu1243\/2020\/03\/idea-1-150x150.png 150w, https:\/\/agora.xtec.cat\/iesventuragassol\/wp-content\/uploads\/usu1243\/2020\/03\/idea-1-300x300.png 300w, https:\/\/agora.xtec.cat\/iesventuragassol\/wp-content\/uploads\/usu1243\/2020\/03\/idea-1.png 512w\" sizes=\"auto, (max-width: 150px) 100vw, 150px\" \/><\/a><\/td>\n<\/tr>\n<\/tbody>\n<\/table>\n<ul>\n<li>\n<h2><strong><span style=\"color: #008000;\">ENSENYAMENTS A L&#8217;ESO<\/span><\/strong><\/h2>\n<\/li>\n<\/ul>\n<table>\n<tbody>\n<tr>\n<td style=\"width: 410px; background-color: #0eab16;\">\n<h3><span style=\"color: #ffffff;\"><strong>ORDENAMENT CURRICULAR<\/strong><\/span><\/h3>\n<ul>\n<li>\n<h4><strong><span style=\"color: #ffffff;\">Cultura i valors \u00e8tics: 1r, 2n, 3r i 4t d&#8217;ESO<\/span><\/strong><\/h4>\n<\/li>\n<\/ul>\n<\/td>\n<td style=\"width: 120px;\"><a href=\"http:\/\/xtec.gencat.cat\/web\/.content\/curriculum\/eso\/curriculum2015\/documents\/ANNEX-9-Ambit-cultura-i-valors.pdf\" target=\"_blank\" rel=\"noopener noreferrer\"><img loading=\"lazy\" decoding=\"async\" class=\"aligncenter wp-image-984\" src=\"https:\/\/agora.xtec.cat\/iesventuragassol\/wp-content\/uploads\/usu1243\/2020\/03\/prueba-150x150.png\" alt=\"\" width=\"95\" height=\"95\" srcset=\"https:\/\/agora.xtec.cat\/iesventuragassol\/wp-content\/uploads\/usu1243\/2020\/03\/prueba-150x150.png 150w, https:\/\/agora.xtec.cat\/iesventuragassol\/wp-content\/uploads\/usu1243\/2020\/03\/prueba-300x300.png 300w, https:\/\/agora.xtec.cat\/iesventuragassol\/wp-content\/uploads\/usu1243\/2020\/03\/prueba.png 512w\" sizes=\"auto, (max-width: 95px) 100vw, 95px\" \/><\/a><\/td>\n<\/tr>\n<tr>\n<td style=\"width: 410px; background-color: #0eab16;\">\n<h3><span style=\"color: #ffffff;\"><strong>ORDENAMENT CURRICULAR<\/strong><\/span><\/h3>\n<ul>\n<li>\n<h4><strong><span style=\"color: #ffffff;\">Filosofia: 4t d&#8217;ESO<\/span><\/strong><\/h4>\n<\/li>\n<\/ul>\n<\/td>\n<td style=\"width: 120px;\"><a href=\"https:\/\/xtec.gencat.cat\/web\/.content\/curriculum\/eso\/curriculum-175-2022\/Filosofia.pdf\" target=\"_blank\" rel=\"noopener noreferrer\"><img loading=\"lazy\" decoding=\"async\" class=\"aligncenter wp-image-984\" src=\"https:\/\/agora.xtec.cat\/iesventuragassol\/wp-content\/uploads\/usu1243\/2020\/03\/prueba-150x150.png\" alt=\"\" width=\"95\" height=\"95\" srcset=\"https:\/\/agora.xtec.cat\/iesventuragassol\/wp-content\/uploads\/usu1243\/2020\/03\/prueba-150x150.png 150w, https:\/\/agora.xtec.cat\/iesventuragassol\/wp-content\/uploads\/usu1243\/2020\/03\/prueba-300x300.png 300w, https:\/\/agora.xtec.cat\/iesventuragassol\/wp-content\/uploads\/usu1243\/2020\/03\/prueba.png 512w\" sizes=\"auto, (max-width: 95px) 100vw, 95px\" \/><\/a><\/td>\n<\/tr>\n<tr>\n<td style=\"width: 410px; background-color: #0eab16;\">\n<h3><span style=\"color: #ffffff;\"><strong>ORDENAMENT CURRICULAR<\/strong><\/span><\/h3>\n<ul>\n<li>\n<h4><strong><span style=\"color: #ffffff;\">Optativa de Religi\u00f3: 1r, 2n, 3r i 4t d&#8217;ESO<\/span><\/strong><\/h4>\n<\/li>\n<\/ul>\n<\/td>\n<td style=\"width: 120px;\"><a href=\"http:\/\/xtec.gencat.cat\/web\/.content\/curriculum\/eso\/curriculum2015\/documents\/ANNEX-9-Ambit-cultura-i-valors.pdf\" target=\"_blank\" rel=\"noopener noreferrer\"><img loading=\"lazy\" decoding=\"async\" class=\"aligncenter wp-image-984\" src=\"https:\/\/agora.xtec.cat\/iesventuragassol\/wp-content\/uploads\/usu1243\/2020\/03\/prueba-150x150.png\" alt=\"\" width=\"95\" height=\"95\" srcset=\"https:\/\/agora.xtec.cat\/iesventuragassol\/wp-content\/uploads\/usu1243\/2020\/03\/prueba-150x150.png 150w, https:\/\/agora.xtec.cat\/iesventuragassol\/wp-content\/uploads\/usu1243\/2020\/03\/prueba-300x300.png 300w, https:\/\/agora.xtec.cat\/iesventuragassol\/wp-content\/uploads\/usu1243\/2020\/03\/prueba.png 512w\" sizes=\"auto, (max-width: 95px) 100vw, 95px\" \/><\/a><\/td>\n<\/tr>\n<tr>\n<td style=\"width: 410px; background-color: #0eeb19;\">\n<h3><span style=\"color: #ffffff;\"><strong>CRITERIS D&#8217;AVALUACI\u00d3<\/strong><\/span><\/h3>\n<ul>\n<li>\n<h4><strong><span style=\"color: #ffffff;\">Cultura i valors \u00e8tics:\u00a0<\/span><\/strong><strong><span style=\"color: #ffffff;\">1r, 2n, 3r i 4t d&#8217;ESO<\/span><\/strong><\/h4>\n<\/li>\n<\/ul>\n<\/td>\n<td style=\"width: 120px;\"><img loading=\"lazy\" decoding=\"async\" class=\"aligncenter wp-image-988\" src=\"https:\/\/agora.xtec.cat\/iesventuragassol\/wp-content\/uploads\/usu1243\/2020\/03\/examen-150x150.png\" alt=\"\" width=\"95\" height=\"95\" srcset=\"https:\/\/agora.xtec.cat\/iesventuragassol\/wp-content\/uploads\/usu1243\/2020\/03\/examen-150x150.png 150w, https:\/\/agora.xtec.cat\/iesventuragassol\/wp-content\/uploads\/usu1243\/2020\/03\/examen-300x300.png 300w, https:\/\/agora.xtec.cat\/iesventuragassol\/wp-content\/uploads\/usu1243\/2020\/03\/examen.png 512w\" sizes=\"auto, (max-width: 95px) 100vw, 95px\" \/><\/td>\n<\/tr>\n<tr>\n<td style=\"width: 410px; background-color: #0eeb19;\">\n<h3><span style=\"color: #ffffff;\"><strong>CRITERIS D&#8217;AVALUACI\u00d3<\/strong><\/span><\/h3>\n<ul>\n<li>\n<h4><strong><span style=\"color: #ffffff;\">Filosofia:\u00a0<\/span><\/strong><strong><span style=\"color: #ffffff;\">4t d&#8217;ESO<\/span><\/strong><\/h4>\n<\/li>\n<\/ul>\n<\/td>\n<td style=\"width: 120px;\"><img loading=\"lazy\" decoding=\"async\" class=\"aligncenter wp-image-988\" src=\"https:\/\/agora.xtec.cat\/iesventuragassol\/wp-content\/uploads\/usu1243\/2020\/03\/examen-150x150.png\" alt=\"\" width=\"95\" height=\"95\" srcset=\"https:\/\/agora.xtec.cat\/iesventuragassol\/wp-content\/uploads\/usu1243\/2020\/03\/examen-150x150.png 150w, https:\/\/agora.xtec.cat\/iesventuragassol\/wp-content\/uploads\/usu1243\/2020\/03\/examen-300x300.png 300w, https:\/\/agora.xtec.cat\/iesventuragassol\/wp-content\/uploads\/usu1243\/2020\/03\/examen.png 512w\" sizes=\"auto, (max-width: 95px) 100vw, 95px\" \/><\/td>\n<\/tr>\n<tr>\n<td style=\"width: 410px; background-color: #0eeb19;\">\n<h3><span style=\"color: #ffffff;\"><strong>CRITERIS D&#8217;AVALUACI\u00d3<\/strong><\/span><\/h3>\n<ul>\n<li>\n<h4><strong><span style=\"color: #ffffff;\">Optativa de Religi\u00f3:\u00a0<\/span><\/strong><strong><span style=\"color: #ffffff;\">1r, 2n, 3r i 4t d&#8217;ESO<\/span><\/strong><\/h4>\n<\/li>\n<\/ul>\n<\/td>\n<td style=\"width: 120px;\"><img loading=\"lazy\" decoding=\"async\" class=\"aligncenter wp-image-988\" src=\"https:\/\/agora.xtec.cat\/iesventuragassol\/wp-content\/uploads\/usu1243\/2020\/03\/examen-150x150.png\" alt=\"\" width=\"95\" height=\"95\" srcset=\"https:\/\/agora.xtec.cat\/iesventuragassol\/wp-content\/uploads\/usu1243\/2020\/03\/examen-150x150.png 150w, https:\/\/agora.xtec.cat\/iesventuragassol\/wp-content\/uploads\/usu1243\/2020\/03\/examen-300x300.png 300w, https:\/\/agora.xtec.cat\/iesventuragassol\/wp-content\/uploads\/usu1243\/2020\/03\/examen.png 512w\" sizes=\"auto, (max-width: 95px) 100vw, 95px\" \/><\/td>\n<\/tr>\n<tr>\n<td style=\"width: 410px; background-color: #5bde40;\">\n<h3><span style=\"color: #ffffff;\"><strong>Llibres de text i materials on line<\/strong><\/span><\/h3>\n<ul>\n<li>\n<h4><strong><span style=\"color: #ffffff;\">1r, 2n, 3r i 4t d&#8217;ESO<\/span><\/strong><\/h4>\n<\/li>\n<\/ul>\n<\/td>\n<td style=\"width: 120px;\"><a href=\"http:\/\/edubook.vicensvives.com\/es\/inicio\" target=\"_blank\" rel=\"noopener noreferrer\"><img loading=\"lazy\" decoding=\"async\" class=\" wp-image-976 aligncenter\" src=\"https:\/\/agora.xtec.cat\/iesventuragassol\/wp-content\/uploads\/usu1243\/2020\/03\/depinformatica.png\" alt=\"\" width=\"100\" height=\"100\" \/><\/a><\/td>\n<\/tr>\n<\/tbody>\n<\/table>\n<ul>\n<li>\n<h2><strong><span style=\"color: #008000;\">ENSENYAMENTS AL BATXILLERAT<\/span><\/strong><\/h2>\n<\/li>\n<\/ul>\n<table>\n<tbody>\n<tr>\n<td style=\"width: 410px; background-color: #0eab16;\">\n<h3><span style=\"color: #ffffff;\"><strong>ORDENAMENT CURRICULAR<\/strong><\/span><\/h3>\n<ul>\n<li>\n<h4><strong><span style=\"color: #ffffff;\">Filosofia i ciutadania [1r Batx.]<\/span><\/strong><\/h4>\n<\/li>\n<\/ul>\n<\/td>\n<td style=\"width: 120px;\"><a href=\"http:\/\/xtec.gencat.cat\/web\/.content\/alfresco\/d\/d\/workspace\/SpacesStore\/0088\/d73e6855-36b1-41ba-9b9d-c60a0f127ced\/filosofia_ciutadania.pdf\" target=\"_blank\" rel=\"noopener noreferrer\"><img loading=\"lazy\" decoding=\"async\" class=\"aligncenter wp-image-984\" src=\"https:\/\/agora.xtec.cat\/iesventuragassol\/wp-content\/uploads\/usu1243\/2020\/03\/prueba-150x150.png\" alt=\"\" width=\"95\" height=\"95\" srcset=\"https:\/\/agora.xtec.cat\/iesventuragassol\/wp-content\/uploads\/usu1243\/2020\/03\/prueba-150x150.png 150w, https:\/\/agora.xtec.cat\/iesventuragassol\/wp-content\/uploads\/usu1243\/2020\/03\/prueba-300x300.png 300w, https:\/\/agora.xtec.cat\/iesventuragassol\/wp-content\/uploads\/usu1243\/2020\/03\/prueba.png 512w\" sizes=\"auto, (max-width: 95px) 100vw, 95px\" \/><\/a><\/td>\n<\/tr>\n<tr>\n<td style=\"width: 410px; background-color: #0eab16;\">\n<h3><span style=\"color: #ffffff;\"><strong>ORDENAMENT CURRICULAR<\/strong><\/span><\/h3>\n<ul>\n<li>\n<h4><strong><span style=\"color: #ffffff;\">Psicologia i sociologia [1r Batx.]<\/span><\/strong><\/h4>\n<\/li>\n<\/ul>\n<\/td>\n<td style=\"width: 120px;\"><a href=\"http:\/\/xtec.gencat.cat\/web\/.content\/alfresco\/d\/d\/workspace\/SpacesStore\/0054\/697be8ea-7cf2-47a9-8391-5890800787b3\/psicologia_sociologia.pdf\" target=\"_blank\" rel=\"noopener noreferrer\"><img loading=\"lazy\" decoding=\"async\" class=\"aligncenter wp-image-984\" src=\"https:\/\/agora.xtec.cat\/iesventuragassol\/wp-content\/uploads\/usu1243\/2020\/03\/prueba-150x150.png\" alt=\"\" width=\"95\" height=\"95\" srcset=\"https:\/\/agora.xtec.cat\/iesventuragassol\/wp-content\/uploads\/usu1243\/2020\/03\/prueba-150x150.png 150w, https:\/\/agora.xtec.cat\/iesventuragassol\/wp-content\/uploads\/usu1243\/2020\/03\/prueba-300x300.png 300w, https:\/\/agora.xtec.cat\/iesventuragassol\/wp-content\/uploads\/usu1243\/2020\/03\/prueba.png 512w\" sizes=\"auto, (max-width: 95px) 100vw, 95px\" \/><\/a><\/td>\n<\/tr>\n<tr>\n<td style=\"width: 410px; background-color: #0eab16;\">\n<h3><span style=\"color: #ffffff;\"><strong>ORDENAMENT CURRICULAR<\/strong><\/span><\/h3>\n<ul>\n<li>\n<h4><strong><span style=\"color: #ffffff;\">Hist\u00f2ria de filosofia [1r Batx.]<\/span><\/strong><\/h4>\n<\/li>\n<\/ul>\n<\/td>\n<td style=\"width: 120px;\"><a href=\"http:\/\/xtec.gencat.cat\/web\/.content\/alfresco\/d\/d\/workspace\/SpacesStore\/0029\/ee4c5fc8-1357-4076-bfe8-841d8aa2c320\/historia_filosofia.pdf\" target=\"_blank\" rel=\"noopener noreferrer\"><img loading=\"lazy\" decoding=\"async\" class=\"aligncenter wp-image-984\" src=\"https:\/\/agora.xtec.cat\/iesventuragassol\/wp-content\/uploads\/usu1243\/2020\/03\/prueba-150x150.png\" alt=\"\" width=\"95\" height=\"95\" srcset=\"https:\/\/agora.xtec.cat\/iesventuragassol\/wp-content\/uploads\/usu1243\/2020\/03\/prueba-150x150.png 150w, https:\/\/agora.xtec.cat\/iesventuragassol\/wp-content\/uploads\/usu1243\/2020\/03\/prueba-300x300.png 300w, https:\/\/agora.xtec.cat\/iesventuragassol\/wp-content\/uploads\/usu1243\/2020\/03\/prueba.png 512w\" sizes=\"auto, (max-width: 95px) 100vw, 95px\" \/><\/a><\/td>\n<\/tr>\n<tr>\n<td style=\"width: 410px; background-color: #0eeb19;\">\n<h3><span style=\"color: #ffffff;\"><strong>CRITERIS D&#8217;AVALUACI\u00d3<\/strong><\/span><\/h3>\n<ul>\n<li>\n<h4><strong><span style=\"color: #ffffff;\">Filosofia i ciutadania [1r Batx.]<\/span><\/strong><\/h4>\n<\/li>\n<\/ul>\n<\/td>\n<td style=\"width: 120px;\"><img loading=\"lazy\" decoding=\"async\" class=\"aligncenter wp-image-988\" src=\"https:\/\/agora.xtec.cat\/iesventuragassol\/wp-content\/uploads\/usu1243\/2020\/03\/examen-150x150.png\" alt=\"\" width=\"95\" height=\"95\" srcset=\"https:\/\/agora.xtec.cat\/iesventuragassol\/wp-content\/uploads\/usu1243\/2020\/03\/examen-150x150.png 150w, https:\/\/agora.xtec.cat\/iesventuragassol\/wp-content\/uploads\/usu1243\/2020\/03\/examen-300x300.png 300w, https:\/\/agora.xtec.cat\/iesventuragassol\/wp-content\/uploads\/usu1243\/2020\/03\/examen.png 512w\" sizes=\"auto, (max-width: 95px) 100vw, 95px\" \/><\/td>\n<\/tr>\n<tr>\n<td style=\"width: 410px; background-color: #0eeb19;\">\n<h3><span style=\"color: #ffffff;\"><strong>CRITERIS D&#8217;AVALUACI\u00d3<\/strong><\/span><\/h3>\n<ul>\n<li>\n<h4><strong><span style=\"color: #ffffff;\">Psicologia i ciutadania [1r Batx.]<\/span><\/strong><\/h4>\n<\/li>\n<\/ul>\n<\/td>\n<td style=\"width: 120px;\"><img loading=\"lazy\" decoding=\"async\" class=\"aligncenter wp-image-988\" src=\"https:\/\/agora.xtec.cat\/iesventuragassol\/wp-content\/uploads\/usu1243\/2020\/03\/examen-150x150.png\" alt=\"\" width=\"95\" height=\"95\" srcset=\"https:\/\/agora.xtec.cat\/iesventuragassol\/wp-content\/uploads\/usu1243\/2020\/03\/examen-150x150.png 150w, https:\/\/agora.xtec.cat\/iesventuragassol\/wp-content\/uploads\/usu1243\/2020\/03\/examen-300x300.png 300w, https:\/\/agora.xtec.cat\/iesventuragassol\/wp-content\/uploads\/usu1243\/2020\/03\/examen.png 512w\" sizes=\"auto, (max-width: 95px) 100vw, 95px\" \/><\/td>\n<\/tr>\n<tr>\n<td style=\"width: 410px; background-color: #0eeb19;\">\n<h3><span style=\"color: #ffffff;\"><strong>CRITERIS D&#8217;AVALUACI\u00d3<\/strong><\/span><\/h3>\n<ul>\n<li>\n<h4><strong><span style=\"color: #ffffff;\">Hist\u00f2ria de la filosofia [2n Batx.]<\/span><\/strong><\/h4>\n<\/li>\n<\/ul>\n<\/td>\n<td style=\"width: 120px;\"><img loading=\"lazy\" decoding=\"async\" class=\"aligncenter wp-image-988\" src=\"https:\/\/agora.xtec.cat\/iesventuragassol\/wp-content\/uploads\/usu1243\/2020\/03\/examen-150x150.png\" alt=\"\" width=\"95\" height=\"95\" srcset=\"https:\/\/agora.xtec.cat\/iesventuragassol\/wp-content\/uploads\/usu1243\/2020\/03\/examen-150x150.png 150w, https:\/\/agora.xtec.cat\/iesventuragassol\/wp-content\/uploads\/usu1243\/2020\/03\/examen-300x300.png 300w, https:\/\/agora.xtec.cat\/iesventuragassol\/wp-content\/uploads\/usu1243\/2020\/03\/examen.png 512w\" sizes=\"auto, (max-width: 95px) 100vw, 95px\" \/><\/td>\n<\/tr>\n<tr>\n<td style=\"width: 410px; background-color: #5bde40;\">\n<h3><span style=\"color: #ffffff;\"><strong>Llibres de text<\/strong><\/span><\/h3>\n<ul>\n<li>\n<h4><strong><span style=\"color: #ffffff;\">Filosofia i ciutadania [1r Batx.]<\/span><\/strong><\/h4>\n<\/li>\n<li>\n<h4><strong><span style=\"color: #ffffff;\">Psicologia i Sociologia [1r Batx.]<\/span><\/strong><\/h4>\n<\/li>\n<li>\n<h4><strong><span style=\"color: #ffffff;\">Hist\u00f2ria de la filosofia [2n Batx.]<\/span><\/strong><\/h4>\n<\/li>\n<\/ul>\n<\/td>\n<td style=\"width: 120px;\"><a href=\"https:\/\/drive.google.com\/file\/d\/1rQorAFL25YEs4jOFNQZ4Mx5iXgF9HeK6\/view?usp=sharing\" target=\"_blank\" rel=\"noopener noreferrer\"><img loading=\"lazy\" decoding=\"async\" class=\"alignright size-thumbnail wp-image-985\" src=\"https:\/\/agora.xtec.cat\/iesventuragassol\/wp-content\/uploads\/usu1243\/2020\/03\/libros-150x150.png\" alt=\"\" width=\"150\" height=\"150\" srcset=\"https:\/\/agora.xtec.cat\/iesventuragassol\/wp-content\/uploads\/usu1243\/2020\/03\/libros-150x150.png 150w, https:\/\/agora.xtec.cat\/iesventuragassol\/wp-content\/uploads\/usu1243\/2020\/03\/libros-300x300.png 300w, https:\/\/agora.xtec.cat\/iesventuragassol\/wp-content\/uploads\/usu1243\/2020\/03\/libros.png 512w\" sizes=\"auto, (max-width: 150px) 100vw, 150px\" \/><\/a><\/td>\n<\/tr>\n<\/tbody>\n<\/table>\n","protected":false},"excerpt":{"rendered":"<p>Les compet\u00e8ncies b\u00e0siques de l&#8217;\u00e0mbit de cultura, valors \u00e8tics i filosofia pretenen desenvolupar en l\u2019alumnat un seguit de compet\u00e8ncies personals, interpersonals i socioculturals tot aplegant i vertebrant continguts procedents de l\u2019\u00e8tica, la filosofia i la hist\u00f2ria de la cultura. Cultura, valors \u00e8tics i filosofia inclou compet\u00e8ncies adre\u00e7ades a millorar l\u2019autonomia personal de l\u2019alumnat recolzada en [&hellip;]<\/p>\n","protected":false},"author":1,"featured_media":0,"parent":1012,"menu_order":6,"comment_status":"closed","ping_status":"closed","template":"page-templates\/side-menu.php","meta":{"_bbp_topic_count":0,"_bbp_reply_count":0,"_bbp_total_topic_count":0,"_bbp_total_reply_count":0,"_bbp_voice_count":0,"_bbp_anonymous_reply_count":0,"_bbp_topic_count_hidden":0,"_bbp_reply_count_hidden":0,"_bbp_forum_subforum_count":0,"site-sidebar-layout":"default","site-content-layout":"","ast-site-content-layout":"","site-content-style":"default","site-sidebar-style":"default","ast-global-header-display":"","ast-banner-title-visibility":"","ast-main-header-display":"","ast-hfb-above-header-display":"","ast-hfb-below-header-display":"","ast-hfb-mobile-header-display":"","site-post-title":"","ast-breadcrumbs-content":"","ast-featured-img":"","footer-sml-layout":"","theme-transparent-header-meta":"","adv-header-id-meta":"","stick-header-meta":"","header-above-stick-meta":"","header-main-stick-meta":"","header-below-stick-meta":"","astra-migrate-meta-layouts":"default","ast-page-background-enabled":"default","ast-page-background-meta":{"desktop":{"background-color":"var(--ast-global-color-4)","background-image":"","background-repeat":"repeat","background-position":"center center","background-size":"auto","background-attachment":"scroll","background-type":"","background-media":"","overlay-type":"","overlay-color":"","overlay-opacity":"","overlay-gradient":""},"tablet":{"background-color":"","background-image":"","background-repeat":"repeat","background-position":"center center","background-size":"auto","background-attachment":"scroll","background-type":"","background-media":"","overlay-type":"","overlay-color":"","overlay-opacity":"","overlay-gradient":""},"mobile":{"background-color":"","background-image":"","background-repeat":"repeat","background-position":"center center","background-size":"auto","background-attachment":"scroll","background-type":"","background-media":"","overlay-type":"","overlay-color":"","overlay-opacity":"","overlay-gradient":""}},"ast-content-background-meta":{"desktop":{"background-color":"var(--ast-global-color-5)","background-image":"","background-repeat":"repeat","background-position":"center center","background-size":"auto","background-attachment":"scroll","background-type":"","background-media":"","overlay-type":"","overlay-color":"","overlay-opacity":"","overlay-gradient":""},"tablet":{"background-color":"var(--ast-global-color-5)","background-image":"","background-repeat":"repeat","background-position":"center center","background-size":"auto","background-attachment":"scroll","background-type":"","background-media":"","overlay-type":"","overlay-color":"","overlay-opacity":"","overlay-gradient":""},"mobile":{"background-color":"var(--ast-global-color-5)","background-image":"","background-repeat":"repeat","background-position":"center center","background-size":"auto","background-attachment":"scroll","background-type":"","background-media":"","overlay-type":"","overlay-color":"","overlay-opacity":"","overlay-gradient":""}},"footnotes":""},"class_list":["post-1014","page","type-page","status-publish","hentry"],"post_mailing_queue_ids":[],"_links":{"self":[{"href":"https:\/\/agora.xtec.cat\/iesventuragassol\/wp-json\/wp\/v2\/pages\/1014","targetHints":{"allow":["GET"]}}],"collection":[{"href":"https:\/\/agora.xtec.cat\/iesventuragassol\/wp-json\/wp\/v2\/pages"}],"about":[{"href":"https:\/\/agora.xtec.cat\/iesventuragassol\/wp-json\/wp\/v2\/types\/page"}],"author":[{"embeddable":true,"href":"https:\/\/agora.xtec.cat\/iesventuragassol\/wp-json\/wp\/v2\/users\/1"}],"replies":[{"embeddable":true,"href":"https:\/\/agora.xtec.cat\/iesventuragassol\/wp-json\/wp\/v2\/comments?post=1014"}],"version-history":[{"count":4,"href":"https:\/\/agora.xtec.cat\/iesventuragassol\/wp-json\/wp\/v2\/pages\/1014\/revisions"}],"predecessor-version":[{"id":3417,"href":"https:\/\/agora.xtec.cat\/iesventuragassol\/wp-json\/wp\/v2\/pages\/1014\/revisions\/3417"}],"up":[{"embeddable":true,"href":"https:\/\/agora.xtec.cat\/iesventuragassol\/wp-json\/wp\/v2\/pages\/1012"}],"wp:attachment":[{"href":"https:\/\/agora.xtec.cat\/iesventuragassol\/wp-json\/wp\/v2\/media?parent=1014"}],"curies":[{"name":"wp","href":"https:\/\/api.w.org\/{rel}","templated":true}]}}